{"id":8060,"date":"2025-06-12T07:17:05","date_gmt":"2025-06-12T07:17:05","guid":{"rendered":"https:\/\/sinoextrud.com\/product\/t-slot-aluminum-profile\/"},"modified":"2025-06-24T06:22:58","modified_gmt":"2025-06-24T06:22:58","slug":"t-ava-alumiiniumprofiil","status":"publish","type":"product","link":"https:\/\/sinoextrud.com\/et\/product\/t-slot-aluminum-profile\/","title":{"rendered":"T-ava alumiiniumprofiil"},"content":{"rendered":"<h2>Toodete \u00fcksikasjad<\/h2>\n<table class=\"custom-table\">\n<tr>\n<td class=\"label\">Toote nimi<\/td>\n<td>t-ava alumiiniumprofiil<\/td>\n<\/tr>\n<tr>\n<td class=\"label\">Materjal<\/td>\n<td>6063<\/td>\n<\/tr>\n<tr>\n<td class=\"label\">Temper<\/td>\n<td>T5, T6<\/td>\n<\/tr>\n<tr>\n<td class=\"label\">Paksus<\/td>\n<td>Profiili paksus 1.0mm<\/td>\n<\/tr>\n<tr>\n<td class=\"label\">Pikkus<\/td>\n<td>5,8m t\u00fcki kohta. Kohandatud taotlus saadaval<\/td>\n<\/tr>\n<tr>\n<td class=\"label\">Kuju<\/td>\n<td>ruudukujuline nagu pildil. kohandatud saadaval<\/td>\n<\/tr>\n<tr>\n<td class=\"label\">Pinnat\u00f6\u00f6tlus<\/td>\n<td>Pulbriga v\u00e4rvipaksus: 80 micorn.<\/td>\n<\/tr>\n<tr>\n<td class=\"label\">V\u00e4rv<\/td>\n<td>Valge<\/td>\n<\/tr>\n<tr>\n<td class=\"label\">Taotlus<\/td>\n<td>Masina tootmisliin, transpordir\u00f6\u00f6pad<\/td>\n<\/tr>\n<tr>\n<td class=\"label\">S\u00fcgav protsess<\/td>\n<td>CNC, puurimine, l\u00f5ikamine, keevitamine, kokkupanek<\/td>\n<\/tr>\n<tr>\n<td class=\"label\">MOQ<\/td>\n<td>200 kg iga eseme kohta<\/td>\n<\/tr>\n<tr>\n<td class=\"label\">Tootmisv\u00f5imsus<\/td>\n<td>15 000 tonni kuus<\/td>\n<\/tr>\n<tr>\n<td class=\"label\">Sertifikaat ja standard<\/td>\n<td>1) ISO9001-2008\/ISO 9001:2008;<br \/>\n2) CQM sertifitseerimine;<br \/>\n3) SGS, BV, ROSH saadaval<\/td>\n<\/tr>\n<tr>\n<td class=\"label\">Garantii<\/td>\n<td>Pinna v\u00e4rv v\u00f5ib olla stabiilne 10~20 aastat siseruumides.<\/td>\n<\/tr>\n<tr>\n<td class=\"label\">Pakendamise \u00fcksikasjad<\/td>\n<td>Sisemine : pakitud kilega, et kaitsta iga detaili.<br \/>\nV\u00e4ljaspool: M\u00e4hkida kimbud veekindla k\u00e4sit\u00f6\u00f6paberiga v\u00f5i EPE-kilega. Kohandatud requesti saadaval<\/td>\n<\/tr>\n<tr>\n<td class=\"label\">Juhtumisaeg<\/td>\n<td>Survet\u00f6\u00f6tlus ja proovide testimine: 12-18 p\u00e4eva .<br \/>\nMasstootmine: 20-30 p\u00e4eva.<\/td>\n<\/tr>\n<tr>\n<td class=\"label\">FOB sadam<\/td>\n<td>Shenzhen \/ Guangzhou \/ Foshan<\/td>\n<\/tr>\n<tr>\n<td class=\"label\">Maksetingimused<\/td>\n<td>T\/T 30% tagatisraha, saldo enne tarnimist.<\/td>\n<\/tr>\n<\/table>\n<h2>Meie tootmisbaas<\/h2>\n<h3>Tehase panoraam<\/h3>\n<p><img decoding=\"async\" src=\"\/wp-content\/uploads\/factory-01.webp\"\/><\/p>\n<h3>Alumiiniumvarraste tootmise t\u00f6\u00f6koda<\/h3>\n<p><img decoding=\"async\" src=\"\/wp-content\/uploads\/factory-02.webp\"\/><\/p>\n<\/p>\n<p><img decoding=\"async\" src=\"\/wp-content\/uploads\/factory-03.webp\"\/><\/p>\n<h3>hallituse ladustamise ladu<\/h3>\n<p><img decoding=\"async\" src=\"\/wp-content\/uploads\/factory-04.webp\"\/><\/p>\n<h3>43 alumiiniumi ekstrusiooniliini (500-5500 tonni)<\/h3>\n<p><img decoding=\"async\" src=\"\/wp-content\/uploads\/factory-05.webp\"\/><\/p>\n<p><img decoding=\"async\" src=\"\/wp-content\/uploads\/factory-06.webp\"\/><\/p>\n<p><img decoding=\"async\" src=\"\/wp-content\/uploads\/factory-07.webp\"\/><\/p>\n<h3>Pulberv\u00e4rvimise t\u00f6\u00f6koda<\/h3>\n<p><img decoding=\"async\" src=\"\/wp-content\/uploads\/factory-09.webp\"\/><\/p>\n<h3>Anodiseerimise t\u00f6\u00f6koda<\/h3>\n<p><img decoding=\"async\" src=\"\/wp-content\/uploads\/factory-10.webp\"\/><\/p>\n<h3>S\u00fcgavt\u00f6\u00f6tlemise t\u00f6\u00f6tuba<\/h3>\n<p><img decoding=\"async\" src=\"\/wp-content\/uploads\/factory-11.webp\"\/><\/p>\n<h3>CNC-t\u00e4ppist\u00f6\u00f6tlemise t\u00f6\u00f6koda<\/h3>\n<p><img decoding=\"async\" src=\"\/wp-content\/uploads\/factory-11.5.webp\"\/><\/p>\n<h3>Valmistoodete ja ekspordi ladu<\/h3>\n<p><img decoding=\"async\" src=\"\/wp-content\/uploads\/factory-12.webp\"\/><\/p>\n<p><img decoding=\"async\" src=\"\/wp-content\/uploads\/factory-13.webp\"\/><\/p>\n<p><img decoding=\"async\" src=\"\/wp-content\/uploads\/factory-14.webp\"\/><\/p>\n<h2>KKK<\/h2>\n<p><b>1.Mis muudab T-ava alumiiniumprofiili ideaalseks kohandatud raamide ja struktuuride jaoks? <\/b><\/p>\n<p> T-avadega alumiiniumprofiilid on mitmek\u00fclgsed, h\u00f5lpsasti kokkupandavad ja v\u00e4ga h\u00e4sti kohandatavad, v\u00f5imaldades kasutajatel ehitada unikaalseid ja paindlikke konstruktsioone erinevateks rakendusteks.\n<\/p>\n<p><\/p>\n<p><b>2.Can T-ava alumiiniumprofiili saab kohandada? <\/b><\/p>\n<p> Jah, neid profiile saab kohandada suuruse, pikkuse ja kujunduse poolest vastavalt konkreetsetele projektin\u00f5uetele ja rakendustele.\n<\/p>\n<p><\/p>\n<p><b>3.How vastupidav on T-ava alumiiniumprofiil? <\/b><\/p>\n<p> T-avadega alumiiniumprofiilid on t\u00e4nu oma korrosioonikindlatele omadustele v\u00e4ga vastupidavad, tagades pikaajalise toimivuse ka karmides tingimustes.\n<\/p>\n<p><\/p>\n<p><b>4.Millised t\u00f6\u00f6stusharud saavad T-ava alumiiniumprofiilist kasu? <\/b><\/p>\n<p> T-avadega alumiiniumprofiile kasutatakse laialdaselt sellistes t\u00f6\u00f6stusharudes nagu automaatika, robootika, materjalik\u00e4itlus ja ehitus, et ehitada kohandatud raamistikke ja tugikonstruktsioone.\n<\/p>\n<p><\/p>\n<p><b>5.Kas T-ava alumiiniumprofiili on lihtne paigaldada ja muuta? <\/b><\/p>\n<p> Jah, T-ava alumiiniumprofiilide modulaarne konstruktsioon v\u00f5imaldab lihtsat paigaldamist ja tulevasi muudatusi, v\u00e4hendades seadistamisaega ja tagades pikaajalise paindlikkuse.\n<\/p>\n<p><\/p>\n<p><b>6.Kuidas parandab T-ava alumiiniumprofiil s\u00fcsteemi j\u00f5udlust? <\/b><\/p>\n<p> Need profiilid pakuvad tugevat ja stabiilset tuge, s\u00e4ilitades samal ajal paindlikkuse konstruktsiooni muutmiseks, parandades automaatikas\u00fcsteemide t\u00f5husust ja kohandatavust.\n<\/p>\n<p><\/p>\n<p><b>7.Kas T-ava alumiiniumprofiil on keskkonnas\u00f5bralik? <\/b><\/p>\n<p> Jah, alumiinium on t\u00e4ielikult ringlussev\u00f5etav, mist\u00f5ttu on T-profiilid keskkonnas\u00f5bralik valik j\u00e4tkusuutlike struktuuride ehitamiseks.\n<\/p>\n<p><\/p>","protected":false},"featured_media":8059,"template":"","categories":[54],"class_list":["post-8060","product","type-product","status-publish","has-post-thumbnail","hentry","category-industrial-aluminum-profiles"],"meta_box":{"hilight_text_group":{"product_hilight_text":"<li>Versatile T-slot aluminum profiles for building custom frames, structures, and workstations<\/li>\r\r\n<li>Durable and corrosion-resistant, ensuring long-lasting performance in various industrial environments<\/li>\r\r\n<li>Easy to assemble and modify, offering flexibility for future adjustments and upgrades<\/li>\r\r\n<li>Lightweight yet strong, providing excellent support without adding excess weight<\/li>\r\r\n<li>Customizable sizes and lengths to meet specific project needs<\/li>\r\r\n<li>Efficient for use in automation, robotics, and material handling systems<\/li>\r\r\n<li>Eco-friendly, made from recyclable aluminum material<\/li>","product_chanpin_blog":"<ul>\r\r\n<li><a href=\"https:\/\/sinoextrud.com\/t-slot-v-slot-differences\/\" target=\"_blank\">t slot vs v slot<\/a><\/li>\r\r\n<li><a href=\"https:\/\/sinoextrud.com\/what-is-4040-aluminium-extrud\/\" target=\"_blank\">4040 aluminium extrusion<\/a><\/li>\r\r\n<li><a href=\"https:\/\/sinoextrud.com\/what-is-4040-aluminium-extrud\/\" target=\"_blank\">aluminum extrusions for industrial racks<\/a><\/li>\r\r\n<li><a href=\"https:\/\/sinoextrud.com\/powder-coating-aluminium-process\/\" target=\"_blank\">powder coating aluminium<\/a><\/li>\r\r\n<li><a href=\"https:\/\/sinoextrud.com\/what-is-an-aluminium-strip-ceiling\/\" target=\"_blank\">aluminium strip ceiling<\/a><\/li>\r\r\n<li><a href=\"https:\/\/sinoextrud.com\/what-is-a-heat-sink\/\" target=\"_blank\">what is a heat sink<\/a><\/li>\r\r\n<\/ul>","product_chanpin_chanpin":"<li><a href=\"https:\/\/sinoextrud.com\/product\/customized-led-strip-light-aluminium-profile-led-aluminum-extrusion\/\" target=\"_blank\">Customized LED Strip Light Aluminium Profile  LED Aluminum Extrusion<\/a><\/li>\r\n<li><a href=\"https:\/\/sinoextrud.com\/product\/industrial-aluminum-extrusion-profile\/\" target=\"_blank\">Industrial Aluminum Extrusion Profile<\/a><\/li>\r\n<li><a href=\"https:\/\/sinoextrud.com\/product\/j-section-aluminum-extrusion\/\" target=\"_blank\">J Section Aluminum Extrusion<\/a><\/li>\r\n<li><a href=\"https:\/\/sinoextrud.com\/product\/linear-rail-aluminum-extrusion\/\" target=\"_blank\">Linear Rail Aluminum Extrusion<\/a><\/li>\r\n<li><a href=\"https:\/\/sinoextrud.com\/product\/t-slot-aluminum-profile\/\" target=\"_blank\">T-slot Aluminum Profile<\/a><\/li>\r\n<li><a href=\"https:\/\/sinoextrud.com\/product\/t-shaped-aluminium-profile\/\" target=\"_blank\">T Shaped Aluminium Profile<\/a><\/li>\r\n<li><a href=\"https:\/\/sinoextrud.com\/product\/slotted-aluminum-extrusion\/\" target=\"_blank\">Slotted Aluminum Extrusion<\/a><\/li>\r\n<li><a href=\"https:\/\/sinoextrud.com\/product\/octagon-aluminum-extrusion\/\" target=\"_blank\">Octagon Aluminum Extrusion<\/a><\/li>\r\n<li><a href=\"https:\/\/sinoextrud.com\/product\/t-shape-aluminum-extruded-profile\/\" target=\"_blank\">T Shape Aluminum Extruded Profile<\/a><\/li>\r\n<li><a href=\"https:\/\/sinoextrud.com\/product\/medical-instrument-aluminum-profile\/\" target=\"_blank\">Medical Instrument Aluminum Profile<\/a><\/li>\r\n<li><a href=\"https:\/\/sinoextrud.com\/product\/j-section-aluminum-extrusion\/\" target=\"_blank\">J Section Aluminum Extrusion<\/a><\/li>"},"feature_list":[]},"_links":{"self":[{"href":"https:\/\/sinoextrud.com\/et\/wp-json\/wp\/v2\/product\/8060","targetHints":{"allow":["GET"]}}],"collection":[{"href":"https:\/\/sinoextrud.com\/et\/wp-json\/wp\/v2\/product"}],"about":[{"href":"https:\/\/sinoextrud.com\/et\/wp-json\/wp\/v2\/types\/product"}],"wp:featuredmedia":[{"embeddable":true,"href":"https:\/\/sinoextrud.com\/et\/wp-json\/wp\/v2\/media\/8059"}],"wp:attachment":[{"href":"https:\/\/sinoextrud.com\/et\/wp-json\/wp\/v2\/media?parent=8060"}],"wp:term":[{"taxonomy":"category","embeddable":true,"href":"https:\/\/sinoextrud.com\/et\/wp-json\/wp\/v2\/categories?post=8060"}],"curies":[{"name":"wp","href":"https:\/\/api.w.org\/{rel}","templated":true}]}}