{"id":8056,"date":"2025-06-12T07:13:21","date_gmt":"2025-06-12T07:13:21","guid":{"rendered":"https:\/\/sinoextrud.com\/product\/j-section-aluminum-extrusion\/"},"modified":"2025-06-24T06:22:58","modified_gmt":"2025-06-24T06:22:58","slug":"j-profiili-alumiiniumist-ekstrusioon","status":"publish","type":"product","link":"https:\/\/sinoextrud.com\/et\/product\/j-section-aluminum-extrusion\/","title":{"rendered":"J sektsioon alumiiniumist ekstrusioon"},"content":{"rendered":"<h2>Toodete \u00fcksikasjad<\/h2>\n<table class=\"custom-table\">\n<tbody>\n<tr>\n<td> Toote nimi<\/td>\n<td> J sektsioon alumiiniumist ekstrusioon<\/td>\n<\/tr>\n<tr>\n<td> Materjal<\/td>\n<td> 6063,6061,6082,6005 jne.<\/td>\n<\/tr>\n<tr>\n<td> Temper<\/td>\n<td> T3-T8<\/td>\n<\/tr>\n<tr>\n<td> Suurus ja paksus<\/td>\n<td> Nagu kohandatud<\/td>\n<\/tr>\n<tr>\n<td> V\u00e4rv<\/td>\n<td> Veski valmis v\u00f5i muu kohandatud v\u00e4rv<\/td>\n<\/tr>\n<tr>\n<td> Pikkus<\/td>\n<td> Standardpikkus 1-9M, muud eripikkused saadaval.<\/td>\n<\/tr>\n<tr>\n<td> T\u00fc\u00fcpilised rakendused<\/td>\n<td> T\u00f6\u00f6stuslik, arhitektuurne, dekoratsiooniala<\/td>\n<\/tr>\n<tr>\n<td> Br\u00e4nd<\/td>\n<td> Sinoextrud v\u00f5i OEM<\/td>\n<\/tr>\n<tr>\n<td> CNC protsess<\/td>\n<td> Toetades CNC freesimine, punkerdamine, puurimine, koputades, painutamine, painutamine<\/td>\n<\/tr>\n<tr>\n<td> MOQ<\/td>\n<td> 200KG<\/td>\n<\/tr>\n<tr>\n<td> Pinnat\u00f6\u00f6tlus<\/td>\n<td> Valmis, puidumass, anodeeritud, pulberv\u00e4rvimine, elektroforees, PVDF-kate, harjatud jne.<\/td>\n<\/tr>\n<tr>\n<td> Sertifikaadid<\/td>\n<td> ISO9001, ISO4001, CQM, SGS, CE, BV jne.<\/td>\n<\/tr>\n<\/tbody>\n<\/table>\n<h2>Meie tootmisbaas<\/h2>\n<h3>Tehase panoraam<\/h3>\n<p><img decoding=\"async\" src=\"\/wp-content\/uploads\/factory-01.webp\"\/><\/p>\n<h3>Alumiiniumvarraste tootmise t\u00f6\u00f6koda<\/h3>\n<p><img decoding=\"async\" src=\"\/wp-content\/uploads\/factory-02.webp\"\/><\/p>\n<p><img decoding=\"async\" src=\"\/wp-content\/uploads\/factory-03.webp\"\/><\/p>\n<h3>hallituse ladustamise ladu<\/h3>\n<p><img decoding=\"async\" src=\"\/wp-content\/uploads\/factory-04.webp\"\/><\/p>\n<h3>43 alumiiniumi ekstrusiooniliini (500-5500 tonni)<\/h3>\n<p><img decoding=\"async\" src=\"\/wp-content\/uploads\/factory-05.webp\"\/><\/p>\n<p><img decoding=\"async\" src=\"\/wp-content\/uploads\/factory-06.webp\"\/><\/p>\n<p><img decoding=\"async\" src=\"\/wp-content\/uploads\/factory-07.webp\"\/><\/p>\n<h3>Pulberv\u00e4rvimise t\u00f6\u00f6koda<\/h3>\n<p><img decoding=\"async\" src=\"\/wp-content\/uploads\/factory-09.webp\"\/><\/p>\n<h3>Anodiseerimise t\u00f6\u00f6koda<\/h3>\n<p><img decoding=\"async\" src=\"\/wp-content\/uploads\/factory-10.webp\"\/><\/p>\n<h3>S\u00fcgavt\u00f6\u00f6tlemise t\u00f6\u00f6tuba<\/h3>\n<p><img decoding=\"async\" src=\"\/wp-content\/uploads\/factory-11.webp\"\/><\/p>\n<h3>CNC-t\u00e4ppist\u00f6\u00f6tlemise t\u00f6\u00f6koda<\/h3>\n<p><img decoding=\"async\" src=\"\/wp-content\/uploads\/factory-11.5.webp\"\/><\/p>\n<h3>Valmistoodete ja ekspordi ladu<\/h3>\n<p><img decoding=\"async\" src=\"\/wp-content\/uploads\/factory-12.webp\"\/><\/p>\n<p><img decoding=\"async\" src=\"\/wp-content\/uploads\/factory-13.webp\"\/><\/p>\n<p><img decoding=\"async\" src=\"\/wp-content\/uploads\/factory-14.webp\"\/><\/p>\n<h2>KKK<\/h2>\n<p><p><b>1.Mis on J sektsioon alumiiniumist ekstrusioon, mida kasutatakse?<\/b><\/p>\n<p>J-profiiliga alumiiniumist ekstrusiooni kasutatakse tavaliselt konstruktsioonilistes rakendustes, kus on vaja suuremat tugevust ja stabiilsust, n\u00e4iteks raamid, toed ja korpused.<br \/>\n<\/p><br \/>\n<br \/>\n<p><b>2.Miks valida J-profiili alumiiniumist ekstrusiooni teiste profiilide asemel?<\/b><\/p>\n<p>J-profiiliga alumiiniumprofiil tagab suurep\u00e4rase tugevuse ja j\u00e4ikuse, mis muudab selle ideaalseks raskete koormuste kandmiseks ja karmide keskkondade talumiseks.<br \/>\n<\/p><br \/>\n<br \/>\n<p><b>3.Kas J-profiili alumiiniumi ekstrusiooni saab kohandada konkreetsete projektide jaoks?<\/b><\/p>\n<p>Jah, J-profiiliga alumiiniumist ekstrusiooni saab suuruse ja profiili poolest kohandada vastavalt teie projekti erivajadustele.<br \/>\n<\/p><br \/>\n<br \/>\n<p><b>4.Kuidas J-profiiliga alumiiniumist ekstrusioon saab hakkama karmides keskkonnatingimustes?<\/b><\/p>\n<p>J-profiiliga alumiiniumprofiil on valmistatud korrosioonikindlast alumiiniumist, mis muudab selle ideaalseks nii sise- kui ka v\u00e4litingimustes kasutamiseks, isegi rasketes ilmastikutingimustes.<br \/>\n<\/p><br \/>\n<br \/>\n<p><b>5.Kas J-profiili alumiiniumist ekstrusiooni on lihtne paigaldada?<\/b><\/p>\n<p>Jah, J-profiiliga alumiiniumprofiili on lihtne l\u00f5igata, kokku panna ja paigaldada, mis v\u00e4hendab t\u00f6\u00f6j\u00f5ukulusid ja paigaldusaega suuremahuliste projektide puhul.<br \/>\n<\/p><br \/>\n<br \/>\n<p><b>6.Millised on alumiiniumi kasutamise peamised eelised J-profiili ekstrusiooni jaoks?<\/b><\/p>\n<p>Alumiinium pakub tugevuse, kerguse ja korrosioonikindluse kombinatsiooni, mist\u00f5ttu on J-profiiliga alumiiniumist ekstrusioon vastupidav ja kuluefektiivne valik paljude rakenduste jaoks.<br \/>\n<\/p><br \/>\n<br \/>\n<p><b>7.Kui kaua kestab J-profiili alumiiniumi ekstrusioon?<\/b><\/p>\n<p>J-profiiliga alumiiniumprofiil on kavandatud pikaajaliseks kasutamiseks, pakkudes suurep\u00e4rast vastupidavust ja korrosioonikindlust, mis tagab, et see kestab aastaid n\u00f5udlikes tingimustes.<br \/>\n<\/p><br \/><\/p>","protected":false},"featured_media":8055,"template":"","categories":[54],"class_list":["post-8056","product","type-product","status-publish","has-post-thumbnail","hentry","category-industrial-aluminum-profiles"],"meta_box":{"hilight_text_group":{"product_hilight_text":"<li>J Section Aluminum Extrusion offers enhanced strength and stability for structural applications.<\/li>\r\r\n<li>Durable aluminum material ensures long-lasting performance in demanding environments.<\/li>\r\r\n<li>Customizable profiles and sizes available to meet specific design and structural needs.<\/li>\r\r\n<li>Corrosion-resistant surface ideal for outdoor and industrial applications.<\/li>\r\r\n<li>Easy to cut and assemble, reducing installation time and cost for large projects.<\/li>","product_chanpin_blog":"<ul>\r\r\n<li><a href=\"https:\/\/sinoextrud.com\/t-slot-v-slot-differences\/\" target=\"_blank\">t slot vs v slot<\/a><\/li>\r\r\n<li><a href=\"https:\/\/sinoextrud.com\/what-is-4040-aluminium-extrud\/\" target=\"_blank\">4040 aluminium extrusion<\/a><\/li>\r\r\n<li><a href=\"https:\/\/sinoextrud.com\/what-is-4040-aluminium-extrud\/\" target=\"_blank\">aluminum extrusions for industrial racks<\/a><\/li>\r\r\n<li><a href=\"https:\/\/sinoextrud.com\/powder-coating-aluminium-process\/\" target=\"_blank\">powder coating aluminium<\/a><\/li>\r\r\n<li><a href=\"https:\/\/sinoextrud.com\/what-is-an-aluminium-strip-ceiling\/\" target=\"_blank\">aluminium strip ceiling<\/a><\/li>\r\r\n<li><a href=\"https:\/\/sinoextrud.com\/what-is-a-heat-sink\/\" target=\"_blank\">what is a heat sink<\/a><\/li>\r\r\n<\/ul>","product_chanpin_chanpin":"<li><a href=\"https:\/\/sinoextrud.com\/product\/heatsink-aluminum-profiles\/\" target=\"_blank\">Heatsink Aluminum Profiles<\/a><\/li>\r\n<li><a href=\"https:\/\/sinoextrud.com\/product\/t-slot-aluminum-extrusion-profile-for-industrial-assembly-line\/\" target=\"_blank\">T Slot Aluminum Extrusion Profile For Industrial Assembly Line<\/a><\/li>\r\n<li><a href=\"https:\/\/sinoextrud.com\/product\/customized-led-strip-light-aluminium-profile-led-aluminum-extrusion\/\" target=\"_blank\">Customized LED Strip Light Aluminium Profile  LED Aluminum Extrusion<\/a><\/li>\r\n<li><a href=\"https:\/\/sinoextrud.com\/product\/industrial-aluminum-extrusion-profile\/\" target=\"_blank\">Industrial Aluminum Extrusion Profile<\/a><\/li>\r\n<li><a href=\"https:\/\/sinoextrud.com\/product\/j-section-aluminum-extrusion\/\" target=\"_blank\">J Section Aluminum Extrusion<\/a><\/li>\r\n<li><a href=\"https:\/\/sinoextrud.com\/product\/linear-rail-aluminum-extrusion\/\" target=\"_blank\">Linear Rail Aluminum Extrusion<\/a><\/li>\r\n<li><a href=\"https:\/\/sinoextrud.com\/product\/t-slot-aluminum-profile\/\" target=\"_blank\">T-slot Aluminum Profile<\/a><\/li>\r\n<li><a href=\"https:\/\/sinoextrud.com\/product\/t-shaped-aluminium-profile\/\" target=\"_blank\">T Shaped Aluminium Profile<\/a><\/li>\r\n<li><a href=\"https:\/\/sinoextrud.com\/product\/slotted-aluminum-extrusion\/\" target=\"_blank\">Slotted Aluminum Extrusion<\/a><\/li>\r\n<li><a href=\"https:\/\/sinoextrud.com\/product\/aluminum-extrusion-heat-profiles-sink\/\" target=\"_blank\">Aluminum Extrusion Heat Profiles Sink<\/a><\/li>\r\n<li><a href=\"https:\/\/sinoextrud.com\/product\/custom-aluminum-tongue-and-groove-extrusion\/\" target=\"_blank\">Custom Aluminum Tongue And Groove Extrusion<\/a><\/li>"},"feature_list":[]},"_links":{"self":[{"href":"https:\/\/sinoextrud.com\/et\/wp-json\/wp\/v2\/product\/8056","targetHints":{"allow":["GET"]}}],"collection":[{"href":"https:\/\/sinoextrud.com\/et\/wp-json\/wp\/v2\/product"}],"about":[{"href":"https:\/\/sinoextrud.com\/et\/wp-json\/wp\/v2\/types\/product"}],"wp:featuredmedia":[{"embeddable":true,"href":"https:\/\/sinoextrud.com\/et\/wp-json\/wp\/v2\/media\/8055"}],"wp:attachment":[{"href":"https:\/\/sinoextrud.com\/et\/wp-json\/wp\/v2\/media?parent=8056"}],"wp:term":[{"taxonomy":"category","embeddable":true,"href":"https:\/\/sinoextrud.com\/et\/wp-json\/wp\/v2\/categories?post=8056"}],"curies":[{"name":"wp","href":"https:\/\/api.w.org\/{rel}","templated":true}]}}