{"id":8024,"date":"2025-06-12T06:33:18","date_gmt":"2025-06-12T06:33:18","guid":{"rendered":"https:\/\/sinoextrud.com\/product\/extruded-aluminum-channel\/"},"modified":"2025-06-24T06:22:52","modified_gmt":"2025-06-24T06:22:52","slug":"pressitud-alumiiniumist-kanal-2","status":"publish","type":"product","link":"https:\/\/sinoextrud.com\/et\/product\/extruded-aluminum-channel\/","title":{"rendered":"V\u00e4ljapressitud alumiiniumist kanal"},"content":{"rendered":"<h2>Toodete \u00fcksikasjad<\/h2>\n<table class=\"custom-table\">\n<tr>\n<td class=\"label\">Mudel nr.:<\/td>\n<td> pressitud alumiiniumist kanal<\/td>\n<\/tr>\n<tr>\n<td class=\"label\">Pinnat\u00f6\u00f6tlus:<\/td>\n<td> freesitud viimistlus<\/td>\n<\/tr>\n<tr>\n<td class=\"label\">Suurus:<\/td>\n<td> 30mm, paksus 3,0mm<\/td>\n<\/tr>\n<tr>\n<td class=\"label\">Garantii:<\/td>\n<td> 10~20 aastat<\/td>\n<\/tr>\n<tr>\n<td class=\"label\">Spetsifikatsioon:<\/td>\n<td> 5.8m<\/td>\n<\/tr>\n<tr>\n<td class=\"label\">Materjal:<\/td>\n<td> 6063-T5<\/td>\n<\/tr>\n<tr>\n<td class=\"label\">MOQ:<\/td>\n<td> 200KG iga eseme kohta<\/td>\n<\/tr>\n<tr>\n<td class=\"label\">Turg:<\/td>\n<td> Austraalia, Euroopa, L\u00e4his-Ida, Aafrika, L\u00f5una-Ameerika, L\u00f5una-Aasia.<\/td>\n<\/tr>\n<tr>\n<td class=\"label\">HS-kood:<\/td>\n<td> 76042100<\/td>\n<\/tr>\n<tr>\n<td class=\"label\">Kuju:<\/td>\n<td> Hald vooru<\/td>\n<\/tr>\n<tr>\n<td class=\"label\">Standard:<\/td>\n<td> GB\/75237-2004, Q\/320281\/Pdwd-2008<\/td>\n<\/tr>\n<tr>\n<td class=\"label\">Sadam:<\/td>\n<td> Shenzhen, Guangzhou, Foshan<\/td>\n<\/tr>\n<tr>\n<td class=\"label\">S\u00fcgav protsess:<\/td>\n<td> Puurimine, l\u00f5ikamine, kokkupanek<\/td>\n<\/tr>\n<tr>\n<td class=\"label\">Transpordipakett:<\/td>\n<td> PE-firma iga arvuti kohta, k\u00fcmneid tk \u00fche kimbu eest<\/td>\n<\/tr>\n<tr>\n<td class=\"label\">P\u00e4ritolu:<\/td>\n<td> Foshan, Hiina<\/td>\n<\/tr>\n<\/table>\n<h2>Meie tootmisbaas<\/h2>\n<h3>Tehase panoraam<\/h3>\n<p><img decoding=\"async\" src=\"\/wp-content\/uploads\/factory-01.webp\"\/><\/p>\n<h3>Alumiiniumvarraste tootmise t\u00f6\u00f6koda<\/h3>\n<p><img decoding=\"async\" src=\"\/wp-content\/uploads\/factory-02.webp\"\/><\/p>\n<p><img decoding=\"async\" src=\"\/wp-content\/uploads\/factory-03.webp\"\/><\/p>\n<h3>hallituse ladustamise ladu<\/h3>\n<p><img decoding=\"async\" src=\"\/wp-content\/uploads\/factory-04.webp\"\/><\/p>\n<h3>43 alumiiniumi ekstrusiooniliini (500-5500 tonni)<\/h3>\n<p><img decoding=\"async\" src=\"\/wp-content\/uploads\/factory-05.webp\"\/><\/p>\n<p><img decoding=\"async\" src=\"\/wp-content\/uploads\/factory-06.webp\"\/><\/p>\n<p><img decoding=\"async\" src=\"\/wp-content\/uploads\/factory-07.webp\"\/><\/p>\n<h3>Pulberv\u00e4rvimise t\u00f6\u00f6koda<\/h3>\n<p><img decoding=\"async\" src=\"\/wp-content\/uploads\/factory-09.webp\"\/><\/p>\n<h3>Anodiseerimise t\u00f6\u00f6koda<\/h3>\n<p><img decoding=\"async\" src=\"\/wp-content\/uploads\/factory-10.webp\"\/><\/p>\n<h3>S\u00fcgavt\u00f6\u00f6tlemise t\u00f6\u00f6tuba<\/h3>\n<p><img decoding=\"async\" src=\"\/wp-content\/uploads\/factory-11.webp\"\/><\/p>\n<h3>CNC-t\u00e4ppist\u00f6\u00f6tlemise t\u00f6\u00f6koda<\/h3>\n<p><img decoding=\"async\" src=\"\/wp-content\/uploads\/factory-11.5.webp\"\/><\/p>\n<h3>Valmistoodete ja ekspordi ladu<\/h3>\n<p><img decoding=\"async\" src=\"\/wp-content\/uploads\/factory-12.webp\"\/><\/p>\n<p><img decoding=\"async\" src=\"\/wp-content\/uploads\/factory-13.webp\"\/><\/p>\n<p><img decoding=\"async\" src=\"\/wp-content\/uploads\/factory-14.webp\"\/><\/p>\n<h2>KKK<\/h2>\n<p><p><b>1.What on pressitud alumiiniumist kanalid kasutatakse?<\/b><\/p>\n<p>Profileeritud alumiiniumist kanaleid kasutatakse mitmesugustes rakendustes, nagu n\u00e4iteks struktuurne raam, tugis\u00fcsteemid ja korpused, mis pakuvad tugevust ja paindlikkust t\u00f6\u00f6stusprojektide jaoks.<br \/>\n<\/p><br \/>\n<br \/>\n<p><b>2.Miks valida alumiiniumist pressitud kanalite jaoks?<\/b><\/p>\n<p>Alumiinium on kerge, vastupidav ja korrosioonikindel, mist\u00f5ttu on see ideaalne materjal pressitud kanalite jaoks, mis peavad h\u00e4sti toimima n\u00f5udlikes keskkondades.<br \/>\n<\/p><br \/>\n<br \/>\n<p><b>3.Can pressitud alumiiniumist kanalid saab kohandada?<\/b><\/p>\n<p>Jah, neid kanaleid saab kohandada kuju, suuruse ja viimistluse poolest vastavalt konkreetsetele rakendusvajadustele, tagades erinevate projektide jaoks optimaalse j\u00f5udluse.<br \/>\n<\/p><br \/>\n<br \/>\n<p><b>4.Millised t\u00f6\u00f6stusharud saavad kasu pressitud alumiiniumist kanalitest?<\/b><\/p>\n<p>Sellised t\u00f6\u00f6stusharud nagu ehitus, autot\u00f6\u00f6stus, tootmine ja elektroonika saavad kasu alumiiniumist pressitud kanalite mitmek\u00fclgsusest ja tugevusest oma struktuuri- ja raamimisvajaduste rahuldamiseks.<br \/>\n<\/p><br \/>\n<br \/>\n<p><b>5.Kuidas aitavad pressitud alumiiniumist kanalid kaasa kulude kokkuhoiule?<\/b><\/p>\n<p>Pressitud alumiiniumist kanalid v\u00e4hendavad materjalikulusid ja paigaldusaega t\u00e4nu oma kergele konstruktsioonile ja lihtsale integreeritavusele teiste komponentidega.<br \/>\n<\/p><br \/>\n<br \/>\n<p><b>6.Kas pressitud alumiiniumist kanalid on korrosioonikindlad?<\/b><\/p>\n<p>Jah, alumiiniumkanalid on loomulikult korrosioonikindlad, tagades pikaajalise vastupidavuse ja t\u00f6\u00f6kindluse v\u00e4litingimustes v\u00f5i t\u00f6\u00f6stuslikes rakendustes.<br \/>\n<\/p><br \/>\n<br \/>\n<p><b>7.Kuidas parandavad pressitud alumiiniumist kanalid s\u00fcsteemi t\u00f5husust?<\/b><\/p>\n<p>Alumiiniumkanalite kerge, kuid tugev olemus tagab lihtsa k\u00e4sitsemise ja paigaldamise, mis v\u00e4hendab t\u00f6\u00f6j\u00f5ukulusid ja kiirendab projekti valmimise aega.<br \/>\n<\/p><br \/><\/p>","protected":false},"featured_media":8023,"template":"","categories":[54],"class_list":["post-8024","product","type-product","status-publish","has-post-thumbnail","hentry","category-industrial-aluminum-profiles"],"meta_box":{"hilight_text_group":{"product_hilight_text":"<li>High strength-to-weight ratio, making it ideal for lightweight yet durable applications.<\/li>\r\r\n<li>Corrosion-resistant properties for long-lasting performance in various environments.<\/li>\r\r\n<li>Customizable shapes and sizes to meet specific design requirements.<\/li>\r\r\n<li>Versatile applications in industries such as construction, automotive, and electronics.<\/li>\r\r\n<li>Easy to integrate with other components, reducing installation time and cost.<\/li>","product_chanpin_blog":"<ul>\r\r\n<li><a href=\"https:\/\/sinoextrud.com\/t-slot-v-slot-differences\/\" target=\"_blank\">t slot vs v slot<\/a><\/li>\r\r\n<li><a href=\"https:\/\/sinoextrud.com\/what-is-4040-aluminium-extrud\/\" target=\"_blank\">4040 aluminium extrusion<\/a><\/li>\r\r\n<li><a href=\"https:\/\/sinoextrud.com\/what-is-4040-aluminium-extrud\/\" target=\"_blank\">aluminum extrusions for industrial racks<\/a><\/li>\r\r\n<li><a href=\"https:\/\/sinoextrud.com\/powder-coating-aluminium-process\/\" target=\"_blank\">powder coating aluminium<\/a><\/li>\r\r\n<li><a href=\"https:\/\/sinoextrud.com\/what-is-an-aluminium-strip-ceiling\/\" target=\"_blank\">aluminium strip ceiling<\/a><\/li>\r\r\n<li><a href=\"https:\/\/sinoextrud.com\/what-is-a-heat-sink\/\" target=\"_blank\">what is a heat sink<\/a><\/li>\r\r\n<\/ul>","product_chanpin_chanpin":"<li><a href=\"https:\/\/sinoextrud.com\/product\/customized-powder-coated-anodized-aluminium-extrusion-profile-roller-shutter-supplier\/\" target=\"_blank\">Customized Powder Coated Anodized Aluminium Extrusion Profile Roller Shutter Supplier<\/a><\/li>\r\n<li><a href=\"https:\/\/sinoextrud.com\/product\/design-of-anodized-aluminum-handrail-price\/\" target=\"_blank\">design of anodized aluminum handrail price<\/a><\/li>\r\n<li><a href=\"https:\/\/sinoextrud.com\/product\/standard-extruded-aluminum-shapes\/\" target=\"_blank\">Standard Extruded Aluminum Shapes<\/a><\/li>\r\n<li><a href=\"https:\/\/sinoextrud.com\/product\/t-slot-industrial-extruded-aluminum-profile\/\" target=\"_blank\">T-slot Industrial Extruded Aluminum Profile<\/a><\/li>\r\n<li><a href=\"https:\/\/sinoextrud.com\/product\/extruded-aluminum-channel\/\" target=\"_blank\">Extruded Aluminum Channel<\/a><\/li>\r\n<li><a href=\"https:\/\/sinoextrud.com\/product\/made-extrusion-square-tube-aluminium-profiles-in-stock\/\" target=\"_blank\">Made Extrusion Square Tube Aluminium Profiles in Stock<\/a><\/li>\r\n<li><a href=\"https:\/\/sinoextrud.com\/product\/extruded-aluminum-electronic-enclosures\/\" target=\"_blank\">Extruded Aluminum Electronic Enclosures<\/a><\/li>\r\n<li><a href=\"https:\/\/sinoextrud.com\/product\/extruded-aluminum-for-outdoor-light-heat-sink\/\" target=\"_blank\">Extruded Aluminum For Outdoor Light Heat Sink<\/a><\/li>\r\n<li><a href=\"https:\/\/sinoextrud.com\/product\/t-aluminum-profile\/\" target=\"_blank\">T Aluminum Profile<\/a><\/li>\r\n<li><a href=\"https:\/\/sinoextrud.com\/product\/aluminum-handrail-extrusions\/\" target=\"_blank\">Aluminum Handrail Extrusions<\/a><\/li>\r\n<li><a href=\"https:\/\/sinoextrud.com\/product\/aluminium-window-trim-profiles\/\" target=\"_blank\">Aluminium Window Trim Profiles<\/a><\/li>"},"feature_list":[]},"_links":{"self":[{"href":"https:\/\/sinoextrud.com\/et\/wp-json\/wp\/v2\/product\/8024","targetHints":{"allow":["GET"]}}],"collection":[{"href":"https:\/\/sinoextrud.com\/et\/wp-json\/wp\/v2\/product"}],"about":[{"href":"https:\/\/sinoextrud.com\/et\/wp-json\/wp\/v2\/types\/product"}],"wp:featuredmedia":[{"embeddable":true,"href":"https:\/\/sinoextrud.com\/et\/wp-json\/wp\/v2\/media\/8023"}],"wp:attachment":[{"href":"https:\/\/sinoextrud.com\/et\/wp-json\/wp\/v2\/media?parent=8024"}],"wp:term":[{"taxonomy":"category","embeddable":true,"href":"https:\/\/sinoextrud.com\/et\/wp-json\/wp\/v2\/categories?post=8024"}],"curies":[{"name":"wp","href":"https:\/\/api.w.org\/{rel}","templated":true}]}}