{"id":8014,"date":"2025-06-12T06:24:05","date_gmt":"2025-06-12T06:24:05","guid":{"rendered":"https:\/\/sinoextrud.com\/product\/powder-coated-and-anodized-aluminium-profile-for-electric-frame-motor-housing-and-aluminum-enclosure\/"},"modified":"2025-06-24T06:22:50","modified_gmt":"2025-06-24T06:22:50","slug":"pulbervarvitud-ja-anodeeritud-alumiiniumprofiil-elektrilise-raammootori-korpuse-ja-alumiiniumist-korpuse-jaoks","status":"publish","type":"product","link":"https:\/\/sinoextrud.com\/et\/product\/powder-coated-and-anodized-aluminium-profile-for-electric-frame-motor-housing-and-aluminum-enclosure\/","title":{"rendered":"Pulbriga kaetud ja anodeeritud alumiiniumprofiil elektrilise raami mootori korpuse ja alumiiniumist korpuse jaoks"},"content":{"rendered":"<h2>Toodete \u00fcksikasjad<\/h2>\n<table class=\"custom-table\">\n<tbody>\n<tr>\n<td> Objekt:<\/td>\n<td> Pulbriga kaetud ja anodeeritud alumiiniumprofiil elektrilise raami mootori korpuse ja alumiiniumist korpuse jaoks<\/td>\n<td> Hinne:<\/td>\n<td> 6000 seeria 6063<\/td>\n<\/tr>\n<tr>\n<td> Temperament:<\/td>\n<td> 6063-T5<\/td>\n<td> P\u00e4ritolukoht:<\/td>\n<td> Foshan, Guangdong<\/td>\n<\/tr>\n<tr>\n<td> Kuju:<\/td>\n<td> U-kujuline kanal<\/td>\n<td> Sulam v\u00f5i mitte:<\/td>\n<td> Alunimun sulam<\/td>\n<\/tr>\n<tr>\n<td> Sallivus:<\/td>\n<td> \u00b10,5%<\/td>\n<td> Br\u00e4ndi:<\/td>\n<td> Sinoextrud, Sinoextrud<\/td>\n<\/tr>\n<tr>\n<td> Standard:<\/td>\n<td> keskmine ja k\u00f5rge kvaliteet<\/td>\n<td> Pinnat\u00f6\u00f6tlus:<\/td>\n<td> pulberv\u00e4rvimine, elektroforees, puidumass, anodeeritud, harjatud, poleerimine<\/td>\n<\/tr>\n<tr>\n<td> Tarneaeg:<\/td>\n<td> 25-30 p\u00e4eva<\/td>\n<td> MOQ:<\/td>\n<td> 200KG<\/td>\n<\/tr>\n<tr>\n<td> Makset\u00e4htaeg:<\/td>\n<td> T \/ T (30% tagatisraha), L \/ C<\/td>\n<td> T\u00f6\u00f6tlemisteenus:<\/td>\n<td> Painutamine, keevitamine, keevitamine, stantsimine, l\u00f5ikamine<\/td>\n<\/tr>\n<tr>\n<td> Sadam:<\/td>\n<td> Guangzhou, Shenzhen\uff0cFoshan<\/td>\n<td> Pikkus::<\/td>\n<td> 1-9m v\u00f5i kohandatud<\/td>\n<\/tr>\n<\/tbody>\n<\/table>\n<h2>Meie tootmisbaas<\/h2>\n<h3>Tehase panoraam<\/h3>\n<p><img decoding=\"async\" src=\"\/wp-content\/uploads\/factory-01.webp\"\/><\/p>\n<h3>Alumiiniumvarraste tootmise t\u00f6\u00f6koda<\/h3>\n<p><img decoding=\"async\" src=\"\/wp-content\/uploads\/factory-02.webp\"\/><\/p>\n<\/p>\n<p><img decoding=\"async\" src=\"\/wp-content\/uploads\/factory-03.webp\"\/><\/p>\n<h3>hallituse ladustamise ladu<\/h3>\n<p><img decoding=\"async\" src=\"\/wp-content\/uploads\/factory-04.webp\"\/><\/p>\n<h3>43 alumiiniumi ekstrusiooniliini (500-5500 tonni)<\/h3>\n<p><img decoding=\"async\" src=\"\/wp-content\/uploads\/factory-05.webp\"\/><\/p>\n<p><img decoding=\"async\" src=\"\/wp-content\/uploads\/factory-06.webp\"\/><\/p>\n<p><img decoding=\"async\" src=\"\/wp-content\/uploads\/factory-07.webp\"\/><\/p>\n<h3>Pulberv\u00e4rvimise t\u00f6\u00f6koda<\/h3>\n<p><img decoding=\"async\" src=\"\/wp-content\/uploads\/factory-09.webp\"\/><\/p>\n<h3>Anodiseerimise t\u00f6\u00f6koda<\/h3>\n<p><img decoding=\"async\" src=\"\/wp-content\/uploads\/factory-10.webp\"\/><\/p>\n<h3>S\u00fcgavt\u00f6\u00f6tlemise t\u00f6\u00f6tuba<\/h3>\n<p><img decoding=\"async\" src=\"\/wp-content\/uploads\/factory-11.webp\"\/><\/p>\n<h3>CNC-t\u00e4ppist\u00f6\u00f6tlemise t\u00f6\u00f6koda<\/h3>\n<p><img decoding=\"async\" src=\"\/wp-content\/uploads\/factory-11.5.webp\"\/><\/p>\n<h3>Valmistoodete ja ekspordi ladu<\/h3>\n<p><img decoding=\"async\" src=\"\/wp-content\/uploads\/factory-12.webp\"\/><\/p>\n<p><img decoding=\"async\" src=\"\/wp-content\/uploads\/factory-13.webp\"\/><\/p>\n<p><img decoding=\"async\" src=\"\/wp-content\/uploads\/factory-14.webp\"\/><\/p>\n<h2>KKK<\/h2>\n<p><b>1.Mis on pulberv\u00e4rvitud ja anodeeritud alumiiniumprofiil elektrilise raammootori korpuse jaoks? <\/b><\/p>\n<p> See on viimistletud alumiiniumist ekstrusioon, mida kasutatakse elektrimootorite korpuste ja korpuste valmistamiseks, pakkudes vastupidavust, korrosioonikindlust ja soojusjuhtimist.\n<\/p>\n<p><\/p>\n<p><b>2.Miks kasutada alumiiniumkappide pulberv\u00e4rvimist ja anodeerimist? <\/b><\/p>\n<p> Need pinnakatted pakuvad suurep\u00e4rast kaitset korrosiooni, kulumise ja UV-kahjustuste eest, tagades pikaajalise t\u00f6\u00f6kindluse karmides tingimustes.\n<\/p>\n<p><\/p>\n<p><b>3.Kas alumiiniumprofiile saab kohandada elektrimootori raamide jaoks? <\/b><\/p>\n<p> Jah, me pakume kohandatud profiile, m\u00f5\u00f5tmeid ja viimistlust, et vastata konkreetsetele mootori korpuse ja korpuse disaini n\u00f5uetele.\n<\/p>\n<p><\/p>\n<p><b>4.Kas need alumiiniumprofiilid sobivad v\u00e4lis- v\u00f5i t\u00f6\u00f6stuskeskkondadesse? <\/b><\/p>\n<p> Kindlasti tagavad pulberv\u00e4rvitud ja anodeeritud pinnad pikaajalise toimivuse v\u00e4lis- ja t\u00f6\u00f6stustingimustes.\n<\/p>\n<p><\/p>\n<p><b>5.Kuidas aitab alumiinium mootori korpuse soojuse hajutamisel? <\/b><\/p>\n<p> Alumiiniumi loomulik soojusjuhtivus aitab soojust sisemiste komponentide eest \u00e4ra juhtida, kaitstes mootoreid ja elektroonikat.\n<\/p>\n<p><\/p>\n<p><b>6.Millised on nende alumiiniumprofiilide t\u00fc\u00fcpilised rakendused? <\/b><\/p>\n<p> Levinud kasutusalad on elektrimootorite raamid, ajamite korpused, automaatika juhtimiskarbid ja t\u00f6\u00f6stuselektroonika korpused.\n<\/p>\n<p><\/p>\n<p><b>7.Kas alumiiniumprofiili on lihtne t\u00f6\u00f6delda ja kokku panna? <\/b><\/p>\n<p> Jah, meie profiilid on m\u00f5eldud lihtsaks t\u00f6\u00f6tlemiseks, puurimiseks ja integreerimiseks standardsete kinnituss\u00fcsteemide ja l\u00f5ppkomponentidega.\n<\/p>\n<p><\/p>","protected":false},"featured_media":8013,"template":"","categories":[54],"class_list":["post-8014","product","type-product","status-publish","has-post-thumbnail","hentry","category-industrial-aluminum-profiles"],"meta_box":{"hilight_text_group":{"product_hilight_text":"<li>Durable powder coated and anodized finish for superior corrosion and wear resistance.<\/li>\r\r\n<li>Precision-extruded aluminium profile ensures accurate fitting and assembly.<\/li>\r\r\n<li>Ideal for electric motor housing, control boxes, and electronic enclosures.<\/li>\r\r\n<li>Lightweight yet strong, suitable for demanding industrial applications.<\/li>\r\r\n<li>Customizable shapes, sizes, and surface finishes for tailored solutions.<\/li>\r\r\n<li>Enhanced thermal conductivity helps with efficient heat dissipation.<\/li>\r\r\n<li>Low-maintenance material with long service life in harsh environments.<\/li>","product_chanpin_blog":"<ul>\r\r\n<li><a href=\"https:\/\/sinoextrud.com\/t-slot-v-slot-differences\/\" target=\"_blank\">t slot vs v slot<\/a><\/li>\r\r\n<li><a href=\"https:\/\/sinoextrud.com\/what-is-4040-aluminium-extrud\/\" target=\"_blank\">4040 aluminium extrusion<\/a><\/li>\r\r\n<li><a href=\"https:\/\/sinoextrud.com\/what-is-4040-aluminium-extrud\/\" target=\"_blank\">aluminum extrusions for industrial racks<\/a><\/li>\r\r\n<li><a href=\"https:\/\/sinoextrud.com\/powder-coating-aluminium-process\/\" target=\"_blank\">powder coating aluminium<\/a><\/li>\r\r\n<li><a href=\"https:\/\/sinoextrud.com\/what-is-an-aluminium-strip-ceiling\/\" target=\"_blank\">aluminium strip ceiling<\/a><\/li>\r\r\n<li><a href=\"https:\/\/sinoextrud.com\/what-is-a-heat-sink\/\" target=\"_blank\">what is a heat sink<\/a><\/li>\r\r\n<\/ul>","product_chanpin_chanpin":"<li><a href=\"https:\/\/sinoextrud.com\/product\/customized-extruded-aluminum-trailer-flooring\/\" target=\"_blank\">Customized Extruded Aluminum Trailer Flooring<\/a><\/li>\r\n<li><a href=\"https:\/\/sinoextrud.com\/product\/easy-assembly-bi-slotted-production-line-anodized-aluminium-t-slot-extrusion\/\" target=\"_blank\">Easy Assembly Bi-Slotted Production Line Anodized Aluminium T Slot Extrusion<\/a><\/li>\r\n<li><a href=\"https:\/\/sinoextrud.com\/product\/customized-industrial-aluminum-profile\/\" target=\"_blank\">Customized Industrial Aluminum Profile<\/a><\/li>\r\n<li><a href=\"https:\/\/sinoextrud.com\/product\/structural-aluminium-extrusions\/\" target=\"_blank\">Structural Aluminium Extrusions<\/a><\/li>\r\n<li><a href=\"https:\/\/sinoextrud.com\/product\/powder-coated-and-anodized-aluminium-profile-for-electric-frame-motor-housing-and-aluminum-enclosure\/\" target=\"_blank\">Powder coated and Anodized aluminium profile for electric frame motor housing and aluminum enclosure<\/a><\/li>\r\n<li><a href=\"https:\/\/sinoextrud.com\/product\/customized-powder-coated-anodized-aluminium-extrusion-profile-roller-shutter-supplier\/\" target=\"_blank\">Customized Powder Coated Anodized Aluminium Extrusion Profile Roller Shutter Supplier<\/a><\/li>\r\n<li><a href=\"https:\/\/sinoextrud.com\/product\/design-of-anodized-aluminum-handrail-price\/\" target=\"_blank\">design of anodized aluminum handrail price<\/a><\/li>\r\n<li><a href=\"https:\/\/sinoextrud.com\/product\/standard-extruded-aluminum-shapes\/\" target=\"_blank\">Standard Extruded Aluminum Shapes<\/a><\/li>\r\n<li><a href=\"https:\/\/sinoextrud.com\/product\/t-slot-industrial-extruded-aluminum-profile\/\" target=\"_blank\">T-slot Industrial Extruded Aluminum Profile<\/a><\/li>\r\n<li><a href=\"https:\/\/sinoextrud.com\/product\/aluminum-quarter-round-trim\/\" target=\"_blank\">Aluminum Quarter Round Trim<\/a><\/li>\r\n<li><a href=\"https:\/\/sinoextrud.com\/product\/extruded-aluminium-housing\/\" target=\"_blank\">Extruded Aluminium Housing<\/a><\/li>"},"feature_list":[]},"_links":{"self":[{"href":"https:\/\/sinoextrud.com\/et\/wp-json\/wp\/v2\/product\/8014","targetHints":{"allow":["GET"]}}],"collection":[{"href":"https:\/\/sinoextrud.com\/et\/wp-json\/wp\/v2\/product"}],"about":[{"href":"https:\/\/sinoextrud.com\/et\/wp-json\/wp\/v2\/types\/product"}],"wp:featuredmedia":[{"embeddable":true,"href":"https:\/\/sinoextrud.com\/et\/wp-json\/wp\/v2\/media\/8013"}],"wp:attachment":[{"href":"https:\/\/sinoextrud.com\/et\/wp-json\/wp\/v2\/media?parent=8014"}],"wp:term":[{"taxonomy":"category","embeddable":true,"href":"https:\/\/sinoextrud.com\/et\/wp-json\/wp\/v2\/categories?post=8014"}],"curies":[{"name":"wp","href":"https:\/\/api.w.org\/{rel}","templated":true}]}}