{"id":8010,"date":"2025-06-12T02:43:04","date_gmt":"2025-06-12T02:43:04","guid":{"rendered":"https:\/\/sinoextrud.com\/product\/customized-industrial-aluminum-profile\/"},"modified":"2025-06-24T06:22:50","modified_gmt":"2025-06-24T06:22:50","slug":"kohandatud-toostuslik-alumiiniumprofiil","status":"publish","type":"product","link":"https:\/\/sinoextrud.com\/et\/product\/customized-industrial-aluminum-profile\/","title":{"rendered":"Kohandatud t\u00f6\u00f6stuslik alumiiniumprofiil"},"content":{"rendered":"<h2>Toodete \u00fcksikasjad<\/h2>\n<table class=\"custom-table\">\n<tbody>\n<tr>\n<td> Punkti<\/td>\n<td> kohandatud t\u00f6\u00f6stuslik alumiiniumprofiil<\/td>\n<\/tr>\n<tr>\n<td> Temper<\/td>\n<td> T5-T8<\/td>\n<\/tr>\n<tr>\n<td> Protsessi kulgemine<\/td>\n<td> Vormide arendamine - Alumiinium toorikute kuumutamine - vormimine tooralumiiniumiga - eloksoreeritud pulberv\u00e4rvitud pulberv\u00e4rviga<\/td>\n<\/tr>\n<tr>\n<td> Iseloomulikud<\/td>\n<td> 1.Neat ja ilusad peened jooned pinnal.<br \/>\n2. Vastu v\u00f5etakse riiklikud alumiiniumtoorikud.<br \/>\n3. Meie \u00fchtlase anodeerimisprotsessiga, mis on vastu v\u00f5etud pinna kaitsmiseks.<br \/>\n4. V\u00e4ike tellimus on vastuv\u00f5etav.<br \/>\n5. Kohandatud ekstrusioon vastavalt teie joonisele.<\/td>\n<\/tr>\n<tr>\n<td> Taotlus<\/td>\n<td> T\u00f6\u00f6stus, ehitus<\/td>\n<\/tr>\n<tr>\n<td> Kuju<\/td>\n<td> Kohandamine<\/td>\n<\/tr>\n<tr>\n<td> Pinnat\u00f6\u00f6tlus<\/td>\n<td> Veski viimistletud, anodeeritud, elektrikate, liivapritsimine, elektroforees, harjatud, poleerimine,<\/td>\n<\/tr>\n<tr>\n<td> V\u00e4rv<\/td>\n<td> H\u00f5be, must, kuld, \u0161ampanja, pronks, punane, sinine;<br \/>\nsaame kohandada v\u00e4rve klientide proovide alusel<\/td>\n<\/tr>\n<tr>\n<td> S\u00fcgav t\u00f6\u00f6tlemine<\/td>\n<td> L\u00f5ikamine, puurimine, mehaaniline t\u00f6\u00f6tlemine, l\u00f6\u00f6mine, painutamine, koputades jne.<\/td>\n<\/tr>\n<tr>\n<td> Garantii<\/td>\n<td> ISO: 9001, SONCAP, BV sertifikaat, TUV, SGS v\u00f5i klientide sertifikaat saadaval<\/td>\n<\/tr>\n<tr>\n<td> MOQ<\/td>\n<td> 200KG<\/td>\n<\/tr>\n<tr>\n<td> Tarneaeg<\/td>\n<td> Vormi v\u00e4ljat\u00f6\u00f6tamine ja n\u00e4idise kujundamine kestab 12-15 p\u00e4eva, seej\u00e4rel tootmine kestab 15-25 p\u00e4eva p\u00e4rast ostjalt tagatisraha saamist.<\/td>\n<\/tr>\n<tr>\n<td> Tasuta proovi<\/td>\n<td> 1-3 p\u00e4eva saab saata<\/td>\n<\/tr>\n<\/tbody>\n<\/table>\n<h2>Meie tootmisbaas<\/h2>\n<h3>Tehase panoraam<\/h3>\n<p><img decoding=\"async\" src=\"\/wp-content\/uploads\/factory-01.webp\"\/><\/p>\n<h3>Alumiiniumvarraste tootmise t\u00f6\u00f6koda<\/h3>\n<p><img decoding=\"async\" src=\"\/wp-content\/uploads\/factory-02.webp\"\/><\/p>\n<p><img decoding=\"async\" src=\"\/wp-content\/uploads\/factory-03.webp\"\/><\/p>\n<h3>hallituse ladustamise ladu<\/h3>\n<p><img decoding=\"async\" src=\"\/wp-content\/uploads\/factory-04.webp\"\/><\/p>\n<h3>43 alumiiniumi ekstrusiooniliini (500-5500 tonni)<\/h3>\n<p><img decoding=\"async\" src=\"\/wp-content\/uploads\/factory-05.webp\"\/><\/p>\n<p><img decoding=\"async\" src=\"\/wp-content\/uploads\/factory-06.webp\"\/><\/p>\n<p><img decoding=\"async\" src=\"\/wp-content\/uploads\/factory-07.webp\"\/><\/p>\n<h3>Pulberv\u00e4rvimise t\u00f6\u00f6koda<\/h3>\n<p><img decoding=\"async\" src=\"\/wp-content\/uploads\/factory-09.webp\"\/><\/p>\n<h3>Anodiseerimise t\u00f6\u00f6koda<\/h3>\n<p><img decoding=\"async\" src=\"\/wp-content\/uploads\/factory-10.webp\"\/><\/p>\n<h3>S\u00fcgavt\u00f6\u00f6tlemise t\u00f6\u00f6tuba<\/h3>\n<p><img decoding=\"async\" src=\"\/wp-content\/uploads\/factory-11.webp\"\/><\/p>\n<h3>CNC-t\u00e4ppist\u00f6\u00f6tlemise t\u00f6\u00f6koda<\/h3>\n<p><img decoding=\"async\" src=\"\/wp-content\/uploads\/factory-11.5.webp\"\/><\/p>\n<h3>Valmistoodete ja ekspordi ladu<\/h3>\n<p><img decoding=\"async\" src=\"\/wp-content\/uploads\/factory-12.webp\"\/><\/p>\n<p><img decoding=\"async\" src=\"\/wp-content\/uploads\/factory-13.webp\"\/><\/p>\n<p><img decoding=\"async\" src=\"\/wp-content\/uploads\/factory-14.webp\"\/><\/p>\n<h2>KKK<\/h2>\n<p><p><b>1.Mis teeb kohandatud t\u00f6\u00f6stuslikud alumiiniumprofiilid mitmek\u00fclgseks? <\/b><\/p>\n<p>Kohandatud alumiiniumprofiilid on v\u00e4ga h\u00e4sti kohandatavad, v\u00f5imaldades kohandatud disainilahendusi ja suurusi, mis sobivad erinevatele t\u00f6\u00f6stuslikele, kaubanduslikele v\u00f5i arhitektuurilistele vajadustele.<br \/>\n<\/p><br \/>\n<br \/>\n<p><b>2.Kuidas suurendab anodeeritud viimistlus alumiiniumprofiilide vastupidavust? <\/b><\/p>\n<p>Anodeeritud viimistlus suurendab korrosiooni- ja kulumiskindlust, tagades kauakestva toimivuse isegi karmides tingimustes.<br \/>\n<\/p><br \/>\n<br \/>\n<p><b>3.Kas kohandatud t\u00f6\u00f6stuslikud alumiiniumprofiilid on lihtne paigaldada? <\/b><\/p>\n<p>Jah, need profiilid on kerged ja h\u00f5lpsasti k\u00e4sitsetavad, mis teeb paigaldamise kiireks ja t\u00f5husaks.<br \/>\n<\/p><br \/>\n<br \/>\n<p><b>4.Kas alumiiniumprofiile saab kasutada raskeveokites? <\/b><\/p>\n<p>Jah, suure tugevusega alumiiniumprofiilid on kavandatud kandma suuri koormusi, mist\u00f5ttu on need ideaalsed n\u00f5udlike t\u00f6\u00f6stuslike rakenduste jaoks.<br \/>\n<\/p><br \/>\n<br \/>\n<p><b>5.Mis on kohandatud t\u00f6\u00f6stuslike alumiiniumprofiilide keskkonnam\u00f5ju? <\/b><\/p>\n<p>Alumiinium on taaskasutatav materjal, mis muudab need profiilid keskkonnas\u00f5bralikuks valikuks, mis toetab j\u00e4tkusuutlikkust ehituses ja tootmises.<br \/>\n<\/p><br \/>\n<br \/>\n<p><b>6.Kuidas v\u00e4hendavad kohandatud alumiiniumprofiilid projekti kogukulusid? <\/b><\/p>\n<p>Kohandatud alumiiniumprofiilid v\u00e4hendavad kohandatud lahenduste pakkumisega j\u00e4\u00e4tmeid ja v\u00e4ldivad vajadust t\u00e4iendavate muudatuste j\u00e4rele, aidates hoida kulusid madalal.<br \/>\n<\/p><br \/>\n<br \/>\n<p><b>7.Kas profiilid on saadaval eri suurustes ja kujuga? <\/b><\/p>\n<p>Jah, kohandatud alumiiniumprofiile saab kujundada mitmesuguse kuju ja suurusega, et need vastaksid teie projekti erin\u00f5uetele.<br \/>\n<\/p><br \/><\/p>","protected":false},"featured_media":8009,"template":"","categories":[54],"class_list":["post-8010","product","type-product","status-publish","has-post-thumbnail","hentry","category-industrial-aluminum-profiles"],"meta_box":{"hilight_text_group":{"product_hilight_text":"<ul>\r\r\n  <li>Fully customizable industrial aluminum profiles to meet specific project requirements.<\/li>\r\r\n  <li>High-strength and durable material, ideal for heavy-duty applications.<\/li>\r\r\n  <li>Corrosion-resistant anodized finish for enhanced longevity and performance.<\/li>\r\r\n  <li>Lightweight yet strong, offering ease of handling and installation.<\/li>\r\r\n  <li>Versatile design options, suitable for various industrial, commercial, and architectural applications.<\/li>\r\r\n  <li>Eco-friendly and recyclable aluminum material, supporting sustainability initiatives.<\/li>\r\r\n  <li>Cost-effective solution without compromising on quality or performance.<\/li>\r\r\n<\/ul>","product_chanpin_blog":"<ul>\r\r\n<li><a href=\"https:\/\/sinoextrud.com\/t-slot-v-slot-differences\/\" target=\"_blank\">t slot vs v slot<\/a><\/li>\r\r\n<li><a href=\"https:\/\/sinoextrud.com\/what-is-4040-aluminium-extrud\/\" target=\"_blank\">4040 aluminium extrusion<\/a><\/li>\r\r\n<li><a href=\"https:\/\/sinoextrud.com\/what-is-4040-aluminium-extrud\/\" target=\"_blank\">aluminum extrusions for industrial racks<\/a><\/li>\r\r\n<li><a href=\"https:\/\/sinoextrud.com\/powder-coating-aluminium-process\/\" target=\"_blank\">powder coating aluminium<\/a><\/li>\r\r\n<li><a href=\"https:\/\/sinoextrud.com\/what-is-an-aluminium-strip-ceiling\/\" target=\"_blank\">aluminium strip ceiling<\/a><\/li>\r\r\n<li><a href=\"https:\/\/sinoextrud.com\/what-is-a-heat-sink\/\" target=\"_blank\">what is a heat sink<\/a><\/li>\r\r\n<\/ul>","product_chanpin_chanpin":"<li><a href=\"https:\/\/sinoextrud.com\/product\/custom-industrial-aluminum-profiles\/\" target=\"_blank\">Custom Industrial Aluminum Profiles<\/a><\/li>\r\n<li><a href=\"https:\/\/sinoextrud.com\/product\/custom-industrial-extruded-aluminum-alloy\/\" target=\"_blank\">Custom Industrial Extruded Aluminum Alloy<\/a><\/li>\r\n<li><a href=\"https:\/\/sinoextrud.com\/product\/customized-extruded-aluminum-trailer-flooring\/\" target=\"_blank\">Customized Extruded Aluminum Trailer Flooring<\/a><\/li>\r\n<li><a href=\"https:\/\/sinoextrud.com\/product\/easy-assembly-bi-slotted-production-line-anodized-aluminium-t-slot-extrusion\/\" target=\"_blank\">Easy Assembly Bi-Slotted Production Line Anodized Aluminium T Slot Extrusion<\/a><\/li>\r\n<li><a href=\"https:\/\/sinoextrud.com\/product\/customized-industrial-aluminum-profile\/\" target=\"_blank\">Customized Industrial Aluminum Profile<\/a><\/li>\r\n<li><a href=\"https:\/\/sinoextrud.com\/product\/structural-aluminium-extrusions\/\" target=\"_blank\">Structural Aluminium Extrusions<\/a><\/li>\r\n<li><a href=\"https:\/\/sinoextrud.com\/product\/powder-coated-and-anodized-aluminium-profile-for-electric-frame-motor-housing-and-aluminum-enclosure\/\" target=\"_blank\">Powder coated and Anodized aluminium profile for electric frame motor housing and aluminum enclosure<\/a><\/li>\r\n<li><a href=\"https:\/\/sinoextrud.com\/product\/customized-powder-coated-anodized-aluminium-extrusion-profile-roller-shutter-supplier\/\" target=\"_blank\">Customized Powder Coated Anodized Aluminium Extrusion Profile Roller Shutter Supplier<\/a><\/li>\r\n<li><a href=\"https:\/\/sinoextrud.com\/product\/design-of-anodized-aluminum-handrail-price\/\" target=\"_blank\">design of anodized aluminum handrail price<\/a><\/li>\r\n<li><a href=\"https:\/\/sinoextrud.com\/product\/polished-sliver-aluminium-profile-like-mirror\/\" target=\"_blank\">Polished Sliver Aluminium Profile Like Mirror<\/a><\/li>\r\n<li><a href=\"https:\/\/sinoextrud.com\/product\/aluminium-profile-quarter-round-bar\/\" target=\"_blank\">Aluminium Profile Quarter Round Bar<\/a><\/li>"},"feature_list":[]},"_links":{"self":[{"href":"https:\/\/sinoextrud.com\/et\/wp-json\/wp\/v2\/product\/8010","targetHints":{"allow":["GET"]}}],"collection":[{"href":"https:\/\/sinoextrud.com\/et\/wp-json\/wp\/v2\/product"}],"about":[{"href":"https:\/\/sinoextrud.com\/et\/wp-json\/wp\/v2\/types\/product"}],"wp:featuredmedia":[{"embeddable":true,"href":"https:\/\/sinoextrud.com\/et\/wp-json\/wp\/v2\/media\/8009"}],"wp:attachment":[{"href":"https:\/\/sinoextrud.com\/et\/wp-json\/wp\/v2\/media?parent=8010"}],"wp:term":[{"taxonomy":"category","embeddable":true,"href":"https:\/\/sinoextrud.com\/et\/wp-json\/wp\/v2\/categories?post=8010"}],"curies":[{"name":"wp","href":"https:\/\/api.w.org\/{rel}","templated":true}]}}