{"id":8008,"date":"2025-06-12T02:41:56","date_gmt":"2025-06-12T02:41:56","guid":{"rendered":"https:\/\/sinoextrud.com\/product\/easy-assembly-bi-slotted-production-line-anodized-aluminium-t-slot-extrusion\/"},"modified":"2025-06-24T06:22:50","modified_gmt":"2025-06-24T06:22:50","slug":"lihtne-montaaz-bi-pilu-tootmisliini-anodeeritud-alumiinium-t-pilu-ekstrusiooni","status":"publish","type":"product","link":"https:\/\/sinoextrud.com\/et\/product\/easy-assembly-bi-slotted-production-line-anodized-aluminium-t-slot-extrusion\/","title":{"rendered":"Lihtne kokkupanek Bi-Sloted tootmisliini anodeeritud alumiinium T Slot ekstrusiooniga"},"content":{"rendered":"<h2>Toodete \u00fcksikasjad<\/h2>\n<table class=\"custom-table\">\n<tbody>\n<tr>\n<td> Toote nimi<\/td>\n<td> Lihtne kokkupanek Bi-Sloted tootmisliini anodeeritud alumiinium T Slot ekstrusiooniga<\/td>\n<\/tr>\n<tr>\n<td> Materjal<\/td>\n<td> Kvaliteetne alumiiniumisulam<\/td>\n<\/tr>\n<tr>\n<td> Disain<\/td>\n<td> Kahepoolne konstruktsioon lihtsaks kokkupanekuks<\/td>\n<\/tr>\n<tr>\n<td> Rakendused<\/td>\n<td> T\u00f6\u00f6stusautomaatika, masina raamid, t\u00f6\u00f6kohad, kohandatud konstruktsioonid<\/td>\n<\/tr>\n<tr>\n<td> Pinnat\u00f6\u00f6tlus<\/td>\n<td> Anodeeritud viimistlus t\u00e4iustatud korrosioonikindlusele ja vastupidavusele<\/td>\n<\/tr>\n<tr>\n<td> M\u00f5\u00f5tmed<\/td>\n<td> Saadaval on kohandatavad pikkused ja profiilid<\/td>\n<\/tr>\n<tr>\n<td> Kaal<\/td>\n<td> Kerge, kuid tugev, mis tagab suurep\u00e4rase struktuurilise terviklikkuse<\/td>\n<\/tr>\n<tr>\n<td> CNC mehaaniline t\u00f6\u00f6tlemine Teenused<\/td>\n<td> T\u00e4ppisl\u00f5ikamine ja keerukas mehaaniline t\u00f6\u00f6tlemine<\/td>\n<\/tr>\n<tr>\n<td> Kvaliteedisertifikaadid<\/td>\n<td> ISO 9001, RoHS vastavus, CE sertifikaat<\/td>\n<\/tr>\n<tr>\n<td> Pakend<\/td>\n<td> Keskkonnas\u00f5bralikud materjalid, kohandatud pakendilahendused, selge m\u00e4rgistus<\/td>\n<\/tr>\n<tr>\n<td> Juhtumisaeg<\/td>\n<td> Kiire tootmis- ja tarneaeg<\/td>\n<\/tr>\n<tr>\n<td> Kohandamine<\/td>\n<td> ODM\/OEM teenused on saadaval kohandatud lahenduste jaoks<\/td>\n<\/tr>\n<tr>\n<td> Klienditugi<\/td>\n<td> Erakondlik meeskond erakordseks teeninduseks ja toeks<\/td>\n<\/tr>\n<\/tbody>\n<\/table>\n<h2>Meie tootmisbaas<\/h2>\n<h3>Tehase panoraam<\/h3>\n<p><img decoding=\"async\" src=\"\/wp-content\/uploads\/factory-01.webp\"\/><\/p>\n<h3>Alumiiniumvarraste tootmise t\u00f6\u00f6koda<\/h3>\n<p><img decoding=\"async\" src=\"\/wp-content\/uploads\/factory-02.webp\"\/><\/p>\n<p><img decoding=\"async\" src=\"\/wp-content\/uploads\/factory-03.webp\"\/><\/p>\n<h3>hallituse ladustamise ladu<\/h3>\n<p><img decoding=\"async\" src=\"\/wp-content\/uploads\/factory-04.webp\"\/><\/p>\n<h3>43 alumiiniumi ekstrusiooniliini (500-5500 tonni)<\/h3>\n<p><img decoding=\"async\" src=\"\/wp-content\/uploads\/factory-05.webp\"\/><\/p>\n<p><img decoding=\"async\" src=\"\/wp-content\/uploads\/factory-06.webp\"\/><\/p>\n<p><img decoding=\"async\" src=\"\/wp-content\/uploads\/factory-07.webp\"\/><\/p>\n<h3>Pulberv\u00e4rvimise t\u00f6\u00f6koda<\/h3>\n<p><img decoding=\"async\" src=\"\/wp-content\/uploads\/factory-09.webp\"\/><\/p>\n<h3>Anodiseerimise t\u00f6\u00f6koda<\/h3>\n<p><img decoding=\"async\" src=\"\/wp-content\/uploads\/factory-10.webp\"\/><\/p>\n<h3>S\u00fcgavt\u00f6\u00f6tlemise t\u00f6\u00f6tuba<\/h3>\n<p><img decoding=\"async\" src=\"\/wp-content\/uploads\/factory-11.webp\"\/><\/p>\n<h3>CNC-t\u00e4ppist\u00f6\u00f6tlemise t\u00f6\u00f6koda<\/h3>\n<p><img decoding=\"async\" src=\"\/wp-content\/uploads\/factory-11.5.webp\"\/><\/p>\n<h3>Valmistoodete ja ekspordi ladu<\/h3>\n<p><img decoding=\"async\" src=\"\/wp-content\/uploads\/factory-12.webp\"\/><\/p>\n<p><img decoding=\"async\" src=\"\/wp-content\/uploads\/factory-13.webp\"\/><\/p>\n<p><img decoding=\"async\" src=\"\/wp-content\/uploads\/factory-14.webp\"\/><\/p>\n<h2>KKK<\/h2>\n<p><p><b>1.Mis on kahe piluga anodeeritud alumiiniumist T-poolne pressprofiil? <\/b><\/p>\n<p> Tegemist on alumiiniumprofiiliga, millel on kaks T-pesa modulaarse ehituse jaoks, mis pakub tugevat struktuuri ja paindlikkust tootmisliinide seadistamisel.<br \/>\n<\/p><br \/>\n<br \/>\n<p><b>2.Miks valida anodeeritud alumiinium T-poolsete profiilide jaoks? <\/b><\/p>\n<p> Anodeeritud alumiinium tagab suurep\u00e4rase korrosioonikindluse, parema pinnakareduse ja professionaalse v\u00e4limuse.<br \/>\n<\/p><br \/>\n<br \/>\n<p><b>3.Millised on kahest pilust koosneva konstruktsiooni eelised tootmiskeskkonnas? <\/b><\/p>\n<p> Kahepoolne konstruktsioon v\u00f5imaldab kahepoolset montaa\u017ei, mis lihtsustab komponentide paigaldamist ja multifunktsionaalsete struktuuride loomist.<br \/>\n<\/p><br \/>\n<br \/>\n<p><b>4.Kas see T-pesa ekstrusioon sobib automatiseerimiss\u00fcsteemidele? <\/b><\/p>\n<p> Jah, seda kasutatakse laialdaselt automatiseeritud tootmisliinidel masinate raamide, konveierite ja t\u00f6\u00f6kohtade ehitamiseks.<br \/>\n<\/p><br \/>\n<br \/>\n<p><b>5.Kas T-pesa ekstrusiooni saab h\u00f5lpsasti kokku panna? <\/b><\/p>\n<p> Absoluutselt toetab profiil t\u00f6\u00f6riistavaba, modulaarset kokkupanekut, kasutades standardseid klambreid, liitmikke ja kinnitusvahendeid.<br \/>\n<\/p><br \/>\n<br \/>\n<p><b>6.Millised rakendused sobivad ideaalselt kahe piluga T-profiilide jaoks? <\/b><\/p>\n<p> Need sobivad ideaalselt kohandatud t\u00f6\u00f6kohtadeks, kappideks, katseseadmeteks, masinate kaitseks ja modulaarseteks t\u00f6\u00f6stusraamiteks.<br \/>\n<\/p><br \/>\n<br \/>\n<p><b>7.Kas saate kohandada ekstrusiooni pikkust ja pesa kaugust? <\/b><\/p>\n<p> Jah, me pakume kohandatud ekstrusioonipikkusi, aukude puurimist ja pilukonfiguratsioone, mis vastavad konkreetsetele projekti- ja s\u00fcsteemivajadustele.<br \/>\n<\/p><br \/><\/p>","protected":false},"featured_media":8007,"template":"","categories":[54],"class_list":["post-8008","product","type-product","status-publish","has-post-thumbnail","hentry","category-industrial-aluminum-profiles"],"meta_box":{"hilight_text_group":{"product_hilight_text":"<li>Bi-slotted T slot design enables flexible and fast assembly without welding.<\/li>\r\r\n<li>Anodized aluminum surface offers superior corrosion and wear resistance.<\/li>\r\r\n<li>Ideal for production lines, automation systems, and modular structures.<\/li>\r\r\n<li>Precision extruded for high dimensional accuracy and strength.<\/li>\r\r\n<li>Supports easy integration with standard T-slot connectors and accessories.<\/li>\r\r\n<li>Lightweight yet durable, reducing transportation and installation costs.<\/li>\r\r\n<li>Customizable lengths and profiles available to fit diverse applications.<\/li>","product_chanpin_blog":"<ul>\r\r\n<li><a href=\"https:\/\/sinoextrud.com\/t-slot-v-slot-differences\/\" target=\"_blank\">t slot vs v slot<\/a><\/li>\r\r\n<li><a href=\"https:\/\/sinoextrud.com\/what-is-4040-aluminium-extrud\/\" target=\"_blank\">4040 aluminium extrusion<\/a><\/li>\r\r\n<li><a href=\"https:\/\/sinoextrud.com\/what-is-4040-aluminium-extrud\/\" target=\"_blank\">aluminum extrusions for industrial racks<\/a><\/li>\r\r\n<li><a href=\"https:\/\/sinoextrud.com\/powder-coating-aluminium-process\/\" target=\"_blank\">powder coating aluminium<\/a><\/li>\r\r\n<li><a href=\"https:\/\/sinoextrud.com\/what-is-an-aluminium-strip-ceiling\/\" target=\"_blank\">aluminium strip ceiling<\/a><\/li>\r\r\n<li><a href=\"https:\/\/sinoextrud.com\/what-is-a-heat-sink\/\" target=\"_blank\">what is a heat sink<\/a><\/li>\r\r\n<\/ul>","product_chanpin_chanpin":"<li><a href=\"https:\/\/sinoextrud.com\/product\/custom-extruded-aluminum-shapes-sunflower-heat-sink\/\" target=\"_blank\">Custom Extruded Aluminum Shapes Sunflower Heat Sink<\/a><\/li>\r\n<li><a href=\"https:\/\/sinoextrud.com\/product\/custom-industrial-aluminum-profiles\/\" target=\"_blank\">Custom Industrial Aluminum Profiles<\/a><\/li>\r\n<li><a href=\"https:\/\/sinoextrud.com\/product\/custom-industrial-extruded-aluminum-alloy\/\" target=\"_blank\">Custom Industrial Extruded Aluminum Alloy<\/a><\/li>\r\n<li><a href=\"https:\/\/sinoextrud.com\/product\/customized-extruded-aluminum-trailer-flooring\/\" target=\"_blank\">Customized Extruded Aluminum Trailer Flooring<\/a><\/li>\r\n<li><a href=\"https:\/\/sinoextrud.com\/product\/easy-assembly-bi-slotted-production-line-anodized-aluminium-t-slot-extrusion\/\" target=\"_blank\">Easy Assembly Bi-Slotted Production Line Anodized Aluminium T Slot Extrusion<\/a><\/li>\r\n<li><a href=\"https:\/\/sinoextrud.com\/product\/customized-industrial-aluminum-profile\/\" target=\"_blank\">Customized Industrial Aluminum Profile<\/a><\/li>\r\n<li><a href=\"https:\/\/sinoextrud.com\/product\/structural-aluminium-extrusions\/\" target=\"_blank\">Structural Aluminium Extrusions<\/a><\/li>\r\n<li><a href=\"https:\/\/sinoextrud.com\/product\/powder-coated-and-anodized-aluminium-profile-for-electric-frame-motor-housing-and-aluminum-enclosure\/\" target=\"_blank\">Powder coated and Anodized aluminium profile for electric frame motor housing and aluminum enclosure<\/a><\/li>\r\n<li><a href=\"https:\/\/sinoextrud.com\/product\/customized-powder-coated-anodized-aluminium-extrusion-profile-roller-shutter-supplier\/\" target=\"_blank\">Customized Powder Coated Anodized Aluminium Extrusion Profile Roller Shutter Supplier<\/a><\/li>\r\n<li><a href=\"https:\/\/sinoextrud.com\/product\/aluminium-profile-frame-for-fly-screen\/\" target=\"_blank\">Aluminium Profile Frame For Fly Screen<\/a><\/li>\r\n<li><a href=\"https:\/\/sinoextrud.com\/product\/types-of-aluminum-profiles\/\" target=\"_blank\">Types Of Aluminum Profiles<\/a><\/li>"},"feature_list":[]},"_links":{"self":[{"href":"https:\/\/sinoextrud.com\/et\/wp-json\/wp\/v2\/product\/8008","targetHints":{"allow":["GET"]}}],"collection":[{"href":"https:\/\/sinoextrud.com\/et\/wp-json\/wp\/v2\/product"}],"about":[{"href":"https:\/\/sinoextrud.com\/et\/wp-json\/wp\/v2\/types\/product"}],"wp:featuredmedia":[{"embeddable":true,"href":"https:\/\/sinoextrud.com\/et\/wp-json\/wp\/v2\/media\/8007"}],"wp:attachment":[{"href":"https:\/\/sinoextrud.com\/et\/wp-json\/wp\/v2\/media?parent=8008"}],"wp:term":[{"taxonomy":"category","embeddable":true,"href":"https:\/\/sinoextrud.com\/et\/wp-json\/wp\/v2\/categories?post=8008"}],"curies":[{"name":"wp","href":"https:\/\/api.w.org\/{rel}","templated":true}]}}