{"id":8004,"date":"2025-06-12T02:37:09","date_gmt":"2025-06-12T02:37:09","guid":{"rendered":"https:\/\/sinoextrud.com\/product\/custom-industrial-extruded-aluminum-alloy\/"},"modified":"2025-06-24T06:22:48","modified_gmt":"2025-06-24T06:22:48","slug":"kohandatud-toostuslik-pressitud-alumiiniumisulam","status":"publish","type":"product","link":"https:\/\/sinoextrud.com\/et\/product\/custom-industrial-extruded-aluminum-alloy\/","title":{"rendered":"Kohandatud t\u00f6\u00f6stuslik ekstrudeeritud alumiiniumisulam"},"content":{"rendered":"<h2>Toodete \u00fcksikasjad<\/h2>\n<table class=\"custom-table\">\n<tbody>\n<tr>\n<td> Hinne:<\/td>\n<td> 6063 -t5<\/td>\n<\/tr>\n<tr>\n<td> Tehnika:<\/td>\n<td> Kohandatud t\u00f6\u00f6stuslik ekstrudeeritud alumiiniumisulam<\/td>\n<\/tr>\n<tr>\n<td> Temperament:<\/td>\n<td> T3 - T8<\/td>\n<\/tr>\n<tr>\n<td> T\u00f6\u00f6deldavad teenused:<\/td>\n<td> Puurimine, keermestamine, neetimine, montaa\u017e jne.<\/td>\n<\/tr>\n<tr>\n<td> Kaubam\u00e4rk:<\/td>\n<td> Sinoextrud Sinoextrud Sinoextrud <\/td>\n<\/tr>\n<tr>\n<td> T\u00fc\u00fcp:<\/td>\n<td> Kohandamine<\/td>\n<\/tr>\n<tr>\n<td> Kuju:<\/td>\n<td> Valmistatud klientide j\u00e4rgi Disain<\/td>\n<\/tr>\n<tr>\n<td> Pinnat\u00f6\u00f6tlus:<\/td>\n<td> Mill Finish Anodeeritud harjatud<\/td>\n<\/tr>\n<tr>\n<td> Pikkus:<\/td>\n<td> 1m kuni 9m pikkuse kohta<\/td>\n<\/tr>\n<tr>\n<td> V\u00e4rvid:<\/td>\n<td> H\u00f5bedane must<\/td>\n<\/tr>\n<tr>\n<td> HS-kood:<\/td>\n<td> 76042990<\/td>\n<\/tr>\n<\/tbody>\n<\/table>\n<h2>Meie tootmisbaas<\/h2>\n<h3>Tehase panoraam<\/h3>\n<p><img decoding=\"async\" src=\"\/wp-content\/uploads\/factory-01.webp\"\/><\/p>\n<h3>Alumiiniumvarraste tootmise t\u00f6\u00f6koda<\/h3>\n<p><img decoding=\"async\" src=\"\/wp-content\/uploads\/factory-02.webp\"\/><\/p>\n<p><img decoding=\"async\" src=\"\/wp-content\/uploads\/factory-03.webp\"\/><\/p>\n<h3>hallituse ladustamise ladu<\/h3>\n<p><img decoding=\"async\" src=\"\/wp-content\/uploads\/factory-04.webp\"\/><\/p>\n<h3>43 alumiiniumi ekstrusiooniliini (500-5500 tonni)<\/h3>\n<p><img decoding=\"async\" src=\"\/wp-content\/uploads\/factory-05.webp\"\/><\/p>\n<p><img decoding=\"async\" src=\"\/wp-content\/uploads\/factory-06.webp\"\/><\/p>\n<p><img decoding=\"async\" src=\"\/wp-content\/uploads\/factory-07.webp\"\/><\/p>\n<h3>Pulberv\u00e4rvimise t\u00f6\u00f6koda<\/h3>\n<p><img decoding=\"async\" src=\"\/wp-content\/uploads\/factory-09.webp\"\/><\/p>\n<h3>Anodiseerimise t\u00f6\u00f6koda<\/h3>\n<p><img decoding=\"async\" src=\"\/wp-content\/uploads\/factory-10.webp\"\/><\/p>\n<h3>S\u00fcgavt\u00f6\u00f6tlemise t\u00f6\u00f6tuba<\/h3>\n<p><img decoding=\"async\" src=\"\/wp-content\/uploads\/factory-11.webp\"\/><\/p>\n<h3>CNC-t\u00e4ppist\u00f6\u00f6tlemise t\u00f6\u00f6koda<\/h3>\n<p><img decoding=\"async\" src=\"\/wp-content\/uploads\/factory-11.5.webp\"\/><\/p>\n<h3>Valmistoodete ja ekspordi ladu<\/h3>\n<p><img decoding=\"async\" src=\"\/wp-content\/uploads\/factory-12.webp\"\/><\/p>\n<p><img decoding=\"async\" src=\"\/wp-content\/uploads\/factory-13.webp\"\/><\/p>\n<p><img decoding=\"async\" src=\"\/wp-content\/uploads\/factory-14.webp\"\/><\/p>\n<h2>KKK<\/h2>\n<p><p><b>1.Mis teeb kohandatud t\u00f6\u00f6stuslikust ekstrudeeritud alumiiniumisulamist hea valik t\u00f6\u00f6stuslikeks rakendusteks? <\/b><\/p>\n<p> Kohandatud t\u00f6\u00f6stuslik ekstrudeeritud alumiiniumisulam on tugev, kerge ja korrosioonikindel, mist\u00f5ttu sobib see ideaalselt kasutamiseks rasketes t\u00f6\u00f6stuslikes tingimustes.<br \/>\n<\/p><br \/>\n<br \/>\n<p><b>2.Kas kohandatud t\u00f6\u00f6stuslik ekstrudeeritud alumiiniumisulamit saab kohandada konkreetsete vajaduste jaoks? <\/b><\/p>\n<p> Jah, seda saab ekstrudeerida vastavalt eri rakenduste spetsiifilistele disaini- ja toimivusn\u00f5uetele.<br \/>\n<\/p><br \/>\n<br \/>\n<p><b>3.How vastupidav on kohandatud t\u00f6\u00f6stuslik ekstrudeeritud alumiiniumisulam? <\/b><\/p>\n<p> See on v\u00e4ga vastupidav t\u00e4nu oma korrosioonikindlusele, mist\u00f5ttu sobib see pikaajaliseks kasutamiseks karmides tingimustes.<br \/>\n<\/p><br \/>\n<br \/>\n<p><b>4.Millised t\u00f6\u00f6stusharud kasutavad kohandatud t\u00f6\u00f6stuslikku ekstrudeeritud alumiiniumisulamit? <\/b><\/p>\n<p> Seda kasutatakse sellistes t\u00f6\u00f6stusharudes nagu autot\u00f6\u00f6stus, ehitus, tootmine ja masinad, kus tugevus ja kergus on olulised.<br \/>\n<\/p><br \/>\n<br \/>\n<p><b>5.Kas kohandatud t\u00f6\u00f6stuslik ekstrudeeritud alumiiniumisulamit on lihtne t\u00f6\u00f6delda? <\/b><\/p>\n<p> Jah, seda on lihtne valmistada ja t\u00f6\u00f6delda, mis aitab v\u00e4hendada tootmiskulusid ja -aega.<br \/>\n<\/p><br \/>\n<br \/>\n<p><b>6.Kas kohandatud t\u00f6\u00f6stuslik ekstrudeeritud alumiiniumisulam on keskkonnas\u00f5bralik? <\/b><\/p>\n<p> Jah, see on t\u00e4ielikult ringlussev\u00f5etav, mis teeb sellest j\u00e4tkusuutliku valiku t\u00f6\u00f6stuslike rakenduste jaoks.<br \/>\n<\/p><br \/>\n<br \/>\n<p><b>7. kuidas Custom Industrial ekstrudeeritud alumiiniumisulamist parandada j\u00f5udlust? <\/b><\/p>\n<p> Selle suurep\u00e4rane soojus- ja elektrijuhtivus suurendab t\u00f6\u00f6stusseadmete t\u00f5husust ja funktsionaalsust.<br \/>\n<\/p><br \/><\/p>","protected":false},"featured_media":8003,"template":"","categories":[54],"class_list":["post-8004","product","type-product","status-publish","has-post-thumbnail","hentry","category-industrial-aluminum-profiles"],"meta_box":{"hilight_text_group":{"product_hilight_text":"<ul>\r\r\n  <li>High-strength, lightweight aluminum alloy for industrial applications<\/li>\r\r\n  <li>Custom extrusions tailored to specific design and performance needs<\/li>\r\r\n  <li>Corrosion-resistant, ensuring durability in various environments<\/li>\r\r\n  <li>Excellent thermal and electrical conductivity for enhanced efficiency<\/li>\r\r\n  <li>Easy to fabricate and machine, reducing manufacturing costs<\/li>\r\r\n  <li>Recyclable and environmentally friendly material<\/li>\r\r\n  <li>Offers versatility for a wide range of industries including automotive, construction, and machinery<\/li>\r\r\n<\/ul>","product_chanpin_blog":"<ul>\r\r\n<li><a href=\"https:\/\/sinoextrud.com\/t-slot-v-slot-differences\/\" target=\"_blank\">t slot vs v slot<\/a><\/li>\r\r\n<li><a href=\"https:\/\/sinoextrud.com\/what-is-4040-aluminium-extrud\/\" target=\"_blank\">4040 aluminium extrusion<\/a><\/li>\r\r\n<li><a href=\"https:\/\/sinoextrud.com\/what-is-4040-aluminium-extrud\/\" target=\"_blank\">aluminum extrusions for industrial racks<\/a><\/li>\r\r\n<li><a href=\"https:\/\/sinoextrud.com\/powder-coating-aluminium-process\/\" target=\"_blank\">powder coating aluminium<\/a><\/li>\r\r\n<li><a href=\"https:\/\/sinoextrud.com\/what-is-an-aluminium-strip-ceiling\/\" target=\"_blank\">aluminium strip ceiling<\/a><\/li>\r\r\n<li><a href=\"https:\/\/sinoextrud.com\/what-is-a-heat-sink\/\" target=\"_blank\">what is a heat sink<\/a><\/li>\r\r\n<\/ul>","product_chanpin_chanpin":"<li><a href=\"https:\/\/sinoextrud.com\/product\/custom-decorative-hollow-alloy-rectangular-square-aluminum-tube-sizes\/\" target=\"_blank\">Custom Decorative Hollow Alloy Rectangular Square Aluminum Tube Sizes<\/a><\/li>\r\n<li><a href=\"https:\/\/sinoextrud.com\/product\/custom-extra-large-industrial-equipment-aluminum-profile\/\" target=\"_blank\">Custom Extra Large Industrial Equipment Aluminum Profile<\/a><\/li>\r\n<li><a href=\"https:\/\/sinoextrud.com\/product\/custom-extruded-aluminum-shapes-sunflower-heat-sink\/\" target=\"_blank\">Custom Extruded Aluminum Shapes Sunflower Heat Sink<\/a><\/li>\r\n<li><a href=\"https:\/\/sinoextrud.com\/product\/custom-industrial-aluminum-profiles\/\" target=\"_blank\">Custom Industrial Aluminum Profiles<\/a><\/li>\r\n<li><a href=\"https:\/\/sinoextrud.com\/product\/custom-industrial-extruded-aluminum-alloy\/\" target=\"_blank\">Custom Industrial Extruded Aluminum Alloy<\/a><\/li>\r\n<li><a href=\"https:\/\/sinoextrud.com\/product\/customized-extruded-aluminum-trailer-flooring\/\" target=\"_blank\">Customized Extruded Aluminum Trailer Flooring<\/a><\/li>\r\n<li><a href=\"https:\/\/sinoextrud.com\/product\/easy-assembly-bi-slotted-production-line-anodized-aluminium-t-slot-extrusion\/\" target=\"_blank\">Easy Assembly Bi-Slotted Production Line Anodized Aluminium T Slot Extrusion<\/a><\/li>\r\n<li><a href=\"https:\/\/sinoextrud.com\/product\/customized-industrial-aluminum-profile\/\" target=\"_blank\">Customized Industrial Aluminum Profile<\/a><\/li>\r\n<li><a href=\"https:\/\/sinoextrud.com\/product\/structural-aluminium-extrusions\/\" target=\"_blank\">Structural Aluminium Extrusions<\/a><\/li>\r\n<li><a href=\"https:\/\/sinoextrud.com\/product\/aluminum-solar-panel-frame\/\" target=\"_blank\">Aluminum Solar Panel Frame<\/a><\/li>\r\n<li><a href=\"https:\/\/sinoextrud.com\/product\/extruded-aluminium-profiles-heat-sink\/\" target=\"_blank\">Extruded Aluminium Profiles Heat Sink<\/a><\/li>"},"feature_list":[]},"_links":{"self":[{"href":"https:\/\/sinoextrud.com\/et\/wp-json\/wp\/v2\/product\/8004","targetHints":{"allow":["GET"]}}],"collection":[{"href":"https:\/\/sinoextrud.com\/et\/wp-json\/wp\/v2\/product"}],"about":[{"href":"https:\/\/sinoextrud.com\/et\/wp-json\/wp\/v2\/types\/product"}],"wp:featuredmedia":[{"embeddable":true,"href":"https:\/\/sinoextrud.com\/et\/wp-json\/wp\/v2\/media\/8003"}],"wp:attachment":[{"href":"https:\/\/sinoextrud.com\/et\/wp-json\/wp\/v2\/media?parent=8004"}],"wp:term":[{"taxonomy":"category","embeddable":true,"href":"https:\/\/sinoextrud.com\/et\/wp-json\/wp\/v2\/categories?post=8004"}],"curies":[{"name":"wp","href":"https:\/\/api.w.org\/{rel}","templated":true}]}}