{"id":7994,"date":"2025-06-12T02:26:38","date_gmt":"2025-06-12T02:26:38","guid":{"rendered":"https:\/\/sinoextrud.com\/product\/cutting-extruded-aluminum-for-led\/"},"modified":"2025-06-24T06:22:45","modified_gmt":"2025-06-24T06:22:45","slug":"loikamine-pressitud-alumiiniumist-led","status":"publish","type":"product","link":"https:\/\/sinoextrud.com\/et\/product\/cutting-extruded-aluminum-for-led\/","title":{"rendered":"V\u00e4ljapressitud alumiiniumi l\u00f5ikamine LED-i jaoks"},"content":{"rendered":"<h2>Toodete \u00fcksikasjad<\/h2>\n<table class=\"custom-table\">\n<tr>\n<td class=\"label\">1. Toote nimi:<\/td>\n<td> LED-i jaoks pressitud alumiiniumi l\u00f5ikamine<\/td>\n<\/tr>\n<tr>\n<td class=\"label\">2. Materjal :<\/td>\n<td> Alumiiniumsulam 6063-T5<\/td>\n<\/tr>\n<tr>\n<td class=\"label\">3. Valmis:<\/td>\n<td> Rahvuslik standard anodeeritud h\u00f5bedane<\/td>\n<\/tr>\n<tr>\n<td class=\"label\">4. T\u00e4idesaatev standard:<\/td>\n<td> GB5237-2008<\/td>\n<\/tr>\n<tr>\n<td class=\"label\">5. Sertifikaadid:<\/td>\n<td> ISO9001<\/td>\n<\/tr>\n<tr>\n<td class=\"label\">6. Mudel:<\/td>\n<td> OEM\/ODM<\/td>\n<\/tr>\n<tr>\n<td class=\"label\">7. Kasutamine:<\/td>\n<td> Kuva raam, LED, p\u00e4ikesepaneel, dekoratsioon, pildiraam,<\/td>\n<\/tr>\n<\/table>\n<h2>Meie tootmisbaas<\/h2>\n<h3>Tehase panoraam<\/h3>\n<p><img decoding=\"async\" src=\"\/wp-content\/uploads\/factory-01.webp\"\/><\/p>\n<h3>Alumiiniumvarraste tootmise t\u00f6\u00f6koda<\/h3>\n<p><img decoding=\"async\" src=\"\/wp-content\/uploads\/factory-02.webp\"\/><\/p>\n<p><img decoding=\"async\" src=\"\/wp-content\/uploads\/factory-03.webp\"\/><\/p>\n<h3>hallituse ladustamise ladu<\/h3>\n<p><img decoding=\"async\" src=\"\/wp-content\/uploads\/factory-04.webp\"\/><\/p>\n<h3>43 alumiiniumi ekstrusiooniliini (500-5500 tonni)<\/h3>\n<p><img decoding=\"async\" src=\"\/wp-content\/uploads\/factory-05.webp\"\/><\/p>\n<p><img decoding=\"async\" src=\"\/wp-content\/uploads\/factory-06.webp\"\/><\/p>\n<p><img decoding=\"async\" src=\"\/wp-content\/uploads\/factory-07.webp\"\/><\/p>\n<h3>Pulberv\u00e4rvimise t\u00f6\u00f6koda<\/h3>\n<p><img decoding=\"async\" src=\"\/wp-content\/uploads\/factory-09.webp\"\/><\/p>\n<h3>Anodiseerimise t\u00f6\u00f6koda<\/h3>\n<p><img decoding=\"async\" src=\"\/wp-content\/uploads\/factory-10.webp\"\/><\/p>\n<h3>S\u00fcgavt\u00f6\u00f6tlemise t\u00f6\u00f6tuba<\/h3>\n<p><img decoding=\"async\" src=\"\/wp-content\/uploads\/factory-11.webp\"\/><\/p>\n<h3>CNC-t\u00e4ppist\u00f6\u00f6tlemise t\u00f6\u00f6koda<\/h3>\n<p><img decoding=\"async\" src=\"\/wp-content\/uploads\/factory-11.5.webp\"\/><\/p>\n<h3>Valmistoodete ja ekspordi ladu<\/h3>\n<p><img decoding=\"async\" src=\"\/wp-content\/uploads\/factory-12.webp\"\/><\/p>\n<p><img decoding=\"async\" src=\"\/wp-content\/uploads\/factory-13.webp\"\/><\/p>\n<p><img decoding=\"async\" src=\"\/wp-content\/uploads\/factory-14.webp\"\/><\/p>\n<h2>KKK<\/h2>\n<p><p><b>1. mis on eesm\u00e4rk l\u00f5igata pressitud alumiiniumi LED-rakenduste jaoks? <\/b><\/p>\n<p> Sulatatud alumiiniumi l\u00f5ikamine LED-i jaoks tagab t\u00e4pse sobivuse, mis v\u00f5imaldab puhast paigaldust ja optimaalset soojusjuhtimist valgustuss\u00fcsteemides.<br \/>\n<\/p><br \/>\n<br \/>\n<p><b>2.Miks on LED-alumiiniumprofiilide puhul oluline t\u00e4psusl\u00f5ikamine? <\/b><\/p>\n<p> T\u00e4ppisl\u00f5ikamine tagab t\u00e4psed m\u00f5\u00f5tmed, tagades alumiiniumkanalite t\u00e4iusliku joondumise LED-ribade ja arhitektuursete elementidega.<br \/>\n<\/p><br \/>\n<br \/>\n<p><b>3.Kas te saate kohandada LED-profiilide l\u00f5ikepikkust? <\/b><\/p>\n<p> Jah, me pakume alumiiniumist pressitud alumiiniumile kohandatud l\u00f5ikamisteenust, et see vastaks konkreetsele LED-paigutusele ja projekti n\u00f5uetele.<br \/>\n<\/p><br \/>\n<br \/>\n<p><b>4.Kuidas aitab alumiinium ekstrusioon LED-i soojuse hajutamisel? <\/b><\/p>\n<p> Alumiiniumprofiilid viivad soojuse t\u00f5husalt LED-ribadest eemale, parandades nende j\u00f5udlust ja pikendades nende kasutusiga.<br \/>\n<\/p><br \/>\n<br \/>\n<p><b>5.Kas l\u00f5igatud alumiinium on paigaldamiseks valmis? <\/b><\/p>\n<p> Jah, k\u00f5ik l\u00f5igatud pressitud alumiiniumprofiilid on eemaldatud ja viimistletud, et neid saaks kohe kasutada LED-valgustuse projektides.<br \/>\n<\/p><br \/>\n<br \/>\n<p><b>6. millist t\u00fc\u00fcpi LED-installatsioonides saab kasutada l\u00f5igatud alumiiniumprofiile? <\/b><\/p>\n<p> L\u00f5igatud alumiiniumprofiilid on ideaalsed lineaarse valgustuse jaoks lagedes, kapide all, vitriinides ja arhitektuurilistes aktsentides.<br \/>\n<\/p><br \/>\n<br \/>\n<p><b>7.Kas LED-i jaoks on saadaval l\u00f5igatud pressitud alumiiniumist tarvikud? <\/b><\/p>\n<p> Kindlasti pakume \u00fchilduvaid otsakuid, hajutit, kinnitusklambreid ja muid tarvikuid LED-profiilis\u00fcsteemide jaoks.<br \/>\n<\/p><br \/><\/p>","protected":false},"featured_media":7993,"template":"","categories":[54],"class_list":["post-7994","product","type-product","status-publish","has-post-thumbnail","hentry","category-industrial-aluminum-profiles"],"meta_box":{"hilight_text_group":{"product_hilight_text":"<li>Precision cutting ensures perfect fit for LED strip light installations.<\/li>\r\r\n<li>High-quality extruded aluminum provides excellent thermal conductivity.<\/li>\r\r\n<li>Customized lengths and angles available for flexible lighting designs.<\/li>\r\r\n<li>Clean edges and accurate dimensions for seamless integration.<\/li>\r\r\n<li>Enhances LED lifespan by optimizing heat dissipation.<\/li>\r\r\n<li>Ideal for architectural, commercial, and interior LED applications.<\/li>\r\r\n<li>Compatible with various LED channel covers and accessories.<\/li>","product_chanpin_blog":"<ul>\r\r\n<li><a href=\"https:\/\/sinoextrud.com\/t-slot-v-slot-differences\/\" target=\"_blank\">t slot vs v slot<\/a><\/li>\r\r\n<li><a href=\"https:\/\/sinoextrud.com\/what-is-4040-aluminium-extrud\/\" target=\"_blank\">4040 aluminium extrusion<\/a><\/li>\r\r\n<li><a href=\"https:\/\/sinoextrud.com\/what-is-4040-aluminium-extrud\/\" target=\"_blank\">aluminum extrusions for industrial racks<\/a><\/li>\r\r\n<li><a href=\"https:\/\/sinoextrud.com\/powder-coating-aluminium-process\/\" target=\"_blank\">powder coating aluminium<\/a><\/li>\r\r\n<li><a href=\"https:\/\/sinoextrud.com\/what-is-an-aluminium-strip-ceiling\/\" target=\"_blank\">aluminium strip ceiling<\/a><\/li>\r\r\n<li><a href=\"https:\/\/sinoextrud.com\/what-is-a-heat-sink\/\" target=\"_blank\">what is a heat sink<\/a><\/li>\r\r\n<\/ul>","product_chanpin_chanpin":"<li><a href=\"https:\/\/sinoextrud.com\/product\/black-extruded-aluminum-heat-sink-profiles\/\" target=\"_blank\">Black Extruded Aluminum Heat Sink Profiles<\/a><\/li>\r\n<li><a href=\"https:\/\/sinoextrud.com\/product\/cnc-machined-6063-heavy-duty-industrial-part\/\" target=\"_blank\">CNC Machined 6063 Heavy-duty Industrial Part<\/a><\/li>\r\n<li><a href=\"https:\/\/sinoextrud.com\/product\/extrusion-led-aluminum-channel\/\" target=\"_blank\">Extrusion Led Aluminum Channel<\/a><\/li>\r\n<li><a href=\"https:\/\/sinoextrud.com\/product\/hard-anodized-aluminum-profile\/\" target=\"_blank\">Hard Anodized Aluminum Profile<\/a><\/li>\r\n<li><a href=\"https:\/\/sinoextrud.com\/product\/cutting-extruded-aluminum-for-led\/\" target=\"_blank\">Cutting Extruded Aluminum For LED<\/a><\/li>\r\n<li><a href=\"https:\/\/sinoextrud.com\/product\/custom-decorative-hollow-alloy-rectangular-square-aluminum-tube-sizes\/\" target=\"_blank\">Custom Decorative Hollow Alloy Rectangular Square Aluminum Tube Sizes<\/a><\/li>\r\n<li><a href=\"https:\/\/sinoextrud.com\/product\/custom-extra-large-industrial-equipment-aluminum-profile\/\" target=\"_blank\">Custom Extra Large Industrial Equipment Aluminum Profile<\/a><\/li>\r\n<li><a href=\"https:\/\/sinoextrud.com\/product\/custom-extruded-aluminum-shapes-sunflower-heat-sink\/\" target=\"_blank\">Custom Extruded Aluminum Shapes Sunflower Heat Sink<\/a><\/li>\r\n<li><a href=\"https:\/\/sinoextrud.com\/product\/custom-industrial-aluminum-profiles\/\" target=\"_blank\">Custom Industrial Aluminum Profiles<\/a><\/li>\r\n<li><a href=\"https:\/\/sinoextrud.com\/product\/aluminium-profile-structure\/\" target=\"_blank\">Aluminium Profile Structure<\/a><\/li>\r\n<li><a href=\"https:\/\/sinoextrud.com\/product\/custom-high-quality-reinforced-aluminum-flood-planks-aluminum-flood-barrier-profiles\/\" target=\"_blank\">Custom High-quality Reinforced Aluminum Flood Planks Aluminum Flood Barrier Profiles<\/a><\/li>"},"feature_list":[]},"_links":{"self":[{"href":"https:\/\/sinoextrud.com\/et\/wp-json\/wp\/v2\/product\/7994","targetHints":{"allow":["GET"]}}],"collection":[{"href":"https:\/\/sinoextrud.com\/et\/wp-json\/wp\/v2\/product"}],"about":[{"href":"https:\/\/sinoextrud.com\/et\/wp-json\/wp\/v2\/types\/product"}],"wp:featuredmedia":[{"embeddable":true,"href":"https:\/\/sinoextrud.com\/et\/wp-json\/wp\/v2\/media\/7993"}],"wp:attachment":[{"href":"https:\/\/sinoextrud.com\/et\/wp-json\/wp\/v2\/media?parent=7994"}],"wp:term":[{"taxonomy":"category","embeddable":true,"href":"https:\/\/sinoextrud.com\/et\/wp-json\/wp\/v2\/categories?post=7994"}],"curies":[{"name":"wp","href":"https:\/\/api.w.org\/{rel}","templated":true}]}}