{"id":7986,"date":"2025-06-12T02:15:43","date_gmt":"2025-06-12T02:15:43","guid":{"rendered":"https:\/\/sinoextrud.com\/product\/black-extruded-aluminum-heat-sink-profiles\/"},"modified":"2025-06-24T06:22:45","modified_gmt":"2025-06-24T06:22:45","slug":"mustad-pressitud-alumiiniumist-jahutusprofiilid","status":"publish","type":"product","link":"https:\/\/sinoextrud.com\/et\/product\/black-extruded-aluminum-heat-sink-profiles\/","title":{"rendered":"Mustast ekstrudeeritud alumiiniumist soojuskaabitsaprofiilid"},"content":{"rendered":"<h2>Toodete \u00fcksikasjad<\/h2>\n<table class=\"custom-table\">\n<tbody>\n<tr>\n<td> Hinne:<\/td>\n<td> 6063 -t5<\/td>\n<\/tr>\n<tr>\n<td> Tehnika:<\/td>\n<td> Mustast ekstrudeeritud alumiiniumist soojuskaabitsaprofiilid<\/td>\n<\/tr>\n<tr>\n<td> Temperament:<\/td>\n<td> T3 - T8<\/td>\n<\/tr>\n<tr>\n<td> T\u00f6\u00f6deldavad teenused:<\/td>\n<td> Puurimine, keermestamine, neetimine, montaa\u017e jne.<\/td>\n<\/tr>\n<tr>\n<td> Kaubam\u00e4rk:<\/td>\n<td> Sinoextrud Sinoextrud Sinoextrud <\/td>\n<\/tr>\n<tr>\n<td> T\u00fc\u00fcp:<\/td>\n<td> Mustast ekstrudeeritud alumiiniumist soojuskaabitsaprofiilid<\/td>\n<\/tr>\n<tr>\n<td> Kuju:<\/td>\n<td> Valmistatud klientide j\u00e4rgi Disain<\/td>\n<\/tr>\n<tr>\n<td> Pinnat\u00f6\u00f6tlus:<\/td>\n<td> Mill Finish Anodeeritud harjatud<\/td>\n<\/tr>\n<tr>\n<td> Pikkus:<\/td>\n<td> 1m kuni 9m pikkuse kohta<\/td>\n<\/tr>\n<tr>\n<td> V\u00e4rvid:<\/td>\n<td> H\u00f5bedane must<\/td>\n<\/tr>\n<tr>\n<td> HS-kood:<\/td>\n<td> 76042990<\/td>\n<\/tr>\n<\/tbody>\n<\/table>\n<h2>Meie tootmisbaas<\/h2>\n<h3>Tehase panoraam<\/h3>\n<p><img decoding=\"async\" src=\"\/wp-content\/uploads\/factory-01.webp\"\/><\/p>\n<h3>Alumiiniumvarraste tootmise t\u00f6\u00f6koda<\/h3>\n<p><img decoding=\"async\" src=\"\/wp-content\/uploads\/factory-02.webp\"\/><\/p>\n<p><img decoding=\"async\" src=\"\/wp-content\/uploads\/factory-03.webp\"\/><\/p>\n<h3>hallituse ladustamise ladu<\/h3>\n<p><img decoding=\"async\" src=\"\/wp-content\/uploads\/factory-04.webp\"\/><\/p>\n<h3>43 alumiiniumi ekstrusiooniliini (500-5500 tonni)<\/h3>\n<p><img decoding=\"async\" src=\"\/wp-content\/uploads\/factory-05.webp\"\/><\/p>\n<p><img decoding=\"async\" src=\"\/wp-content\/uploads\/factory-06.webp\"\/><\/p>\n<p><img decoding=\"async\" src=\"\/wp-content\/uploads\/factory-07.webp\"\/><\/p>\n<h3>Pulberv\u00e4rvimise t\u00f6\u00f6koda<\/h3>\n<p><img decoding=\"async\" src=\"\/wp-content\/uploads\/factory-09.webp\"\/><\/p>\n<h3>Anodiseerimise t\u00f6\u00f6koda<\/h3>\n<p><img decoding=\"async\" src=\"\/wp-content\/uploads\/factory-10.webp\"\/><\/p>\n<h3>S\u00fcgavt\u00f6\u00f6tlemise t\u00f6\u00f6tuba<\/h3>\n<p><img decoding=\"async\" src=\"\/wp-content\/uploads\/factory-11.webp\"\/><\/p>\n<h3>CNC-t\u00e4ppist\u00f6\u00f6tlemise t\u00f6\u00f6koda<\/h3>\n<p><img decoding=\"async\" src=\"\/wp-content\/uploads\/factory-11.5.webp\"\/><\/p>\n<h3>Valmistoodete ja ekspordi ladu<\/h3>\n<p><img decoding=\"async\" src=\"\/wp-content\/uploads\/factory-12.webp\"\/><\/p>\n<p><img decoding=\"async\" src=\"\/wp-content\/uploads\/factory-13.webp\"\/><\/p>\n<p><img decoding=\"async\" src=\"\/wp-content\/uploads\/factory-14.webp\"\/><\/p>\n<h2>KKK<\/h2>\n<p><p><b>1.Mis teeb mustast pressitud alumiiniumist soojuskaevuprofiilid ideaalseks elektrooniliste komponentide jahutamiseks? <\/b><\/p>\n<p> Need profiilid pakuvad t\u00f5husat soojuse hajutamist, v\u00e4ltides \u00fclekuumenemist ja tagades elektroonikakomponentide optimaalse j\u00f5udluse.<br \/>\n<\/p><br \/>\n<br \/>\n<p><b>2.Can must ekstrudeeritud alumiiniumist soojuskaabitsaprofiilid on kohandatud? <\/b><\/p>\n<p> Jah, profiile saab kohandada suuruse, kuju ja kujunduse poolest, et need vastaksid eri rakenduste spetsiifilistele jahutusvajadustele.<br \/>\n<\/p><br \/>\n<br \/>\n<p><b>3.How vastupidav on must ekstrudeeritud alumiiniumist soojuskaabitsaprofiilid? <\/b><\/p>\n<p> Anodeeritud alumiiniumi korrosioonikindlad omadused tagavad, et need jahutusradiaatorid on v\u00e4ga vastupidavad ja toimivad usaldusv\u00e4\u00e4rselt pikema aja jooksul.<br \/>\n<\/p><br \/>\n<br \/>\n<p><b>4.Millised on musta ekstrudeeritud alumiiniumist soojuskaabri profiilide kasutamise eelised? <\/b><\/p>\n<p> Need pakuvad suurep\u00e4rast soojusjuhtimist, kerget konstruktsiooni ja korrosioonikindlust, mist\u00f5ttu on need ideaalsed elektroonikakomponentide jahutamiseks.<br \/>\n<\/p><br \/>\n<br \/>\n<p><b>5.Kuidas must anodeeritud viimistlus parandab musta ekstrudeeritud alumiiniumist soojuss\u00f5lme profiile? <\/b><\/p>\n<p> Must anodeeritud viimistlus parandab soojusjuhtimise t\u00f5husust, pakkudes samal ajal t\u00e4iendavat kaitset korrosiooni ja kulumise eest.<br \/>\n<\/p><br \/>\n<br \/>\n<p><b>6.Kas musta ekstrudeeritud alumiiniumist soojuskaabitsaprofiile on lihtne paigaldada? <\/b><\/p>\n<p> Jah, need profiilid on kavandatud lihtsaks paigaldamiseks, v\u00e4hendades paigaldusaega ja parandades jahutuslahenduste t\u00f5husust.<br \/>\n<\/p><br \/>\n<br \/>\n<p><b>7.Kas mustast ekstrudeeritud alumiiniumist soojuskaabitsaprofiilid on keskkonnas\u00f5bralikud? <\/b><\/p>\n<p> Jah, alumiinium on t\u00e4ielikult taaskasutatav, mist\u00f5ttu on need jahutusprofiilid keskkonnas\u00f5bralik lahendus soojusjuhtimiseks.<br \/>\n<\/p><br \/><\/p>","protected":false},"featured_media":7985,"template":"","categories":[54],"class_list":["post-7986","product","type-product","status-publish","has-post-thumbnail","hentry","category-industrial-aluminum-profiles"],"meta_box":{"hilight_text_group":{"product_hilight_text":"<ul>\r\r\n  <li>Black extruded aluminum heat sink profiles designed for efficient thermal management<\/li>\r\r\n  <li>Corrosion-resistant and durable, ensuring long-lasting performance in various environments<\/li>\r\r\n  <li>Customizable designs and sizes to meet specific cooling requirements for electronic components<\/li>\r\r\n  <li>Excellent heat dissipation properties, preventing overheating and improving system reliability<\/li>\r\r\n  <li>Lightweight yet strong, offering superior performance without adding unnecessary weight<\/li>\r\r\n  <li>Stylish black anodized finish for enhanced appearance and added protection<\/li>\r\r\n  <li>Environmentally friendly, as aluminum is 100% recyclable<\/li>\r\r\n<\/ul>","product_chanpin_blog":"<ul>\r\r\n<li><a href=\"https:\/\/sinoextrud.com\/t-slot-v-slot-differences\/\" target=\"_blank\">t slot vs v slot<\/a><\/li>\r\r\n<li><a href=\"https:\/\/sinoextrud.com\/what-is-4040-aluminium-extrud\/\" target=\"_blank\">4040 aluminium extrusion<\/a><\/li>\r\r\n<li><a href=\"https:\/\/sinoextrud.com\/what-is-4040-aluminium-extrud\/\" target=\"_blank\">aluminum extrusions for industrial racks<\/a><\/li>\r\r\n<li><a href=\"https:\/\/sinoextrud.com\/powder-coating-aluminium-process\/\" target=\"_blank\">powder coating aluminium<\/a><\/li>\r\r\n<li><a href=\"https:\/\/sinoextrud.com\/what-is-an-aluminium-strip-ceiling\/\" target=\"_blank\">aluminium strip ceiling<\/a><\/li>\r\r\n<li><a href=\"https:\/\/sinoextrud.com\/what-is-a-heat-sink\/\" target=\"_blank\">what is a heat sink<\/a><\/li>\r\r\n<\/ul>","product_chanpin_chanpin":"<li><a href=\"https:\/\/sinoextrud.com\/product\/aluminum-wall-washer-aluminum-heat-sink-profiles-wit\/\" target=\"_blank\">Aluminum Wall Washer Aluminum Heat Sink Profiles Wit<\/a><\/li>\r\n<li><a href=\"https:\/\/sinoextrud.com\/product\/aluminum-wood-grain-handrail\/\" target=\"_blank\">Aluminum Wood Grain Handrail<\/a><\/li>\r\n<li><a href=\"https:\/\/sinoextrud.com\/product\/aluminum-z-section-extrusions\/\" target=\"_blank\">Aluminum Z Section Extrusions<\/a><\/li>\r\n<li><a href=\"https:\/\/sinoextrud.com\/product\/anodized-matt-and-various-color-extruded-construction-aluminium-profile\/\" target=\"_blank\">Anodized Matt And Various Color Extruded Construction Aluminium Profile<\/a><\/li>\r\n<li><a href=\"https:\/\/sinoextrud.com\/product\/black-extruded-aluminum-heat-sink-profiles\/\" target=\"_blank\">Black Extruded Aluminum Heat Sink Profiles<\/a><\/li>\r\n<li><a href=\"https:\/\/sinoextrud.com\/product\/cnc-machined-6063-heavy-duty-industrial-part\/\" target=\"_blank\">CNC Machined 6063 Heavy-duty Industrial Part<\/a><\/li>\r\n<li><a href=\"https:\/\/sinoextrud.com\/product\/extrusion-led-aluminum-channel\/\" target=\"_blank\">Extrusion Led Aluminum Channel<\/a><\/li>\r\n<li><a href=\"https:\/\/sinoextrud.com\/product\/hard-anodized-aluminum-profile\/\" target=\"_blank\">Hard Anodized Aluminum Profile<\/a><\/li>\r\n<li><a href=\"https:\/\/sinoextrud.com\/product\/cutting-extruded-aluminum-for-led\/\" target=\"_blank\">Cutting Extruded Aluminum For LED<\/a><\/li>\r\n<li><a href=\"https:\/\/sinoextrud.com\/product\/aluminium-extrusion-wood-grain-outdoor-louver-aluminum-profile\/\" target=\"_blank\">Aluminium Extrusion Wood Grain Outdoor Louver Aluminum Profile<\/a><\/li>\r\n<li><a href=\"https:\/\/sinoextrud.com\/product\/aluminum-glass-frame-extrusion\/\" target=\"_blank\">Aluminum Glass Frame Extrusion<\/a><\/li>"},"feature_list":[]},"_links":{"self":[{"href":"https:\/\/sinoextrud.com\/et\/wp-json\/wp\/v2\/product\/7986","targetHints":{"allow":["GET"]}}],"collection":[{"href":"https:\/\/sinoextrud.com\/et\/wp-json\/wp\/v2\/product"}],"about":[{"href":"https:\/\/sinoextrud.com\/et\/wp-json\/wp\/v2\/types\/product"}],"wp:featuredmedia":[{"embeddable":true,"href":"https:\/\/sinoextrud.com\/et\/wp-json\/wp\/v2\/media\/7985"}],"wp:attachment":[{"href":"https:\/\/sinoextrud.com\/et\/wp-json\/wp\/v2\/media?parent=7986"}],"wp:term":[{"taxonomy":"category","embeddable":true,"href":"https:\/\/sinoextrud.com\/et\/wp-json\/wp\/v2\/categories?post=7986"}],"curies":[{"name":"wp","href":"https:\/\/api.w.org\/{rel}","templated":true}]}}