{"id":7978,"date":"2025-06-12T02:08:08","date_gmt":"2025-06-12T02:08:08","guid":{"rendered":"https:\/\/sinoextrud.com\/product\/aluminum-wall-washer-aluminum-heat-sink-profiles-wit\/"},"modified":"2025-06-24T06:22:42","modified_gmt":"2025-06-24T06:22:42","slug":"alumiiniumist-seina-pesumasinad-alumiiniumist-soojusalvestusprofiilid-koos","status":"publish","type":"product","link":"https:\/\/sinoextrud.com\/et\/product\/aluminum-wall-washer-aluminum-heat-sink-profiles-wit\/","title":{"rendered":"Alumiinium seina pesumasin Alumiinium soojus valamu profiilid Wit"},"content":{"rendered":"<h2>Toodete \u00fcksikasjad<\/h2>\n<table class=\"custom-table\">\n<colgroup>\n<col>\n<col><\/colgroup>\n<tbody>\n<tr>\n<td> <\/td>\n<td>Alumiinium seina pesumasin Alumiinium soojus valamu profiilid Wit<\/td>\n<\/tr>\n<tr>\n<td>Materjal<\/td>\n<td>6063-T5 v\u00f5i muu kohandatud materjal<\/td>\n<\/tr>\n<tr>\n<td>Kuju<\/td>\n<td>Kohandatud vormid<\/td>\n<\/tr>\n<tr>\n<td>Paksus<\/td>\n<td>0.7mm-10mm<\/td>\n<\/tr>\n<tr>\n<td>Suurus<\/td>\n<td>Vastavalt kliendi esitatud joonisele v\u00f5i n\u00e4idisele<\/td>\n<\/tr>\n<tr>\n<td>T\u00e4ppisl\u00f5ikamise tolerantsus<\/td>\n<td> \u22641m : \u00b10.25mm<br \/> 1m&lt; : \u22642m, \u00b10.35mm<br \/> \u22652m : \u00b10.50mm<\/td>\n<\/tr>\n<tr>\n<td>Puurimise tolerantsus<\/td>\n<td>\u00b10.15~0.20mm<\/td>\n<\/tr>\n<tr>\n<td>Tavalise l\u00f5ikamise taluvus<\/td>\n<td>\u00b110 ~ 0mm<\/td>\n<\/tr>\n<tr>\n<td>Pikkus<\/td>\n<td>Tavaliselt 1-9M, muud pikkused kokkuleppel.<\/td>\n<\/tr>\n<tr>\n<td>T\u00fc\u00fcpilised rakendused<\/td>\n<td>T\u00f6\u00f6stus, masin, elektroonika jne.<\/td>\n<\/tr>\n<tr>\n<td>Kohandatud t\u00fc\u00fcp<\/td>\n<td>Kliendi poolt esitatud joonis v\u00f5i n\u00e4idis saadaval<\/td>\n<\/tr>\n<tr>\n<td>S\u00fcgav protsess<\/td>\n<td>CNC freesimine, puurimine, augustamine, puurimine, koputades, painutamine, keevitamine jne.<\/td>\n<\/tr>\n<tr>\n<td>Br\u00e4nd<\/td>\n<td>Sinoextrud, Sinoextrud,, kohandatud kaubam\u00e4rk avalaible<\/td>\n<\/tr>\n<tr>\n<td>Pinnat\u00f6\u00f6tlus<\/td>\n<td>Valmis, anodeeritud, pulberv\u00e4rvitud jne.<\/td>\n<\/tr>\n<tr>\n<td>V\u00e4rv<\/td>\n<td>H\u00f5bedane, must jne.<\/td>\n<\/tr>\n<tr>\n<td>MOQ<\/td>\n<td>200KG<\/td>\n<\/tr>\n<tr>\n<td>Kvaliteedistandard<\/td>\n<td>Keskmine ja k\u00f5rge kvaliteeditase<\/td>\n<\/tr>\n<tr>\n<td>Sertifikaadid<\/td>\n<td>ISO9001, ISO4001, CQM, SGS, CE, BV jne.<\/td>\n<\/tr>\n<tr>\n<td>Tehase tootmisv\u00f5imsus<\/td>\n<td>3000 tonni kuus<\/td>\n<\/tr>\n<tr>\n<td>P\u00e4ritolukoht<\/td>\n<td>Guangdong,Hiina<\/td>\n<\/tr>\n<\/tbody>\n<\/table>\n<h2>Meie tootmisbaas<\/h2>\n<h3>Tehase panoraam<\/h3>\n<p><img decoding=\"async\" src=\"\/wp-content\/uploads\/factory-01.webp\"\/><\/p>\n<h3>Alumiiniumvarraste tootmise t\u00f6\u00f6koda<\/h3>\n<p><img decoding=\"async\" src=\"\/wp-content\/uploads\/factory-02.webp\"\/><\/p>\n<p><img decoding=\"async\" src=\"\/wp-content\/uploads\/factory-03.webp\"\/><\/p>\n<h3>hallituse ladustamise ladu<\/h3>\n<p><img decoding=\"async\" src=\"\/wp-content\/uploads\/factory-04.webp\"\/><\/p>\n<h3>43 alumiiniumi ekstrusiooniliini (500-5500 tonni)<\/h3>\n<p><img decoding=\"async\" src=\"\/wp-content\/uploads\/factory-05.webp\"\/><\/p>\n<p><img decoding=\"async\" src=\"\/wp-content\/uploads\/factory-06.webp\"\/><\/p>\n<p><img decoding=\"async\" src=\"\/wp-content\/uploads\/factory-07.webp\"\/><\/p>\n<h3>Pulberv\u00e4rvimise t\u00f6\u00f6koda<\/h3>\n<p><img decoding=\"async\" src=\"\/wp-content\/uploads\/factory-09.webp\"\/><\/p>\n<h3>Anodiseerimise t\u00f6\u00f6koda<\/h3>\n<p><img decoding=\"async\" src=\"\/wp-content\/uploads\/factory-10.webp\"\/><\/p>\n<h3>S\u00fcgavt\u00f6\u00f6tlemise t\u00f6\u00f6tuba<\/h3>\n<p><img decoding=\"async\" src=\"\/wp-content\/uploads\/factory-11.webp\"\/><\/p>\n<h3>CNC-t\u00e4ppist\u00f6\u00f6tlemise t\u00f6\u00f6koda<\/h3>\n<p><img decoding=\"async\" src=\"\/wp-content\/uploads\/factory-11.5.webp\"\/><\/p>\n<h3>Valmistoodete ja ekspordi ladu<\/h3>\n<p><img decoding=\"async\" src=\"\/wp-content\/uploads\/factory-12.webp\"\/><\/p>\n<p><img decoding=\"async\" src=\"\/wp-content\/uploads\/factory-13.webp\"\/><\/p>\n<p><img decoding=\"async\" src=\"\/wp-content\/uploads\/factory-14.webp\"\/><\/p>\n<h2>KKK<\/h2>\n<p><p><b>1.Milleks kasutatakse alumiiniumist seinaaluste soojusalvestusprofiile? <\/b><\/p>\n<p>Alumiiniumist seinaaluste jahutusprofiile kasutatakse valgustuss\u00fcsteemides, et t\u00f5husalt juhtida soojust ja tagada LED-valgustite optimaalne j\u00f5udlus, eriti v\u00e4lis- ja arhitektuurirakendustes.<br \/>\n<\/p><br \/>\n<br \/>\n<p><b>2.Miks eelistatakse alumiiniumist seinaaluste jahutusradiaatorite puhul? <\/b><\/p>\n<p>Alumiinium on kerge, tugev, korrosioonikindel ja suurep\u00e4rane soojusjuht, mist\u00f5ttu sobib see ideaalselt valgustuss\u00fcsteemide soojusvajaduste haldamiseks, samas on seda lihtne k\u00e4sitseda ja paigaldada.<br \/>\n<\/p><br \/>\n<br \/>\n<p><b>3.Kuidas on anodeeritud viimistlusest kasu alumiiniumist seinaaluste profiilide puhul? <\/b><\/p>\n<p>Anodeeritud viimistlus suurendab korrosioonikindlust ja vastupidavust, tagades pikaajalise toimivuse karmides tingimustes ning kaitstes profiile kulumise ja keskkonnale kokkupuute eest.<br \/>\n<\/p><br \/>\n<br \/>\n<p><b>4.Kas alumiiniumist seinapesuri soojusalvestusprofiile saab kohandada konkreetsete valgustusprojektide jaoks? <\/b><\/p>\n<p>Jah, neid profiile saab kohandada suuruse, kuju ja kujunduse poolest, et need vastaksid erinevate valgustusprojektide ja rakenduste erivajadustele.<br \/>\n<\/p><br \/>\n<br \/>\n<p><b>5.Kuidas parandab alumiiniumprofiilide kasutamine jahutusradade jaoks valgustuss\u00fcsteemide t\u00f5husust? <\/b><\/p>\n<p>T\u00f5husalt soojust hajutades takistavad alumiiniumprofiilid \u00fclekuumenemist, tagades, et valgustuss\u00fcsteemid j\u00e4\u00e4vad t\u00f5husaks ja stabiilseks ning pikendavad kasutatavate valgusdioodide eluiga.<br \/>\n<\/p><br \/>\n<br \/>\n<p><b>6.Kas alumiiniumist seinapesuriprofiilid sobivad nii sise- kui ka v\u00e4lisvalgustuseks? <\/b><\/p>\n<p>Jah, alumiiniumist seinapesuriprofiilid on kavandatud vastupidavad ja korrosioonikindlad, mist\u00f5ttu sobivad need nii sise- kui ka v\u00e4lisvalgustuse, sealhulgas arhitektuurse valgustuse jaoks.<br \/>\n<\/p><br \/>\n<br \/>\n<p><b>7.Kas alumiinium on valgustuss\u00fcsteemides kasutamiseks keskkonnas\u00f5bralik? <\/b><\/p>\n<p>Jah, alumiinium on 100% taaskasutatav, mis teeb sellest keskkonnas\u00f5braliku valiku valgustuss\u00fcsteemide jaoks, mis toetavad j\u00e4tkusuutlikkust ja aitavad kaasa keskkonnam\u00f5ju v\u00e4hendamisele.<br \/>\n<\/p><br \/><\/p>","protected":false},"featured_media":7977,"template":"","categories":[54],"class_list":["post-7978","product","type-product","status-publish","has-post-thumbnail","hentry","category-industrial-aluminum-profiles"],"meta_box":{"hilight_text_group":{"product_hilight_text":"<ul>\r\r\n  <li>Aluminum wall washer profiles with integrated heat sinks provide efficient cooling and improved thermal management for outdoor and indoor lighting systems.<\/li>\r\r\n  <li>Corrosion-resistant anodized aluminum ensures long-lasting performance, even in harsh weather conditions or high-humidity environments.<\/li>\r\r\n  <li>Lightweight yet durable, these profiles offer excellent structural integrity while ensuring easy handling and installation.<\/li>\r\r\n  <li>Customizable sizes and designs, allowing flexibility for different lighting applications and seamless integration into various architectural projects.<\/li>\r\r\n  <li>Energy-efficient cooling design helps prevent overheating, enhancing the performance and lifespan of wall washer lighting systems.<\/li>\r\r\n  <li>Eco-friendly and recyclable, supporting sustainable lighting solutions while minimizing environmental impact.<\/li>\r\r\n  <li>Ideal for both residential and commercial applications, providing powerful, uniform lighting effects for architectural facades, gardens, and outdoor spaces.<\/li>\r\r\n<\/ul>","product_chanpin_blog":"<ul>\r\r\n<li><a href=\"https:\/\/sinoextrud.com\/t-slot-v-slot-differences\/\" target=\"_blank\">t slot vs v slot<\/a><\/li>\r\r\n<li><a href=\"https:\/\/sinoextrud.com\/what-is-4040-aluminium-extrud\/\" target=\"_blank\">4040 aluminium extrusion<\/a><\/li>\r\r\n<li><a href=\"https:\/\/sinoextrud.com\/what-is-4040-aluminium-extrud\/\" target=\"_blank\">aluminum extrusions for industrial racks<\/a><\/li>\r\r\n<li><a href=\"https:\/\/sinoextrud.com\/powder-coating-aluminium-process\/\" target=\"_blank\">powder coating aluminium<\/a><\/li>\r\r\n<li><a href=\"https:\/\/sinoextrud.com\/what-is-an-aluminium-strip-ceiling\/\" target=\"_blank\">aluminium strip ceiling<\/a><\/li>\r\r\n<li><a href=\"https:\/\/sinoextrud.com\/what-is-a-heat-sink\/\" target=\"_blank\">what is a heat sink<\/a><\/li>\r\r\n<\/ul>","product_chanpin_chanpin":"<li><a href=\"https:\/\/sinoextrud.com\/product\/aluminum-profile-t-slot-led-frame\/\" target=\"_blank\">Aluminum Profile T Slot Led Frame<\/a><\/li>\r\n<li><a href=\"https:\/\/sinoextrud.com\/product\/aluminum-profile-t-slot\/\" target=\"_blank\">Aluminum Profile T Slot<\/a><\/li>\r\n<li><a href=\"https:\/\/sinoextrud.com\/product\/aluminum-profiles-led-strip-lighting\/\" target=\"_blank\">Aluminum Profiles Led Strip Lighting<\/a><\/li>\r\n<li><a href=\"https:\/\/sinoextrud.com\/product\/aluminum-shutter-profile\/\" target=\"_blank\">Aluminum Shutter Profile<\/a><\/li>\r\n<li><a href=\"https:\/\/sinoextrud.com\/product\/aluminum-wall-washer-aluminum-heat-sink-profiles-wit\/\" target=\"_blank\">Aluminum Wall Washer Aluminum Heat Sink Profiles Wit<\/a><\/li>\r\n<li><a href=\"https:\/\/sinoextrud.com\/product\/aluminum-wood-grain-handrail\/\" target=\"_blank\">Aluminum Wood Grain Handrail<\/a><\/li>\r\n<li><a href=\"https:\/\/sinoextrud.com\/product\/aluminum-z-section-extrusions\/\" target=\"_blank\">Aluminum Z Section Extrusions<\/a><\/li>\r\n<li><a href=\"https:\/\/sinoextrud.com\/product\/anodized-matt-and-various-color-extruded-construction-aluminium-profile\/\" target=\"_blank\">Anodized Matt And Various Color Extruded Construction Aluminium Profile<\/a><\/li>\r\n<li><a href=\"https:\/\/sinoextrud.com\/product\/black-extruded-aluminum-heat-sink-profiles\/\" target=\"_blank\">Black Extruded Aluminum Heat Sink Profiles<\/a><\/li>\r\n<li><a href=\"https:\/\/sinoextrud.com\/product\/customized-aluminium-heavy-duty-door-hinge\/\" target=\"_blank\">Customized Aluminium Heavy Duty Door Hinge<\/a><\/li>\r\n<li><a href=\"https:\/\/sinoextrud.com\/product\/10-series-golden-aluminum-extrusion-profiles\/\" target=\"_blank\">10 Series Golden Aluminum Extrusion Profiles<\/a><\/li>"},"feature_list":[]},"_links":{"self":[{"href":"https:\/\/sinoextrud.com\/et\/wp-json\/wp\/v2\/product\/7978","targetHints":{"allow":["GET"]}}],"collection":[{"href":"https:\/\/sinoextrud.com\/et\/wp-json\/wp\/v2\/product"}],"about":[{"href":"https:\/\/sinoextrud.com\/et\/wp-json\/wp\/v2\/types\/product"}],"wp:featuredmedia":[{"embeddable":true,"href":"https:\/\/sinoextrud.com\/et\/wp-json\/wp\/v2\/media\/7977"}],"wp:attachment":[{"href":"https:\/\/sinoextrud.com\/et\/wp-json\/wp\/v2\/media?parent=7978"}],"wp:term":[{"taxonomy":"category","embeddable":true,"href":"https:\/\/sinoextrud.com\/et\/wp-json\/wp\/v2\/categories?post=7978"}],"curies":[{"name":"wp","href":"https:\/\/api.w.org\/{rel}","templated":true}]}}