{"id":7968,"date":"2025-06-12T01:59:30","date_gmt":"2025-06-12T01:59:30","guid":{"rendered":"https:\/\/sinoextrud.com\/product\/aluminum-profile-system\/"},"modified":"2025-06-24T06:14:53","modified_gmt":"2025-06-24T06:14:53","slug":"alumiiniumprofiilide-susteem","status":"publish","type":"product","link":"https:\/\/sinoextrud.com\/et\/product\/aluminum-profile-system\/","title":{"rendered":"Alumiiniumprofiilide s\u00fcsteem"},"content":{"rendered":"<h2>Toodete \u00fcksikasjad<\/h2>\n<table class=\"custom-table\">\n<tr>\n<td class=\"label\">1. Materjal<\/td>\n<td>Alumiiniumsulam; 6063, 6061, 6005, T5, T6,<\/td>\n<\/tr>\n<tr>\n<td class=\"label\">2. Sektsiooni kuju<\/td>\n<td>I, U, T, C, Z, L, H, ruudukujuline, \u00fcmmargune, lame, \u00f5\u00f5nes, t-ava ja muud keerulised vormid tellimust\u00f6\u00f6na.<\/td>\n<\/tr>\n<tr>\n<td class=\"label\">3. Pinna t\u00f6\u00f6tlemine<\/td>\n<td>Veski \/ Eternaat (oks\u00fcdeerimine) \/ pulberkate<\/td>\n<\/tr>\n<tr>\n<td class=\"label\">4. Taotlus<\/td>\n<td>1) - p\u00e4ikesepaneelide raamide, p\u00e4ikesepaneelide paigaldamise \/ katuse kronsteinide jaoks<br \/>\n2) - t\u00f6\u00f6stuse koosteliinide seadmete jaoks.<br \/>\n3) - jahutusradade jaoks<br \/>\n4) - LED-valgustuse jaoks<br \/>\n5) - muud kohandatud disaini suuruse ja m\u00f5\u00f5tmete j\u00e4rgi<\/td>\n<\/tr>\n<tr>\n<td class=\"label\">5. Tootmisliinid<\/td>\n<td>1) 43 komplekti ekstrudeerivaid tootmisliine (alates 500 tonnist kuni 5500 tonnini ja vastavad erinevatele kliendi n\u00f5udmistele)<br \/>\n2) 10 komplekti anodeerimise tootmisliinid<br \/>\n3) 2 komplekti pulberv\u00e4rvimise tootmisliinid<br \/>\n4) 1 komplekt puidust teravilja tootmisliinid<br \/>\n5) 4 komplekti t\u00e4ppisl\u00f5ikamismasinaid<br \/>\n6) 5 komplekti cnc masinaid<br \/>\n7) 5 komplekti koputamismasinaid ja 3 komplekti freesmasinaid<\/td>\n<\/tr>\n<tr>\n<td class=\"label\">6. Iseloomulikud teenused<\/td>\n<td>1). OEM-teenus.<br \/>\n2). Projekteerimine vastavalt klientide n\u00f5uetele.<br \/>\n3). rohkem kui 10-aastane t\u00f6\u00f6kogemus teadustegevuses, tootmises<br \/>\n4). Meie kaasaegne s\u00fcgavt\u00f6\u00f6tlemiskeskus v\u00f5ib pakkuda mehaanilist t\u00f6\u00f6tlemist, nagu l\u00f5ikamine, augustamine, puurimine jne.<\/td>\n<\/tr>\n<tr>\n<td class=\"label\">7. Kvaliteedikontroll<\/td>\n<td>Meil on k\u00f5ige rangem kvaliteedikontrollis\u00fcsteem, tuvastamine toimub materjalist, tootmisprotsessist kuni l\u00f5pptooteni ning tagab toote kvaliteedi ja j\u00e4lgitavuse.<\/td>\n<\/tr>\n<tr>\n<td class=\"label\">8.Process<\/td>\n<td>Vormiku projekteerimine\u2192Vormide valmistamine\u2192Sulatus ja legeerimine\u2192QC\u2192Extrudeerimine\u2192L\u00f5ikamine\u2192Temperatuuriline t\u00f6\u00f6tlemine\u2192QC\u2192Pindade t\u00f6\u00f6tlemine\u2192QC\u2192Hitsaamine\u2192Pakendamine\u2192QC\u2192Vedu\u2192Vedu\u2192M\u00fc\u00fcgij\u00e4rgne teenindus<\/td>\n<\/tr>\n<tr>\n<td class=\"label\">9.Standard<\/td>\n<td>GB6082-2008<\/td>\n<\/tr>\n<tr>\n<td class=\"label\">10.Maksmine<\/td>\n<td>T\/T: 30% tagatisraha, j\u00e4\u00e4k makstakse enne saatmist<\/td>\n<\/tr>\n<tr>\n<td class=\"label\">11:<\/td>\n<td>Sisemine : individuaalselt ep-kilega \u00fcmbritsetud.<br \/>\nV\u00e4ljaspool: pakendatud kilekotti v\u00f5i kartongidesse, puust kastidesse. Samuti v\u00f5ime pakendada kaupu vastavalt teie soovile.<\/td>\n<\/tr>\n<tr>\n<td class=\"label\">12.Juhtimisaeg<\/td>\n<td>Survet\u00f6\u00f6tlus ja proovide testimine: 7-10 t\u00f6\u00f6p\u00e4eva.<\/td>\n<\/tr>\n<\/table>\n<h2>Meie tootmisbaas<\/h2>\n<h3>Tehase panoraam<\/h3>\n<p><img decoding=\"async\" src=\"\/wp-content\/uploads\/factory-01.webp\"\/><\/p>\n<h3>Alumiiniumvarraste tootmise t\u00f6\u00f6koda<\/h3>\n<p><img decoding=\"async\" src=\"\/wp-content\/uploads\/factory-02.webp\"\/><\/p>\n<\/p>\n<p><img decoding=\"async\" src=\"\/wp-content\/uploads\/factory-03.webp\"\/><\/p>\n<h3>hallituse ladustamise ladu<\/h3>\n<p><img decoding=\"async\" src=\"\/wp-content\/uploads\/factory-04.webp\"\/><\/p>\n<h3>43 alumiiniumi ekstrusiooniliini (500-5500 tonni)<\/h3>\n<p><img decoding=\"async\" src=\"\/wp-content\/uploads\/factory-05.webp\"\/><\/p>\n<p><img decoding=\"async\" src=\"\/wp-content\/uploads\/factory-06.webp\"\/><\/p>\n<p><img decoding=\"async\" src=\"\/wp-content\/uploads\/factory-07.webp\"\/><\/p>\n<h3>Pulberv\u00e4rvimise t\u00f6\u00f6koda<\/h3>\n<p><img decoding=\"async\" src=\"\/wp-content\/uploads\/factory-09.webp\"\/><\/p>\n<h3>Anodiseerimise t\u00f6\u00f6koda<\/h3>\n<p><img decoding=\"async\" src=\"\/wp-content\/uploads\/factory-10.webp\"\/><\/p>\n<h3>S\u00fcgavt\u00f6\u00f6tlemise t\u00f6\u00f6tuba<\/h3>\n<p><img decoding=\"async\" src=\"\/wp-content\/uploads\/factory-11.webp\"\/><\/p>\n<h3>CNC-t\u00e4ppist\u00f6\u00f6tlemise t\u00f6\u00f6koda<\/h3>\n<p><img decoding=\"async\" src=\"\/wp-content\/uploads\/factory-11.5.webp\"\/><\/p>\n<h3>Valmistoodete ja ekspordi ladu<\/h3>\n<p><img decoding=\"async\" src=\"\/wp-content\/uploads\/factory-12.webp\"\/><\/p>\n<p><img decoding=\"async\" src=\"\/wp-content\/uploads\/factory-13.webp\"\/><\/p>\n<p><img decoding=\"async\" src=\"\/wp-content\/uploads\/factory-14.webp\"\/><\/p>\n<h2>KKK<\/h2>\n<p><b>1.Milleks kasutatakse alumiiniumprofiilis\u00fcsteemi?<\/b><\/p>\n<p>Alumiiniumprofiilide s\u00fcsteemi kasutatakse kohandatud raamide, kappide ja konstruktsioonide loomiseks, pakkudes paindlikkust ja tugevust t\u00f6\u00f6stus-, kaubandus- ja DIY-rakenduste jaoks.\n<\/p>\n<p><\/p>\n<p><b>2.Miks kasutatakse alumiiniumi nende profiilis\u00fcsteemide jaoks?<\/b><\/p>\n<p>Alumiinium on kerge, vastupidav ja korrosioonikindel, mist\u00f5ttu on see ideaalne materjal tugevate ja kauakestvate konstruktsioonide loomiseks erinevates t\u00f6\u00f6stusharudes.\n<\/p>\n<p><\/p>\n<p><b>3.Kuidas on alumiiniumprofiilide s\u00fcsteemile kasulik T-avadega konstruktsioon?<\/b><\/p>\n<p>T-pesade konstruktsioon v\u00f5imaldab lihtsat kokkupanekut, lahtiv\u00f5tmist ja muutmist, v\u00f5imaldades kiireid kohandusi ja \u00fcmberkonfiguratsioone projektides.\n<\/p>\n<p><\/p>\n<p><b>4.Kas alumiiniumprofiilide s\u00fcsteemi saab kohandada?<\/b><\/p>\n<p>Jah, alumiiniumprofiilide s\u00fcsteem on v\u00e4ga h\u00e4sti kohandatav, v\u00f5imaldades luua unikaalseid konstruktsioone, mis on kohandatud konkreetsetele projektin\u00f5uetele.\n<\/p>\n<p><\/p>\n<p><b>5.Millised t\u00f6\u00f6stusharud kasutavad alumiiniumprofiilis\u00fcsteeme?<\/b><\/p>\n<p>Sellised t\u00f6\u00f6stusharud nagu t\u00f6\u00f6tlev t\u00f6\u00f6stus, autot\u00f6\u00f6stus, elektroonika ja ehitus kasutavad alumiiniumprofiilis\u00fcsteeme nende mitmek\u00fclgsuse, tugevuse ja paindlikkuse t\u00f5ttu.\n<\/p>\n<p><\/p>\n<p><b>6.Kui kaua kestab alumiiniumprofiilis\u00fcsteem?<\/b><\/p>\n<p>T\u00e4nu vastupidavale alumiiniummaterjalile ja korrosioonikindlatele omadustele pakub alumiiniumprofiilis\u00fcsteem pikaajalist toimivust isegi n\u00f5udlikes keskkondades.\n<\/p>\n<p><\/p>\n<p><b>7.Kas alumiiniumprofiilis\u00fcsteemi on lihtne paigaldada?<\/b><\/p>\n<p>Jah, alumiiniumprofiilide s\u00fcsteem on m\u00f5eldud lihtsaks paigaldamiseks, mille jaoks on vaja minimaalselt t\u00f6\u00f6riistu, mis s\u00e4\u00e4stab aega ja v\u00e4hendab t\u00f6\u00f6j\u00f5ukulusid projektides.\n<\/p>\n<p><\/p>","protected":false},"featured_media":7967,"template":"","categories":[54],"class_list":["post-7968","product","type-product","status-publish","has-post-thumbnail","hentry","category-industrial-aluminum-profiles"],"meta_box":{"hilight_text_group":{"product_hilight_text":"<li>Aluminum Profile System offers flexibility in design, enabling the creation of custom structures and solutions.<\/li>\r\r\n<li>Durable and lightweight aluminum material ensures strength without adding excess weight.<\/li>\r\r\n<li>Corrosion-resistant, making it suitable for both indoor and outdoor applications in various environments.<\/li>\r\r\n<li>Easy to assemble with T-slot design, reducing installation time and increasing project efficiency.<\/li>\r\r\n<li>Compatible with a wide range of accessories, allowing for versatile configurations and expansions.<\/li>","product_chanpin_blog":"<ul>\r\r\n<li><a href=\"https:\/\/sinoextrud.com\/t-slot-v-slot-differences\/\" target=\"_blank\">t slot vs v slot<\/a><\/li>\r\r\n<li><a href=\"https:\/\/sinoextrud.com\/what-is-4040-aluminium-extrud\/\" target=\"_blank\">4040 aluminium extrusion<\/a><\/li>\r\r\n<li><a href=\"https:\/\/sinoextrud.com\/what-is-4040-aluminium-extrud\/\" target=\"_blank\">aluminum extrusions for industrial racks<\/a><\/li>\r\r\n<li><a href=\"https:\/\/sinoextrud.com\/powder-coating-aluminium-process\/\" target=\"_blank\">powder coating aluminium<\/a><\/li>\r\r\n<li><a href=\"https:\/\/sinoextrud.com\/what-is-an-aluminium-strip-ceiling\/\" target=\"_blank\">aluminium strip ceiling<\/a><\/li>\r\r\n<li><a href=\"https:\/\/sinoextrud.com\/what-is-a-heat-sink\/\" target=\"_blank\">what is a heat sink<\/a><\/li>\r\r\n<\/ul>","product_chanpin_chanpin":"<li><a href=\"https:\/\/sinoextrud.com\/product\/aluminum-profile-for-workstation-desk\/\" target=\"_blank\">Aluminum Profile For Workstation Desk<\/a><\/li>\r\n<li><a href=\"https:\/\/sinoextrud.com\/product\/aluminum-profile-led-light-strip-bar\/\" target=\"_blank\">Aluminum Profile LED Light Strip Bar<\/a><\/li>\r\n<li><a href=\"https:\/\/sinoextrud.com\/product\/aluminum-profile-solar-panel-structure\/\" target=\"_blank\">Aluminum Profile Solar Panel Structure<\/a><\/li>\r\n<li><a href=\"https:\/\/sinoextrud.com\/product\/aluminum-profile-solar\/\" target=\"_blank\">Aluminum Profile Solar<\/a><\/li>\r\n<li><a href=\"https:\/\/sinoextrud.com\/product\/aluminum-profile-system\/\" target=\"_blank\">Aluminum Profile System<\/a><\/li>\r\n<li><a href=\"https:\/\/sinoextrud.com\/product\/aluminum-profile-t-slot-led-frame\/\" target=\"_blank\">Aluminum Profile T Slot Led Frame<\/a><\/li>\r\n<li><a href=\"https:\/\/sinoextrud.com\/product\/aluminum-profile-t-slot\/\" target=\"_blank\">Aluminum Profile T Slot<\/a><\/li>\r\n<li><a href=\"https:\/\/sinoextrud.com\/product\/aluminum-profiles-led-strip-lighting\/\" target=\"_blank\">Aluminum Profiles Led Strip Lighting<\/a><\/li>\r\n<li><a href=\"https:\/\/sinoextrud.com\/product\/aluminum-shutter-profile\/\" target=\"_blank\">Aluminum Shutter Profile<\/a><\/li>\r\n<li><a href=\"https:\/\/sinoextrud.com\/product\/aluminum-shower-frame-parts\/\" target=\"_blank\">Aluminum Shower Frame Parts<\/a><\/li>\r\n<li><a href=\"https:\/\/sinoextrud.com\/product\/anodized-champagne-aluminium-color-matte-anodized-sand-blasting-6063-alloy-extrusion-profiles\/\" target=\"_blank\">Anodized Champagne aluminium color matte anodized sand blasting 6063 alloy extrusion profiles<\/a><\/li>"},"feature_list":[]},"_links":{"self":[{"href":"https:\/\/sinoextrud.com\/et\/wp-json\/wp\/v2\/product\/7968","targetHints":{"allow":["GET"]}}],"collection":[{"href":"https:\/\/sinoextrud.com\/et\/wp-json\/wp\/v2\/product"}],"about":[{"href":"https:\/\/sinoextrud.com\/et\/wp-json\/wp\/v2\/types\/product"}],"wp:featuredmedia":[{"embeddable":true,"href":"https:\/\/sinoextrud.com\/et\/wp-json\/wp\/v2\/media\/7967"}],"wp:attachment":[{"href":"https:\/\/sinoextrud.com\/et\/wp-json\/wp\/v2\/media?parent=7968"}],"wp:term":[{"taxonomy":"category","embeddable":true,"href":"https:\/\/sinoextrud.com\/et\/wp-json\/wp\/v2\/categories?post=7968"}],"curies":[{"name":"wp","href":"https:\/\/api.w.org\/{rel}","templated":true}]}}