{"id":7956,"date":"2025-06-12T01:43:58","date_gmt":"2025-06-12T01:43:58","guid":{"rendered":"https:\/\/sinoextrud.com\/product\/aluminum-profile-for-clean-room-circle-shape\/"},"modified":"2025-06-24T06:14:18","modified_gmt":"2025-06-24T06:14:18","slug":"alumiiniumprofiil-puhta-ruumi-ringikujuline","status":"publish","type":"product","link":"https:\/\/sinoextrud.com\/et\/product\/aluminum-profile-for-clean-room-circle-shape\/","title":{"rendered":"Alumiiniumprofiil puhta ruumi jaoks Circle Shape"},"content":{"rendered":"<h2>Toodete \u00fcksikasjad<\/h2>\n<table class=\"custom-table\">\n<tr>\n<td class=\"label\">Pealkiri<\/td>\n<td>Alumiiniumprofiil puhta ruumi jaoks Circle Shape<\/td>\n<\/tr>\n<\/table>\n<h2>Meie tootmisbaas<\/h2>\n<h3>Tehase panoraam<\/h3>\n<p><img decoding=\"async\" src=\"\/wp-content\/uploads\/factory-01.webp\"\/><\/p>\n<h3>Alumiiniumvarraste tootmise t\u00f6\u00f6koda<\/h3>\n<p><img decoding=\"async\" src=\"\/wp-content\/uploads\/factory-02.webp\"\/><\/p>\n<p><img decoding=\"async\" src=\"\/wp-content\/uploads\/factory-03.webp\"\/><\/p>\n<h3>hallituse ladustamise ladu<\/h3>\n<p><img decoding=\"async\" src=\"\/wp-content\/uploads\/factory-04.webp\"\/><\/p>\n<h3>43 alumiiniumi ekstrusiooniliini (500-5500 tonni)<\/h3>\n<p><img decoding=\"async\" src=\"\/wp-content\/uploads\/factory-05.webp\"\/><\/p>\n<p><img decoding=\"async\" src=\"\/wp-content\/uploads\/factory-06.webp\"\/><\/p>\n<p><img decoding=\"async\" src=\"\/wp-content\/uploads\/factory-07.webp\"\/><\/p>\n<h3>Pulberv\u00e4rvimise t\u00f6\u00f6koda<\/h3>\n<p><img decoding=\"async\" src=\"\/wp-content\/uploads\/factory-09.webp\"\/><\/p>\n<h3>Anodiseerimise t\u00f6\u00f6koda<\/h3>\n<p><img decoding=\"async\" src=\"\/wp-content\/uploads\/factory-10.webp\"\/><\/p>\n<h3>S\u00fcgavt\u00f6\u00f6tlemise t\u00f6\u00f6tuba<\/h3>\n<p><img decoding=\"async\" src=\"\/wp-content\/uploads\/factory-11.webp\"\/><\/p>\n<h3>CNC-t\u00e4ppist\u00f6\u00f6tlemise t\u00f6\u00f6koda<\/h3>\n<p><img decoding=\"async\" src=\"\/wp-content\/uploads\/factory-11.5.webp\"\/><\/p>\n<h3>Valmistoodete ja ekspordi ladu<\/h3>\n<p><img decoding=\"async\" src=\"\/wp-content\/uploads\/factory-12.webp\"\/><\/p>\n<p><img decoding=\"async\" src=\"\/wp-content\/uploads\/factory-13.webp\"\/><\/p>\n<p><img decoding=\"async\" src=\"\/wp-content\/uploads\/factory-14.webp\"\/><\/p>\n<h2>KKK<\/h2>\n<p><p><b>1.Mis on alumiiniumprofiilide eesm\u00e4rk puhaste ruumide jaoks? <\/b><\/p>\n<p> Puhaste ruumide alumiiniumprofiilid pakuvad struktuurset raamistust koos sileda, mittepoorsete pindadega, mis takistavad saastumist ja toetavad h\u00fcgieenistandardeid.<br \/>\n<\/p><br \/>\n<br \/>\n<p><b>2.Miks kasutada puhta ruumi alumiiniumprofiilide jaoks ringikujulist kuju? <\/b><\/p>\n<p> Ringikujuline kuju v\u00e4hendab nurki ja servi, kuhu v\u00f5ib koguneda tolm, parandades \u00f5huvoolu ja puhtust steriilsetes keskkondades.<br \/>\n<\/p><br \/>\n<br \/>\n<p><b>3.Kas need alumiiniumprofiilid sobivad k\u00f5rgekvaliteediliste puhaste ruumide jaoks? <\/b><\/p>\n<p> Jah, meie profiilid on valmistatud vastavalt puhtale ruumile, sealhulgas klassi 100 kuni 10000 n\u00f5uetele.<br \/>\n<\/p><br \/>\n<br \/>\n<p><b>4.Kas alumiiniumprofiilid puhaste ruumide jaoks on kohandatavad? <\/b><\/p>\n<p> Kindlasti pakume kohandatud kujundeid, pikkusi ja anodeeritud viimistlusi, et vastata konkreetsetele puhaste ruumide paigutuse ja disaini vajadustele.<br \/>\n<\/p><br \/>\n<br \/>\n<p><b>5.Millist materjali kasutatakse puhta ruumi alumiiniumprofiilides? <\/b><\/p>\n<p> Meie puhasruumiprofiilid on valmistatud \u00fclitugevast, korrosioonikindlast alumiiniumist, mis tagab pikaajalise toimimise steriilsetes tingimustes.<br \/>\n<\/p><br \/>\n<br \/>\n<p><b>6.Kuidas aitab alumiiniumist viimistlus puhtates ruumides? <\/b><\/p>\n<p> Anodeeritud v\u00f5i pulberv\u00e4rvitud viimistlus annab sileda ja vastupidava pinna, mida on lihtne puhastada ning mis on vastupidav kemikaalidele ja niiskusele.<br \/>\n<\/p><br \/>\n<br \/>\n<p><b>7.Millised puhasruumide s\u00fcsteemid sobivad nende profiilidega? <\/b><\/p>\n<p> Need profiilid sobituvad h\u00f5lpsasti puhaste ruumide laeruudustike, vaheseinte, aknaraamide ja mooduls\u00fcsteemidega.<br \/>\n<\/p><br \/><\/p>","protected":false},"featured_media":7955,"template":"","categories":[54],"class_list":["post-7956","product","type-product","status-publish","has-post-thumbnail","hentry","category-industrial-aluminum-profiles"],"meta_box":{"hilight_text_group":{"product_hilight_text":"<li>Designed specifically for clean room environments with smooth, easy-to-clean surfaces.<\/li>\r\r\n<li>Circle shape profile minimizes dust accumulation and particle retention.<\/li>\r\r\n<li>Made from high-grade aluminum for strength and corrosion resistance.<\/li>\r\r\n<li>Lightweight and easy to install in clean room construction.<\/li>\r\r\n<li>Customizable dimensions and finishes to suit project specifications.<\/li>\r\r\n<li>Supports clean room standards for hygiene and air quality control.<\/li>\r\r\n<li>Compatible with clean room wall panels, ceilings, and fixtures.<\/li>","product_chanpin_blog":"<ul>\r\r\n<li><a href=\"https:\/\/sinoextrud.com\/t-slot-v-slot-differences\/\" target=\"_blank\">t slot vs v slot<\/a><\/li>\r\r\n<li><a href=\"https:\/\/sinoextrud.com\/what-is-4040-aluminium-extrud\/\" target=\"_blank\">4040 aluminium extrusion<\/a><\/li>\r\r\n<li><a href=\"https:\/\/sinoextrud.com\/what-is-4040-aluminium-extrud\/\" target=\"_blank\">aluminum extrusions for industrial racks<\/a><\/li>\r\r\n<li><a href=\"https:\/\/sinoextrud.com\/powder-coating-aluminium-process\/\" target=\"_blank\">powder coating aluminium<\/a><\/li>\r\r\n<li><a href=\"https:\/\/sinoextrud.com\/what-is-an-aluminium-strip-ceiling\/\" target=\"_blank\">aluminium strip ceiling<\/a><\/li>\r\r\n<li><a href=\"https:\/\/sinoextrud.com\/what-is-a-heat-sink\/\" target=\"_blank\">what is a heat sink<\/a><\/li>\r\r\n<\/ul>","product_chanpin_chanpin":"<li><a href=\"https:\/\/sinoextrud.com\/product\/aluminum-extrusion-rail\/\" target=\"_blank\">Aluminum Extrusion Rail<\/a><\/li>\r\n<li><a href=\"https:\/\/sinoextrud.com\/product\/aluminum-glass-channel\/\" target=\"_blank\">Aluminum Glass Channel<\/a><\/li>\r\n<li><a href=\"https:\/\/sinoextrud.com\/product\/aluminum-heat-sink-extrusion-profiles\/\" target=\"_blank\">Aluminum Heat Sink Extrusion Profiles<\/a><\/li>\r\n<li><a href=\"https:\/\/sinoextrud.com\/product\/aluminum-industrial-profile-6082-alloy-with-precision-cnc-cutting-length-during-1-m-to-3-meter\/\" target=\"_blank\">aluminum industrial profile 6082 alloy with precision cnc cutting length during 1 m to 3 meter<\/a><\/li>\r\n<li><a href=\"https:\/\/sinoextrud.com\/product\/aluminum-profile-for-clean-room-circle-shape\/\" target=\"_blank\">Aluminum Profile For Clean Room Circle Shape<\/a><\/li>\r\n<li><a href=\"https:\/\/sinoextrud.com\/product\/aluminum-profile-for-solar-panel\/\" target=\"_blank\">Aluminum Profile For Solar Panel<\/a><\/li>\r\n<li><a href=\"https:\/\/sinoextrud.com\/product\/aluminum-profile-for-workstation-desk\/\" target=\"_blank\">Aluminum Profile For Workstation Desk<\/a><\/li>\r\n<li><a href=\"https:\/\/sinoextrud.com\/product\/aluminum-profile-led-light-strip-bar\/\" target=\"_blank\">Aluminum Profile LED Light Strip Bar<\/a><\/li>\r\n<li><a href=\"https:\/\/sinoextrud.com\/product\/aluminum-profile-solar-panel-structure\/\" target=\"_blank\">Aluminum Profile Solar Panel Structure<\/a><\/li>\r\n<li><a href=\"https:\/\/sinoextrud.com\/product\/l-aluminum-profile-for-glass-railing\/\" target=\"_blank\">L Aluminum Profile For Glass Railing<\/a><\/li>\r\n<li><a href=\"https:\/\/sinoextrud.com\/product\/new-design-kitchen-handle-aluminum-profile\/\" target=\"_blank\">New Design Kitchen Handle Aluminum Profile<\/a><\/li>"},"feature_list":[]},"_links":{"self":[{"href":"https:\/\/sinoextrud.com\/et\/wp-json\/wp\/v2\/product\/7956","targetHints":{"allow":["GET"]}}],"collection":[{"href":"https:\/\/sinoextrud.com\/et\/wp-json\/wp\/v2\/product"}],"about":[{"href":"https:\/\/sinoextrud.com\/et\/wp-json\/wp\/v2\/types\/product"}],"wp:featuredmedia":[{"embeddable":true,"href":"https:\/\/sinoextrud.com\/et\/wp-json\/wp\/v2\/media\/7955"}],"wp:attachment":[{"href":"https:\/\/sinoextrud.com\/et\/wp-json\/wp\/v2\/media?parent=7956"}],"wp:term":[{"taxonomy":"category","embeddable":true,"href":"https:\/\/sinoextrud.com\/et\/wp-json\/wp\/v2\/categories?post=7956"}],"curies":[{"name":"wp","href":"https:\/\/api.w.org\/{rel}","templated":true}]}}