{"id":7912,"date":"2025-06-11T06:53:23","date_gmt":"2025-06-11T06:53:23","guid":{"rendered":"https:\/\/sinoextrud.com\/product\/aluminium-extrusion-for-solar-panel-mounting-frame\/"},"modified":"2025-06-24T06:14:04","modified_gmt":"2025-06-24T06:14:04","slug":"paikesepaneelide-paigaldusraami-alumiiniumprofiil","status":"publish","type":"product","link":"https:\/\/sinoextrud.com\/et\/product\/aluminium-extrusion-for-solar-panel-mounting-frame\/","title":{"rendered":"Alumiiniumprofiil p\u00e4ikesepaneelide paigaldusraami jaoks"},"content":{"rendered":"<h2>Toodete \u00fcksikasjad<\/h2>\n<table class=\"custom-table\">\n<tbody>\n<tr>\n<td> Objekt:<\/td>\n<td> Alumiiniumprofiil p\u00e4ikesepaneelide paigaldusraami jaoks<\/td>\n<td> Hinne:<\/td>\n<td> 6000-seeria<\/td>\n<\/tr>\n<tr>\n<td> Temperament:<\/td>\n<td> T5<\/td>\n<td> P\u00e4ritolukoht:<\/td>\n<td> Foshan, Guangdong<\/td>\n<\/tr>\n<tr>\n<td> Kuju:<\/td>\n<td> Kohandatud<\/td>\n<td> Sulam v\u00f5i mitte:<\/td>\n<td> Sulam<\/td>\n<\/tr>\n<tr>\n<td> Materjal:<\/td>\n<td> 6063<\/td>\n<td> Br\u00e4ndi:<\/td>\n<td> Sinoextrud, Sinoextrud<\/td>\n<\/tr>\n<tr>\n<td> V\u00e4rv:<\/td>\n<td> Kohandatud Clolor<\/td>\n<td> Surfacetreatment:<\/td>\n<td> Anodeeritud, pulbriline, harjatud, liivapritsimine, puidumassid<\/td>\n<\/tr>\n<tr>\n<td> Tarneaeg:<\/td>\n<td> 25-30 p\u00e4eva<\/td>\n<td> MOQ:<\/td>\n<td> 200KG<\/td>\n<\/tr>\n<tr>\n<td> Makset\u00e4htaeg:<\/td>\n<td> 30% tagatisraha, 70% saldo enne tarnimist<\/td>\n<td> T\u00f6\u00f6tlemisteenus:<\/td>\n<td> Painutamine, keevitamine, keevitamine, stantsimine, l\u00f5ikamine<\/td>\n<\/tr>\n<tr>\n<td> Sadam:<\/td>\n<td> Guangzhou, Shenzhen, Foshan<\/td>\n<td> Garantii:<\/td>\n<td> kliendi sertifikaat, nagu BV, Soncap, ISO<\/td>\n<\/tr>\n<tr>\n<td> Taotlus:<\/td>\n<td> p\u00e4ikesepaneel<\/td>\n<td> Pikkus:<\/td>\n<td> 1-9m v\u00f5i kohandatud<\/td>\n<\/tr>\n<\/tbody>\n<\/table>\n<h2>Meie tootmisbaas<\/h2>\n<h3>Tehase panoraam<\/h3>\n<p><img decoding=\"async\" src=\"\/wp-content\/uploads\/factory-01.webp\"\/><\/p>\n<h3>Alumiiniumvarraste tootmise t\u00f6\u00f6koda<\/h3>\n<p><img decoding=\"async\" src=\"\/wp-content\/uploads\/factory-02.webp\"\/><\/p>\n<\/p>\n<p><img decoding=\"async\" src=\"\/wp-content\/uploads\/factory-03.webp\"\/><\/p>\n<h3>hallituse ladustamise ladu<\/h3>\n<p><img decoding=\"async\" src=\"\/wp-content\/uploads\/factory-04.webp\"\/><\/p>\n<h3>43 alumiiniumi ekstrusiooniliini (500-5500 tonni)<\/h3>\n<p><img decoding=\"async\" src=\"\/wp-content\/uploads\/factory-05.webp\"\/><\/p>\n<p><img decoding=\"async\" src=\"\/wp-content\/uploads\/factory-06.webp\"\/><\/p>\n<p><img decoding=\"async\" src=\"\/wp-content\/uploads\/factory-07.webp\"\/><\/p>\n<h3>Pulberv\u00e4rvimise t\u00f6\u00f6koda<\/h3>\n<p><img decoding=\"async\" src=\"\/wp-content\/uploads\/factory-09.webp\"\/><\/p>\n<h3>Anodiseerimise t\u00f6\u00f6koda<\/h3>\n<p><img decoding=\"async\" src=\"\/wp-content\/uploads\/factory-10.webp\"\/><\/p>\n<h3>S\u00fcgavt\u00f6\u00f6tlemise t\u00f6\u00f6tuba<\/h3>\n<p><img decoding=\"async\" src=\"\/wp-content\/uploads\/factory-11.webp\"\/><\/p>\n<h3>CNC-t\u00e4ppist\u00f6\u00f6tlemise t\u00f6\u00f6koda<\/h3>\n<p><img decoding=\"async\" src=\"\/wp-content\/uploads\/factory-11.5.webp\"\/><\/p>\n<h3>Valmistoodete ja ekspordi ladu<\/h3>\n<p><img decoding=\"async\" src=\"\/wp-content\/uploads\/factory-12.webp\"\/><\/p>\n<p><img decoding=\"async\" src=\"\/wp-content\/uploads\/factory-13.webp\"\/><\/p>\n<p><img decoding=\"async\" src=\"\/wp-content\/uploads\/factory-14.webp\"\/><\/p>\n<h2>KKK<\/h2>\n<p><b>1.Mis on p\u00e4ikesepaneelide paigaldusraamide alumiiniumist ekstrusioon? <\/b><\/p>\n<p> P\u00e4ikesepaneelide paigaldusraamide alumiiniumprofiil on struktuuriprofiil, mida kasutatakse p\u00e4ikesepaneelide turvaliseks toetamiseks ja joondamiseks elamu- v\u00f5i \u00e4ripaigaldistes.\n<\/p>\n<p><\/p>\n<p><b>2.Miks on alumiinium ideaalne p\u00e4ikesepaneelide paigaldusraamide jaoks? <\/b><\/p>\n<p> Alumiinium on kerge, tugev ja korrosioonikindel, mist\u00f5ttu sobib see ideaalselt pikaajaliseks kasutamiseks p\u00e4ikeseenergia v\u00e4litingimustes.\n<\/p>\n<p><\/p>\n<p><b>3.Kas alumiiniumprofiili saab kohandada erinevate p\u00e4ikesepaneelide seadistuste jaoks? <\/b><\/p>\n<p> Jah, me pakume kohandatud pikkusi, profiile ja viimistlusi, mis sobivad konkreetsete p\u00e4ikesepaneelide m\u00f5\u00f5tmete ja riiulis\u00fcsteemide jaoks.\n<\/p>\n<p><\/p>\n<p><b>4.Kas alumiiniumprofiil \u00fchildub standardse paigaldusriistvaraga? <\/b><\/p>\n<p> Kindlasti on meie p\u00e4ikeseenergia paigaldusprofiilid kavandatud integreeritavaks t\u00f6\u00f6stusstandardite kronsteinide, klambrite ja pistikutega.\n<\/p>\n<p><\/p>\n<p><b>5.Kuidas parandab alumiiniumi ekstrusioon p\u00e4ikeseenergia paigaldamist? <\/b><\/p>\n<p> See v\u00f5imaldab p\u00e4ikesepaneelide kiiret, t\u00e4pset ja vastupidavat paigaldamist, v\u00e4hendades t\u00f6\u00f6j\u00f5ukulusid ja paigaldusaega.\n<\/p>\n<p><\/p>\n<p><b>6.Kas pinna viimistlus sobib karmidesse keskkondadesse? <\/b><\/p>\n<p> Jah, anodeeritud v\u00f5i kaetud pinnakatted kaitsevad alumiiniumi korrosiooni, UV-kiirguse ja niiskuse eest v\u00e4listingimustes.\n<\/p>\n<p><\/p>\n<p><b>7.Millist t\u00fc\u00fcpi p\u00e4ikeseprojektides kasutatakse alumiiniumist pressitud raame? <\/b><\/p>\n<p> Neid raame kasutatakse katusealustes s\u00fcsteemides, maapinnale paigaldatud p\u00e4ikesefarmides ja v\u00f5rgu\u00fchenduseta seadeldistes nii elamu- kui ka \u00e4rirakendustes.\n<\/p>\n<p><\/p>","protected":false},"featured_media":7911,"template":"","categories":[54],"class_list":["post-7912","product","type-product","status-publish","has-post-thumbnail","hentry","category-industrial-aluminum-profiles"],"meta_box":{"hilight_text_group":{"product_hilight_text":"<li>High-strength aluminium extrusion ensures stable and secure solar panel mounting.<\/li>\r\r\n<li>Corrosion-resistant surface treatment for long-term outdoor durability.<\/li>\r\r\n<li>Lightweight material simplifies transport and installation.<\/li>\r\r\n<li>Customizable lengths and cross-sections to fit various solar panel systems.<\/li>\r\r\n<li>Compatible with most standard solar mounting brackets and components.<\/li>\r\r\n<li>Precision-extruded for consistent quality and easy alignment.<\/li>\r\r\n<li>Cost-effective solution for large-scale solar energy projects.<\/li>","product_chanpin_blog":"<ul>\r\r\n<li><a href=\"https:\/\/sinoextrud.com\/t-slot-v-slot-differences\/\" target=\"_blank\">t slot vs v slot<\/a><\/li>\r\r\n<li><a href=\"https:\/\/sinoextrud.com\/what-is-4040-aluminium-extrud\/\" target=\"_blank\">4040 aluminium extrusion<\/a><\/li>\r\r\n<li><a href=\"https:\/\/sinoextrud.com\/what-is-4040-aluminium-extrud\/\" target=\"_blank\">aluminum extrusions for industrial racks<\/a><\/li>\r\r\n<li><a href=\"https:\/\/sinoextrud.com\/powder-coating-aluminium-process\/\" target=\"_blank\">powder coating aluminium<\/a><\/li>\r\r\n<li><a href=\"https:\/\/sinoextrud.com\/what-is-an-aluminium-strip-ceiling\/\" target=\"_blank\">aluminium strip ceiling<\/a><\/li>\r\r\n<li><a href=\"https:\/\/sinoextrud.com\/what-is-a-heat-sink\/\" target=\"_blank\">what is a heat sink<\/a><\/li>\r\r\n<\/ul>","product_chanpin_chanpin":"<li><a href=\"https:\/\/sinoextrud.com\/product\/aluminium-6061\/\" target=\"_blank\">Aluminium 6061<\/a><\/li>\r\n<li><a href=\"https:\/\/sinoextrud.com\/product\/aluminium-c-profile\/\" target=\"_blank\">Aluminium C Profile<\/a><\/li>\r\n<li><a href=\"https:\/\/sinoextrud.com\/product\/aluminium-extrusion-caravan-profiles\/\" target=\"_blank\">Aluminium Extrusion Caravan Profiles<\/a><\/li>\r\n<li><a href=\"https:\/\/sinoextrud.com\/product\/aluminium-extrusion-fittings-for-led\/\" target=\"_blank\">Aluminium Extrusion Fittings For Led<\/a><\/li>\r\n<li><a href=\"https:\/\/sinoextrud.com\/product\/aluminium-extrusion-for-solar-panel-mounting-frame\/\" target=\"_blank\">Aluminium extrusion for solar panel mounting frame<\/a><\/li>\r\n<li><a href=\"https:\/\/sinoextrud.com\/product\/aluminium-extrusion-profile-for-led-light-strip-heat-sink\/\" target=\"_blank\">Aluminium Extrusion Profile For LED Light Strip Heat Sink<\/a><\/li>\r\n<li><a href=\"https:\/\/sinoextrud.com\/product\/aluminium-industrial-profile\/\" target=\"_blank\">Aluminium Industrial Profile<\/a><\/li>\r\n<li><a href=\"https:\/\/sinoextrud.com\/product\/aluminium-round-tube-aluminium-profile-with-series-3003-3001\/\" target=\"_blank\">Aluminium Round Tube Aluminium Profile With Series 3003 3001<\/a><\/li>\r\n<li><a href=\"https:\/\/sinoextrud.com\/product\/aluminium-slot-profile\/\" target=\"_blank\">Aluminium Slot Profile<\/a><\/li>\r\n<li><a href=\"https:\/\/sinoextrud.com\/product\/aluminum-extrusion-rail\/\" target=\"_blank\">Aluminum Extrusion Rail<\/a><\/li>\r\n<li><a href=\"https:\/\/sinoextrud.com\/product\/heavy-duty-aluminium-sliding-door-golden\/\" target=\"_blank\">Heavy Duty Aluminium Sliding Door Golden<\/a><\/li>"},"feature_list":[]},"_links":{"self":[{"href":"https:\/\/sinoextrud.com\/et\/wp-json\/wp\/v2\/product\/7912","targetHints":{"allow":["GET"]}}],"collection":[{"href":"https:\/\/sinoextrud.com\/et\/wp-json\/wp\/v2\/product"}],"about":[{"href":"https:\/\/sinoextrud.com\/et\/wp-json\/wp\/v2\/types\/product"}],"wp:featuredmedia":[{"embeddable":true,"href":"https:\/\/sinoextrud.com\/et\/wp-json\/wp\/v2\/media\/7911"}],"wp:attachment":[{"href":"https:\/\/sinoextrud.com\/et\/wp-json\/wp\/v2\/media?parent=7912"}],"wp:term":[{"taxonomy":"category","embeddable":true,"href":"https:\/\/sinoextrud.com\/et\/wp-json\/wp\/v2\/categories?post=7912"}],"curies":[{"name":"wp","href":"https:\/\/api.w.org\/{rel}","templated":true}]}}