{"id":7866,"date":"2025-06-11T03:06:57","date_gmt":"2025-06-11T03:06:57","guid":{"rendered":"https:\/\/sinoextrud.com\/product\/aluminum-extrusion-box\/"},"modified":"2025-06-24T06:13:53","modified_gmt":"2025-06-24T06:13:53","slug":"alumiiniumist-ekstrusioonikarp","status":"publish","type":"product","link":"https:\/\/sinoextrud.com\/et\/product\/aluminum-extrusion-box\/","title":{"rendered":"alumiiniumist ekstrusioonikarp"},"content":{"rendered":"<h2>Toodete \u00fcksikasjad<\/h2>\n<table class=\"custom-table\">\n<tr>\n<td class=\"label\">T\u00fc\u00fcp:<\/td>\n<td>Alumiiniumprofiilid<\/td>\n<\/tr>\n<tr>\n<td class=\"label\">Taotlus:<\/td>\n<td>Kaunistused, Soojuskaev, Transpordivahendid, Uksed ja aknad, Klaasseinad, Kardinaseinad<\/td>\n<\/tr>\n<tr>\n<td class=\"label\">Kuju:<\/td>\n<td>Ebaregulaarne<\/td>\n<\/tr>\n<tr>\n<td class=\"label\">Hinne:<\/td>\n<td>6000 seeria<\/td>\n<\/tr>\n<tr>\n<td class=\"label\">Pinnat\u00f6\u00f6tlus:<\/td>\n<td>Pulbriga katmine<\/td>\n<\/tr>\n<tr>\n<td class=\"label\">Tehnika:<\/td>\n<td>V\u00e4ljapressitud<\/td>\n<\/tr>\n<tr>\n<td class=\"label\">Sulam:<\/td>\n<td>Sulam<\/td>\n<\/tr>\n<tr>\n<td class=\"label\">Temperament:<\/td>\n<td>T3 - T8<\/td>\n<\/tr>\n<tr>\n<td class=\"label\">Pind:<\/td>\n<td>Anodize<\/td>\n<\/tr>\n<tr>\n<td class=\"label\">Pinna v\u00e4rv:<\/td>\n<td>Pulbriga katmine ,anodeeritud<\/td>\n<\/tr>\n<\/table>\n<h2>Meie tootmisbaas<\/h2>\n<h3>Tehase panoraam<\/h3>\n<p><img decoding=\"async\" src=\"\/wp-content\/uploads\/factory-01.webp\"\/><\/p>\n<h3>Alumiiniumvarraste tootmise t\u00f6\u00f6koda<\/h3>\n<p><img decoding=\"async\" src=\"\/wp-content\/uploads\/factory-02.webp\"\/><\/p>\n<p><img decoding=\"async\" src=\"\/wp-content\/uploads\/factory-03.webp\"\/><\/p>\n<h3>hallituse ladustamise ladu<\/h3>\n<p><img decoding=\"async\" src=\"\/wp-content\/uploads\/factory-04.webp\"\/><\/p>\n<h3>43 alumiiniumi ekstrusiooniliini (500-5500 tonni)<\/h3>\n<p><img decoding=\"async\" src=\"\/wp-content\/uploads\/factory-05.webp\"\/><\/p>\n<p><img decoding=\"async\" src=\"\/wp-content\/uploads\/factory-06.webp\"\/><\/p>\n<p><img decoding=\"async\" src=\"\/wp-content\/uploads\/factory-07.webp\"\/><\/p>\n<h3>Pulberv\u00e4rvimise t\u00f6\u00f6koda<\/h3>\n<p><img decoding=\"async\" src=\"\/wp-content\/uploads\/factory-09.webp\"\/><\/p>\n<h3>Anodiseerimise t\u00f6\u00f6koda<\/h3>\n<p><img decoding=\"async\" src=\"\/wp-content\/uploads\/factory-10.webp\"\/><\/p>\n<h3>S\u00fcgavt\u00f6\u00f6tlemise t\u00f6\u00f6tuba<\/h3>\n<p><img decoding=\"async\" src=\"\/wp-content\/uploads\/factory-11.webp\"\/><\/p>\n<h3>CNC-t\u00e4ppist\u00f6\u00f6tlemise t\u00f6\u00f6koda<\/h3>\n<p><img decoding=\"async\" src=\"\/wp-content\/uploads\/factory-11.5.webp\"\/><\/p>\n<h3>Valmistoodete ja ekspordi ladu<\/h3>\n<p><img decoding=\"async\" src=\"\/wp-content\/uploads\/factory-12.webp\"\/><\/p>\n<p><img decoding=\"async\" src=\"\/wp-content\/uploads\/factory-13.webp\"\/><\/p>\n<p><img decoding=\"async\" src=\"\/wp-content\/uploads\/factory-14.webp\"\/><\/p>\n<h2>KKK<\/h2>\n<p><p><b>1.Mis teeb alumiiniumist pressitud kastid sobivaks tundlike komponentide majutamiseks? <\/b><\/p>\n<p> Alumiiniumist ekstrusioonkarbid on vastupidavad, korrosioonikindlad ja kaitsevad suurep\u00e4raselt tundlikke komponente, mist\u00f5ttu on need ideaalsed t\u00f6\u00f6stuslikuks kasutamiseks.<br \/>\n<\/p><br \/>\n<br \/>\n<p><b>2.Can alumiiniumist ekstrusioonikarbid on kohandatud? <\/b><\/p>\n<p> Jah, neid saab kohandada suuruse, kuju ja disaini poolest vastavalt konkreetsetele rakendusn\u00f5uetele, tagades t\u00e4iusliku sobivuse erinevate projektide jaoks.<br \/>\n<\/p><br \/>\n<br \/>\n<p><b>3.Kui vastupidavad on alumiiniumist ekstrusioonikarbid? <\/b><\/p>\n<p> Alumiiniumist pressitud kastid on v\u00e4ga vastupidavad ja korrosioonikindlad, mis tagavad pikaealisuse ja kaitse n\u00f5udlikes keskkondades.<br \/>\n<\/p><br \/>\n<br \/>\n<p><b>4.Millised t\u00f6\u00f6stusharud saavad kasu alumiiniumist ekstrusioonikastide kasutamisest? <\/b><\/p>\n<p> Alumiiniumist ekstrusioonkarbid on laialdaselt kasutusel sellistes t\u00f6\u00f6stusharudes nagu elektroonika, autot\u00f6\u00f6stus, telekommunikatsioon ja t\u00f6\u00f6tlev t\u00f6\u00f6stus, kus on vaja usaldusv\u00e4\u00e4rset korpust.<br \/>\n<\/p><br \/>\n<br \/>\n<p><b>5.Kas alumiiniumist ekstrusioonikarpe on lihtne paigaldada? <\/b><\/p>\n<p> Jah, need kastid on m\u00f5eldud lihtsaks kokkupanekuks, mis v\u00e4hendab tootmisaega ja t\u00f6\u00f6j\u00f5ukulusid paigaldamisel.<br \/>\n<\/p><br \/>\n<br \/>\n<p><b>6.Kuidas parandab alumiiniumist ekstrusioonikarp komponentide kaitset? <\/b><\/p>\n<p> Tugev, korrosioonikindel alumiiniumkonstruktsioon tagab komponentide usaldusv\u00e4\u00e4rse kaitse ka karmides tingimustes.<br \/>\n<\/p><br \/>\n<br \/>\n<p><b>7.Kas alumiiniumist ekstrusioonikarp on keskkonnas\u00f5bralik? <\/b><\/p>\n<p> Jah, alumiinium on t\u00e4ielikult taaskasutatav materjal, mis muudab presskarbi keskkonnas\u00f5bralikuks valikuks erinevate rakenduste jaoks.<br \/>\n<\/p><br \/><\/p>","protected":false},"featured_media":7865,"template":"","categories":[54],"class_list":["post-7866","product","type-product","status-publish","has-post-thumbnail","hentry","category-industrial-aluminum-profiles"],"meta_box":{"hilight_text_group":{"product_hilight_text":"<ul>\r\r\n  <li>Durable aluminum extrusion box ideal for housing sensitive components in various industries<\/li>\r\r\n  <li>Corrosion-resistant, ensuring long-term reliability in harsh environments<\/li>\r\r\n  <li>Lightweight yet strong, offering superior protection without adding excessive weight<\/li>\r\r\n  <li>Customizable sizes and designs to meet specific project requirements<\/li>\r\r\n  <li>Efficient thermal management, helping to dissipate heat and maintain optimal temperatures<\/li>\r\r\n  <li>Easy to assemble, reducing manufacturing time and labor costs<\/li>\r\r\n  <li>Environmentally friendly, as aluminum is 100% recyclable<\/li>\r\r\n<\/ul>","product_chanpin_blog":"<ul>\r\r\n<li><a href=\"https:\/\/sinoextrud.com\/t-slot-v-slot-differences\/\" target=\"_blank\">t slot vs v slot<\/a><\/li>\r\r\n<li><a href=\"https:\/\/sinoextrud.com\/what-is-4040-aluminium-extrud\/\" target=\"_blank\">4040 aluminium extrusion<\/a><\/li>\r\r\n<li><a href=\"https:\/\/sinoextrud.com\/what-is-4040-aluminium-extrud\/\" target=\"_blank\">aluminum extrusions for industrial racks<\/a><\/li>\r\r\n<li><a href=\"https:\/\/sinoextrud.com\/powder-coating-aluminium-process\/\" target=\"_blank\">powder coating aluminium<\/a><\/li>\r\r\n<li><a href=\"https:\/\/sinoextrud.com\/what-is-an-aluminium-strip-ceiling\/\" target=\"_blank\">aluminium strip ceiling<\/a><\/li>\r\r\n<li><a href=\"https:\/\/sinoextrud.com\/what-is-a-heat-sink\/\" target=\"_blank\">what is a heat sink<\/a><\/li>\r\r\n<\/ul>","product_chanpin_chanpin":"<li><a href=\"https:\/\/sinoextrud.com\/product\/industrial-aluminium-extrusions-hollow-pipe-big-dimensions\/\" target=\"_blank\">Industrial Aluminium Extrusions Hollow Pipe Big Dimensions<\/a><\/li>\r\n<li><a href=\"https:\/\/sinoextrud.com\/product\/aluminium-profile-extrusion\/\" target=\"_blank\">Aluminium Profile Extrusion<\/a><\/li>\r\n<li><a href=\"https:\/\/sinoextrud.com\/product\/aluminium-decorative-furniture-metal-wall-trim\/\" target=\"_blank\">Aluminium Decorative Furniture Metal Wall Trim<\/a><\/li>\r\n<li><a href=\"https:\/\/sinoextrud.com\/product\/aluminium-profile-channel-factory\/\" target=\"_blank\">Aluminium Profile Channel Factory<\/a><\/li>\r\n<li><a href=\"https:\/\/sinoextrud.com\/product\/aluminum-extrusion-box\/\" target=\"_blank\">aluminum extrusion box<\/a><\/li>\r\n<li><a href=\"https:\/\/sinoextrud.com\/product\/decoration-aluminium\/\" target=\"_blank\">Decoration aluminium<\/a><\/li>\r\n<li><a href=\"https:\/\/sinoextrud.com\/product\/extruded-aluminum-heatsink-enclosure\/\" target=\"_blank\">Extruded Aluminum Heatsink Enclosure<\/a><\/li>\r\n<li><a href=\"https:\/\/sinoextrud.com\/product\/aluminum-solar-panel-frame\/\" target=\"_blank\">Aluminum Solar Panel Frame<\/a><\/li>\r\n<li><a href=\"https:\/\/sinoextrud.com\/product\/aluminum-extrusion-framing\/\" target=\"_blank\">Aluminum Extrusion Framing<\/a><\/li>\r\n<li><a href=\"https:\/\/sinoextrud.com\/product\/u-shaped-with-open-linear-ceiling-system\/\" target=\"_blank\">U-Shaped With Open Linear Ceiling System<\/a><\/li>\r\n<li><a href=\"https:\/\/sinoextrud.com\/product\/aluminium-enclosure\/\" target=\"_blank\">Aluminium Enclosure<\/a><\/li>"},"feature_list":[]},"_links":{"self":[{"href":"https:\/\/sinoextrud.com\/et\/wp-json\/wp\/v2\/product\/7866","targetHints":{"allow":["GET"]}}],"collection":[{"href":"https:\/\/sinoextrud.com\/et\/wp-json\/wp\/v2\/product"}],"about":[{"href":"https:\/\/sinoextrud.com\/et\/wp-json\/wp\/v2\/types\/product"}],"wp:featuredmedia":[{"embeddable":true,"href":"https:\/\/sinoextrud.com\/et\/wp-json\/wp\/v2\/media\/7865"}],"wp:attachment":[{"href":"https:\/\/sinoextrud.com\/et\/wp-json\/wp\/v2\/media?parent=7866"}],"wp:term":[{"taxonomy":"category","embeddable":true,"href":"https:\/\/sinoextrud.com\/et\/wp-json\/wp\/v2\/categories?post=7866"}],"curies":[{"name":"wp","href":"https:\/\/api.w.org\/{rel}","templated":true}]}}