{"id":7845,"date":"2025-06-11T02:41:28","date_gmt":"2025-06-11T02:41:28","guid":{"rendered":"https:\/\/sinoextrud.com\/product\/aluminum-cabinet-door-extrusion\/"},"modified":"2025-06-24T06:13:48","modified_gmt":"2025-06-24T06:13:48","slug":"alumiiniumist-kapi-ukse-ekstrusioon","status":"publish","type":"product","link":"https:\/\/sinoextrud.com\/et\/product\/aluminum-cabinet-door-extrusion\/","title":{"rendered":"Alumiinium kabineti ukse ekstrusioon"},"content":{"rendered":"<h2>Toodete \u00fcksikasjad<\/h2>\n<table class=\"custom-table\">\n<tbody>\n<tr>\n<td> <strong> Nimi<\/strong><\/td>\n<td>Alumiiniumprofiili k\u00e4epide Seotud tooted<\/td>\n<\/tr>\n<tr>\n<td> <strong> Materjal<\/strong><\/td>\n<td> alumiiniumsulam<\/td>\n<\/tr>\n<tr>\n<td> <strong> MaterialGrade<\/strong><\/td>\n<td> Sulam 6000 seeria<\/td>\n<\/tr>\n<tr>\n<td> <strong> Temper<\/strong><\/td>\n<td> 6063T5<\/td>\n<\/tr>\n<tr>\n<td> <strong> Kirjeldus<\/strong><\/td>\n<td> Alumiinium kabineti ukse ekstrusioon<\/td>\n<\/tr>\n<tr>\n<td> <strong> Suurus:<\/strong><\/td>\n<td> 6000mm\/3000mm, ka kohandatud saadaval<\/td>\n<\/tr>\n<tr>\n<td> <strong> SurfaceTreatment<\/strong><\/td>\n<td>  Millfinish, poleeritud, anodeerimine, pulberv\u00e4rvimine, puidur\u00f5hu v\u00e4rvimine, liivapritsimine, elektroforeesimine jne.<\/td>\n<\/tr>\n<tr>\n<td> <strong> V\u00e4rv<\/strong><\/td>\n<td> h\u00f5be, must, l\u00e4ikiv, pronks, kuld, \u0161ampanja<\/td>\n<\/tr>\n<tr>\n<td> <strong> Taotlus<\/strong><\/td>\n<td> aknad\/uksed\/vannitoa uks\/toas uks\/ruumiuks\/<br \/>brkitchencabinet\/decoraction&gt;kitchencabinet\/decoraction<\/td>\n<\/tr>\n<tr>\n<td> <strong> DeliveryDetail<\/strong><\/td>\n<td> 15-30 t\u00f6\u00f6p\u00e4eva\/ s\u00f5ltuvalt kogusest ja joonistest<\/td>\n<\/tr>\n<tr>\n<td> <strong> NewMolding<\/strong><\/td>\n<td> 3-10 p\u00e4eva\/ s\u00f5ltuvalt disainist ja joonistest<\/td>\n<\/tr>\n<tr>\n<td> <strong> Kvaliteet<\/strong><\/td>\n<td> Kvaliteet vastab rahvusvahelisele standardile.<\/td>\n<\/tr>\n<tr>\n<td> <strong> Disain<\/strong><\/td>\n<td> OEM v\u00f5i OOD on saadaval, palun saatke oma joonistus.<\/td>\n<\/tr>\n<tr>\n<td> <strong> Funktsioon<\/strong><\/td>\n<td>  K\u00f5rge korrosioonikindlus, ilmastikukindlus, kuumakindlus, leeliskindlus<\/td>\n<\/tr>\n<\/tbody>\n<\/table>\n<h2>Meie tootmisbaas<\/h2>\n<h3>Tehase panoraam<\/h3>\n<p><img decoding=\"async\" src=\"\/wp-content\/uploads\/factory-01.webp\"\/><\/p>\n<h3>Alumiiniumvarraste tootmise t\u00f6\u00f6koda<\/h3>\n<p><img decoding=\"async\" src=\"\/wp-content\/uploads\/factory-02.webp\"\/><\/p>\n<\/p>\n<p><img decoding=\"async\" src=\"\/wp-content\/uploads\/factory-03.webp\"\/><\/p>\n<h3>hallituse ladustamise ladu<\/h3>\n<p><img decoding=\"async\" src=\"\/wp-content\/uploads\/factory-04.webp\"\/><\/p>\n<h3>43 alumiiniumi ekstrusiooniliini (500-5500 tonni)<\/h3>\n<p><img decoding=\"async\" src=\"\/wp-content\/uploads\/factory-05.webp\"\/><\/p>\n<p><img decoding=\"async\" src=\"\/wp-content\/uploads\/factory-06.webp\"\/><\/p>\n<p><img decoding=\"async\" src=\"\/wp-content\/uploads\/factory-07.webp\"\/><\/p>\n<h3>Pulberv\u00e4rvimise t\u00f6\u00f6koda<\/h3>\n<p><img decoding=\"async\" src=\"\/wp-content\/uploads\/factory-09.webp\"\/><\/p>\n<h3>Anodiseerimise t\u00f6\u00f6koda<\/h3>\n<p><img decoding=\"async\" src=\"\/wp-content\/uploads\/factory-10.webp\"\/><\/p>\n<h3>S\u00fcgavt\u00f6\u00f6tlemise t\u00f6\u00f6tuba<\/h3>\n<p><img decoding=\"async\" src=\"\/wp-content\/uploads\/factory-11.webp\"\/><\/p>\n<h3>CNC-t\u00e4ppist\u00f6\u00f6tlemise t\u00f6\u00f6koda<\/h3>\n<p><img decoding=\"async\" src=\"\/wp-content\/uploads\/factory-11.5.webp\"\/><\/p>\n<h3>Valmistoodete ja ekspordi ladu<\/h3>\n<p><img decoding=\"async\" src=\"\/wp-content\/uploads\/factory-12.webp\"\/><\/p>\n<p><img decoding=\"async\" src=\"\/wp-content\/uploads\/factory-13.webp\"\/><\/p>\n<p><img decoding=\"async\" src=\"\/wp-content\/uploads\/factory-14.webp\"\/><\/p>\n<h2>KKK<\/h2>\n<p><b>1.Mis on alumiiniumkappide ukse ekstrusioon? <\/b><\/p>\n<p> Alumiiniumkappide ukse ekstrusioon on pressitud alumiiniumprofiil, mida kasutatakse kappide uste raamimiseks, pakkudes vastupidavust, esteetilisust ja toetust paneelide sisestustele.\n<\/p>\n<p><\/p>\n<p><b>2.Miks kasutada alumiiniumist ekstrusioone kapiuste jaoks? <\/b><\/p>\n<p> Alumiinium on kerge, korrosioonikindel ja stiilne, mist\u00f5ttu on see ideaalne materjal moodsate ja tiheda liiklusega kapide jaoks.\n<\/p>\n<p><\/p>\n<p><b>3.Kas alumiiniumkappide profiile saab kohandada? <\/b><\/p>\n<p> Jah, alumiiniumkappide ukseprofiile saab kohandada kuju, paksuse, pikkuse ja pinnaviimistluse poolest vastavalt konkreetsetele disainivajadustele.\n<\/p>\n<p><\/p>\n<p><b>4.Kas need profiilid sobivad niiskesse keskkonda? <\/b><\/p>\n<p> Alumiiniumi korrosioonikindlate omaduste t\u00f5ttu sobib see ideaalselt k\u00f6\u00f6kidesse, vannitubadesse ja pesuruumidesse.\n<\/p>\n<p><\/p>\n<p><b>5.Millised viimistlused on saadaval alumiiniumkappide pressprofiilidele? <\/b><\/p>\n<p> Tavalised viimistlused on anodeerimine, pulberv\u00e4rvimine, harjatud ja puidumass, mis sobivad erinevate sisekujunduste teemadega.\n<\/p>\n<p><\/p>\n<p><b>6.Kas alumiiniumist kapiprofiile on lihtne paigaldada? <\/b><\/p>\n<p> Jah, kerge konstruktsioon ja standardsed pesa konfiguratsioonid muudavad paigaldamise kiireks ja lihtsaks.\n<\/p>\n<p><\/p>\n<p><b>7.Kas alumiiniumkappide profiilid v\u00f5ivad kanda klaas- v\u00f5i puitpaneele? <\/b><\/p>\n<p> Jah, need on kavandatud nii, et need sobivad kindlalt klaasi-, puidu- v\u00f5i komposiitmaterjalidest lisade jaoks, mis v\u00f5imaldavad kohandada ukse kujundust.\n<\/p>\n<p><\/p>\n<p><b>8.Kas alumiiniumist kappide profiilid vajavad hooldust? <\/b><\/p>\n<p> Vaja on minimaalset hooldust - ainult aeg-ajalt puhastamist, et s\u00e4ilitada nende viimistlus ja j\u00f5udlus aja jooksul.\n<\/p>\n<p><\/p>","protected":false},"featured_media":7844,"template":"","categories":[67],"class_list":["post-7845","product","type-product","status-publish","has-post-thumbnail","hentry","category-architectural-aluminium-profile"],"meta_box":{"hilight_text_group":{"product_hilight_text":"<li>Durable aluminum construction offers long-lasting performance for cabinet doors.<\/li>\r\r\n<li>Lightweight profile reduces stress on hinges and simplifies installation.<\/li>\r\r\n<li>Corrosion-resistant surface ideal for kitchens, bathrooms, and humid areas.<\/li>\r\r\n<li>Modern and sleek design enhances aesthetic appeal in residential and commercial interiors.<\/li>\r\r\n<li>Customizable shapes, sizes, and finishes to match various cabinet styles.<\/li>\r\r\n<li>Compatible with glass, wood, and composite panel inserts for flexible design options.<\/li>","product_chanpin_blog":"<ul>\r\r\n<li><a href=\"https:\/\/sinoextrud.com\/t-slot-v-slot-differences\/\" target=\"_blank\">t slot vs v slot<\/a><\/li>\r\r\n<li><a href=\"https:\/\/sinoextrud.com\/what-is-4040-aluminium-extrud\/\" target=\"_blank\">4040 aluminium extrusion<\/a><\/li>\r\r\n<li><a href=\"https:\/\/sinoextrud.com\/what-is-4040-aluminium-extrud\/\" target=\"_blank\">aluminum extrusions for industrial racks<\/a><\/li>\r\r\n<li><a href=\"https:\/\/sinoextrud.com\/powder-coating-aluminium-process\/\" target=\"_blank\">powder coating aluminium<\/a><\/li>\r\r\n<li><a href=\"https:\/\/sinoextrud.com\/what-is-an-aluminium-strip-ceiling\/\" target=\"_blank\">aluminium strip ceiling<\/a><\/li>\r\r\n<li><a href=\"https:\/\/sinoextrud.com\/what-is-a-heat-sink\/\" target=\"_blank\">what is a heat sink<\/a><\/li>\r\r\n<\/ul>","product_chanpin_chanpin":"<li><a href=\"https:\/\/sinoextrud.com\/product\/aluminum-handrail-systems\/\" target=\"_blank\">Aluminum Handrail Systems<\/a><\/li>\r\n<li><a href=\"https:\/\/sinoextrud.com\/product\/curtain-aluminum-profile-extrusion-for-window\/\" target=\"_blank\">Curtain Aluminum Profile Extrusion For Window<\/a><\/li>\r\n<li><a href=\"https:\/\/sinoextrud.com\/product\/extrusion-of-aluminium-alloys-celing-aluminum-tube-wood-grain\/\" target=\"_blank\">Extrusion Of Aluminium Alloys Celing Aluminum Tube Wood Grain<\/a><\/li>\r\n<li><a href=\"https:\/\/sinoextrud.com\/product\/wardrobe-cabinet-sliding-aluminum-profile\/\" target=\"_blank\">Wardrobe Cabinet Sliding Aluminum Profile<\/a><\/li>\r\n<li><a href=\"https:\/\/sinoextrud.com\/product\/aluminum-cabinet-door-extrusion\/\" target=\"_blank\">Aluminum Cabinet Door Extrusion<\/a><\/li>\r\n<li><a href=\"https:\/\/sinoextrud.com\/product\/aluminum-structural-framing-system\/\" target=\"_blank\">Aluminum Structural Framing System<\/a><\/li>\r\n<li><a href=\"https:\/\/sinoextrud.com\/product\/standard-aluminum-shapes\/\" target=\"_blank\">Standard Aluminum Shapes<\/a><\/li>\r\n<li><a href=\"https:\/\/sinoextrud.com\/product\/aluminium-profiles-doors-windows-wood-imitation\/\" target=\"_blank\">Aluminium Profiles Doors Windows Wood Imitation<\/a><\/li>\r\n<li><a href=\"https:\/\/sinoextrud.com\/product\/extrusion-aluminum-handrails-profile-powder-coated-white\/\" target=\"_blank\">Extrusion Aluminum Handrails Profile Powder Coated White<\/a><\/li>\r\n<li><a href=\"https:\/\/sinoextrud.com\/product\/sliding-window-aluminum-window-track\/\" target=\"_blank\">Sliding Window Aluminum Window Track<\/a><\/li>\r\n<li><a href=\"https:\/\/sinoextrud.com\/product\/factory-offer-extrude-aluminium-track-profile\/\" target=\"_blank\">Factory Offer Extrude Aluminium Track Profile<\/a><\/li>"},"feature_list":[]},"_links":{"self":[{"href":"https:\/\/sinoextrud.com\/et\/wp-json\/wp\/v2\/product\/7845","targetHints":{"allow":["GET"]}}],"collection":[{"href":"https:\/\/sinoextrud.com\/et\/wp-json\/wp\/v2\/product"}],"about":[{"href":"https:\/\/sinoextrud.com\/et\/wp-json\/wp\/v2\/types\/product"}],"wp:featuredmedia":[{"embeddable":true,"href":"https:\/\/sinoextrud.com\/et\/wp-json\/wp\/v2\/media\/7844"}],"wp:attachment":[{"href":"https:\/\/sinoextrud.com\/et\/wp-json\/wp\/v2\/media?parent=7845"}],"wp:term":[{"taxonomy":"category","embeddable":true,"href":"https:\/\/sinoextrud.com\/et\/wp-json\/wp\/v2\/categories?post=7845"}],"curies":[{"name":"wp","href":"https:\/\/api.w.org\/{rel}","templated":true}]}}