{"id":7843,"date":"2025-06-11T02:39:58","date_gmt":"2025-06-11T02:39:58","guid":{"rendered":"https:\/\/sinoextrud.com\/product\/wardrobe-cabinet-sliding-aluminum-profile\/"},"modified":"2025-06-24T06:13:48","modified_gmt":"2025-06-24T06:13:48","slug":"garderoobikapp-libisev-alumiiniumprofiil","status":"publish","type":"product","link":"https:\/\/sinoextrud.com\/et\/product\/wardrobe-cabinet-sliding-aluminum-profile\/","title":{"rendered":"Garderoobikapp libisev alumiiniumprofiil"},"content":{"rendered":"<h2>Toodete \u00fcksikasjad<\/h2>\n<table class=\"custom-table\">\n<tr>\n<td class=\"label\">Materjal<\/td>\n<td>Alumiiniumsulam 6063 T5<br \/>\nGarderoobikapp libistatav alumiiniumprofiil<\/td>\n<\/tr>\n<tr>\n<td class=\"label\">Pinnat\u00f6\u00f6tlus<\/td>\n<td>Pulbriga katmine: Valge, must, jne.<br \/>\nAnodeerimine: H\u00f5be, pronks, \u0161ampanja, must, kuldne, titaan, jne.<br \/>\nElektroforees: H\u00f5be, \u0161ampanja, must, kuldne, titaan, jne.<\/td>\n<\/tr>\n<tr>\n<td class=\"label\">S\u00fcgav t\u00f6\u00f6tlemisv\u00f5ime<\/td>\n<td>Puurimine, painutamine, alumiiniumprofiilide valmistamine, t\u00e4pne l\u00f5ikamine jne.<\/td>\n<\/tr>\n<tr>\n<td class=\"label\">MOQ<\/td>\n<td>15 000 meetrit<\/td>\n<\/tr>\n<tr>\n<td class=\"label\">Pakkimine<\/td>\n<td>Iga alumiiniumprofiil on kleebitud kaitsva kilega, seej\u00e4rel 20 tk on pakitud kimpudesse, kimp on pakitud kootud kottidesse.<\/td>\n<\/tr>\n<tr>\n<td class=\"label\">Logo<\/td>\n<td>Meie logo on saadaval, me v\u00f5ime ka teie logo pakendile m\u00e4rkida.<\/td>\n<\/tr>\n<tr>\n<td class=\"label\">Maksetingimused<\/td>\n<td>T\/T: 30% koguv\u00e4\u00e4rtusest tagatisrahana tuleks maksta T\/T 3 p\u00e4eva jooksul p\u00e4rast tellimuse kinnitamist ja \u00fclej\u00e4\u00e4nud summa tuleks maksta T\/T enne saatmist.<\/td>\n<\/tr>\n<\/table>\n<h2>Meie tootmisbaas<\/h2>\n<h3>Tehase panoraam<\/h3>\n<p><img decoding=\"async\" src=\"\/wp-content\/uploads\/factory-01.webp\"\/><\/p>\n<h3>Alumiiniumvarraste tootmise t\u00f6\u00f6koda<\/h3>\n<p><img decoding=\"async\" src=\"\/wp-content\/uploads\/factory-02.webp\"\/><\/p>\n<p><img decoding=\"async\" src=\"\/wp-content\/uploads\/factory-03.webp\"\/><\/p>\n<h3>hallituse ladustamise ladu<\/h3>\n<p><img decoding=\"async\" src=\"\/wp-content\/uploads\/factory-04.webp\"\/><\/p>\n<h3>43 alumiiniumi ekstrusiooniliini (500-5500 tonni)<\/h3>\n<p><img decoding=\"async\" src=\"\/wp-content\/uploads\/factory-05.webp\"\/><\/p>\n<p><img decoding=\"async\" src=\"\/wp-content\/uploads\/factory-06.webp\"\/><\/p>\n<p><img decoding=\"async\" src=\"\/wp-content\/uploads\/factory-07.webp\"\/><\/p>\n<h3>Pulberv\u00e4rvimise t\u00f6\u00f6koda<\/h3>\n<p><img decoding=\"async\" src=\"\/wp-content\/uploads\/factory-09.webp\"\/><\/p>\n<h3>Anodiseerimise t\u00f6\u00f6koda<\/h3>\n<p><img decoding=\"async\" src=\"\/wp-content\/uploads\/factory-10.webp\"\/><\/p>\n<h3>S\u00fcgavt\u00f6\u00f6tlemise t\u00f6\u00f6tuba<\/h3>\n<p><img decoding=\"async\" src=\"\/wp-content\/uploads\/factory-11.webp\"\/><\/p>\n<h3>CNC-t\u00e4ppist\u00f6\u00f6tlemise t\u00f6\u00f6koda<\/h3>\n<p><img decoding=\"async\" src=\"\/wp-content\/uploads\/factory-11.5.webp\"\/><\/p>\n<h3>Valmistoodete ja ekspordi ladu<\/h3>\n<p><img decoding=\"async\" src=\"\/wp-content\/uploads\/factory-12.webp\"\/><\/p>\n<p><img decoding=\"async\" src=\"\/wp-content\/uploads\/factory-13.webp\"\/><\/p>\n<p><img decoding=\"async\" src=\"\/wp-content\/uploads\/factory-14.webp\"\/><\/p>\n<h2>KKK<\/h2>\n<p><p><b>1.Mis on garderoobikapp libisev alumiiniumprofiil? <\/b><\/p>\n<p> Garderoobikapi alumiiniumist liugprofiil on spetsiaalne alumiiniumist r\u00f6\u00f6bas, mida kasutatakse garderoobi- ja kapis\u00fcsteemide liuguste toetamiseks, tagades sujuva ja usaldusv\u00e4\u00e4rse toimimise.<br \/>\n<\/p><br \/>\n<br \/>\n<p><b>2.Miks valida alumiiniumist l\u00fckandustega riidekapi profiilid? <\/b><\/p>\n<p> Alumiinium on tugev, korrosioonikindel ja kerge, mist\u00f5ttu on see ideaalne materjal pikaealiste ja t\u00f5husate l\u00fckandukses\u00fcsteemide jaoks.<br \/>\n<\/p><br \/>\n<br \/>\n<p><b>3.Kas profiile saab kohandada erinevate riidekapi suuruste jaoks? <\/b><\/p>\n<p> Jah, need profiilid on suuruse, paksuse, viimistluse ja kujunduse poolest v\u00e4ga h\u00e4sti kohandatavad, et need sobiksid konkreetse garderoobi ja kapi vajadustele.<br \/>\n<\/p><br \/>\n<br \/>\n<p><b>4.Kas alumiiniumprofiilid sobivad niiskesse keskkonda? <\/b><\/p>\n<p> Kindlasti on alumiinium looduslikult korrosioonikindel ja sobib suurep\u00e4raselt k\u00f5rge niiskusega ruumides, n\u00e4iteks vannitubades ja k\u00f6\u00f6kides.<br \/>\n<\/p><br \/>\n<br \/>\n<p><b>5.Millised viimistlused on saadaval alumiiniumist liugprofiilidele? <\/b><\/p>\n<p> Levinud viimistlused on anodeeritud, pulberv\u00e4rvitud ja harjatud viimistlused, mis pakuvad nii vastupidavust kui ka esteetilist paindlikkust.<br \/>\n<\/p><br \/>\n<br \/>\n<p><b>6.Kas alumiiniumist liugprofiili paigaldamine on lihtne? <\/b><\/p>\n<p> Jah, profiilid on kavandatud lihtsaks paigaldamiseks eelnevalt valmistatud komponentide abil, v\u00e4hendades vajadust keeruliste t\u00f6\u00f6riistade ja t\u00f6\u00f6j\u00f5u j\u00e4rele.<br \/>\n<\/p><br \/>\n<br \/>\n<p><b>7.Kas need profiilid sobivad kaubanduslikuks kasutamiseks? <\/b><\/p>\n<p> Jah, need profiilid sobivad ideaalselt nii elamu- kui ka kaubanduslike garderoobi- ja kapis\u00fcsteemide jaoks, pakkudes vastupidavust ja sujuvat toimimist suure liiklusega rakendustes.<br \/>\n<\/p><br \/>\n<br \/>\n<p><b>8.Kas need alumiiniumprofiilid vajavad hooldust? <\/b><\/p>\n<p> Ei, alumiiniumprofiilid on v\u00e4he hooldatavad ja vajavad ainult aeg-ajalt puhastamist, et s\u00e4ilitada oma toimivus ja v\u00e4limus.<br \/>\n<\/p><br \/><\/p>","protected":false},"featured_media":7842,"template":"","categories":[67],"class_list":["post-7843","product","type-product","status-publish","has-post-thumbnail","hentry","category-architectural-aluminium-profile"],"meta_box":{"hilight_text_group":{"product_hilight_text":"<li>Durable aluminum profiles ensure smooth, long-lasting sliding door operation for wardrobes and cabinets.<\/li>\r\r\n<li>Corrosion-resistant surface guarantees high performance in high-humidity environments.<\/li>\r\r\n<li>Lightweight yet strong, providing structural stability without adding excess weight.<\/li>\r\r\n<li>Customizable profiles in various sizes, finishes, and designs to suit any wardrobe system.<\/li>\r\r\n<li>Easy to install with pre-engineered components and minimal tools required.<\/li>\r\r\n<li>Ideal for residential and commercial applications, enhancing both functionality and aesthetics.<\/li>","product_chanpin_blog":"<ul>\r\r\n<li><a href=\"https:\/\/sinoextrud.com\/t-slot-v-slot-differences\/\" target=\"_blank\">t slot vs v slot<\/a><\/li>\r\r\n<li><a href=\"https:\/\/sinoextrud.com\/what-is-4040-aluminium-extrud\/\" target=\"_blank\">4040 aluminium extrusion<\/a><\/li>\r\r\n<li><a href=\"https:\/\/sinoextrud.com\/what-is-4040-aluminium-extrud\/\" target=\"_blank\">aluminum extrusions for industrial racks<\/a><\/li>\r\r\n<li><a href=\"https:\/\/sinoextrud.com\/powder-coating-aluminium-process\/\" target=\"_blank\">powder coating aluminium<\/a><\/li>\r\r\n<li><a href=\"https:\/\/sinoextrud.com\/what-is-an-aluminium-strip-ceiling\/\" target=\"_blank\">aluminium strip ceiling<\/a><\/li>\r\r\n<li><a href=\"https:\/\/sinoextrud.com\/what-is-a-heat-sink\/\" target=\"_blank\">what is a heat sink<\/a><\/li>\r\r\n<\/ul>","product_chanpin_chanpin":"<li><a href=\"https:\/\/sinoextrud.com\/product\/sandblasted-aluminum-finish-profile\/\" target=\"_blank\">Sandblasted Aluminum Finish Profile<\/a><\/li>\r\n<li><a href=\"https:\/\/sinoextrud.com\/product\/aluminum-handrail-systems\/\" target=\"_blank\">Aluminum Handrail Systems<\/a><\/li>\r\n<li><a href=\"https:\/\/sinoextrud.com\/product\/curtain-aluminum-profile-extrusion-for-window\/\" target=\"_blank\">Curtain Aluminum Profile Extrusion For Window<\/a><\/li>\r\n<li><a href=\"https:\/\/sinoextrud.com\/product\/extrusion-of-aluminium-alloys-celing-aluminum-tube-wood-grain\/\" target=\"_blank\">Extrusion Of Aluminium Alloys Celing Aluminum Tube Wood Grain<\/a><\/li>\r\n<li><a href=\"https:\/\/sinoextrud.com\/product\/wardrobe-cabinet-sliding-aluminum-profile\/\" target=\"_blank\">Wardrobe Cabinet Sliding Aluminum Profile<\/a><\/li>\r\n<li><a href=\"https:\/\/sinoextrud.com\/product\/aluminum-cabinet-door-extrusion\/\" target=\"_blank\">Aluminum Cabinet Door Extrusion<\/a><\/li>\r\n<li><a href=\"https:\/\/sinoextrud.com\/product\/aluminum-structural-framing-system\/\" target=\"_blank\">Aluminum Structural Framing System<\/a><\/li>\r\n<li><a href=\"https:\/\/sinoextrud.com\/product\/standard-aluminum-shapes\/\" target=\"_blank\">Standard Aluminum Shapes<\/a><\/li>\r\n<li><a href=\"https:\/\/sinoextrud.com\/product\/aluminium-profiles-doors-windows-wood-imitation\/\" target=\"_blank\">Aluminium Profiles Doors Windows Wood Imitation<\/a><\/li>\r\n<li><a href=\"https:\/\/sinoextrud.com\/product\/aluminium-profile-for-glass-railing\/\" target=\"_blank\">Aluminium Profile For Glass Railing<\/a><\/li>\r\n<li><a href=\"https:\/\/sinoextrud.com\/product\/modular-aluminium-frame\/\" target=\"_blank\">Modular Aluminium Frame<\/a><\/li>"},"feature_list":[]},"_links":{"self":[{"href":"https:\/\/sinoextrud.com\/et\/wp-json\/wp\/v2\/product\/7843","targetHints":{"allow":["GET"]}}],"collection":[{"href":"https:\/\/sinoextrud.com\/et\/wp-json\/wp\/v2\/product"}],"about":[{"href":"https:\/\/sinoextrud.com\/et\/wp-json\/wp\/v2\/types\/product"}],"wp:featuredmedia":[{"embeddable":true,"href":"https:\/\/sinoextrud.com\/et\/wp-json\/wp\/v2\/media\/7842"}],"wp:attachment":[{"href":"https:\/\/sinoextrud.com\/et\/wp-json\/wp\/v2\/media?parent=7843"}],"wp:term":[{"taxonomy":"category","embeddable":true,"href":"https:\/\/sinoextrud.com\/et\/wp-json\/wp\/v2\/categories?post=7843"}],"curies":[{"name":"wp","href":"https:\/\/api.w.org\/{rel}","templated":true}]}}