{"id":7835,"date":"2025-06-11T02:32:57","date_gmt":"2025-06-11T02:32:57","guid":{"rendered":"https:\/\/sinoextrud.com\/product\/sandblasted-aluminum-finish-profile\/"},"modified":"2025-06-24T06:13:46","modified_gmt":"2025-06-24T06:13:46","slug":"liivapritsitud-alumiiniumist-viimistlusprofiil","status":"publish","type":"product","link":"https:\/\/sinoextrud.com\/et\/product\/sandblasted-aluminum-finish-profile\/","title":{"rendered":"Liivapritsitud alumiiniumist viimistlusprofiil"},"content":{"rendered":"<h2>Toodete \u00fcksikasjad<\/h2>\n<table class=\"custom-table\">\n<tbody>\n<tr>\n<td> Objekt:<\/td>\n<td> Liivapritsitud alumiiniumist viimistlusprofiil<\/td>\n<\/tr>\n<tr>\n<td> Kuju:<\/td>\n<td> Me saame ekstrudeeritud vastavalt teie disainilahendustele<\/td>\n<\/tr>\n<tr>\n<td> Temperament:<\/td>\n<td> T3-T8<\/td>\n<\/tr>\n<tr>\n<td> Sulam:<\/td>\n<td> Sulam<\/td>\n<\/tr>\n<tr>\n<td> Legeeriv koostisosa:<\/td>\n<td> 6063<\/td>\n<\/tr>\n<tr>\n<td> Pinnat\u00f6\u00f6tlus:<\/td>\n<td> Veskiviimistlus, anodeeritud, pulberv\u00e4rvitud, elektroforees, liivapalsti jne.<\/td>\n<\/tr>\n<tr>\n<td> Materjal:<\/td>\n<td> Alumiiniumsulam 6000 seeria<\/td>\n<\/tr>\n<tr>\n<td> Pikkus:<\/td>\n<td> 1m-9m<\/td>\n<\/tr>\n<tr>\n<td> Tarneaeg:<\/td>\n<td> 20-25 p\u00e4eva<\/td>\n<\/tr>\n<tr>\n<td> V\u00e4rv:<\/td>\n<td> H\u00f5bedane,valge,must,\u0161ampanja,pruun<\/td>\n<\/tr>\n<tr>\n<td> Transpordipakett:<\/td>\n<td> Tehase standardne ekspordipakend<\/td>\n<\/tr>\n<tr>\n<td> P\u00e4ritolu:<\/td>\n<td> Hiina<\/td>\n<\/tr>\n<tr>\n<td> T\u00fc\u00fcp:<\/td>\n<td> Alumiiniumprofiil akende ja uste jaoks, alumiiniumist dekoratsiooniprofiil, alumiiniumist soojussulatusprofiil, alumiiniumist klaasseinaprofiil, alumiiniumist transpordiprofiil, m\u00f6\u00f6bel.<\/td>\n<\/tr>\n<tr>\n<td> Hinne:<\/td>\n<td> 6000 seeria<\/td>\n<\/tr>\n<tr>\n<td> Suurus:<\/td>\n<td> Kohandatud<\/td>\n<\/tr>\n<tr>\n<td> Pind:<\/td>\n<td> Kohandatud<\/td>\n<\/tr>\n<tr>\n<td> Kohtuprotsessi korraldus:<\/td>\n<td> Aktsepteeritud<\/td>\n<\/tr>\n<tr>\n<td> Kaubam\u00e4rk:<\/td>\n<td> OEM<\/td>\n<\/tr>\n<tr>\n<td> Spetsifikatsioon:<\/td>\n<td> SGS<\/td>\n<\/tr>\n<tr>\n<td> V\u00e4rv on saadaval:<\/td>\n<td> H\u00f5be, \u0161ampanja ja nii edasi, S\u00f5ltub teie n\u00f5udlusest.<\/td>\n<\/tr>\n<tr>\n<td> Pakendamise \u00fcksikasjad:<\/td>\n<td> Kahanev kile, vastavalt teie soovile<\/td>\n<\/tr>\n<tr>\n<td> Proovid:<\/td>\n<td> 10-15 p\u00e4eva p\u00e4rast vormitud tasu saamist8. Kohaletoimetamine: 25 p\u00e4eva p\u00e4rast tagatisraha tasumist<\/td>\n<\/tr>\n<tr>\n<td> Tootmisv\u00f5imsus:<\/td>\n<td> 15,000MT\/kuu<\/td>\n<\/tr>\n<tr>\n<td> MOQ:<\/td>\n<td> 200KG<\/td>\n<\/tr>\n<tr>\n<td> Maksetingimused:<\/td>\n<td> T\/T<\/td>\n<\/tr>\n<tr>\n<td> Sadam:<\/td>\n<td> Foshan, Guangzhou, Shenzhen<\/td>\n<\/tr>\n<\/tbody>\n<\/table>\n<h2>Meie tootmisbaas<\/h2>\n<h3>Tehase panoraam<\/h3>\n<p><img decoding=\"async\" src=\"\/wp-content\/uploads\/factory-01.webp\"\/><\/p>\n<h3>Alumiiniumvarraste tootmise t\u00f6\u00f6koda<\/h3>\n<p><img decoding=\"async\" src=\"\/wp-content\/uploads\/factory-02.webp\"\/><\/p>\n<\/p>\n<p><img decoding=\"async\" src=\"\/wp-content\/uploads\/factory-03.webp\"\/><\/p>\n<h3>hallituse ladustamise ladu<\/h3>\n<p><img decoding=\"async\" src=\"\/wp-content\/uploads\/factory-04.webp\"\/><\/p>\n<h3>43 alumiiniumi ekstrusiooniliini (500-5500 tonni)<\/h3>\n<p><img decoding=\"async\" src=\"\/wp-content\/uploads\/factory-05.webp\"\/><\/p>\n<p><img decoding=\"async\" src=\"\/wp-content\/uploads\/factory-06.webp\"\/><\/p>\n<p><img decoding=\"async\" src=\"\/wp-content\/uploads\/factory-07.webp\"\/><\/p>\n<h3>Pulberv\u00e4rvimise t\u00f6\u00f6koda<\/h3>\n<p><img decoding=\"async\" src=\"\/wp-content\/uploads\/factory-09.webp\"\/><\/p>\n<h3>Anodiseerimise t\u00f6\u00f6koda<\/h3>\n<p><img decoding=\"async\" src=\"\/wp-content\/uploads\/factory-10.webp\"\/><\/p>\n<h3>S\u00fcgavt\u00f6\u00f6tlemise t\u00f6\u00f6tuba<\/h3>\n<p><img decoding=\"async\" src=\"\/wp-content\/uploads\/factory-11.webp\"\/><\/p>\n<h3>CNC-t\u00e4ppist\u00f6\u00f6tlemise t\u00f6\u00f6koda<\/h3>\n<p><img decoding=\"async\" src=\"\/wp-content\/uploads\/factory-11.5.webp\"\/><\/p>\n<h3>Valmistoodete ja ekspordi ladu<\/h3>\n<p><img decoding=\"async\" src=\"\/wp-content\/uploads\/factory-12.webp\"\/><\/p>\n<p><img decoding=\"async\" src=\"\/wp-content\/uploads\/factory-13.webp\"\/><\/p>\n<p><img decoding=\"async\" src=\"\/wp-content\/uploads\/factory-14.webp\"\/><\/p>\n<h2>KKK<\/h2>\n<p><b>1.Mis on liivapritsitud alumiiniumist viimistlusprofiil?<\/b><\/p>\n<p>Tegemist on alumiiniumist ekstrusiooniga, mis on l\u00e4binud liivapritsimise, et luua matt, tekstuurne pind, mis parandab esteetikat ja pinna toimivust.\n<\/p>\n<p><\/p>\n<p><b>2.Miks valida liivapritsitud alumiiniumprofiilid?<\/b><\/p>\n<p>Liivapritsitud alumiinium pakub elegantset, moodsat v\u00e4limust, lisab haarduvust, kriimustuskindlust ja v\u00e4hendab pimestamist v\u00f5i s\u00f5rmej\u00e4lgede n\u00e4htavust.\n<\/p>\n<p><\/p>\n<p><b>3.Kas liivapritsitud alumiiniumprofiile saab kohandada?<\/b><\/p>\n<p>Jah, neid saab kohandada m\u00f5\u00f5tmete, ristl\u00f5ike kuju ja sulamit\u00fc\u00fcbi j\u00e4rgi, kusjuures liivapritsimine v\u00f5ib toimuda enne v\u00f5i p\u00e4rast edasist viimistlust.\n<\/p>\n<p><\/p>\n<p><b>4.Millised on liivapritsitud alumiiniumist viimistlusprofiilide tavalised rakendused?<\/b><\/p>\n<p>Neid kasutatakse arhitektuuris, m\u00f6\u00f6blis, elektroonikas, dekoratiivsete kaunistuste, siltide ja k\u00f5rgekvaliteediliste toodete korpustes.\n<\/p>\n<p><\/p>\n<p><b>5.Kas liivapritsitud pind \u00fchildub anodeerimisega?<\/b><\/p>\n<p>Kindlasti kasutatakse enne anodeerimist sageli liivapritsimist, et parandada v\u00e4rvi imendumist ja luua \u00fchtlane matt v\u00e4ljan\u00e4gemine.\n<\/p>\n<p><\/p>\n<p><b>6.Kas liivapritsimine m\u00f5jutab korrosioonikindlust?<\/b><\/p>\n<p>Ei, kui liivapritsitud alumiiniumil on koos anodeerimise v\u00f5i pulberv\u00e4rvimisega suurep\u00e4rane korrosioonikindlus v\u00e4litingimustes ja niisketes keskkondades.\n<\/p>\n<p><\/p>\n<p><b>7.Kas liivapritsitud alumiiniumprofiilid sobivad k\u00f5rgekvaliteediliste disainiprojektide jaoks?<\/b><\/p>\n<p>Jah, sile matt tekstuur ja kohandatav viimistlus muudavad need ideaalselt sobivaks arhitektuuri-, tarbeelektroonika- ja sisekujundusrakenduste jaoks.\n<\/p>\n<p><\/p>","protected":false},"featured_media":7834,"template":"","categories":[67],"class_list":["post-7835","product","type-product","status-publish","has-post-thumbnail","hentry","category-architectural-aluminium-profile"],"meta_box":{"hilight_text_group":{"product_hilight_text":"<li>Sandblasted finish creates a refined, matte texture with anti-fingerprint properties<\/li>\r\r\n<li>High-strength aluminum ensures long-term structural reliability<\/li>\r\r\n<li>Corrosion-resistant surface ideal for indoor and outdoor applications<\/li>\r\r\n<li>Customizable in size, shape, and alloy to suit specific design needs<\/li>\r\r\n<li>Enhances visual appeal for decorative, architectural, and industrial use<\/li>\r\r\n<li>Compatible with anodizing and other post-processing treatments<\/li>","product_chanpin_blog":"<ul>\r\r\n<li><a href=\"https:\/\/sinoextrud.com\/t-slot-v-slot-differences\/\" target=\"_blank\">t slot vs v slot<\/a><\/li>\r\r\n<li><a href=\"https:\/\/sinoextrud.com\/what-is-4040-aluminium-extrud\/\" target=\"_blank\">4040 aluminium extrusion<\/a><\/li>\r\r\n<li><a href=\"https:\/\/sinoextrud.com\/what-is-4040-aluminium-extrud\/\" target=\"_blank\">aluminum extrusions for industrial racks<\/a><\/li>\r\r\n<li><a href=\"https:\/\/sinoextrud.com\/powder-coating-aluminium-process\/\" target=\"_blank\">powder coating aluminium<\/a><\/li>\r\r\n<li><a href=\"https:\/\/sinoextrud.com\/what-is-an-aluminium-strip-ceiling\/\" target=\"_blank\">aluminium strip ceiling<\/a><\/li>\r\r\n<li><a href=\"https:\/\/sinoextrud.com\/what-is-a-heat-sink\/\" target=\"_blank\">what is a heat sink<\/a><\/li>\r\r\n<\/ul>","product_chanpin_chanpin":"<li><a href=\"https:\/\/sinoextrud.com\/product\/80-x-80-aluminum-extrusion\/\" target=\"_blank\">80 X 80 Aluminum Extrusion<\/a><\/li>\r\n<li><a href=\"https:\/\/sinoextrud.com\/product\/aluminum-profile-price-of-aluminium-partition-wall-studs-aluminum-manufacturer\/\" target=\"_blank\">aluminum profile price of aluminium partition wall studs aluminum manufacturer<\/a><\/li>\r\n<li><a href=\"https:\/\/sinoextrud.com\/product\/extrusions-aluminum-structural-framing-kitchen-cabinet-doors-oem-anodized-champagne-selling-in-pakistan\/\" target=\"_blank\">extrusions aluminum structural framing kitchen cabinet doors OEM Anodized champagne selling in pakistan<\/a><\/li>\r\n<li><a href=\"https:\/\/sinoextrud.com\/product\/aluminum-door-jamb-extrusion\/\" target=\"_blank\">Aluminum Door Jamb Extrusion<\/a><\/li>\r\n<li><a href=\"https:\/\/sinoextrud.com\/product\/sandblasted-aluminum-finish-profile\/\" target=\"_blank\">Sandblasted Aluminum Finish Profile<\/a><\/li>\r\n<li><a href=\"https:\/\/sinoextrud.com\/product\/aluminum-handrail-systems\/\" target=\"_blank\">Aluminum Handrail Systems<\/a><\/li>\r\n<li><a href=\"https:\/\/sinoextrud.com\/product\/curtain-aluminum-profile-extrusion-for-window\/\" target=\"_blank\">Curtain Aluminum Profile Extrusion For Window<\/a><\/li>\r\n<li><a href=\"https:\/\/sinoextrud.com\/product\/extrusion-of-aluminium-alloys-celing-aluminum-tube-wood-grain\/\" target=\"_blank\">Extrusion Of Aluminium Alloys Celing Aluminum Tube Wood Grain<\/a><\/li>\r\n<li><a href=\"https:\/\/sinoextrud.com\/product\/wardrobe-cabinet-sliding-aluminum-profile\/\" target=\"_blank\">Wardrobe Cabinet Sliding Aluminum Profile<\/a><\/li>\r\n<li><a href=\"https:\/\/sinoextrud.com\/product\/aluminum-sliding-door-frames-extrusion-profile-with-custom-shape-alloy-6063-for-furnitures-decoration\/\" target=\"_blank\">Aluminum Sliding Door Frames Extrusion Profile With Custom Shape Alloy 6063 For Furnitures Decoration<\/a><\/li>\r\n<li><a href=\"https:\/\/sinoextrud.com\/product\/aluminium-t-track-extrusions\/\" target=\"_blank\">Aluminium T Track Extrusions<\/a><\/li>"},"feature_list":[]},"_links":{"self":[{"href":"https:\/\/sinoextrud.com\/et\/wp-json\/wp\/v2\/product\/7835","targetHints":{"allow":["GET"]}}],"collection":[{"href":"https:\/\/sinoextrud.com\/et\/wp-json\/wp\/v2\/product"}],"about":[{"href":"https:\/\/sinoextrud.com\/et\/wp-json\/wp\/v2\/types\/product"}],"wp:featuredmedia":[{"embeddable":true,"href":"https:\/\/sinoextrud.com\/et\/wp-json\/wp\/v2\/media\/7834"}],"wp:attachment":[{"href":"https:\/\/sinoextrud.com\/et\/wp-json\/wp\/v2\/media?parent=7835"}],"wp:term":[{"taxonomy":"category","embeddable":true,"href":"https:\/\/sinoextrud.com\/et\/wp-json\/wp\/v2\/categories?post=7835"}],"curies":[{"name":"wp","href":"https:\/\/api.w.org\/{rel}","templated":true}]}}