{"id":7827,"date":"2025-06-11T02:20:23","date_gmt":"2025-06-11T02:20:23","guid":{"rendered":"https:\/\/sinoextrud.com\/product\/80-x-80-aluminum-extrusion\/"},"modified":"2025-06-24T06:13:44","modified_gmt":"2025-06-24T06:13:44","slug":"80-x-80-alumiiniumprofiil-2","status":"publish","type":"product","link":"https:\/\/sinoextrud.com\/et\/product\/80-x-80-aluminum-extrusion\/","title":{"rendered":"80 X 80 alumiiniumist ekstrusioon"},"content":{"rendered":"<h2>Toodete \u00fcksikasjad<\/h2>\n<table class=\"custom-table\">\n<tbody>\n<tr>\n<td> Mudel nr.:<\/td>\n<td> 80 X 80 alumiiniumist ekstrusioon<\/td>\n<\/tr>\n<tr>\n<td> Kuju:<\/td>\n<td> Ruut<\/td>\n<\/tr>\n<tr>\n<td> Temperament:<\/td>\n<td> T3-T8<\/td>\n<\/tr>\n<tr>\n<td> Pinna viimistlemine:<\/td>\n<td> Anoodiline oks\u00fcdeerimine<\/td>\n<\/tr>\n<tr>\n<td> Sertifitseerimine:<\/td>\n<td> ISO<\/td>\n<\/tr>\n<tr>\n<td> V\u00e4rv:<\/td>\n<td> Silver<\/td>\n<\/tr>\n<tr>\n<td> Transpordipakett:<\/td>\n<td> Kile + puidust\/kartongi kast<\/td>\n<\/tr>\n<tr>\n<td> P\u00e4ritolu:<\/td>\n<td> Foshan, Guangdong, Hiina<\/td>\n<\/tr>\n<tr>\n<td> T\u00fc\u00fcp:<\/td>\n<td> Alumiiniumprofiil akende ja uste jaoks, alumiiniumprofiil dekoratsioonide jaoks, alumiiniumprofiil transpordi jaoks, alumiiniumraamide jaoks<\/td>\n<\/tr>\n<tr>\n<td> Hinne:<\/td>\n<td> 6000 seeria<\/td>\n<\/tr>\n<tr>\n<td> Sulam:<\/td>\n<td> Sulam<\/td>\n<\/tr>\n<tr>\n<td> Legeeriv koostisosa:<\/td>\n<td> 6063<\/td>\n<\/tr>\n<tr>\n<td> Poleeritud alumiiniumprofiil:<\/td>\n<td> Keemiline poleerimine<\/td>\n<\/tr>\n<tr>\n<td> Kaubam\u00e4rk:<\/td>\n<td> Sinoextrud<\/td>\n<\/tr>\n<tr>\n<td> Spetsifikatsioon:<\/td>\n<td> 80*80mm<\/td>\n<\/tr>\n<tr>\n<td> HS-kood:<\/td>\n<td> 760421000<\/td>\n<\/tr>\n<tr>\n<td> Materjal:<\/td>\n<td> Alumiinium<\/td>\n<\/tr>\n<tr>\n<td> Spetsifikatsioon:<\/td>\n<td> profiil 80*80mm<\/td>\n<\/tr>\n<tr>\n<td> L\u00f5peta:<\/td>\n<td> Anodeeritud oks\u00fcdeerimine<\/td>\n<\/tr>\n<\/tbody>\n<\/table>\n<h2>Meie tootmisbaas<\/h2>\n<h3>Tehase panoraam<\/h3>\n<p><img decoding=\"async\" src=\"\/wp-content\/uploads\/factory-01.webp\"\/><\/p>\n<h3>Alumiiniumvarraste tootmise t\u00f6\u00f6koda<\/h3>\n<p><img decoding=\"async\" src=\"\/wp-content\/uploads\/factory-02.webp\"\/><\/p>\n<p><img decoding=\"async\" src=\"\/wp-content\/uploads\/factory-03.webp\"\/><\/p>\n<h3>hallituse ladustamise ladu<\/h3>\n<p><img decoding=\"async\" src=\"\/wp-content\/uploads\/factory-04.webp\"\/><\/p>\n<h3>43 alumiiniumi ekstrusiooniliini (500-5500 tonni)<\/h3>\n<p><img decoding=\"async\" src=\"\/wp-content\/uploads\/factory-05.webp\"\/><\/p>\n<p><img decoding=\"async\" src=\"\/wp-content\/uploads\/factory-06.webp\"\/><\/p>\n<p><img decoding=\"async\" src=\"\/wp-content\/uploads\/factory-07.webp\"\/><\/p>\n<h3>Pulberv\u00e4rvimise t\u00f6\u00f6koda<\/h3>\n<p><img decoding=\"async\" src=\"\/wp-content\/uploads\/factory-09.webp\"\/><\/p>\n<h3>Anodiseerimise t\u00f6\u00f6koda<\/h3>\n<p><img decoding=\"async\" src=\"\/wp-content\/uploads\/factory-10.webp\"\/><\/p>\n<h3>S\u00fcgavt\u00f6\u00f6tlemise t\u00f6\u00f6tuba<\/h3>\n<p><img decoding=\"async\" src=\"\/wp-content\/uploads\/factory-11.webp\"\/><\/p>\n<h3>CNC-t\u00e4ppist\u00f6\u00f6tlemise t\u00f6\u00f6koda<\/h3>\n<p><img decoding=\"async\" src=\"\/wp-content\/uploads\/factory-11.5.webp\"\/><\/p>\n<h3>Valmistoodete ja ekspordi ladu<\/h3>\n<p><img decoding=\"async\" src=\"\/wp-content\/uploads\/factory-12.webp\"\/><\/p>\n<p><img decoding=\"async\" src=\"\/wp-content\/uploads\/factory-13.webp\"\/><\/p>\n<p><img decoding=\"async\" src=\"\/wp-content\/uploads\/factory-14.webp\"\/><\/p>\n<h2>KKK<\/h2>\n<p><p><b>1.Mis on 80 x 80 alumiiniumi ekstrusioon?<\/b><\/p>\n<p>See on 80 mm x 80 mm ristl\u00f5ikega struktuuriline alumiiniumprofiil, mida kasutatakse tavaliselt t\u00f6\u00f6stuslikes raami- ja automaatikas\u00fcsteemides.<br \/>\n<\/p><br \/>\n<br \/>\n<p><b>2.Miks valida 80 x 80 alumiiniumprofiil?<\/b><\/p>\n<p>See suurus pakub suurep\u00e4rast tugevust ja j\u00e4ikust, mis muudab selle ideaalseks kasutamiseks raskete masinate aluste ja t\u00f6\u00f6stuslike korpuste puhul.<br \/>\n<\/p><br \/>\n<br \/>\n<p><b>3.Millist materjali kasutatakse 80 x 80 alumiiniumprofiilides?<\/b><\/p>\n<p>Need on tavaliselt valmistatud k\u00f5rgekvaliteedilistest alumiiniumisulamitest, nagu 6063-T5 v\u00f5i 6061-T6, mis on tuntud tugevuse, korrosioonikindluse ja t\u00f6\u00f6deldavuse poolest.<br \/>\n<\/p><br \/>\n<br \/>\n<p><b>4.Kas 80 x 80 alumiiniumprofiilid \u00fchilduvad T-ava tarvikutega?<\/b><\/p>\n<p>Jah, profiil on konstrueeritud standardsete T-pesadega, mis v\u00f5imaldab h\u00f5lpsasti \u00fchendada \u00fchendused, kinnitused ja paneelid.<br \/>\n<\/p><br \/>\n<br \/>\n<p><b>5.Kas 80 x 80 profiili saab l\u00f5igata ja kohandada?<\/b><\/p>\n<p>Kindlasti saab ekstrusiooni l\u00f5igata pikkuse j\u00e4rgi ja t\u00f6\u00f6delda augud, keermed v\u00f5i pilud, et vastata konkreetsetele projektin\u00f5uetele.<br \/>\n<\/p><br \/>\n<br \/>\n<p><b>6.Kas 80 x 80 alumiiniumprofiil sobib v\u00e4litingimustes kasutamiseks?<\/b><\/p>\n<p>Jah, alumiiniumi korrosioonikindlad omadused muudavad selle sobivaks nii sise- kui ka v\u00e4litingimustes kasutamiseks.<br \/>\n<\/p><br \/>\n<br \/>\n<p><b>7.Millised rakendused on ideaalsed 80 x 80 alumiiniumprofiilide jaoks?<\/b><\/p>\n<p>Tavaliste rakenduste hulka kuuluvad automaatikaraamid, CNC-masinate konstruktsioonid, konveierid, t\u00f6\u00f6kohad ja kohandatud mooduls\u00fcsteemid.<br \/>\n<\/p><br \/><\/p>","protected":false},"featured_media":7825,"template":"","categories":[67],"class_list":["post-7827","product","type-product","status-publish","has-post-thumbnail","hentry","category-architectural-aluminium-profile"],"meta_box":{"hilight_text_group":{"product_hilight_text":"<li>Robust 80x80mm profile provides high load-bearing capacity for industrial applications<\/li>\r\r\n<li>T-slot design allows for flexible and modular assembly<\/li>\r\r\n<li>Made from high-strength, corrosion-resistant aluminum alloy<\/li>\r\r\n<li>Precision extruded for excellent dimensional accuracy<\/li>\r\r\n<li>Compatible with a wide range of accessories and connectors<\/li>\r\r\n<li>Ideal for machine frames, workstations, enclosures, and automation systems<\/li>","product_chanpin_blog":"<ul>\r\r\n<li><a href=\"https:\/\/sinoextrud.com\/t-slot-v-slot-differences\/\" target=\"_blank\">t slot vs v slot<\/a><\/li>\r\r\n<li><a href=\"https:\/\/sinoextrud.com\/what-is-4040-aluminium-extrud\/\" target=\"_blank\">4040 aluminium extrusion<\/a><\/li>\r\r\n<li><a href=\"https:\/\/sinoextrud.com\/what-is-4040-aluminium-extrud\/\" target=\"_blank\">aluminum extrusions for industrial racks<\/a><\/li>\r\r\n<li><a href=\"https:\/\/sinoextrud.com\/powder-coating-aluminium-process\/\" target=\"_blank\">powder coating aluminium<\/a><\/li>\r\r\n<li><a href=\"https:\/\/sinoextrud.com\/what-is-an-aluminium-strip-ceiling\/\" target=\"_blank\">aluminium strip ceiling<\/a><\/li>\r\r\n<li><a href=\"https:\/\/sinoextrud.com\/what-is-a-heat-sink\/\" target=\"_blank\">what is a heat sink<\/a><\/li>\r\r\n<\/ul>","product_chanpin_chanpin":"<li><a href=\"https:\/\/sinoextrud.com\/product\/large-custom-aluminum-extrusions\/\" target=\"_blank\">Large Custom Aluminum Extrusions<\/a><\/li>\r\n<li><a href=\"https:\/\/sinoextrud.com\/product\/double-angle-aluminum-extrusion\/\" target=\"_blank\">Double Angle Aluminum Extrusion<\/a><\/li>\r\n<li><a href=\"https:\/\/sinoextrud.com\/product\/sructrual-aluminum-extrusion-profiles-ceiling-drop-ceiling\/\" target=\"_blank\">Sructrual Aluminum Extrusion Profiles Ceiling Drop Ceiling<\/a><\/li>\r\n<li><a href=\"https:\/\/sinoextrud.com\/product\/l-shaped-aluminium-profile\/\" target=\"_blank\">L Shaped Aluminium Profile<\/a><\/li>\r\n<li><a href=\"https:\/\/sinoextrud.com\/product\/80-x-80-aluminum-extrusion\/\" target=\"_blank\">80 X 80 Aluminum Extrusion<\/a><\/li>\r\n<li><a href=\"https:\/\/sinoextrud.com\/product\/aluminum-profile-price-of-aluminium-partition-wall-studs-aluminum-manufacturer\/\" target=\"_blank\">aluminum profile price of aluminium partition wall studs aluminum manufacturer<\/a><\/li>\r\n<li><a href=\"https:\/\/sinoextrud.com\/product\/extrusions-aluminum-structural-framing-kitchen-cabinet-doors-oem-anodized-champagne-selling-in-pakistan\/\" target=\"_blank\">extrusions aluminum structural framing kitchen cabinet doors OEM Anodized champagne selling in pakistan<\/a><\/li>\r\n<li><a href=\"https:\/\/sinoextrud.com\/product\/aluminum-door-jamb-extrusion\/\" target=\"_blank\">Aluminum Door Jamb Extrusion<\/a><\/li>\r\n<li><a href=\"https:\/\/sinoextrud.com\/product\/sandblasted-aluminum-finish-profile\/\" target=\"_blank\">Sandblasted Aluminum Finish Profile<\/a><\/li>\r\n<li><a href=\"https:\/\/sinoextrud.com\/product\/glass-balcony-railing-aluminum-u-channel-design\/\" target=\"_blank\">Glass Balcony Railing Aluminum U Channel Design<\/a><\/li>\r\n<li><a href=\"https:\/\/sinoextrud.com\/product\/aluminum-rectangular-extrusion\/\" target=\"_blank\">Aluminum Rectangular Extrusion<\/a><\/li>"},"feature_list":[]},"_links":{"self":[{"href":"https:\/\/sinoextrud.com\/et\/wp-json\/wp\/v2\/product\/7827","targetHints":{"allow":["GET"]}}],"collection":[{"href":"https:\/\/sinoextrud.com\/et\/wp-json\/wp\/v2\/product"}],"about":[{"href":"https:\/\/sinoextrud.com\/et\/wp-json\/wp\/v2\/types\/product"}],"wp:featuredmedia":[{"embeddable":true,"href":"https:\/\/sinoextrud.com\/et\/wp-json\/wp\/v2\/media\/7825"}],"wp:attachment":[{"href":"https:\/\/sinoextrud.com\/et\/wp-json\/wp\/v2\/media?parent=7827"}],"wp:term":[{"taxonomy":"category","embeddable":true,"href":"https:\/\/sinoextrud.com\/et\/wp-json\/wp\/v2\/categories?post=7827"}],"curies":[{"name":"wp","href":"https:\/\/api.w.org\/{rel}","templated":true}]}}