{"id":7790,"date":"2025-06-10T07:32:57","date_gmt":"2025-06-10T07:32:57","guid":{"rendered":"https:\/\/sinoextrud.com\/product\/extruded-aluminium-electronics-enclosures\/"},"modified":"2025-06-24T06:13:42","modified_gmt":"2025-06-24T06:13:42","slug":"pressitud-alumiiniumist-elektroonikakarbid","status":"publish","type":"product","link":"https:\/\/sinoextrud.com\/et\/product\/extruded-aluminium-electronics-enclosures\/","title":{"rendered":"Pressitud alumiiniumist elektroonikakarbid"},"content":{"rendered":"<h2>Toodete \u00fcksikasjad<\/h2>\n<table class=\"custom-table\">\n<tbody>\n<tr>\n<td> Mudel nr.:<\/td>\n<td> OEM<\/td>\n<\/tr>\n<tr>\n<td> Sertifitseerimine:<\/td>\n<td> CE, RoHS, SGS, ISO9001<\/td>\n<\/tr>\n<tr>\n<td> Materjal:<\/td>\n<td> Alumiinium<\/td>\n<\/tr>\n<tr>\n<td> Toote nimi:<\/td>\n<td> Anodeerimine Alumiinium Shell<\/td>\n<\/tr>\n<tr>\n<td> Pinnat\u00f6\u00f6tlus:<\/td>\n<td> V\u00e4rvimine, liivapritsimine, anodeerimine jne.<\/td>\n<\/tr>\n<tr>\n<td> MOQ:<\/td>\n<td> 1T\u00fckk<\/td>\n<\/tr>\n<tr>\n<td> Kvaliteedikontroll:<\/td>\n<td> T\u00e4ielik kvaliteedikontroll<\/td>\n<\/tr>\n<tr>\n<td> Peamised omadused:<\/td>\n<td> T\u00e4pne suurus, v\u00e4rviline<\/td>\n<\/tr>\n<tr>\n<td> Kaubam\u00e4rk:<\/td>\n<td> OEM<\/td>\n<\/tr>\n<tr>\n<td> Spetsifikatsioon:<\/td>\n<td> OEM<\/td>\n<\/tr>\n<tr>\n<td> Tingimus:<\/td>\n<td> Uus<\/td>\n<\/tr>\n<tr>\n<td> Kohandatud:<\/td>\n<td> Kohandatud<\/td>\n<\/tr>\n<tr>\n<td> Taotlus:<\/td>\n<td> Metalli \u00fcmbert\u00f6\u00f6tlemismasin, metallil\u00f5ikamismasinad, metallit\u00f6\u00f6tlemismasinate osad, metalli graveerimismasinad, metallkattemasinad, metallvalumasinad, metallvalumasinad<\/td>\n<\/tr>\n<tr>\n<td> V\u00f5tmes\u00f5na:<\/td>\n<td> Anodeerimine Alumiinium Shell<\/td>\n<\/tr>\n<tr>\n<td> Tehase asukoht:<\/td>\n<td> Shenzhen Hiina<\/td>\n<\/tr>\n<tr>\n<td> N\u00e4ide:<\/td>\n<td> Saadaval<\/td>\n<\/tr>\n<tr>\n<td> T\u00f6\u00f6kindlus:<\/td>\n<td> +\/- 0,02 mm<\/td>\n<\/tr>\n<tr>\n<td> OEM\/ODM:<\/td>\n<td> Aktsepteeritav<\/td>\n<\/tr>\n<tr>\n<td> Transpordipakett:<\/td>\n<td> Karbikarp iga t\u00fcki jaoks, nagu klientide soovid<\/td>\n<\/tr>\n<tr>\n<td> P\u00e4ritolu:<\/td>\n<td> FOSHAN KINA<\/td>\n<\/tr>\n<\/tbody>\n<\/table>\n<h2>Meie tootmisbaas<\/h2>\n<h3>Tehase panoraam<\/h3>\n<p><img decoding=\"async\" src=\"\/wp-content\/uploads\/factory-01.webp\"\/><\/p>\n<h3>Alumiiniumvarraste tootmise t\u00f6\u00f6koda<\/h3>\n<p><img decoding=\"async\" src=\"\/wp-content\/uploads\/factory-02.webp\"\/><\/p>\n<\/p>\n<p><img decoding=\"async\" src=\"\/wp-content\/uploads\/factory-03.webp\"\/><\/p>\n<h3>hallituse ladustamise ladu<\/h3>\n<p><img decoding=\"async\" src=\"\/wp-content\/uploads\/factory-04.webp\"\/><\/p>\n<h3>43 alumiiniumi ekstrusiooniliini (500-5500 tonni)<\/h3>\n<p><img decoding=\"async\" src=\"\/wp-content\/uploads\/factory-05.webp\"\/><\/p>\n<p><img decoding=\"async\" src=\"\/wp-content\/uploads\/factory-06.webp\"\/><\/p>\n<p><img decoding=\"async\" src=\"\/wp-content\/uploads\/factory-07.webp\"\/><\/p>\n<h3>Pulberv\u00e4rvimise t\u00f6\u00f6koda<\/h3>\n<p><img decoding=\"async\" src=\"\/wp-content\/uploads\/factory-09.webp\"\/><\/p>\n<h3>Anodiseerimise t\u00f6\u00f6koda<\/h3>\n<p><img decoding=\"async\" src=\"\/wp-content\/uploads\/factory-10.webp\"\/><\/p>\n<h3>S\u00fcgavt\u00f6\u00f6tlemise t\u00f6\u00f6tuba<\/h3>\n<p><img decoding=\"async\" src=\"\/wp-content\/uploads\/factory-11.webp\"\/><\/p>\n<h3>CNC-t\u00e4ppist\u00f6\u00f6tlemise t\u00f6\u00f6koda<\/h3>\n<p><img decoding=\"async\" src=\"\/wp-content\/uploads\/factory-11.5.webp\"\/><\/p>\n<h3>Valmistoodete ja ekspordi ladu<\/h3>\n<p><img decoding=\"async\" src=\"\/wp-content\/uploads\/factory-12.webp\"\/><\/p>\n<p><img decoding=\"async\" src=\"\/wp-content\/uploads\/factory-13.webp\"\/><\/p>\n<p><img decoding=\"async\" src=\"\/wp-content\/uploads\/factory-14.webp\"\/><\/p>\n<h2>KKK<\/h2>\n<p><b>1.Mis on pressitud alumiiniumist elektroonikakarbid?<\/b><\/p>\n<p>Pressitud alumiiniumist elektroonikakarbid on k\u00f5rge tugevusega alumiiniumist valmistatud kaitsekarbid, mis on m\u00f5eldud elektroonikakomponentide t\u00f5husaks majutamiseks ja kaitsmiseks.\n<\/p>\n<p><\/p>\n<p><b>2.Miks kasutada pressitud alumiiniumist elektroonikakarbid?<\/b><\/p>\n<p>Pressitud alumiiniumist elektroonikakarbid pakuvad elektroonikaseadmetele suurep\u00e4rast soojusjuhtivust, korrosioonikindlust ja mehaanilist kaitset.\n<\/p>\n<p><\/p>\n<p><b>3.Kas pressitud alumiiniumist elektroonikakarbid on kohandatavad?<\/b><\/p>\n<p>Jah, neid korpusi saab t\u00e4ielikult kohandada m\u00f5\u00f5tmete, v\u00e4rvi, pinnat\u00f6\u00f6tluse ja v\u00e4ljal\u00f5ikekonfiguratsiooni poolest, et need vastaksid konkreetsetele projekti vajadustele.\n<\/p>\n<p><\/p>\n<p><b>4.Kas ekstrudeeritud alumiiniumist elektroonikakarbid aitavad soojusjuhtimisel?<\/b><\/p>\n<p>Kindlasti pakub alumiiniumkonstruktsioon suurep\u00e4rast soojuse hajutamist, mist\u00f5ttu on need ideaalsed soojuse suhtes tundlike komponentidega elektroonikaseadmete jaoks.\n<\/p>\n<p><\/p>\n<p><b>5.Kas pressitud alumiiniumist elektroonikakarbid on kerged?<\/b><\/p>\n<p>Jah, pressitud alumiinium on kerge, kuid tugev, mist\u00f5ttu neid korpusi on lihtne k\u00e4sitseda ja paigaldada.\n<\/p>\n<p><\/p>\n<p><b>6.Kas ekstrudeeritud alumiiniumist elektroonikakarbid v\u00f5ivad kaitsta EMI\/RFI eest?<\/b><\/p>\n<p>Jah, elektroonika kaitsmiseks elektromagnetiliste h\u00e4irete eest saab integreerida lisavarustust EMI\/RFI-varjestuse.\n<\/p>\n<p><\/p>\n<p><b>7.Kas pressitud alumiiniumist elektroonikakarbid sobivad v\u00e4litingimustes kasutamiseks?<\/b><\/p>\n<p>Jah, alumiiniumi korrosioonikindlate omaduste t\u00f5ttu sobivad need korpused ideaalselt nii sise- kui ka v\u00e4liskeskkondadesse.\n<\/p>\n<p><\/p>","protected":false},"featured_media":7789,"template":"","categories":[67],"class_list":["post-7790","product","type-product","status-publish","has-post-thumbnail","hentry","category-architectural-aluminium-profile"],"meta_box":{"hilight_text_group":{"product_hilight_text":"<li>High-strength extruded aluminum provides robust protection for electronics<\/li>\r\r\n<li>Excellent heat dissipation for thermal management of sensitive components<\/li>\r\r\n<li>Lightweight and corrosion-resistant for long-term durability<\/li>\r\r\n<li>Customizable sizes, finishes, and cutouts to fit various applications<\/li>\r\r\n<li>Easy assembly with sliding or snap-fit designs<\/li>\r\r\n<li>EMI\/RFI shielding options for enhanced electronic protection<\/li>","product_chanpin_blog":"<ul>\r\r\n<li><a href=\"https:\/\/sinoextrud.com\/t-slot-v-slot-differences\/\" target=\"_blank\">t slot vs v slot<\/a><\/li>\r\r\n<li><a href=\"https:\/\/sinoextrud.com\/what-is-4040-aluminium-extrud\/\" target=\"_blank\">4040 aluminium extrusion<\/a><\/li>\r\r\n<li><a href=\"https:\/\/sinoextrud.com\/what-is-4040-aluminium-extrud\/\" target=\"_blank\">aluminum extrusions for industrial racks<\/a><\/li>\r\r\n<li><a href=\"https:\/\/sinoextrud.com\/powder-coating-aluminium-process\/\" target=\"_blank\">powder coating aluminium<\/a><\/li>\r\r\n<li><a href=\"https:\/\/sinoextrud.com\/what-is-an-aluminium-strip-ceiling\/\" target=\"_blank\">aluminium strip ceiling<\/a><\/li>\r\r\n<li><a href=\"https:\/\/sinoextrud.com\/what-is-a-heat-sink\/\" target=\"_blank\">what is a heat sink<\/a><\/li>\r\r\n<\/ul>","product_chanpin_chanpin":"<li><a href=\"https:\/\/sinoextrud.com\/product\/anodizing-aluminium-alloy-wire-slot\/\" target=\"_blank\">Anodizing Aluminium Alloy Wire Slot<\/a><\/li>\r\n<li><a href=\"https:\/\/sinoextrud.com\/product\/window-extrusion-profiles\/\" target=\"_blank\">Window Extrusion Profiles<\/a><\/li>\r\n<li><a href=\"https:\/\/sinoextrud.com\/product\/aluminum-outdoor-louver\/\" target=\"_blank\">Aluminum Outdoor Louver<\/a><\/li>\r\n<li><a href=\"https:\/\/sinoextrud.com\/product\/aluminium-extrusion-profile\/\" target=\"_blank\">Aluminium Extrusion Profile<\/a><\/li>\r\n<li><a href=\"https:\/\/sinoextrud.com\/product\/extruded-aluminium-electronics-enclosures\/\" target=\"_blank\">Extruded aluminium electronics enclosures<\/a><\/li>\r\n<li><a href=\"https:\/\/sinoextrud.com\/product\/aluminum-curtain-wall-powder-coating-properties-prices-competitive-extrusion-uses-in-construction\/\" target=\"_blank\">aluminum curtain wall Powder Coating properties prices competitive Extrusion uses in construction<\/a><\/li>\r\n<li><a href=\"https:\/\/sinoextrud.com\/product\/large-custom-aluminum-extrusions\/\" target=\"_blank\">Large Custom Aluminum Extrusions<\/a><\/li>\r\n<li><a href=\"https:\/\/sinoextrud.com\/product\/double-angle-aluminum-extrusion\/\" target=\"_blank\">Double Angle Aluminum Extrusion<\/a><\/li>\r\n<li><a href=\"https:\/\/sinoextrud.com\/product\/sructrual-aluminum-extrusion-profiles-ceiling-drop-ceiling\/\" target=\"_blank\">Sructrual Aluminum Extrusion Profiles Ceiling Drop Ceiling<\/a><\/li>\r\n<li><a href=\"https:\/\/sinoextrud.com\/product\/extruded-aluminum-stock-shapes\/\" target=\"_blank\">Extruded Aluminum Stock Shapes<\/a><\/li>\r\n<li><a href=\"https:\/\/sinoextrud.com\/product\/alu-squ-tube-in-wood-grain-painting\/\" target=\"_blank\">Alu squ tube In Wood Grain Painting<\/a><\/li>"},"feature_list":[]},"_links":{"self":[{"href":"https:\/\/sinoextrud.com\/et\/wp-json\/wp\/v2\/product\/7790","targetHints":{"allow":["GET"]}}],"collection":[{"href":"https:\/\/sinoextrud.com\/et\/wp-json\/wp\/v2\/product"}],"about":[{"href":"https:\/\/sinoextrud.com\/et\/wp-json\/wp\/v2\/types\/product"}],"wp:featuredmedia":[{"embeddable":true,"href":"https:\/\/sinoextrud.com\/et\/wp-json\/wp\/v2\/media\/7789"}],"wp:attachment":[{"href":"https:\/\/sinoextrud.com\/et\/wp-json\/wp\/v2\/media?parent=7790"}],"wp:term":[{"taxonomy":"category","embeddable":true,"href":"https:\/\/sinoextrud.com\/et\/wp-json\/wp\/v2\/categories?post=7790"}],"curies":[{"name":"wp","href":"https:\/\/api.w.org\/{rel}","templated":true}]}}