{"id":7784,"date":"2025-06-10T07:22:41","date_gmt":"2025-06-10T07:22:41","guid":{"rendered":"https:\/\/sinoextrud.com\/product\/window-extrusion-profiles\/"},"modified":"2025-06-24T06:13:40","modified_gmt":"2025-06-24T06:13:40","slug":"akende-ekstrusiooniprofiilid","status":"publish","type":"product","link":"https:\/\/sinoextrud.com\/et\/product\/window-extrusion-profiles\/","title":{"rendered":"Akna ekstrusiooniprofiilid"},"content":{"rendered":"<h2>Toodete \u00fcksikasjad<\/h2>\n<table class=\"custom-table\">\n<tr>\n<td class=\"label\">Toote nimi<\/td>\n<td>Akna ekstrusiooniprofiilid<\/td>\n<\/tr>\n<tr>\n<td class=\"label\">Koostisosa<\/td>\n<td>6063 v\u00f5i 6061<\/td>\n<\/tr>\n<tr>\n<td class=\"label\">Temper<\/td>\n<td>T3-T8<\/td>\n<\/tr>\n<tr>\n<td class=\"label\">Pikkus<\/td>\n<td>Standardpikkus 1-9M, muud eripikkused saadaval.<\/td>\n<\/tr>\n<tr>\n<td class=\"label\">T\u00fc\u00fcpilised rakendused<\/td>\n<td>Aken ja uks<\/td>\n<\/tr>\n<tr>\n<td class=\"label\">Br\u00e4nd<\/td>\n<td>Sinoextrud v\u00f5i OEM<\/td>\n<\/tr>\n<tr>\n<td class=\"label\">CNC protsess<\/td>\n<td>Toetades CNC freesimine, punkerdamine, puurimine, koputades, painutamine, painutamine<\/td>\n<\/tr>\n<tr>\n<td class=\"label\">MOQ<\/td>\n<td>200KG<\/td>\n<\/tr>\n<tr>\n<td class=\"label\">Pinnat\u00f6\u00f6tlus<\/td>\n<td>Valmis, puidumass, anodeeritud, pulberv\u00e4rvimine, elektroforees, PVDF-kate, harjatud jne.<\/td>\n<\/tr>\n<tr>\n<td class=\"label\">Sertifikaadid<\/td>\n<td>ISO9001, ISO4001, CQM, SGS, CE, BV jne.<\/td>\n<\/tr>\n<tr>\n<td class=\"label\">L\u00e4biviimise aeg<\/td>\n<td>1.Mould avatud ja proovi confirmaion 12-15 p\u00e4eva.<br \/>\n2.Massitootmine 25-30 p\u00e4eva.<\/td>\n<\/tr>\n<tr>\n<td class=\"label\">Tarneperiood<\/td>\n<td>EXW v\u00f5i FOB Foshan\/Guangzhou\/Shenzhen<\/td>\n<\/tr>\n<tr>\n<td class=\"label\">Makset\u00e4htaeg<\/td>\n<td>Alipay, LC v\u00f5i TT 30% tagatisraha, 70% saldo enne saatmist<\/td>\n<\/tr>\n<tr>\n<td class=\"label\">P\u00e4ritolu<\/td>\n<td>Guangdong,Hiina<\/td>\n<\/tr>\n<tr>\n<td class=\"label\">Pakkimismeetod<\/td>\n<td>1.Inside : pakitud plastist kaitsekilega v\u00f5i pol\u00fckotiga.<br \/>\n2.V\u00e4ljaspool: pakitud veekindla j\u00f5upaberiga iga kimbu jaoks.<br \/>\n3.Muu pakkimismeetod vastavalt kokkuleppele.<\/td>\n<\/tr>\n<\/table>\n<h2>Meie tootmisbaas<\/h2>\n<h3>Tehase panoraam<\/h3>\n<p><img decoding=\"async\" src=\"\/wp-content\/uploads\/factory-01.webp\"\/><\/p>\n<h3>Alumiiniumvarraste tootmise t\u00f6\u00f6koda<\/h3>\n<p><img decoding=\"async\" src=\"\/wp-content\/uploads\/factory-02.webp\"\/><\/p>\n<p><img decoding=\"async\" src=\"\/wp-content\/uploads\/factory-03.webp\"\/><\/p>\n<h3>hallituse ladustamise ladu<\/h3>\n<p><img decoding=\"async\" src=\"\/wp-content\/uploads\/factory-04.webp\"\/><\/p>\n<h3>43 alumiiniumi ekstrusiooniliini (500-5500 tonni)<\/h3>\n<p><img decoding=\"async\" src=\"\/wp-content\/uploads\/factory-05.webp\"\/><\/p>\n<p><img decoding=\"async\" src=\"\/wp-content\/uploads\/factory-06.webp\"\/><\/p>\n<p><img decoding=\"async\" src=\"\/wp-content\/uploads\/factory-07.webp\"\/><\/p>\n<h3>Pulberv\u00e4rvimise t\u00f6\u00f6koda<\/h3>\n<p><img decoding=\"async\" src=\"\/wp-content\/uploads\/factory-09.webp\"\/><\/p>\n<h3>Anodiseerimise t\u00f6\u00f6koda<\/h3>\n<p><img decoding=\"async\" src=\"\/wp-content\/uploads\/factory-10.webp\"\/><\/p>\n<h3>S\u00fcgavt\u00f6\u00f6tlemise t\u00f6\u00f6tuba<\/h3>\n<p><img decoding=\"async\" src=\"\/wp-content\/uploads\/factory-11.webp\"\/><\/p>\n<h3>CNC-t\u00e4ppist\u00f6\u00f6tlemise t\u00f6\u00f6koda<\/h3>\n<p><img decoding=\"async\" src=\"\/wp-content\/uploads\/factory-11.5.webp\"\/><\/p>\n<h3>Valmistoodete ja ekspordi ladu<\/h3>\n<p><img decoding=\"async\" src=\"\/wp-content\/uploads\/factory-12.webp\"\/><\/p>\n<p><img decoding=\"async\" src=\"\/wp-content\/uploads\/factory-13.webp\"\/><\/p>\n<p><img decoding=\"async\" src=\"\/wp-content\/uploads\/factory-14.webp\"\/><\/p>\n<h2>KKK<\/h2>\n<p><p><b>1.Mis on aknapressiooniprofiilid? <\/b><\/p>\n<p> Aknapressiooniprofiilid on spetsiaalselt vormitud alumiiniumprofiilid, mida kasutatakse aknaraamide ehitamiseks ja toetamiseks arhitektuuri- ja t\u00f6\u00f6stusrakendustes.<br \/>\n<\/p><br \/>\n<br \/>\n<p><b>2.Miks kasutada alumiiniumi aknaprusside profiilide jaoks? <\/b><\/p>\n<p> Alumiinium pakub vastupidavust, korrosioonikindlust ja kerget konstruktsiooni, mis muudab selle ideaalseks aknaraami pikaajaliseks kasutamiseks.<br \/>\n<\/p><br \/>\n<br \/>\n<p><b>3.Kas need profiilid toetavad topelt- v\u00f5i kolmekordseid klaase? <\/b><\/p>\n<p> Jah, aknaprofiilid on m\u00f5eldud mitmesuguste klaasit\u00fc\u00fcpide, sealhulgas kahe- ja kolmekordse klaasi paigaldamiseks.<br \/>\n<\/p><br \/>\n<br \/>\n<p><b>4.Kas aknapressiooniprofiilid on kohandatavad? <\/b><\/p>\n<p> Kindlasti saab neid kohandada kuju, suuruse, paksuse ja pinnaviimistluse poolest, et need vastaksid konkreetsetele disaini- ja funktsionaalsetele n\u00f5uetele.<br \/>\n<\/p><br \/>\n<br \/>\n<p><b>5.Millised aknaprofiilide viimistlused on saadaval? <\/b><\/p>\n<p> Levinud viimistlused on anodeeritud, pulberv\u00e4rvitud, PVDF ja puidumass, mis tagavad nii funktsionaalse kaitse kui ka visuaalse atraktiivsuse.<br \/>\n<\/p><br \/>\n<br \/>\n<p><b>6.Kas alumiiniumist aknaprofiilid on ilmastikukindlad? <\/b><\/p>\n<p> Jah, korraliku pinnat\u00f6\u00f6tluse korral toimivad need erakordselt h\u00e4sti niiskuse, UV-kiirguse ja temperatuurik\u00f5ikumiste vastu.<br \/>\n<\/p><br \/>\n<br \/>\n<p><b>7.Kas need profiilid vajavad palju hooldust? <\/b><\/p>\n<p> Ei, alumiiniumist aknaprofiilid on v\u00e4he hooldatavad ja vajavad v\u00e4limuse ja toimivuse s\u00e4ilitamiseks tavaliselt vaid aeg-ajalt puhastamist.<br \/>\n<\/p><br \/>\n<br \/>\n<p><b>8.Millised t\u00f6\u00f6stusharud kasutavad alumiiniumist aknaprofiile? <\/b><\/p>\n<p> Neid profiile kasutatakse laialdaselt elamutes, \u00e4rihoonetes, kardinaseintes ja t\u00f6\u00f6stuslike aknas\u00fcsteemide puhul.<br \/>\n<\/p><br \/><\/p>","protected":false},"featured_media":7783,"template":"","categories":[67],"class_list":["post-7784","product","type-product","status-publish","has-post-thumbnail","hentry","category-architectural-aluminium-profile"],"meta_box":{"hilight_text_group":{"product_hilight_text":"<li>Precision-extruded profiles ensure airtight and secure window frame construction.<\/li>\r\r\n<li>Lightweight aluminum material offers high strength and corrosion resistance.<\/li>\r\r\n<li>Customizable shapes, thicknesses, and finishes for various window designs.<\/li>\r\r\n<li>Compatible with multiple glazing options for thermal and acoustic insulation.<\/li>\r\r\n<li>Low maintenance and long-lasting performance in all weather conditions.<\/li>\r\r\n<li>Ideal for residential, commercial, and industrial window systems.<\/li>","product_chanpin_blog":"<ul>\r\r\n<li><a href=\"https:\/\/sinoextrud.com\/t-slot-v-slot-differences\/\" target=\"_blank\">t slot vs v slot<\/a><\/li>\r\r\n<li><a href=\"https:\/\/sinoextrud.com\/what-is-4040-aluminium-extrud\/\" target=\"_blank\">4040 aluminium extrusion<\/a><\/li>\r\r\n<li><a href=\"https:\/\/sinoextrud.com\/what-is-4040-aluminium-extrud\/\" target=\"_blank\">aluminum extrusions for industrial racks<\/a><\/li>\r\r\n<li><a href=\"https:\/\/sinoextrud.com\/powder-coating-aluminium-process\/\" target=\"_blank\">powder coating aluminium<\/a><\/li>\r\r\n<li><a href=\"https:\/\/sinoextrud.com\/what-is-an-aluminium-strip-ceiling\/\" target=\"_blank\">aluminium strip ceiling<\/a><\/li>\r\r\n<li><a href=\"https:\/\/sinoextrud.com\/what-is-a-heat-sink\/\" target=\"_blank\">what is a heat sink<\/a><\/li>\r\r\n<\/ul>","product_chanpin_chanpin":"<li><a href=\"https:\/\/sinoextrud.com\/product\/aluminum-profile-for-curtain\/\" target=\"_blank\">Aluminum Profile for Curtain<\/a><\/li>\r\n<li><a href=\"https:\/\/sinoextrud.com\/product\/aluminum-profile-slider-for-window-curtain\/\" target=\"_blank\">Aluminum Profile Slider For Window Curtain<\/a><\/li>\r\n<li><a href=\"https:\/\/sinoextrud.com\/product\/aluminum-profile-wardrobe-hanging-rail\/\" target=\"_blank\">Aluminum Profile Wardrobe Hanging Rail<\/a><\/li>\r\n<li><a href=\"https:\/\/sinoextrud.com\/product\/anodizing-aluminium-alloy-wire-slot\/\" target=\"_blank\">Anodizing Aluminium Alloy Wire Slot<\/a><\/li>\r\n<li><a href=\"https:\/\/sinoextrud.com\/product\/window-extrusion-profiles\/\" target=\"_blank\">Window Extrusion Profiles<\/a><\/li>\r\n<li><a href=\"https:\/\/sinoextrud.com\/product\/aluminum-outdoor-louver\/\" target=\"_blank\">Aluminum Outdoor Louver<\/a><\/li>\r\n<li><a href=\"https:\/\/sinoextrud.com\/product\/aluminium-extrusion-profile\/\" target=\"_blank\">Aluminium Extrusion Profile<\/a><\/li>\r\n<li><a href=\"https:\/\/sinoextrud.com\/product\/extruded-aluminium-electronics-enclosures\/\" target=\"_blank\">Extruded aluminium electronics enclosures<\/a><\/li>\r\n<li><a href=\"https:\/\/sinoextrud.com\/product\/aluminum-curtain-wall-powder-coating-properties-prices-competitive-extrusion-uses-in-construction\/\" target=\"_blank\">aluminum curtain wall Powder Coating properties prices competitive Extrusion uses in construction<\/a><\/li>\r\n<li><a href=\"https:\/\/sinoextrud.com\/product\/aluminium-profile-systems\/\" target=\"_blank\">Aluminium Profile Systems<\/a><\/li>\r\n<li><a href=\"https:\/\/sinoextrud.com\/product\/aluminum-mirror-frame-extrusions\/\" target=\"_blank\">Aluminum Mirror Frame Extrusions<\/a><\/li>"},"feature_list":[]},"_links":{"self":[{"href":"https:\/\/sinoextrud.com\/et\/wp-json\/wp\/v2\/product\/7784","targetHints":{"allow":["GET"]}}],"collection":[{"href":"https:\/\/sinoextrud.com\/et\/wp-json\/wp\/v2\/product"}],"about":[{"href":"https:\/\/sinoextrud.com\/et\/wp-json\/wp\/v2\/types\/product"}],"wp:featuredmedia":[{"embeddable":true,"href":"https:\/\/sinoextrud.com\/et\/wp-json\/wp\/v2\/media\/7783"}],"wp:attachment":[{"href":"https:\/\/sinoextrud.com\/et\/wp-json\/wp\/v2\/media?parent=7784"}],"wp:term":[{"taxonomy":"category","embeddable":true,"href":"https:\/\/sinoextrud.com\/et\/wp-json\/wp\/v2\/categories?post=7784"}],"curies":[{"name":"wp","href":"https:\/\/api.w.org\/{rel}","templated":true}]}}