{"id":7761,"date":"2025-06-10T06:55:38","date_gmt":"2025-06-10T06:55:38","guid":{"rendered":"https:\/\/sinoextrud.com\/product\/glazing-channels-extrusions\/"},"modified":"2025-06-24T06:13:37","modified_gmt":"2025-06-24T06:13:37","slug":"klaasistamise-kanalite-ekstrusioonid","status":"publish","type":"product","link":"https:\/\/sinoextrud.com\/et\/product\/glazing-channels-extrusions\/","title":{"rendered":"Klaasikanalite ekstrusioonid"},"content":{"rendered":"<h2>Toodete \u00fcksikasjad<\/h2>\n<table class=\"custom-table\">\n<tr>\n<td class=\"label\">Mudel nr.:<\/td>\n<td> 6000-seeria \uff08Glasuurikanalite ekstrusioonid\uff09<\/td>\n<\/tr>\n<tr>\n<td class=\"label\">Pinna viimistlemine:<\/td>\n<td> Anodeeritud, puidumass, poleeritud, harjatud, elektroforeeritud<\/td>\n<\/tr>\n<tr>\n<td class=\"label\">Legeeriv koostisosa:<\/td>\n<td> 6063-T5, 6061-T6, 6463-T5, 7075-T6, 6082.<\/td>\n<\/tr>\n<tr>\n<td class=\"label\">Sertifitseerimine:<\/td>\n<td> CE, ISO, RoHS, TUV<\/td>\n<\/tr>\n<tr>\n<td class=\"label\">Poleeritud alumiiniumprofiil:<\/td>\n<td> Mehhaaniline poleerimine<\/td>\n<\/tr>\n<tr>\n<td class=\"label\">Tarneaeg:<\/td>\n<td> 20 p\u00e4eva p\u00e4rast hoiuse saamist<\/td>\n<\/tr>\n<tr>\n<td class=\"label\">Standard:<\/td>\n<td> GB\/75237-2004, Q\/320281\/Pdwd-2008<\/td>\n<\/tr>\n<tr>\n<td class=\"label\">Makset\u00e4htaeg:<\/td>\n<td> T \/ T, 30% ettemaks, samas kui saldo tuleb maksta<\/td>\n<\/tr>\n<tr>\n<td class=\"label\">Sadam:<\/td>\n<td> Shenzhen, Guangzhou, Foshan<\/td>\n<\/tr>\n<tr>\n<td class=\"label\">Garantii:<\/td>\n<td> Pinna v\u00e4rvus suudab s\u00e4ilitada 10 ~ 20 aastat F<\/td>\n<\/tr>\n<tr>\n<td class=\"label\">V\u00e4rvid:<\/td>\n<td> Anodeeritud, puidumass, pulberv\u00e4rvimine<\/td>\n<\/tr>\n<tr>\n<td class=\"label\">Objekt:<\/td>\n<td> Alumiiniumi ekstrusioon<\/td>\n<\/tr>\n<tr>\n<td class=\"label\">MOQ:<\/td>\n<td> 200KG iga eseme kohta<\/td>\n<\/tr>\n<tr>\n<td class=\"label\">S\u00fcgav protsess:<\/td>\n<td> CNC, puurimine, freesimine, l\u00f5ikamine, keevitamine, painutamine<\/td>\n<\/tr>\n<tr>\n<td class=\"label\">Kaubam\u00e4rk:<\/td>\n<td> OEM<\/td>\n<\/tr>\n<tr>\n<td class=\"label\">Transpordipakett:<\/td>\n<td> Plastkile v\u00f5i pol\u00fckott, veekindel k\u00e4sit\u00f6\u00f6paber<\/td>\n<\/tr>\n<tr>\n<td class=\"label\">Spetsifikatsioon:<\/td>\n<td> 1m-9m v\u00f5i kohandatud suurus<\/td>\n<\/tr>\n<tr>\n<td class=\"label\">P\u00e4ritolu:<\/td>\n<td> Foshan, Hiina<\/td>\n<\/tr>\n<tr>\n<td class=\"label\">HS-kood:<\/td>\n<td> 76042100<\/td>\n<\/tr>\n<\/table>\n<h2>Meie tootmisbaas<\/h2>\n<h3>Tehase panoraam<\/h3>\n<p><img decoding=\"async\" src=\"\/wp-content\/uploads\/factory-01.webp\"\/><\/p>\n<h3>Alumiiniumvarraste tootmise t\u00f6\u00f6koda<\/h3>\n<p><img decoding=\"async\" src=\"\/wp-content\/uploads\/factory-02.webp\"\/><\/p>\n<\/p>\n<p><img decoding=\"async\" src=\"\/wp-content\/uploads\/factory-03.webp\"\/><\/p>\n<h3>hallituse ladustamise ladu<\/h3>\n<p><img decoding=\"async\" src=\"\/wp-content\/uploads\/factory-04.webp\"\/><\/p>\n<h3>43 alumiiniumi ekstrusiooniliini (500-5500 tonni)<\/h3>\n<p><img decoding=\"async\" src=\"\/wp-content\/uploads\/factory-05.webp\"\/><\/p>\n<p><img decoding=\"async\" src=\"\/wp-content\/uploads\/factory-06.webp\"\/><\/p>\n<p><img decoding=\"async\" src=\"\/wp-content\/uploads\/factory-07.webp\"\/><\/p>\n<h3>Pulberv\u00e4rvimise t\u00f6\u00f6koda<\/h3>\n<p><img decoding=\"async\" src=\"\/wp-content\/uploads\/factory-09.webp\"\/><\/p>\n<h3>Anodiseerimise t\u00f6\u00f6koda<\/h3>\n<p><img decoding=\"async\" src=\"\/wp-content\/uploads\/factory-10.webp\"\/><\/p>\n<h3>S\u00fcgavt\u00f6\u00f6tlemise t\u00f6\u00f6tuba<\/h3>\n<p><img decoding=\"async\" src=\"\/wp-content\/uploads\/factory-11.webp\"\/><\/p>\n<h3>CNC-t\u00e4ppist\u00f6\u00f6tlemise t\u00f6\u00f6koda<\/h3>\n<p><img decoding=\"async\" src=\"\/wp-content\/uploads\/factory-11.5.webp\"\/><\/p>\n<h3>Valmistoodete ja ekspordi ladu<\/h3>\n<p><img decoding=\"async\" src=\"\/wp-content\/uploads\/factory-12.webp\"\/><\/p>\n<p><img decoding=\"async\" src=\"\/wp-content\/uploads\/factory-13.webp\"\/><\/p>\n<p><img decoding=\"async\" src=\"\/wp-content\/uploads\/factory-14.webp\"\/><\/p>\n<h2>KKK<\/h2>\n<p><b>1.Mis on klaasistamiskanalite ekstrusioonid?<\/b><\/p>\n<p>Klaasikanalid on alumiiniumprofiilid, mis on m\u00f5eldud klaaspaneelide turvaliseks hoidmiseks ja toetamiseks arhitektuuri- ja konstruktsioonirakendustes.\n<\/p>\n<p><\/p>\n<p><b>2.Millised on klaasistamise kanalite ekstrusiooni kasutamise eelised?<\/b><\/p>\n<p>Need pakuvad puhast v\u00e4limust, lihtsat paigaldust, korrosioonikindlust ja usaldusv\u00e4\u00e4rset sobivust eri paksusega klaaspaneelidele.\n<\/p>\n<p><\/p>\n<p><b>3.Kas klaaspakettide ekstrusioonid sobivad v\u00e4lisrakendusteks?<\/b><\/p>\n<p>Jah, need on valmistatud korrosioonikindlast alumiiniumist ja sobivad ideaalselt nii sise- kui ka v\u00e4lisklaasi paigaldamiseks.\n<\/p>\n<p><\/p>\n<p><b>4.Kas klaaskanalite ekstrusioonid toetavad erinevaid klaasisuurusi?<\/b><\/p>\n<p>Jah, need on saadaval erinevates suurustes ja sobivad erineva paksusega klaasile, et vastata erinevatele projektivajadustele.\n<\/p>\n<p><\/p>\n<p><b>5.Kas klaaspaketid on saadaval erinevates viimistlustes?<\/b><\/p>\n<p>Jah, me pakume anodeeritud, pulberv\u00e4rvitud ja kohandatud viimistlusi, mis vastavad arhitektuurilistele stiilidele ja eelistustele.\n<\/p>\n<p><\/p>\n<p><b>6.Kas klaaspakettide ekstrusioone on lihtne paigaldada?<\/b><\/p>\n<p>Jah, need on m\u00f5eldud kiireks ja turvaliseks paigaldamiseks standardvarustuse ja minimaalsete t\u00f6\u00f6riistadega.\n<\/p>\n<p><\/p>\n<p><b>7.Kus kasutatakse tavaliselt klaasistamise kanaleid?<\/b><\/p>\n<p>Neid kasutatakse laialdaselt kontoritevahelistes vaheseinades, poefoorides, kardinaseintes, klaasist balustraadides ja siseklaasis\u00fcsteemides.\n<\/p>\n<p><\/p>\n<p><b>8.Kuidas suurendavad klaaspaketid ekstrusioonidega ohutust?<\/b><\/p>\n<p>Need annavad klaaspaneelidele tugeva ja stabiilse raami, mis v\u00e4hendab nihkumise v\u00f5i purunemise ohtu koormuse all.\n<\/p>\n<p><\/p>","protected":false},"featured_media":7760,"template":"","categories":[67],"class_list":["post-7761","product","type-product","status-publish","has-post-thumbnail","hentry","category-architectural-aluminium-profile"],"meta_box":{"hilight_text_group":{"product_hilight_text":"<li>Precision-fit channels ensure secure and stable glass installation<\/li>\r\r\n<li>Made from corrosion-resistant aluminum for long-term durability<\/li>\r\r\n<li>Sleek, minimal profile ideal for modern architectural glazing<\/li>\r\r\n<li>Supports various glass thicknesses for design flexibility<\/li>\r\r\n<li>Easy to install with compatible accessories and fittings<\/li>\r\r\n<li>Available in anodized, powder-coated, and custom finishes<\/li>\r\r\n<li>Suitable for both interior partitions and exterior facades<\/li>","product_chanpin_blog":"<ul>\r\r\n<li><a href=\"https:\/\/sinoextrud.com\/t-slot-v-slot-differences\/\" target=\"_blank\">t slot vs v slot<\/a><\/li>\r\r\n<li><a href=\"https:\/\/sinoextrud.com\/what-is-4040-aluminium-extrud\/\" target=\"_blank\">4040 aluminium extrusion<\/a><\/li>\r\r\n<li><a href=\"https:\/\/sinoextrud.com\/what-is-4040-aluminium-extrud\/\" target=\"_blank\">aluminum extrusions for industrial racks<\/a><\/li>\r\r\n<li><a href=\"https:\/\/sinoextrud.com\/powder-coating-aluminium-process\/\" target=\"_blank\">powder coating aluminium<\/a><\/li>\r\r\n<li><a href=\"https:\/\/sinoextrud.com\/what-is-an-aluminium-strip-ceiling\/\" target=\"_blank\">aluminium strip ceiling<\/a><\/li>\r\r\n<li><a href=\"https:\/\/sinoextrud.com\/what-is-a-heat-sink\/\" target=\"_blank\">what is a heat sink<\/a><\/li>\r\r\n<\/ul>","product_chanpin_chanpin":"<li><a href=\"https:\/\/sinoextrud.com\/product\/item-structural-aluminum-extrusions\/\" target=\"_blank\">Item Structural Aluminum Extrusions<\/a><\/li>\r\n<li><a href=\"https:\/\/sinoextrud.com\/product\/aluminum-extrusions-stock-shapes\/\" target=\"_blank\">Aluminum Extrusions Stock Shapes<\/a><\/li>\r\n<li><a href=\"https:\/\/sinoextrud.com\/product\/aluminum-profiles-for-glass\/\" target=\"_blank\">Aluminum Profiles For Glass<\/a><\/li>\r\n<li><a href=\"https:\/\/sinoextrud.com\/product\/aluminum-window-extrusion-profiles-2\/\" target=\"_blank\">Aluminum Window Extrusion Profiles<\/a><\/li>\r\n<li><a href=\"https:\/\/sinoextrud.com\/product\/glazing-channels-extrusions\/\" target=\"_blank\">Glazing Channels Extrusions<\/a><\/li>\r\n<li><a href=\"https:\/\/sinoextrud.com\/product\/aluminum-picture-frame-extrusions\/\" target=\"_blank\">Aluminum Picture Frame Extrusions<\/a><\/li>\r\n<li><a href=\"https:\/\/sinoextrud.com\/product\/triangular-extruded-aluminum-tube\/\" target=\"_blank\">Triangular Extruded Aluminum Tube<\/a><\/li>\r\n<li><a href=\"https:\/\/sinoextrud.com\/product\/aluminum-picture-photo-artware-frame-mirror-polished-gold\/\" target=\"_blank\">Aluminum Picture Photo Artware Frame Mirror Polished Gold<\/a><\/li>\r\n<li><a href=\"https:\/\/sinoextrud.com\/product\/aluminum-profile-for-glass-railings\/\" target=\"_blank\">Aluminum Profile For Glass Railings<\/a><\/li>\r\n<li><a href=\"https:\/\/sinoextrud.com\/product\/anodized-aluminium-industrial-profile-aluminum-extrusion\/\" target=\"_blank\">Anodized Aluminium Industrial Profile & Aluminum Extrusion<\/a><\/li>\r\n<li><a href=\"https:\/\/sinoextrud.com\/product\/t-aluminum-profile\/\" target=\"_blank\">T Aluminum Profile<\/a><\/li>"},"feature_list":[]},"_links":{"self":[{"href":"https:\/\/sinoextrud.com\/et\/wp-json\/wp\/v2\/product\/7761","targetHints":{"allow":["GET"]}}],"collection":[{"href":"https:\/\/sinoextrud.com\/et\/wp-json\/wp\/v2\/product"}],"about":[{"href":"https:\/\/sinoextrud.com\/et\/wp-json\/wp\/v2\/types\/product"}],"wp:featuredmedia":[{"embeddable":true,"href":"https:\/\/sinoextrud.com\/et\/wp-json\/wp\/v2\/media\/7760"}],"wp:attachment":[{"href":"https:\/\/sinoextrud.com\/et\/wp-json\/wp\/v2\/media?parent=7761"}],"wp:term":[{"taxonomy":"category","embeddable":true,"href":"https:\/\/sinoextrud.com\/et\/wp-json\/wp\/v2\/categories?post=7761"}],"curies":[{"name":"wp","href":"https:\/\/api.w.org\/{rel}","templated":true}]}}