{"id":7743,"date":"2025-06-10T06:14:05","date_gmt":"2025-06-10T06:14:05","guid":{"rendered":"https:\/\/sinoextrud.com\/product\/extruded-aluminium-curtain-rails-profile-prices\/"},"modified":"2025-06-24T06:13:34","modified_gmt":"2025-06-24T06:13:34","slug":"pressitud-alumiiniumist-kardinate-profiilide-hinnad","status":"publish","type":"product","link":"https:\/\/sinoextrud.com\/et\/product\/extruded-aluminium-curtain-rails-profile-prices\/","title":{"rendered":"Ekstrudeeritud alumiiniumist kardinate profiilide hinnad"},"content":{"rendered":"<h2>Toodete \u00fcksikasjad<\/h2>\n<table class=\"custom-table\">\n<tr>\n<td class=\"label\">Objekt:<\/td>\n<td>Ekstrudeeritud alumiiniumist kardinate profiilide hinnad<\/td>\n<\/tr>\n<tr>\n<td class=\"label\">Materjal:<\/td>\n<td>100% alumiiniumprofiili sulam :6063-T5,6061-T6,6463-T5,7075-T6,6082,5052,2024,7005,6013,7020 jne.<\/td>\n<\/tr>\n<tr>\n<td class=\"label\">Br\u00e4ndi :<\/td>\n<td>Sinoextrud Aluminium\/Sinoextrud alumiiniumprofiilid <\/td>\n<\/tr>\n<tr>\n<td class=\"label\">Suurus:<\/td>\n<td>1m-9m v\u00f5i kohandatud suurus<\/td>\n<\/tr>\n<tr>\n<td class=\"label\">Taotlus<\/td>\n<td>M\u00f6\u00f6bel, aknad ja uksed, dekoratsioonid, t\u00f6\u00f6stus, ehitus jne.<\/td>\n<\/tr>\n<tr>\n<td class=\"label\">V\u00e4rvid:<\/td>\n<td>Anodeeritud, puidumass, pulberv\u00e4rvimine, anodeeritud poleeritud ja harjatud, elektroforees, flurokarbonaadiga pulberv\u00e4rvitud jne.<\/td>\n<\/tr>\n<tr>\n<td class=\"label\">MOQ:<\/td>\n<td>200 kg iga profiili kohta<\/td>\n<\/tr>\n<tr>\n<td class=\"label\">OEM teenus<\/td>\n<td>kliendi koostatud jooniste v\u00f5i n\u00e4idiste alusel<\/td>\n<\/tr>\n<tr>\n<td class=\"label\">Sertifitseerimine saadaval<\/td>\n<td>ISO:9001, SONCAP, BV sertifikaat v\u00f5i kliendi sertifikaat saadaval<\/td>\n<\/tr>\n<tr>\n<td class=\"label\">Pakendamise \u00fcksikasjad<\/td>\n<td>(1) Sisemine : pakitud plastist kaitsekilega, et kaitsta iga profiili<br \/>\n(2) V\u00e4ljaspool: pakitud veekindla k\u00e4sit\u00f6\u00f6paberiga<\/td>\n<\/tr>\n<tr>\n<td class=\"label\">Tarneaeg:<\/td>\n<td>(1) Die arendamine ja proovi testimine :12-18 p\u00e4eva.<br \/>\n(2) Tootmise kestus: 25-30 p\u00e4eva p\u00e4rast seda, kui ostja on proovi kinnitanud.<\/td>\n<\/tr>\n<tr>\n<td class=\"label\">Maksetingimused:<\/td>\n<td>T\/T, 30% ettemaks, samas kui saldo makstakse v\u00e4lja enne tarnimist.<\/td>\n<\/tr>\n<tr>\n<td class=\"label\">Arveldust\u00e4htaeg:<\/td>\n<td>L\u00f5plik makse p\u00f5hineb l\u00f5plikul tegelikul f\u00fc\u00fcsilisel kaalumisel.<\/td>\n<\/tr>\n<tr>\n<td class=\"label\">Tootmisv\u00f5imsus:<\/td>\n<td>15 000+ tonni kuus.<\/td>\n<\/tr>\n<tr>\n<td class=\"label\">Tootmise garantii<\/td>\n<td>Pinnav\u00e4rv on siseruumides kasutamisel v\u00f5imeline s\u00e4ilima 10-20 aastat.<\/td>\n<\/tr>\n<tr>\n<td class=\"label\">Sadam:<\/td>\n<td>FOB Shenzhen, Guangzhou, Foshan<\/td>\n<\/tr>\n<\/table>\n<h2>Meie tootmisbaas<\/h2>\n<h3>Tehase panoraam<\/h3>\n<p><img decoding=\"async\" src=\"\/wp-content\/uploads\/factory-01.webp\"\/><\/p>\n<h3>Alumiiniumvarraste tootmise t\u00f6\u00f6koda<\/h3>\n<p><img decoding=\"async\" src=\"\/wp-content\/uploads\/factory-02.webp\"\/><\/p>\n<\/p>\n<p><img decoding=\"async\" src=\"\/wp-content\/uploads\/factory-03.webp\"\/><\/p>\n<h3>hallituse ladustamise ladu<\/h3>\n<p><img decoding=\"async\" src=\"\/wp-content\/uploads\/factory-04.webp\"\/><\/p>\n<h3>43 alumiiniumi ekstrusiooniliini (500-5500 tonni)<\/h3>\n<p><img decoding=\"async\" src=\"\/wp-content\/uploads\/factory-05.webp\"\/><\/p>\n<p><img decoding=\"async\" src=\"\/wp-content\/uploads\/factory-06.webp\"\/><\/p>\n<p><img decoding=\"async\" src=\"\/wp-content\/uploads\/factory-07.webp\"\/><\/p>\n<h3>Pulberv\u00e4rvimise t\u00f6\u00f6koda<\/h3>\n<p><img decoding=\"async\" src=\"\/wp-content\/uploads\/factory-09.webp\"\/><\/p>\n<h3>Anodiseerimise t\u00f6\u00f6koda<\/h3>\n<p><img decoding=\"async\" src=\"\/wp-content\/uploads\/factory-10.webp\"\/><\/p>\n<h3>S\u00fcgavt\u00f6\u00f6tlemise t\u00f6\u00f6tuba<\/h3>\n<p><img decoding=\"async\" src=\"\/wp-content\/uploads\/factory-11.webp\"\/><\/p>\n<h3>CNC-t\u00e4ppist\u00f6\u00f6tlemise t\u00f6\u00f6koda<\/h3>\n<p><img decoding=\"async\" src=\"\/wp-content\/uploads\/factory-11.5.webp\"\/><\/p>\n<h3>Valmistoodete ja ekspordi ladu<\/h3>\n<p><img decoding=\"async\" src=\"\/wp-content\/uploads\/factory-12.webp\"\/><\/p>\n<p><img decoding=\"async\" src=\"\/wp-content\/uploads\/factory-13.webp\"\/><\/p>\n<p><img decoding=\"async\" src=\"\/wp-content\/uploads\/factory-14.webp\"\/><\/p>\n<h2>KKK<\/h2>\n<p><b>1.Mis on pressitud alumiiniumist kardinate profiil?<\/b><\/p>\n<p>See on alumiiniumprofiil, mis on m\u00f5eldud kardinate liikumise toetamiseks ja juhtimiseks ning mida kasutatakse laialdaselt elamute ja \u00e4ritegevuse aknakatetes.\n<\/p>\n<p><\/p>\n<p><b>2.Miks valida pressitud alumiiniumist kardinaraudade jaoks?<\/b><\/p>\n<p>Pressitud alumiinium on kerge, vastupidav, korrosioonikindel ja pakub sujuvat libisemist, mis tagab kardina pikaajalise funktsionaalsuse.\n<\/p>\n<p><\/p>\n<p><b>3.Kas alumiiniumist kardinar\u00f6\u00f6paid saab kohandada?<\/b><\/p>\n<p>Jah, neid saab kohandada pikkuse, profiili kuju, v\u00e4rvi ja paigaldusstiili poolest, et need sobiksid erinevate rakenduste ja esteetika jaoks.\n<\/p>\n<p><\/p>\n<p><b>4.Kui palju maksavad alumiiniumist kardinaprofiilid tavaliselt?<\/b><\/p>\n<p>Hinnad varieeruvad suuruse, viimistluse ja tellimuse koguse j\u00e4rgi, kuid otse tootjalt ostmine tagab konkurentsiv\u00f5imelise ja kuluefektiivse hinnakujunduse.\n<\/p>\n<p><\/p>\n<p><b>5.Kas pressitud alumiiniumist kardinar\u00f6\u00f6paid on lihtne paigaldada?<\/b><\/p>\n<p>Kindlasti on need m\u00f5eldud kiireks ja turvaliseks paigaldamiseks, kasutades standardseid kinnitusklambreid ja riistvara.\n<\/p>\n<p><\/p>\n<p><b>6.Kas alumiiniumist kardinar\u00f6\u00f6pad sobivad k\u00f5ikide kardinat\u00fc\u00fcpidega?<\/b><\/p>\n<p>Jah, need \u00fchilduvad eri t\u00fc\u00fcpi kardinakonksude, rullide ja r\u00f6\u00f6baste s\u00fcsteemidega, pakkudes paindlikku disaini.\n<\/p>\n<p><\/p>\n<p><b>7.Millised viimistlused on saadaval alumiiniumist kardinaraudade profiilide puhul?<\/b><\/p>\n<p>Levinud viimistlused on anodeeritud, pulberv\u00e4rvitud, harjatud ja poleeritud, mis pakuvad nii visuaalset atraktiivsust kui ka pinnakaitset.\n<\/p>\n<p><\/p>","protected":false},"featured_media":7742,"template":"","categories":[67],"class_list":["post-7743","product","type-product","status-publish","has-post-thumbnail","hentry","category-architectural-aluminium-profile"],"meta_box":{"hilight_text_group":{"product_hilight_text":"<li>High-quality extruded aluminum ensures smooth and durable curtain rail operation<\/li>\r\r\n<li>Lightweight and rust-resistant for long-term indoor use<\/li>\r\r\n<li>Custom lengths, finishes, and shapes available to match interior designs<\/li>\r\r\n<li>Easy to install and compatible with various curtain systems<\/li>\r\r\n<li>Cost-effective pricing directly from the manufacturer<\/li>\r\r\n<li>Suitable for residential, commercial, and hotel curtain installations<\/li>","product_chanpin_blog":"<ul>\r\r\n<li><a href=\"https:\/\/sinoextrud.com\/t-slot-v-slot-differences\/\" target=\"_blank\">t slot vs v slot<\/a><\/li>\r\r\n<li><a href=\"https:\/\/sinoextrud.com\/what-is-4040-aluminium-extrud\/\" target=\"_blank\">4040 aluminium extrusion<\/a><\/li>\r\r\n<li><a href=\"https:\/\/sinoextrud.com\/what-is-4040-aluminium-extrud\/\" target=\"_blank\">aluminum extrusions for industrial racks<\/a><\/li>\r\r\n<li><a href=\"https:\/\/sinoextrud.com\/powder-coating-aluminium-process\/\" target=\"_blank\">powder coating aluminium<\/a><\/li>\r\r\n<li><a href=\"https:\/\/sinoextrud.com\/what-is-an-aluminium-strip-ceiling\/\" target=\"_blank\">aluminium strip ceiling<\/a><\/li>\r\r\n<li><a href=\"https:\/\/sinoextrud.com\/what-is-a-heat-sink\/\" target=\"_blank\">what is a heat sink<\/a><\/li>\r\r\n<\/ul>","product_chanpin_chanpin":"<li><a href=\"https:\/\/sinoextrud.com\/product\/aluminium-sliding-casement-window-profile\/\" target=\"_blank\">Aluminium Sliding Casement Window Profile<\/a><\/li>\r\n<li><a href=\"https:\/\/sinoextrud.com\/product\/industrial-aluminium-doors\/\" target=\"_blank\">Industrial Aluminium Doors<\/a><\/li>\r\n<li><a href=\"https:\/\/sinoextrud.com\/product\/double-angle-aluminium-extrusion\/\" target=\"_blank\">Double Angle Aluminium Extrusion<\/a><\/li>\r\n<li><a href=\"https:\/\/sinoextrud.com\/product\/aluminium-sections-for-doors-and-windows\/\" target=\"_blank\">Aluminium Sections For Doors And Windows<\/a><\/li>\r\n<li><a href=\"https:\/\/sinoextrud.com\/product\/extruded-aluminium-curtain-rails-profile-prices\/\" target=\"_blank\">Extruded Aluminium Curtain Rails Profile Prices<\/a><\/li>\r\n<li><a href=\"https:\/\/sinoextrud.com\/product\/h-section-aluminium-extrusion\/\" target=\"_blank\">H Section Aluminium Extrusion<\/a><\/li>\r\n<li><a href=\"https:\/\/sinoextrud.com\/product\/aluminum-cabinet-extrusions\/\" target=\"_blank\">Aluminum Cabinet Extrusions<\/a><\/li>\r\n<li><a href=\"https:\/\/sinoextrud.com\/product\/aluminum-window-blinds-profiles\/\" target=\"_blank\">Aluminum Window Blinds Profiles<\/a><\/li>\r\n<li><a href=\"https:\/\/sinoextrud.com\/product\/extruded-aluminum-door-frame\/\" target=\"_blank\">Extruded Aluminum Door Frame<\/a><\/li>\r\n<li><a href=\"https:\/\/sinoextrud.com\/product\/aluminium-profile-10x10\/\" target=\"_blank\">Aluminium Profile 10\u00c3\u201410<\/a><\/li>\r\n<li><a href=\"https:\/\/sinoextrud.com\/product\/aluminum-extrusion-housing\/\" target=\"_blank\">Aluminum Extrusion Housing<\/a><\/li>"},"feature_list":[]},"_links":{"self":[{"href":"https:\/\/sinoextrud.com\/et\/wp-json\/wp\/v2\/product\/7743","targetHints":{"allow":["GET"]}}],"collection":[{"href":"https:\/\/sinoextrud.com\/et\/wp-json\/wp\/v2\/product"}],"about":[{"href":"https:\/\/sinoextrud.com\/et\/wp-json\/wp\/v2\/types\/product"}],"wp:featuredmedia":[{"embeddable":true,"href":"https:\/\/sinoextrud.com\/et\/wp-json\/wp\/v2\/media\/7742"}],"wp:attachment":[{"href":"https:\/\/sinoextrud.com\/et\/wp-json\/wp\/v2\/media?parent=7743"}],"wp:term":[{"taxonomy":"category","embeddable":true,"href":"https:\/\/sinoextrud.com\/et\/wp-json\/wp\/v2\/categories?post=7743"}],"curies":[{"name":"wp","href":"https:\/\/api.w.org\/{rel}","templated":true}]}}