{"id":7741,"date":"2025-06-10T06:12:19","date_gmt":"2025-06-10T06:12:19","guid":{"rendered":"https:\/\/sinoextrud.com\/product\/aluminium-sections-for-doors-and-windows\/"},"modified":"2025-06-24T06:13:33","modified_gmt":"2025-06-24T06:13:33","slug":"uste-ja-akende-alumiiniumprofiilid","status":"publish","type":"product","link":"https:\/\/sinoextrud.com\/et\/product\/aluminium-sections-for-doors-and-windows\/","title":{"rendered":"Alumiiniumprofiilid ustele ja akendele"},"content":{"rendered":"<h2>Toodete \u00fcksikasjad<\/h2>\n<table class=\"custom-table\">\n<tr>\n<td class=\"label\">Isoleerimisriba \u00fchine kuju:<\/td>\n<td> Y\/I\/C\/T\/Kohandatud <\/td>\n<\/tr>\n<tr>\n<td class=\"label\">PA-isolatsiooniriba:<\/td>\n<td>    &gt;=126N\/mm<\/td>\n<\/tr>\n<tr>\n<td class=\"label\">PVC-isolatsiooniriba:<\/td>\n<td> Umbes 70N\/mm<\/p>\n<p>Kuumuse k\u00f5rvalekaldumise temperatuur<\/td>\n<\/tr>\n<tr>\n<td class=\"label\">PA-isolatsiooniriba:<\/td>\n<td>   240oC<\/td>\n<\/tr>\n<tr>\n<td class=\"label\">PVC-isolatsiooniriba:<\/td>\n<td>   90oC<\/td>\n<\/tr>\n<\/table>\n<h2>Meie tootmisbaas<\/h2>\n<h3>Tehase panoraam<\/h3>\n<p><img decoding=\"async\" src=\"\/wp-content\/uploads\/factory-01.webp\"\/><\/p>\n<h3>Alumiiniumvarraste tootmise t\u00f6\u00f6koda<\/h3>\n<p><img decoding=\"async\" src=\"\/wp-content\/uploads\/factory-02.webp\"\/><\/p>\n<p><img decoding=\"async\" src=\"\/wp-content\/uploads\/factory-03.webp\"\/><\/p>\n<h3>hallituse ladustamise ladu<\/h3>\n<p><img decoding=\"async\" src=\"\/wp-content\/uploads\/factory-04.webp\"\/><\/p>\n<h3>43 alumiiniumi ekstrusiooniliini (500-5500 tonni)<\/h3>\n<p><img decoding=\"async\" src=\"\/wp-content\/uploads\/factory-05.webp\"\/><\/p>\n<p><img decoding=\"async\" src=\"\/wp-content\/uploads\/factory-06.webp\"\/><\/p>\n<p><img decoding=\"async\" src=\"\/wp-content\/uploads\/factory-07.webp\"\/><\/p>\n<h3>Pulberv\u00e4rvimise t\u00f6\u00f6koda<\/h3>\n<p><img decoding=\"async\" src=\"\/wp-content\/uploads\/factory-09.webp\"\/><\/p>\n<h3>Anodiseerimise t\u00f6\u00f6koda<\/h3>\n<p><img decoding=\"async\" src=\"\/wp-content\/uploads\/factory-10.webp\"\/><\/p>\n<h3>S\u00fcgavt\u00f6\u00f6tlemise t\u00f6\u00f6tuba<\/h3>\n<p><img decoding=\"async\" src=\"\/wp-content\/uploads\/factory-11.webp\"\/><\/p>\n<h3>CNC-t\u00e4ppist\u00f6\u00f6tlemise t\u00f6\u00f6koda<\/h3>\n<p><img decoding=\"async\" src=\"\/wp-content\/uploads\/factory-11.5.webp\"\/><\/p>\n<h3>Valmistoodete ja ekspordi ladu<\/h3>\n<p><img decoding=\"async\" src=\"\/wp-content\/uploads\/factory-12.webp\"\/><\/p>\n<p><img decoding=\"async\" src=\"\/wp-content\/uploads\/factory-13.webp\"\/><\/p>\n<p><img decoding=\"async\" src=\"\/wp-content\/uploads\/factory-14.webp\"\/><\/p>\n<h2>KKK<\/h2>\n<p><p><b>1.Mis on alumiiniumprofiilid uste ja akende jaoks?<\/b><\/p>\n<p>Alumiiniumprofiilid uste ja akende jaoks on spetsiaalsed profiilid, mis on m\u00f5eldud uste ja aknas\u00fcsteemide raamimiseks ja toetamiseks, mis on vastupidavad ja esteetilised.<br \/>\n<\/p><br \/>\n<br \/>\n<p><b>2.Kas alumiiniumprofiilid on uste ja akende puhul pikaajaliseks kasutamiseks vastupidavad?<\/b><\/p>\n<p>Jah, uste ja akende alumiiniumprofiilid pakuvad suurep\u00e4rast vastupidavust, korrosioonikindlust ja ilmastikukaitset, mis tagavad pikaajalise toimimise.<br \/>\n<\/p><br \/>\n<br \/>\n<p><b>3.Kas alumiiniumist uste ja akende sektsioonid v\u00f5ivad parandada energiat\u00f5husust?<\/b><\/p>\n<p>Jah, kui need sektsioonid on projekteeritud termilise katkestustehnoloogiaga, aitavad need v\u00e4hendada soojus\u00fclekannet, parandades hoonete energiat\u00f5husust.<br \/>\n<\/p><br \/>\n<br \/>\n<p><b>4.Kas alumiiniumprofiilid on saadaval erinevates stiilides ja viimistlustes?<\/b><\/p>\n<p>Jah, uste ja akende alumiiniumprofiilid on saadaval erinevates stiilides, anodeeritud v\u00f5i pulberv\u00e4rvitud viimistlustes ja mitmes v\u00e4rvitoonis, mis sobivad erinevatele disainilahendustele.<br \/>\n<\/p><br \/>\n<br \/>\n<p><b>5.Kas need alumiiniumprofiilid sobivad nii elamu- kui ka \u00e4rikasutuseks?<\/b><\/p>\n<p>Kindlasti kasutatakse alumiiniumprofiile uste ja akende jaoks laialdaselt nii elamu- kui ka \u00e4rihoonete projektides nende tugevuse ja mitmek\u00fclgsuse t\u00f5ttu.<br \/>\n<\/p><br \/><\/p>","protected":false},"featured_media":7740,"template":"","categories":[67],"class_list":["post-7741","product","type-product","status-publish","has-post-thumbnail","hentry","category-architectural-aluminium-profile"],"meta_box":{"hilight_text_group":{"product_hilight_text":"<li>Precision-engineered profiles ensure perfect fit for door and window systems<\/li>\r\r\n<li>High strength-to-weight ratio enhances structural stability<\/li>\r\r\n<li>Corrosion-resistant finish suitable for all weather conditions<\/li>\r\r\n<li>Supports thermal break technology for better energy efficiency<\/li>\r\r\n<li>Available in a variety of finishes and colors for aesthetic flexibility<\/li>","product_chanpin_blog":"<ul>\r\r\n<li><a href=\"https:\/\/sinoextrud.com\/t-slot-v-slot-differences\/\" target=\"_blank\">t slot vs v slot<\/a><\/li>\r\r\n<li><a href=\"https:\/\/sinoextrud.com\/what-is-4040-aluminium-extrud\/\" target=\"_blank\">4040 aluminium extrusion<\/a><\/li>\r\r\n<li><a href=\"https:\/\/sinoextrud.com\/what-is-4040-aluminium-extrud\/\" target=\"_blank\">aluminum extrusions for industrial racks<\/a><\/li>\r\r\n<li><a href=\"https:\/\/sinoextrud.com\/powder-coating-aluminium-process\/\" target=\"_blank\">powder coating aluminium<\/a><\/li>\r\r\n<li><a href=\"https:\/\/sinoextrud.com\/what-is-an-aluminium-strip-ceiling\/\" target=\"_blank\">aluminium strip ceiling<\/a><\/li>\r\r\n<li><a href=\"https:\/\/sinoextrud.com\/what-is-a-heat-sink\/\" target=\"_blank\">what is a heat sink<\/a><\/li>\r\r\n<\/ul>","product_chanpin_chanpin":"<li><a href=\"https:\/\/sinoextrud.com\/product\/structural-aluminium-profiles\/\" target=\"_blank\">Structural Aluminium Profiles<\/a><\/li>\r\n<li><a href=\"https:\/\/sinoextrud.com\/product\/aluminium-sliding-casement-window-profile\/\" target=\"_blank\">Aluminium Sliding Casement Window Profile<\/a><\/li>\r\n<li><a href=\"https:\/\/sinoextrud.com\/product\/industrial-aluminium-doors\/\" target=\"_blank\">Industrial Aluminium Doors<\/a><\/li>\r\n<li><a href=\"https:\/\/sinoextrud.com\/product\/double-angle-aluminium-extrusion\/\" target=\"_blank\">Double Angle Aluminium Extrusion<\/a><\/li>\r\n<li><a href=\"https:\/\/sinoextrud.com\/product\/aluminium-sections-for-doors-and-windows\/\" target=\"_blank\">Aluminium Sections For Doors And Windows<\/a><\/li>\r\n<li><a href=\"https:\/\/sinoextrud.com\/product\/extruded-aluminium-curtain-rails-profile-prices\/\" target=\"_blank\">Extruded Aluminium Curtain Rails Profile Prices<\/a><\/li>\r\n<li><a href=\"https:\/\/sinoextrud.com\/product\/h-section-aluminium-extrusion\/\" target=\"_blank\">H Section Aluminium Extrusion<\/a><\/li>\r\n<li><a href=\"https:\/\/sinoextrud.com\/product\/aluminum-cabinet-extrusions\/\" target=\"_blank\">Aluminum Cabinet Extrusions<\/a><\/li>\r\n<li><a href=\"https:\/\/sinoextrud.com\/product\/aluminum-window-blinds-profiles\/\" target=\"_blank\">Aluminum Window Blinds Profiles<\/a><\/li>\r\n<li><a href=\"https:\/\/sinoextrud.com\/product\/aluminum-h-shaped-connected-panels-profile-for-safe-non-slip-walkway-panel-temporary-ground-road\/\" target=\"_blank\">Aluminum H-shaped Connected Panels Profile For Safe Non-slip Walkway Panel Temporary Ground Road<\/a><\/li>\r\n<li><a href=\"https:\/\/sinoextrud.com\/product\/fluorocarbon-coated-heavy-duty-exposed-aluminium-frame-glazed-building-curtain-wall-aluminium-profile\/\" target=\"_blank\">Fluorocarbon coated heavy duty exposed aluminium frame glazed building curtain wall aluminium profile<\/a><\/li>"},"feature_list":[]},"_links":{"self":[{"href":"https:\/\/sinoextrud.com\/et\/wp-json\/wp\/v2\/product\/7741","targetHints":{"allow":["GET"]}}],"collection":[{"href":"https:\/\/sinoextrud.com\/et\/wp-json\/wp\/v2\/product"}],"about":[{"href":"https:\/\/sinoextrud.com\/et\/wp-json\/wp\/v2\/types\/product"}],"wp:featuredmedia":[{"embeddable":true,"href":"https:\/\/sinoextrud.com\/et\/wp-json\/wp\/v2\/media\/7740"}],"wp:attachment":[{"href":"https:\/\/sinoextrud.com\/et\/wp-json\/wp\/v2\/media?parent=7741"}],"wp:term":[{"taxonomy":"category","embeddable":true,"href":"https:\/\/sinoextrud.com\/et\/wp-json\/wp\/v2\/categories?post=7741"}],"curies":[{"name":"wp","href":"https:\/\/api.w.org\/{rel}","templated":true}]}}