{"id":7737,"date":"2025-06-10T02:50:03","date_gmt":"2025-06-10T02:50:03","guid":{"rendered":"https:\/\/sinoextrud.com\/product\/industrial-aluminium-doors\/"},"modified":"2025-06-24T06:13:32","modified_gmt":"2025-06-24T06:13:32","slug":"toostuslikud-alumiiniumist-uksed","status":"publish","type":"product","link":"https:\/\/sinoextrud.com\/et\/product\/industrial-aluminium-doors\/","title":{"rendered":"T\u00f6\u00f6stuslikud alumiiniumuksed"},"content":{"rendered":"<h2>Toodete \u00fcksikasjad<\/h2>\n<table class=\"custom-table\">\n<tbody>\n<tr>\n<td> Mudel nr.:<\/td>\n<td> 6063-T5 T6, 6061-T6 t\u00f6\u00f6stuslikud alumiiniumuksed<\/td>\n<\/tr>\n<tr>\n<td> Temperament:<\/td>\n<td> T3-T8<\/td>\n<\/tr>\n<tr>\n<td> Sulam:<\/td>\n<td> Sulam<\/td>\n<\/tr>\n<tr>\n<td> Kvaliteet:<\/td>\n<td> Konkurentsiv\u00f5imeline<\/td>\n<\/tr>\n<tr>\n<td> Hinna kehtivus:<\/td>\n<td> 2 n\u00e4dalat<\/td>\n<\/tr>\n<tr>\n<td> N\u00e4ide:<\/td>\n<td> V\u00f5ib teha p\u00e4rast tellimuse kinnitamist<\/td>\n<\/tr>\n<tr>\n<td> Veskikatsete sertifikaat:<\/td>\n<td> V\u00f5ib pakkuda<\/td>\n<\/tr>\n<tr>\n<td> Kasutamine:<\/td>\n<td> Uks, aken v\u00f5i muu konstruktsioon<\/td>\n<\/tr>\n<tr>\n<td> Transpordipakett:<\/td>\n<td> Merek\u00f5lblik<\/td>\n<\/tr>\n<tr>\n<td> P\u00e4ritolu:<\/td>\n<td> Hiina<\/td>\n<\/tr>\n<tr>\n<td> Pinna viimistlemine:<\/td>\n<td> Pulbri pihustamine<\/td>\n<\/tr>\n<tr>\n<td> Sertifitseerimine:<\/td>\n<td> CE, ISO, SGS<\/td>\n<\/tr>\n<tr>\n<td> Hinnad:<\/td>\n<td> Konkurentsiv\u00f5imeline<\/td>\n<\/tr>\n<tr>\n<td> Tarnetingimused:<\/td>\n<td> Atraktiivne<\/td>\n<\/tr>\n<tr>\n<td> Muster:<\/td>\n<td> kui kliendi joonis<\/td>\n<\/tr>\n<tr>\n<td> Tooraine:<\/td>\n<td> 6000 T\u00f5sine<\/td>\n<\/tr>\n<tr>\n<td> Kolmanda osapoole sekkumine:<\/td>\n<td> Saadaval<\/td>\n<\/tr>\n<\/tbody>\n<\/table>\n<h2>Meie tootmisbaas<\/h2>\n<h3>Tehase panoraam<\/h3>\n<p><img decoding=\"async\" src=\"\/wp-content\/uploads\/factory-01.webp\"\/><\/p>\n<h3>Alumiiniumvarraste tootmise t\u00f6\u00f6koda<\/h3>\n<p><img decoding=\"async\" src=\"\/wp-content\/uploads\/factory-02.webp\"\/><\/p>\n<\/p>\n<p><img decoding=\"async\" src=\"\/wp-content\/uploads\/factory-03.webp\"\/><\/p>\n<h3>hallituse ladustamise ladu<\/h3>\n<p><img decoding=\"async\" src=\"\/wp-content\/uploads\/factory-04.webp\"\/><\/p>\n<h3>43 alumiiniumi ekstrusiooniliini (500-5500 tonni)<\/h3>\n<p><img decoding=\"async\" src=\"\/wp-content\/uploads\/factory-05.webp\"\/><\/p>\n<p><img decoding=\"async\" src=\"\/wp-content\/uploads\/factory-06.webp\"\/><\/p>\n<p><img decoding=\"async\" src=\"\/wp-content\/uploads\/factory-07.webp\"\/><\/p>\n<h3>Pulberv\u00e4rvimise t\u00f6\u00f6koda<\/h3>\n<p><img decoding=\"async\" src=\"\/wp-content\/uploads\/factory-09.webp\"\/><\/p>\n<h3>Anodiseerimise t\u00f6\u00f6koda<\/h3>\n<p><img decoding=\"async\" src=\"\/wp-content\/uploads\/factory-10.webp\"\/><\/p>\n<h3>S\u00fcgavt\u00f6\u00f6tlemise t\u00f6\u00f6tuba<\/h3>\n<p><img decoding=\"async\" src=\"\/wp-content\/uploads\/factory-11.webp\"\/><\/p>\n<h3>CNC-t\u00e4ppist\u00f6\u00f6tlemise t\u00f6\u00f6koda<\/h3>\n<p><img decoding=\"async\" src=\"\/wp-content\/uploads\/factory-11.5.webp\"\/><\/p>\n<h3>Valmistoodete ja ekspordi ladu<\/h3>\n<p><img decoding=\"async\" src=\"\/wp-content\/uploads\/factory-12.webp\"\/><\/p>\n<p><img decoding=\"async\" src=\"\/wp-content\/uploads\/factory-13.webp\"\/><\/p>\n<p><img decoding=\"async\" src=\"\/wp-content\/uploads\/factory-14.webp\"\/><\/p>\n<h2>KKK<\/h2>\n<p><b>1.Mis on t\u00f6\u00f6stuslikud alumiiniumuksed?<\/b><\/p>\n<p>T\u00f6\u00f6stuslikud alumiiniumuksed on tugevast alumiiniumist valmistatud sissep\u00e4\u00e4sulahendused, mis on m\u00f5eldud vastupidavust ja turvalisust n\u00f5udvate t\u00f6\u00f6stusrajatiste jaoks.\n<\/p>\n<p><\/p>\n<p><b>2.Miks valida t\u00f6\u00f6stuslikud alumiiniumuksed terasest v\u00f5i puidust uste asemel?<\/b><\/p>\n<p>T\u00f6\u00f6stuslikud alumiiniumuksed pakuvad paremat korrosioonikindlust, kergemat kaalu ja madalat hooldust v\u00f5rreldes terasest v\u00f5i puidust alternatiividega.\n<\/p>\n<p><\/p>\n<p><b>3.Kas t\u00f6\u00f6stuslikud alumiiniumuksed on energiat\u00f5husad?<\/b><\/p>\n<p>Jah, t\u00f6\u00f6stuslikud alumiiniumuksed pakuvad suurep\u00e4rast soojusisolatsiooni, mis aitab v\u00e4hendada energiakulusid t\u00f6\u00f6stuskeskkondades.\n<\/p>\n<p><\/p>\n<p><b>4.Kas t\u00f6\u00f6stuslikud alumiiniumuksed saab kohandada?<\/b><\/p>\n<p>Kindlasti saab t\u00f6\u00f6stuslikud alumiiniumuksed kohandada suuruse, kujunduse, viimistluse ja riistvara poolest vastavalt t\u00f6\u00f6stuslikele erin\u00f5uetele.\n<\/p>\n<p><\/p>\n<p><b>5.Kas t\u00f6\u00f6stuslikud alumiiniumuksed toetavad automaatikas\u00fcsteeme?<\/b><\/p>\n<p>Jah, need uksed on \u00fchilduvad automaatsete s\u00fcsteemidega, v\u00f5imaldades sujuvat integreerimist juurdep\u00e4\u00e4sukontrolli- ja hoone halduss\u00fcsteemidega.\n<\/p>\n<p><\/p>\n<p><b>6.Kas t\u00f6\u00f6stuslikud alumiiniumuksed sobivad karmidesse keskkondadesse?<\/b><\/p>\n<p>Jah, t\u00e4nu korrosioonikindlale alumiiniummaterjalile sobivad need ideaalselt kasutamiseks tehastes, ladudes ja t\u00f6\u00f6stuslikes v\u00e4litingimustes.\n<\/p>\n<p><\/p>\n<p><b>7.Millised on alumiiniumist t\u00f6\u00f6stususte hooldusn\u00f5uded?<\/b><\/p>\n<p>Need uksed vajavad minimaalset hooldust, tavaliselt ainult perioodilist puhastamist ja aeg-ajalt riistvara kontrollimist optimaalse toimimise tagamiseks.\n<\/p>\n<p><\/p>","protected":false},"featured_media":7736,"template":"","categories":[67],"class_list":["post-7737","product","type-product","status-publish","has-post-thumbnail","hentry","category-architectural-aluminium-profile"],"meta_box":{"hilight_text_group":{"product_hilight_text":"<li>Heavy-duty aluminum construction ensures strength and durability<\/li>\r\r\n<li>Corrosion-resistant surface suitable for harsh industrial environments<\/li>\r\r\n<li>Low maintenance with long service life<\/li>\r\r\n<li>Customizable dimensions, finishes, and configurations<\/li>\r\r\n<li>Excellent thermal and sound insulation for energy efficiency<\/li>\r\r\n<li>Compatible with automation and access control systems<\/li>","product_chanpin_blog":"<ul>\r\r\n<li><a href=\"https:\/\/sinoextrud.com\/t-slot-v-slot-differences\/\" target=\"_blank\">t slot vs v slot<\/a><\/li>\r\r\n<li><a href=\"https:\/\/sinoextrud.com\/what-is-4040-aluminium-extrud\/\" target=\"_blank\">4040 aluminium extrusion<\/a><\/li>\r\r\n<li><a href=\"https:\/\/sinoextrud.com\/what-is-4040-aluminium-extrud\/\" target=\"_blank\">aluminum extrusions for industrial racks<\/a><\/li>\r\r\n<li><a href=\"https:\/\/sinoextrud.com\/powder-coating-aluminium-process\/\" target=\"_blank\">powder coating aluminium<\/a><\/li>\r\r\n<li><a href=\"https:\/\/sinoextrud.com\/what-is-an-aluminium-strip-ceiling\/\" target=\"_blank\">aluminium strip ceiling<\/a><\/li>\r\r\n<li><a href=\"https:\/\/sinoextrud.com\/what-is-a-heat-sink\/\" target=\"_blank\">what is a heat sink<\/a><\/li>\r\r\n<\/ul>","product_chanpin_chanpin":"<li><a href=\"https:\/\/sinoextrud.com\/product\/anodised-aluminium\/\" target=\"_blank\">Anodised Aluminium<\/a><\/li>\r\n<li><a href=\"https:\/\/sinoextrud.com\/product\/aluminium-profile-to-make-doors-and-windows\/\" target=\"_blank\">Aluminium Profile to Make Doors And Windows<\/a><\/li>\r\n<li><a href=\"https:\/\/sinoextrud.com\/product\/structural-aluminium-profiles\/\" target=\"_blank\">Structural Aluminium Profiles<\/a><\/li>\r\n<li><a href=\"https:\/\/sinoextrud.com\/product\/aluminium-sliding-casement-window-profile\/\" target=\"_blank\">Aluminium Sliding Casement Window Profile<\/a><\/li>\r\n<li><a href=\"https:\/\/sinoextrud.com\/product\/industrial-aluminium-doors\/\" target=\"_blank\">Industrial Aluminium Doors<\/a><\/li>\r\n<li><a href=\"https:\/\/sinoextrud.com\/product\/double-angle-aluminium-extrusion\/\" target=\"_blank\">Double Angle Aluminium Extrusion<\/a><\/li>\r\n<li><a href=\"https:\/\/sinoextrud.com\/product\/aluminium-sections-for-doors-and-windows\/\" target=\"_blank\">Aluminium Sections For Doors And Windows<\/a><\/li>\r\n<li><a href=\"https:\/\/sinoextrud.com\/product\/extruded-aluminium-curtain-rails-profile-prices\/\" target=\"_blank\">Extruded Aluminium Curtain Rails Profile Prices<\/a><\/li>\r\n<li><a href=\"https:\/\/sinoextrud.com\/product\/h-section-aluminium-extrusion\/\" target=\"_blank\">H Section Aluminium Extrusion<\/a><\/li>\r\n<li><a href=\"https:\/\/sinoextrud.com\/product\/the-new-perforated-ceiling-system\/\" target=\"_blank\">The New Perforated Ceiling System<\/a><\/li>\r\n<li><a href=\"https:\/\/sinoextrud.com\/product\/t-slot-aluminium-profile\/\" target=\"_blank\">T Slot Aluminium Profile<\/a><\/li>"},"feature_list":[]},"_links":{"self":[{"href":"https:\/\/sinoextrud.com\/et\/wp-json\/wp\/v2\/product\/7737","targetHints":{"allow":["GET"]}}],"collection":[{"href":"https:\/\/sinoextrud.com\/et\/wp-json\/wp\/v2\/product"}],"about":[{"href":"https:\/\/sinoextrud.com\/et\/wp-json\/wp\/v2\/types\/product"}],"wp:featuredmedia":[{"embeddable":true,"href":"https:\/\/sinoextrud.com\/et\/wp-json\/wp\/v2\/media\/7736"}],"wp:attachment":[{"href":"https:\/\/sinoextrud.com\/et\/wp-json\/wp\/v2\/media?parent=7737"}],"wp:term":[{"taxonomy":"category","embeddable":true,"href":"https:\/\/sinoextrud.com\/et\/wp-json\/wp\/v2\/categories?post=7737"}],"curies":[{"name":"wp","href":"https:\/\/api.w.org\/{rel}","templated":true}]}}