{"id":7735,"date":"2025-06-10T02:48:39","date_gmt":"2025-06-10T02:48:39","guid":{"rendered":"https:\/\/sinoextrud.com\/product\/aluminium-sliding-casement-window-profile\/"},"modified":"2025-06-24T06:13:33","modified_gmt":"2025-06-24T06:13:33","slug":"alumiiniumist-lukandakende-profiil","status":"publish","type":"product","link":"https:\/\/sinoextrud.com\/et\/product\/aluminium-sliding-casement-window-profile\/","title":{"rendered":"Alumiiniumist l\u00fckandakende profiil"},"content":{"rendered":"<h2>Toodete \u00fcksikasjad<\/h2>\n<table class=\"custom-table\">\n<tbody>\n<tr>\n<td> Toode<\/td>\n<td> Alumiiniumist l\u00fckandakende profiil<\/td>\n<\/tr>\n<tr>\n<td> Br\u00e4nd<\/td>\n<td> Sinoextrud alumiinium<\/td>\n<\/tr>\n<tr>\n<td> Sulam<\/td>\n<td> 6063,6061,6005,6082<\/td>\n<\/tr>\n<tr>\n<td> Temper<\/td>\n<td> T4,T5,T6<\/td>\n<\/tr>\n<tr>\n<td> Paksus<\/td>\n<td> 0.4mm-500mm<\/td>\n<\/tr>\n<tr>\n<td> Suurus<\/td>\n<td> kohandatud<\/td>\n<\/tr>\n<tr>\n<td> Sallivus<\/td>\n<td> +\/-0.1mm<\/td>\n<\/tr>\n<tr>\n<td> L\u00f5petamine<\/td>\n<td> h\u00f5bedane anodeeritud , leelisega , leeliseline liivapritsimine, traatjoonistus (harjamine), poleerimine, pulberv\u00e4rvimine, elektroforees, erinevad v\u00e4rvid (h\u00f5be, satiinne roostevaba, must matt, punane, pruun, kuld, \u0161ampanja jne).<\/td>\n<\/tr>\n<tr>\n<td> Sertifitseerimine<\/td>\n<td> ISO9001:2008<\/td>\n<\/tr>\n<tr>\n<td> CNC protsess<\/td>\n<td> CNC-t\u00f6\u00f6tlemine, sepistamine, painutamine, keevitamine, stantsimine, t\u00e4ppisl\u00f5ikamine<\/td>\n<\/tr>\n<tr>\n<td> N\u00e4ide<\/td>\n<td> tasuta<\/td>\n<\/tr>\n<tr>\n<td> MOQ<\/td>\n<td> 200KG<\/td>\n<\/tr>\n<\/tbody>\n<\/table>\n<h2>Meie tootmisbaas<\/h2>\n<h3>Tehase panoraam<\/h3>\n<p><img decoding=\"async\" src=\"\/wp-content\/uploads\/factory-01.webp\"\/><\/p>\n<h3>Alumiiniumvarraste tootmise t\u00f6\u00f6koda<\/h3>\n<p><img decoding=\"async\" src=\"\/wp-content\/uploads\/factory-02.webp\"\/><\/p>\n<p><img decoding=\"async\" src=\"\/wp-content\/uploads\/factory-03.webp\"\/><\/p>\n<h3>hallituse ladustamise ladu<\/h3>\n<p><img decoding=\"async\" src=\"\/wp-content\/uploads\/factory-04.webp\"\/><\/p>\n<h3>43 alumiiniumi ekstrusiooniliini (500-5500 tonni)<\/h3>\n<p><img decoding=\"async\" src=\"\/wp-content\/uploads\/factory-05.webp\"\/><\/p>\n<p><img decoding=\"async\" src=\"\/wp-content\/uploads\/factory-06.webp\"\/><\/p>\n<p><img decoding=\"async\" src=\"\/wp-content\/uploads\/factory-07.webp\"\/><\/p>\n<h3>Pulberv\u00e4rvimise t\u00f6\u00f6koda<\/h3>\n<p><img decoding=\"async\" src=\"\/wp-content\/uploads\/factory-09.webp\"\/><\/p>\n<h3>Anodiseerimise t\u00f6\u00f6koda<\/h3>\n<p><img decoding=\"async\" src=\"\/wp-content\/uploads\/factory-10.webp\"\/><\/p>\n<h3>S\u00fcgavt\u00f6\u00f6tlemise t\u00f6\u00f6tuba<\/h3>\n<p><img decoding=\"async\" src=\"\/wp-content\/uploads\/factory-11.webp\"\/><\/p>\n<h3>CNC-t\u00e4ppist\u00f6\u00f6tlemise t\u00f6\u00f6koda<\/h3>\n<p><img decoding=\"async\" src=\"\/wp-content\/uploads\/factory-11.5.webp\"\/><\/p>\n<h3>Valmistoodete ja ekspordi ladu<\/h3>\n<p><img decoding=\"async\" src=\"\/wp-content\/uploads\/factory-12.webp\"\/><\/p>\n<p><img decoding=\"async\" src=\"\/wp-content\/uploads\/factory-13.webp\"\/><\/p>\n<p><img decoding=\"async\" src=\"\/wp-content\/uploads\/factory-14.webp\"\/><\/p>\n<h2>KKK<\/h2>\n<p><p><b>1.Mis on alumiiniumist l\u00fckandakende profiil?<\/b><\/p>\n<p>Alumiiniumist l\u00fckandakende profiil on kvaliteetsest alumiiniumisulamist valmistatud konstruktsiooniraam, mis on loodud toetama l\u00fckandakende s\u00fcsteemi, millel on suurem tugevus ja vastupidavus.<br \/>\n<\/p><br \/>\n<br \/>\n<p><b>2.Miks valida alumiiniumist l\u00fckandakende profiilid traditsiooniliste materjalide asemel?<\/b><\/p>\n<p>Alumiiniumist l\u00fckandakende profiilid pakuvad paremat korrosioonikindlust, elegantset v\u00e4limust ja pikemat kasutusiga v\u00f5rreldes traditsiooniliste puit- v\u00f5i PVC-materjalidega.<br \/>\n<\/p><br \/>\n<br \/>\n<p><b>3.Kas alumiiniumist l\u00fckandakende profiilid on energiat\u00f5husad?<\/b><\/p>\n<p>Jah, alumiiniumist l\u00fckandakende profiilid tagavad suurep\u00e4rase soojusisolatsiooni, mis aitab kaasa elamute ja \u00e4rihoonete energiat\u00f5hususe parandamisele.<br \/>\n<\/p><br \/>\n<br \/>\n<p><b>4.Kas alumiiniumist l\u00fckandakende profiilid saab kohandada?<\/b><\/p>\n<p>Kindlasti saab alumiiniumist l\u00fckandakende profiile kohandada suuruse, v\u00e4rvi ja viimistlusega, et need vastaksid erinevatele arhitektuurilistele ja disainin\u00f5uetele.<br \/>\n<\/p><br \/>\n<br \/>\n<p><b>5.Kuidas alumiiniumist l\u00fckandakende profiilid parandavad hoone esteetilisust?<\/b><\/p>\n<p>\u00d5hukeste, elegantsete joonte ja kohandatavate viimistlustega alumiiniumist l\u00fckandakende profiilid lisavad igale fassaadile kaasaegse ja elegantse v\u00e4limuse.<br \/>\n<\/p><br \/>\n<br \/>\n<p><b>6.Kas alumiiniumist l\u00fckandakende profiilid sobivad rannikualadele?<\/b><\/p>\n<p>Jah, alumiiniumist l\u00fckandakende profiilide korrosioonikindlad omadused muudavad need ideaalseks kasutamiseks rannikualadel ja niisketes keskkondades.<br \/>\n<\/p><br \/>\n<br \/>\n<p><b>7. millist hooldust vajavad alumiiniumist l\u00fckanduksed aknaprofiilid?<\/b><\/p>\n<p>Need profiilid on v\u00e4hese hooldusega ja vajavad optimaalse t\u00f6\u00f6 tagamiseks ainult aeg-ajalt puhastamist ja p\u00f5hilist riistvara kontrollimist.<br \/>\n<\/p><br \/><\/p>","protected":false},"featured_media":7734,"template":"","categories":[67],"class_list":["post-7735","product","type-product","status-publish","has-post-thumbnail","hentry","category-architectural-aluminium-profile"],"meta_box":{"hilight_text_group":{"product_hilight_text":"<li>High-strength aluminum alloy ensures durability and long lifespan<\/li>\r\r\n<li>Precision sliding mechanism for smooth and silent operation<\/li>\r\r\n<li>Modern design with slim profiles enhances aesthetic appeal<\/li>\r\r\n<li>Excellent thermal and sound insulation performance<\/li>\r\r\n<li>Corrosion-resistant finish ideal for coastal and humid environments<\/li>\r\r\n<li>Compatible with multiple glass thickness options<\/li>\r\r\n<li>Easy to install and low maintenance requirements<\/li>","product_chanpin_blog":"<ul>\r\r\n<li><a href=\"https:\/\/sinoextrud.com\/t-slot-v-slot-differences\/\" target=\"_blank\">t slot vs v slot<\/a><\/li>\r\r\n<li><a href=\"https:\/\/sinoextrud.com\/what-is-4040-aluminium-extrud\/\" target=\"_blank\">4040 aluminium extrusion<\/a><\/li>\r\r\n<li><a href=\"https:\/\/sinoextrud.com\/what-is-4040-aluminium-extrud\/\" target=\"_blank\">aluminum extrusions for industrial racks<\/a><\/li>\r\r\n<li><a href=\"https:\/\/sinoextrud.com\/powder-coating-aluminium-process\/\" target=\"_blank\">powder coating aluminium<\/a><\/li>\r\r\n<li><a href=\"https:\/\/sinoextrud.com\/what-is-an-aluminium-strip-ceiling\/\" target=\"_blank\">aluminium strip ceiling<\/a><\/li>\r\r\n<li><a href=\"https:\/\/sinoextrud.com\/what-is-a-heat-sink\/\" target=\"_blank\">what is a heat sink<\/a><\/li>\r\r\n<\/ul>","product_chanpin_chanpin":"<li><a href=\"https:\/\/sinoextrud.com\/product\/bending-aluminium-tube\/\" target=\"_blank\">Bending Aluminium Tube<\/a><\/li>\r\n<li><a href=\"https:\/\/sinoextrud.com\/product\/anodised-aluminium\/\" target=\"_blank\">Anodised Aluminium<\/a><\/li>\r\n<li><a href=\"https:\/\/sinoextrud.com\/product\/aluminium-profile-to-make-doors-and-windows\/\" target=\"_blank\">Aluminium Profile to Make Doors And Windows<\/a><\/li>\r\n<li><a href=\"https:\/\/sinoextrud.com\/product\/structural-aluminium-profiles\/\" target=\"_blank\">Structural Aluminium Profiles<\/a><\/li>\r\n<li><a href=\"https:\/\/sinoextrud.com\/product\/aluminium-sliding-casement-window-profile\/\" target=\"_blank\">Aluminium Sliding Casement Window Profile<\/a><\/li>\r\n<li><a href=\"https:\/\/sinoextrud.com\/product\/industrial-aluminium-doors\/\" target=\"_blank\">Industrial Aluminium Doors<\/a><\/li>\r\n<li><a href=\"https:\/\/sinoextrud.com\/product\/double-angle-aluminium-extrusion\/\" target=\"_blank\">Double Angle Aluminium Extrusion<\/a><\/li>\r\n<li><a href=\"https:\/\/sinoextrud.com\/product\/aluminium-sections-for-doors-and-windows\/\" target=\"_blank\">Aluminium Sections For Doors And Windows<\/a><\/li>\r\n<li><a href=\"https:\/\/sinoextrud.com\/product\/extruded-aluminium-curtain-rails-profile-prices\/\" target=\"_blank\">Extruded Aluminium Curtain Rails Profile Prices<\/a><\/li>\r\n<li><a href=\"https:\/\/sinoextrud.com\/product\/extruded-aluminum-profiles\/\" target=\"_blank\">Extruded Aluminum Profiles<\/a><\/li>\r\n<li><a href=\"https:\/\/sinoextrud.com\/product\/factory-offer-aluminum-handrail-extrusions\/\" target=\"_blank\">Factory Offer Aluminum Handrail Extrusions<\/a><\/li>"},"feature_list":[]},"_links":{"self":[{"href":"https:\/\/sinoextrud.com\/et\/wp-json\/wp\/v2\/product\/7735","targetHints":{"allow":["GET"]}}],"collection":[{"href":"https:\/\/sinoextrud.com\/et\/wp-json\/wp\/v2\/product"}],"about":[{"href":"https:\/\/sinoextrud.com\/et\/wp-json\/wp\/v2\/types\/product"}],"wp:featuredmedia":[{"embeddable":true,"href":"https:\/\/sinoextrud.com\/et\/wp-json\/wp\/v2\/media\/7734"}],"wp:attachment":[{"href":"https:\/\/sinoextrud.com\/et\/wp-json\/wp\/v2\/media?parent=7735"}],"wp:term":[{"taxonomy":"category","embeddable":true,"href":"https:\/\/sinoextrud.com\/et\/wp-json\/wp\/v2\/categories?post=7735"}],"curies":[{"name":"wp","href":"https:\/\/api.w.org\/{rel}","templated":true}]}}