{"id":7729,"date":"2025-06-10T02:43:40","date_gmt":"2025-06-10T02:43:40","guid":{"rendered":"https:\/\/sinoextrud.com\/product\/anodised-aluminium\/"},"modified":"2025-06-24T06:13:31","modified_gmt":"2025-06-24T06:13:31","slug":"anodeeritud-alumiinium-2","status":"publish","type":"product","link":"https:\/\/sinoextrud.com\/et\/product\/anodised-aluminium\/","title":{"rendered":"Anodeeritud alumiinium"},"content":{"rendered":"<h2>Toodete \u00fcksikasjad<\/h2>\n<table class=\"custom-table\">\n<tbody>\n<tr>\n<td> Br\u00e4ndi nimi<\/td>\n<td> Sinoextrud\/Sinoextrud<\/td>\n<\/tr>\n<tr>\n<td> OEM v\u00f5i ODM<\/td>\n<td> Saadaval<br \/>\nAnodeeritud alumiiniumprofiilid<\/td>\n<\/tr>\n<tr>\n<td> Sulam<\/td>\n<td> 6063 T5, 6463 T5, 6061<\/td>\n<\/tr>\n<tr>\n<td> Profiili paksus<\/td>\n<td> Minimaalselt 0,5 mm.<\/td>\n<\/tr>\n<tr>\n<td> Anodeeritud kile<\/td>\n<td> Paksus 5-20\u03bcm<\/td>\n<\/tr>\n<tr>\n<td> Pulbriga katmine<\/td>\n<td> Paksus 30-100\u03bcm<\/td>\n<\/tr>\n<tr>\n<td> L\u00f5peta<\/td>\n<td> Anodeeritud, pintsel, poleerimine (peegel), liivapritsimine, pulberv\u00e4rvimine<\/td>\n<\/tr>\n<tr>\n<td> V\u00e4rv<\/td>\n<td> H\u00f5be, \u0161ampanja, valge, messing, must, titaan, hall, tumesinine, violetne kuld, kuld, roosakuld.<\/td>\n<\/tr>\n<tr>\n<td> Pikkus<\/td>\n<td> 3m v\u00f5i 6m v\u00f5i vastavalt kliendi n\u00f5udmistele.<\/td>\n<\/tr>\n<tr>\n<td> Taotlus<\/td>\n<td> K\u00f6\u00f6gid, l\u00fckandkapid, l\u00fckanduksed, du\u0161\u0161uksed, aknad ja uksed, p\u00f5randakatted, vaipkatted, t\u00f6\u00f6stus.<\/td>\n<\/tr>\n<tr>\n<td> Pakkimine<\/td>\n<td> Valikuline: kaitsekile, pol\u00fckott, kokkut\u00f5mbekile, veekindel paber, kartongkast, EPE-vaht, kootud rihm.<\/td>\n<\/tr>\n<tr>\n<td> Garantii<\/td>\n<td> Viimistletud ja v\u00e4rv v\u00f5ib olla stabiilne 10-20 aastat siseruumides kasutamiseks.<\/td>\n<\/tr>\n<tr>\n<td> Tootmisv\u00f5imsus<\/td>\n<td> 15 000 tonni\/kuu<\/td>\n<\/tr>\n<tr>\n<td> Vormide valmistamine<\/td>\n<td> 7-10 p\u00e4eva<\/td>\n<\/tr>\n<tr>\n<td> Hallituse maksumus<\/td>\n<td> Vastavalt hallituse tootja hinnale maksab kuni 5 tonni hallitust tasuta.<\/td>\n<\/tr>\n<tr>\n<td> Kohaletoimetamine<\/td>\n<td> 20 p\u00e4eva p\u00e4rast ettemaksu laekumist v\u00f5i laekunud akreditiivi.<\/td>\n<\/tr>\n<tr>\n<td> MOQ<\/td>\n<td> 200KG\/\u00fchik<\/td>\n<\/tr>\n<tr>\n<td> Makset\u00e4htaeg<\/td>\n<td> T\/T, L\/C kohapeal.<\/td>\n<\/tr>\n<tr>\n<td> Arveldus<\/td>\n<td> teoreetilise kaalu v\u00f5i tegeliku brutokaalu j\u00e4rgi.<\/td>\n<\/tr>\n<tr>\n<td> Laadimissadam<\/td>\n<td> Guangzhou\/FOSHAN<\/td>\n<\/tr>\n<\/tbody>\n<\/table>\n<h2>Meie tootmisbaas<\/h2>\n<h3>Tehase panoraam<\/h3>\n<p><img decoding=\"async\" src=\"\/wp-content\/uploads\/factory-01.webp\"\/><\/p>\n<h3>Alumiiniumvarraste tootmise t\u00f6\u00f6koda<\/h3>\n<p><img decoding=\"async\" src=\"\/wp-content\/uploads\/factory-02.webp\"\/><\/p>\n<\/p>\n<p><img decoding=\"async\" src=\"\/wp-content\/uploads\/factory-03.webp\"\/><\/p>\n<h3>hallituse ladustamise ladu<\/h3>\n<p><img decoding=\"async\" src=\"\/wp-content\/uploads\/factory-04.webp\"\/><\/p>\n<h3>43 alumiiniumi ekstrusiooniliini (500-5500 tonni)<\/h3>\n<p><img decoding=\"async\" src=\"\/wp-content\/uploads\/factory-05.webp\"\/><\/p>\n<p><img decoding=\"async\" src=\"\/wp-content\/uploads\/factory-06.webp\"\/><\/p>\n<p><img decoding=\"async\" src=\"\/wp-content\/uploads\/factory-07.webp\"\/><\/p>\n<h3>Pulberv\u00e4rvimise t\u00f6\u00f6koda<\/h3>\n<p><img decoding=\"async\" src=\"\/wp-content\/uploads\/factory-09.webp\"\/><\/p>\n<h3>Anodiseerimise t\u00f6\u00f6koda<\/h3>\n<p><img decoding=\"async\" src=\"\/wp-content\/uploads\/factory-10.webp\"\/><\/p>\n<h3>S\u00fcgavt\u00f6\u00f6tlemise t\u00f6\u00f6tuba<\/h3>\n<p><img decoding=\"async\" src=\"\/wp-content\/uploads\/factory-11.webp\"\/><\/p>\n<h3>CNC-t\u00e4ppist\u00f6\u00f6tlemise t\u00f6\u00f6koda<\/h3>\n<p><img decoding=\"async\" src=\"\/wp-content\/uploads\/factory-11.5.webp\"\/><\/p>\n<h3>Valmistoodete ja ekspordi ladu<\/h3>\n<p><img decoding=\"async\" src=\"\/wp-content\/uploads\/factory-12.webp\"\/><\/p>\n<p><img decoding=\"async\" src=\"\/wp-content\/uploads\/factory-13.webp\"\/><\/p>\n<p><img decoding=\"async\" src=\"\/wp-content\/uploads\/factory-14.webp\"\/><\/p>\n<h2>KKK<\/h2>\n<p><b>1.Mis on anodeeritud alumiinium?<\/b><\/p>\n<p>Anodeeritud alumiinium on alumiinium, mis on l\u00e4binud elektrokeemilise protsessi, et luua selle pinnale vastupidav, korrosioonikindel ja dekoratiivne oksiidikiht.\n<\/p>\n<p><\/p>\n<p><b>2.Millised on alumiiniumi anodeerimise eelised?<\/b><\/p>\n<p>Anodeerimine parandab korrosioonikindlust, pinna k\u00f5vadust, kulumiskindlust ja v\u00f5imaldab v\u00e4rvilist viimistlust, s\u00e4ilitades samas metalse v\u00e4limuse.\n<\/p>\n<p><\/p>\n<p><b>3.Kas anodeeritud alumiinium sobib v\u00e4litingimustes kasutamiseks?<\/b><\/p>\n<p>Jah, selle kaitsev oksiidikiht muudab selle ideaalseks v\u00e4liskeskkondades, mis on avatud ilmastiku ja UV-kiirguse suhtes.\n<\/p>\n<p><\/p>\n<p><b>4.Kas anodeeritud alumiiniumi saab v\u00e4rvida?<\/b><\/p>\n<p>Absoluutselt v\u00f5imaldab anodeerimine kasutada erinevaid v\u00e4rve, s\u00e4ilitades samas vastupidava ja tuhmumiskindla viimistluse.\n<\/p>\n<p><\/p>\n<p><b>5.Kas anodeeritud alumiinium vajab hooldust?<\/b><\/p>\n<p>V\u00e4limuse ja toimivuse s\u00e4ilitamiseks piisab tavaliselt v\u00e4ga v\u00e4hesest - korrap\u00e4rane puhastamine.\n<\/p>\n<p><\/p>\n<p><b>6.Kas anodeerimine on keskkonnas\u00f5bralik?<\/b><\/p>\n<p>Jah, anodeerimisprotsess on mittetoksiline, tekitab minimaalselt j\u00e4\u00e4tmeid ja toetab taaskasutatava alumiiniumi kasutamist.\n<\/p>\n<p><\/p>\n<p><b>7.Millised t\u00f6\u00f6stusharud kasutavad anodeeritud alumiiniumi?<\/b><\/p>\n<p>Seda kasutatakse arhitektuuri-, auto-, elektroonika-, tarbekaupade-, lennundus- ja meret\u00f6\u00f6stuses nii funktsionaalsetel kui ka esteetilistel eesm\u00e4rkidel.\n<\/p>\n<p><\/p>\n<p><b>8.Kas anodeeritud alumiinium on vastupidavam kui v\u00e4rvitud alumiinium?<\/b><\/p>\n<p>Jah, anodeeritud kiht on metalliga lahutamatult seotud, pakkudes suuremat vastupidavust kriimustustele, l\u00f5hestumisele ja pleekimisele v\u00f5rreldes pinnakattega.\n<\/p>\n<p><\/p>","protected":false},"featured_media":7728,"template":"","categories":[67],"class_list":["post-7729","product","type-product","status-publish","has-post-thumbnail","hentry","category-architectural-aluminium-profile"],"meta_box":{"hilight_text_group":{"product_hilight_text":"<li>Enhanced surface hardness and scratch resistance<\/li>\r\r\n<li>Excellent corrosion resistance for outdoor and industrial use<\/li>\r\r\n<li>Attractive metallic finish available in various colors<\/li>\r\r\n<li>Improved paint and adhesive bonding capabilities<\/li>\r\r\n<li>Long-lasting performance with minimal maintenance<\/li>\r\r\n<li>Environmentally friendly and non-toxic anodizing process<\/li>\r\r\n<li>Customizable thickness and finish for diverse applications<\/li>","product_chanpin_blog":"<ul>\r\r\n<li><a href=\"https:\/\/sinoextrud.com\/t-slot-v-slot-differences\/\" target=\"_blank\">t slot vs v slot<\/a><\/li>\r\r\n<li><a href=\"https:\/\/sinoextrud.com\/what-is-4040-aluminium-extrud\/\" target=\"_blank\">4040 aluminium extrusion<\/a><\/li>\r\r\n<li><a href=\"https:\/\/sinoextrud.com\/what-is-4040-aluminium-extrud\/\" target=\"_blank\">aluminum extrusions for industrial racks<\/a><\/li>\r\r\n<li><a href=\"https:\/\/sinoextrud.com\/powder-coating-aluminium-process\/\" target=\"_blank\">powder coating aluminium<\/a><\/li>\r\r\n<li><a href=\"https:\/\/sinoextrud.com\/what-is-an-aluminium-strip-ceiling\/\" target=\"_blank\">aluminium strip ceiling<\/a><\/li>\r\r\n<li><a href=\"https:\/\/sinoextrud.com\/what-is-a-heat-sink\/\" target=\"_blank\">what is a heat sink<\/a><\/li>\r\r\n<\/ul>","product_chanpin_chanpin":"<li><a href=\"https:\/\/sinoextrud.com\/product\/aluminum-profile-glass-curtain-wall-system\/\" target=\"_blank\">Aluminum Profile Glass Curtain Wall System<\/a><\/li>\r\n<li><a href=\"https:\/\/sinoextrud.com\/product\/profiles-aluminum\/\" target=\"_blank\">Profiles aluminum<\/a><\/li>\r\n<li><a href=\"https:\/\/sinoextrud.com\/product\/aluminium-frame\/\" target=\"_blank\">Aluminium Frame<\/a><\/li>\r\n<li><a href=\"https:\/\/sinoextrud.com\/product\/bending-aluminium-tube\/\" target=\"_blank\">Bending Aluminium Tube<\/a><\/li>\r\n<li><a href=\"https:\/\/sinoextrud.com\/product\/anodised-aluminium\/\" target=\"_blank\">Anodised Aluminium<\/a><\/li>\r\n<li><a href=\"https:\/\/sinoextrud.com\/product\/aluminium-profile-to-make-doors-and-windows\/\" target=\"_blank\">Aluminium Profile to Make Doors And Windows<\/a><\/li>\r\n<li><a href=\"https:\/\/sinoextrud.com\/product\/structural-aluminium-profiles\/\" target=\"_blank\">Structural Aluminium Profiles<\/a><\/li>\r\n<li><a href=\"https:\/\/sinoextrud.com\/product\/aluminium-sliding-casement-window-profile\/\" target=\"_blank\">Aluminium Sliding Casement Window Profile<\/a><\/li>\r\n<li><a href=\"https:\/\/sinoextrud.com\/product\/industrial-aluminium-doors\/\" target=\"_blank\">Industrial Aluminium Doors<\/a><\/li>\r\n<li><a href=\"https:\/\/sinoextrud.com\/product\/special-shaped-baffle-ceiling-system\/\" target=\"_blank\">Special Shaped Baffle Ceiling System<\/a><\/li>\r\n<li><a href=\"https:\/\/sinoextrud.com\/product\/cutting-bending-aluminum-led-strip-heatsink\/\" target=\"_blank\">Cutting Bending Aluminum LED Strip Heatsink<\/a><\/li>"},"feature_list":[]},"_links":{"self":[{"href":"https:\/\/sinoextrud.com\/et\/wp-json\/wp\/v2\/product\/7729","targetHints":{"allow":["GET"]}}],"collection":[{"href":"https:\/\/sinoextrud.com\/et\/wp-json\/wp\/v2\/product"}],"about":[{"href":"https:\/\/sinoextrud.com\/et\/wp-json\/wp\/v2\/types\/product"}],"wp:featuredmedia":[{"embeddable":true,"href":"https:\/\/sinoextrud.com\/et\/wp-json\/wp\/v2\/media\/7728"}],"wp:attachment":[{"href":"https:\/\/sinoextrud.com\/et\/wp-json\/wp\/v2\/media?parent=7729"}],"wp:term":[{"taxonomy":"category","embeddable":true,"href":"https:\/\/sinoextrud.com\/et\/wp-json\/wp\/v2\/categories?post=7729"}],"curies":[{"name":"wp","href":"https:\/\/api.w.org\/{rel}","templated":true}]}}