{"id":7727,"date":"2025-06-10T02:41:32","date_gmt":"2025-06-10T02:41:32","guid":{"rendered":"https:\/\/sinoextrud.com\/product\/bending-aluminium-tube\/"},"modified":"2025-06-24T06:13:31","modified_gmt":"2025-06-24T06:13:31","slug":"alumiiniumtoru-painutamine","status":"publish","type":"product","link":"https:\/\/sinoextrud.com\/et\/product\/bending-aluminium-tube\/","title":{"rendered":"Alumiiniumtorude painutamine"},"content":{"rendered":"<h2>Toodete \u00fcksikasjad<\/h2>\n<table class=\"custom-table\">\n<tbody>\n<tr>\n<td> Mudel nr.:<\/td>\n<td> Alumiiniumtoru painutamine<\/td>\n<\/tr>\n<tr>\n<td> Pinna seisund:<\/td>\n<td> anodeeritud h\u00f5be<\/td>\n<\/tr>\n<tr>\n<td> Suurus:<\/td>\n<td> 25mm OD, 1.0 paksus<\/td>\n<\/tr>\n<tr>\n<td> Kaubam\u00e4rk:<\/td>\n<td> ODM<\/td>\n<\/tr>\n<tr>\n<td> Laevasadam:<\/td>\n<td> Foshan\/Guangzhou\/Shenzhen<\/td>\n<\/tr>\n<tr>\n<td> Spetsifikatsioon:<\/td>\n<td> ISO<\/td>\n<\/tr>\n<tr>\n<td> HS-kood:<\/td>\n<td> 7604299000<\/td>\n<\/tr>\n<tr>\n<td> Pakett:<\/td>\n<td> Tosin pakitud puidust kasti<\/td>\n<\/tr>\n<tr>\n<td> Originaal:<\/td>\n<td> Guangdong, Hiina<\/td>\n<\/tr>\n<tr>\n<td> Tootmisv\u00f5ime:<\/td>\n<td> 10,000 PCS \/ kuu<\/td>\n<\/tr>\n<\/tbody>\n<\/table>\n<h2>Meie tootmisbaas<\/h2>\n<h3>Tehase panoraam<\/h3>\n<p><img decoding=\"async\" src=\"\/wp-content\/uploads\/factory-01.webp\"\/><\/p>\n<h3>Alumiiniumvarraste tootmise t\u00f6\u00f6koda<\/h3>\n<p><img decoding=\"async\" src=\"\/wp-content\/uploads\/factory-02.webp\"\/><\/p>\n<\/p>\n<p><img decoding=\"async\" src=\"\/wp-content\/uploads\/factory-03.webp\"\/><\/p>\n<h3>hallituse ladustamise ladu<\/h3>\n<p><img decoding=\"async\" src=\"\/wp-content\/uploads\/factory-04.webp\"\/><\/p>\n<h3>43 alumiiniumi ekstrusiooniliini (500-5500 tonni)<\/h3>\n<p><img decoding=\"async\" src=\"\/wp-content\/uploads\/factory-05.webp\"\/><\/p>\n<p><img decoding=\"async\" src=\"\/wp-content\/uploads\/factory-06.webp\"\/><\/p>\n<p><img decoding=\"async\" src=\"\/wp-content\/uploads\/factory-07.webp\"\/><\/p>\n<h3>Pulberv\u00e4rvimise t\u00f6\u00f6koda<\/h3>\n<p><img decoding=\"async\" src=\"\/wp-content\/uploads\/factory-09.webp\"\/><\/p>\n<h3>Anodiseerimise t\u00f6\u00f6koda<\/h3>\n<p><img decoding=\"async\" src=\"\/wp-content\/uploads\/factory-10.webp\"\/><\/p>\n<h3>S\u00fcgavt\u00f6\u00f6tlemise t\u00f6\u00f6tuba<\/h3>\n<p><img decoding=\"async\" src=\"\/wp-content\/uploads\/factory-11.webp\"\/><\/p>\n<h3>CNC-t\u00e4ppist\u00f6\u00f6tlemise t\u00f6\u00f6koda<\/h3>\n<p><img decoding=\"async\" src=\"\/wp-content\/uploads\/factory-11.5.webp\"\/><\/p>\n<h3>Valmistoodete ja ekspordi ladu<\/h3>\n<p><img decoding=\"async\" src=\"\/wp-content\/uploads\/factory-12.webp\"\/><\/p>\n<p><img decoding=\"async\" src=\"\/wp-content\/uploads\/factory-13.webp\"\/><\/p>\n<p><img decoding=\"async\" src=\"\/wp-content\/uploads\/factory-14.webp\"\/><\/p>\n<h2>KKK<\/h2>\n<p><b>1.Mis on alumiiniumtoru painutamine?<\/b><\/p>\n<p>Painutatav alumiiniumtoru on alumiiniumtoru, mis on ette n\u00e4htud painutamiseks ilma pragunemiseta ja mida kasutatakse konstruktsiooni- ja tellimusrakendustes.\n<\/p>\n<p><\/p>\n<p><b>2.Miks valida alumiiniumtorud painutamiseks?<\/b><\/p>\n<p>Alumiinium pakub suurep\u00e4rast vormitavust, korrosioonikindlust ja suurt tugevuse ja kaalu suhet, mist\u00f5ttu on see ideaalne painutatud komponentide jaoks.\n<\/p>\n<p><\/p>\n<p><b>3.Kas painutamine m\u00f5jutab alumiiniumtoru tugevust?<\/b><\/p>\n<p>Ei, kui seda tehakse \u00f5igesti, s\u00e4ilitab painutamine toru struktuurilise terviklikkuse ja funktsionaalsuse.\n<\/p>\n<p><\/p>\n<p><b>4.Kas alumiiniumtorusid saab painutada konkreetsete nurkade j\u00e4rgi?<\/b><\/p>\n<p>Jah, torusid saab painutada erinevate nurkade ja raadiustega vastavalt projekti spetsifikatsioonidele ja rakendusvajadustele.\n<\/p>\n<p><\/p>\n<p><b>5.Kas alumiiniumtoru painutamine sobib v\u00e4litingimustes kasutamiseks?<\/b><\/p>\n<p>Jah, alumiiniumi korrosioonikindlad omadused muudavad selle ideaalseks v\u00e4litingimustes kasutamiseks.\n<\/p>\n<p><\/p>\n<p><b>6.Millised on alumiiniumtorude painutamise tavalised kasutusalad?<\/b><\/p>\n<p>Neid kasutatakse autode raamidesse, m\u00f6\u00f6blisse, ehituskarkassidesse, HVAC-s\u00fcsteemidesse ja kosmosekonstruktsioonidesse.\n<\/p>\n<p><\/p>\n<p><b>7.Kas alumiiniumtoru pind on painutamise ajal kahjustatud?<\/b><\/p>\n<p>Ei, kvaliteetsed painutustehnikad s\u00e4ilitavad sileda pinna ilma pragude v\u00f5i kortsudeta.\n<\/p>\n<p><\/p>\n<p><b>8.Kas painutamiseks on saadaval erinevad alumiiniumiklassid?<\/b><\/p>\n<p>Jah, selliseid sorte nagu 6061 ja 6063 kasutatakse tavaliselt nende parema painduvuse ja tugevuse t\u00f5ttu.\n<\/p>\n<p><\/p>","protected":false},"featured_media":7726,"template":"","categories":[67],"class_list":["post-7727","product","type-product","status-publish","has-post-thumbnail","hentry","category-architectural-aluminium-profile"],"meta_box":{"hilight_text_group":{"product_hilight_text":"<li>High-strength aluminum tube designed for precision bending applications<\/li>\r\r\n<li>Excellent formability without cracking or surface damage<\/li>\r\r\n<li>Corrosion-resistant for both indoor and outdoor use<\/li>\r\r\n<li>Lightweight material reduces overall system weight<\/li>\r\r\n<li>Custom bending available to meet specific project requirements<\/li>\r\r\n<li>Suitable for construction, automotive, furniture, and aerospace industries<\/li>\r\r\n<li>Maintains structural integrity after bending<\/li>","product_chanpin_blog":"<ul>\r\r\n<li><a href=\"https:\/\/sinoextrud.com\/t-slot-v-slot-differences\/\" target=\"_blank\">t slot vs v slot<\/a><\/li>\r\r\n<li><a href=\"https:\/\/sinoextrud.com\/what-is-4040-aluminium-extrud\/\" target=\"_blank\">4040 aluminium extrusion<\/a><\/li>\r\r\n<li><a href=\"https:\/\/sinoextrud.com\/what-is-4040-aluminium-extrud\/\" target=\"_blank\">aluminum extrusions for industrial racks<\/a><\/li>\r\r\n<li><a href=\"https:\/\/sinoextrud.com\/powder-coating-aluminium-process\/\" target=\"_blank\">powder coating aluminium<\/a><\/li>\r\r\n<li><a href=\"https:\/\/sinoextrud.com\/what-is-an-aluminium-strip-ceiling\/\" target=\"_blank\">aluminium strip ceiling<\/a><\/li>\r\r\n<li><a href=\"https:\/\/sinoextrud.com\/what-is-a-heat-sink\/\" target=\"_blank\">what is a heat sink<\/a><\/li>\r\r\n<\/ul>","product_chanpin_chanpin":"<li><a href=\"https:\/\/sinoextrud.com\/product\/aluminium-extruded-products\/\" target=\"_blank\">Aluminium Extruded Products<\/a><\/li>\r\n<li><a href=\"https:\/\/sinoextrud.com\/product\/aluminum-profile-glass-curtain-wall-system\/\" target=\"_blank\">Aluminum Profile Glass Curtain Wall System<\/a><\/li>\r\n<li><a href=\"https:\/\/sinoextrud.com\/product\/profiles-aluminum\/\" target=\"_blank\">Profiles aluminum<\/a><\/li>\r\n<li><a href=\"https:\/\/sinoextrud.com\/product\/aluminium-frame\/\" target=\"_blank\">Aluminium Frame<\/a><\/li>\r\n<li><a href=\"https:\/\/sinoextrud.com\/product\/bending-aluminium-tube\/\" target=\"_blank\">Bending Aluminium Tube<\/a><\/li>\r\n<li><a href=\"https:\/\/sinoextrud.com\/product\/anodised-aluminium\/\" target=\"_blank\">Anodised Aluminium<\/a><\/li>\r\n<li><a href=\"https:\/\/sinoextrud.com\/product\/aluminium-profile-to-make-doors-and-windows\/\" target=\"_blank\">Aluminium Profile to Make Doors And Windows<\/a><\/li>\r\n<li><a href=\"https:\/\/sinoextrud.com\/product\/structural-aluminium-profiles\/\" target=\"_blank\">Structural Aluminium Profiles<\/a><\/li>\r\n<li><a href=\"https:\/\/sinoextrud.com\/product\/aluminium-sliding-casement-window-profile\/\" target=\"_blank\">Aluminium Sliding Casement Window Profile<\/a><\/li>\r\n<li><a href=\"https:\/\/sinoextrud.com\/product\/extruded-aluminium-round-tube\/\" target=\"_blank\">Extruded Aluminium Round Tube<\/a><\/li>\r\n<li><a href=\"https:\/\/sinoextrud.com\/product\/6061-oval-aluminum-tubing\/\" target=\"_blank\">6061 Oval Aluminum Tubing<\/a><\/li>"},"feature_list":[]},"_links":{"self":[{"href":"https:\/\/sinoextrud.com\/et\/wp-json\/wp\/v2\/product\/7727","targetHints":{"allow":["GET"]}}],"collection":[{"href":"https:\/\/sinoextrud.com\/et\/wp-json\/wp\/v2\/product"}],"about":[{"href":"https:\/\/sinoextrud.com\/et\/wp-json\/wp\/v2\/types\/product"}],"wp:featuredmedia":[{"embeddable":true,"href":"https:\/\/sinoextrud.com\/et\/wp-json\/wp\/v2\/media\/7726"}],"wp:attachment":[{"href":"https:\/\/sinoextrud.com\/et\/wp-json\/wp\/v2\/media?parent=7727"}],"wp:term":[{"taxonomy":"category","embeddable":true,"href":"https:\/\/sinoextrud.com\/et\/wp-json\/wp\/v2\/categories?post=7727"}],"curies":[{"name":"wp","href":"https:\/\/api.w.org\/{rel}","templated":true}]}}