{"id":7725,"date":"2025-06-10T02:40:14","date_gmt":"2025-06-10T02:40:14","guid":{"rendered":"https:\/\/sinoextrud.com\/product\/aluminium-frame\/"},"modified":"2025-06-24T06:13:31","modified_gmt":"2025-06-24T06:13:31","slug":"alumiiniumraam-2","status":"publish","type":"product","link":"https:\/\/sinoextrud.com\/et\/product\/aluminium-frame\/","title":{"rendered":"Alumiiniumist raam"},"content":{"rendered":"<h2>Toodete \u00fcksikasjad<\/h2>\n<table class=\"custom-table\">\n<tr>\n<td class=\"label\">Nimi<\/td>\n<td>Alumiiniumist raam<\/td>\n<\/tr>\n<\/table>\n<h2>Meie tootmisbaas<\/h2>\n<h3>Tehase panoraam<\/h3>\n<p><img decoding=\"async\" src=\"\/wp-content\/uploads\/factory-01.webp\"\/><\/p>\n<h3>Alumiiniumvarraste tootmise t\u00f6\u00f6koda<\/h3>\n<p><img decoding=\"async\" src=\"\/wp-content\/uploads\/factory-02.webp\"\/><\/p>\n<p><img decoding=\"async\" src=\"\/wp-content\/uploads\/factory-03.webp\"\/><\/p>\n<h3>hallituse ladustamise ladu<\/h3>\n<p><img decoding=\"async\" src=\"\/wp-content\/uploads\/factory-04.webp\"\/><\/p>\n<h3>43 alumiiniumi ekstrusiooniliini (500-5500 tonni)<\/h3>\n<p><img decoding=\"async\" src=\"\/wp-content\/uploads\/factory-05.webp\"\/><\/p>\n<p><img decoding=\"async\" src=\"\/wp-content\/uploads\/factory-06.webp\"\/><\/p>\n<p><img decoding=\"async\" src=\"\/wp-content\/uploads\/factory-07.webp\"\/><\/p>\n<h3>Pulberv\u00e4rvimise t\u00f6\u00f6koda<\/h3>\n<p><img decoding=\"async\" src=\"\/wp-content\/uploads\/factory-09.webp\"\/><\/p>\n<h3>Anodiseerimise t\u00f6\u00f6koda<\/h3>\n<p><img decoding=\"async\" src=\"\/wp-content\/uploads\/factory-10.webp\"\/><\/p>\n<h3>S\u00fcgavt\u00f6\u00f6tlemise t\u00f6\u00f6tuba<\/h3>\n<p><img decoding=\"async\" src=\"\/wp-content\/uploads\/factory-11.webp\"\/><\/p>\n<h3>CNC-t\u00e4ppist\u00f6\u00f6tlemise t\u00f6\u00f6koda<\/h3>\n<p><img decoding=\"async\" src=\"\/wp-content\/uploads\/factory-11.5.webp\"\/><\/p>\n<h3>Valmistoodete ja ekspordi ladu<\/h3>\n<p><img decoding=\"async\" src=\"\/wp-content\/uploads\/factory-12.webp\"\/><\/p>\n<p><img decoding=\"async\" src=\"\/wp-content\/uploads\/factory-13.webp\"\/><\/p>\n<p><img decoding=\"async\" src=\"\/wp-content\/uploads\/factory-14.webp\"\/><\/p>\n<h2>KKK<\/h2>\n<p><p><b>1.Mis on alumiiniumraam?<\/b><\/p>\n<p>Alumiiniumraam on ekstrudeeritud alumiiniumist valmistatud konstruktsioonielement, mida kasutatakse akendes, ustes, kappides ja tugikonstruktsioonides.<br \/>\n<\/p><br \/>\n<br \/>\n<p><b>2.Miks valida alumiiniumraam?<\/b><\/p>\n<p>Alumiiniumraamid on kerged, vastupidavad ja korrosioonikindlad, mist\u00f5ttu sobivad need ideaalselt nii sise- kui ka v\u00e4listingimustes kasutamiseks.<br \/>\n<\/p><br \/>\n<br \/>\n<p><b>3.Kas alumiiniumraam sobib v\u00e4litingimustes kasutamiseks?<\/b><\/p>\n<p>Jah, anodeeritud v\u00f5i pulberv\u00e4rvitud alumiiniumraamid on v\u00e4ga vastupidavad ilmastiku- ja korrosioonikindlad.<br \/>\n<\/p><br \/>\n<br \/>\n<p><b>4.Kas alumiiniumraame saab kohandada?<\/b><\/p>\n<p>Absoluutselt saab alumiiniumraame kohandada suuruse, kuju, v\u00e4rvi ja viimistluse poolest vastavalt konkreetsetele disaini- ja struktuurivajadustele.<br \/>\n<\/p><br \/>\n<br \/>\n<p><b>5.Millised on alumiiniumraamide tavalised kasutusalad?<\/b><\/p>\n<p>Neid kasutatakse arhitektuuriklaasides, m\u00f6\u00f6blis, p\u00e4ikesepaneelide kinnitustes, masinakappides ja mujal.<br \/>\n<\/p><br \/>\n<br \/>\n<p><b>6.Kas alumiiniumraamid vajavad hooldust?<\/b><\/p>\n<p>Vaja on minimaalset hooldust - ainult aeg-ajalt puhastamist, et s\u00e4ilitada nende v\u00e4limus ja j\u00f5udlus.<br \/>\n<\/p><br \/>\n<br \/>\n<p><b>7.Millised alumiiniumraamide viimistlused on saadaval?<\/b><\/p>\n<p>Viimistlused h\u00f5lmavad anodeerimist, pulberv\u00e4rvimist, harjamist, poleerimist ja looduslikku freesimist.<br \/>\n<\/p><br \/>\n<br \/>\n<p><b>8.Kas alumiinium on keskkonnas\u00f5bralik valik raamide jaoks?<\/b><\/p>\n<p>Jah, alumiinium on 100% taaskasutatav ja toetab j\u00e4tkusuutlikku ehitust ja tootmistava.<br \/>\n<\/p><br \/><\/p>","protected":false},"featured_media":7724,"template":"","categories":[67],"class_list":["post-7725","product","type-product","status-publish","has-post-thumbnail","hentry","category-architectural-aluminium-profile"],"meta_box":{"hilight_text_group":{"product_hilight_text":"<li>Lightweight yet strong structure suitable for various applications<\/li>\r\r\n<li>Corrosion-resistant aluminum ideal for long-term indoor and outdoor use<\/li>\r\r\n<li>Modern and clean appearance enhances product aesthetics<\/li>\r\r\n<li>Available in multiple finishes such as anodized and powder-coated<\/li>\r\r\n<li>Customizable dimensions and profiles for OEM and architectural needs<\/li>\r\r\n<li>Low maintenance and long service life<\/li>\r\r\n<li>Eco-friendly material with 100% recyclability<\/li>","product_chanpin_blog":"<ul>\r\r\n<li><a href=\"https:\/\/sinoextrud.com\/t-slot-v-slot-differences\/\" target=\"_blank\">t slot vs v slot<\/a><\/li>\r\r\n<li><a href=\"https:\/\/sinoextrud.com\/what-is-4040-aluminium-extrud\/\" target=\"_blank\">4040 aluminium extrusion<\/a><\/li>\r\r\n<li><a href=\"https:\/\/sinoextrud.com\/what-is-4040-aluminium-extrud\/\" target=\"_blank\">aluminum extrusions for industrial racks<\/a><\/li>\r\r\n<li><a href=\"https:\/\/sinoextrud.com\/powder-coating-aluminium-process\/\" target=\"_blank\">powder coating aluminium<\/a><\/li>\r\r\n<li><a href=\"https:\/\/sinoextrud.com\/what-is-an-aluminium-strip-ceiling\/\" target=\"_blank\">aluminium strip ceiling<\/a><\/li>\r\r\n<li><a href=\"https:\/\/sinoextrud.com\/what-is-a-heat-sink\/\" target=\"_blank\">what is a heat sink<\/a><\/li>\r\r\n<\/ul>","product_chanpin_chanpin":"<li><a href=\"https:\/\/sinoextrud.com\/product\/aluminium-door-window-fittings\/\" target=\"_blank\">Aluminium Door Window Fittings<\/a><\/li>\r\n<li><a href=\"https:\/\/sinoextrud.com\/product\/aluminium-extruded-products\/\" target=\"_blank\">Aluminium Extruded Products<\/a><\/li>\r\n<li><a href=\"https:\/\/sinoextrud.com\/product\/aluminum-profile-glass-curtain-wall-system\/\" target=\"_blank\">Aluminum Profile Glass Curtain Wall System<\/a><\/li>\r\n<li><a href=\"https:\/\/sinoextrud.com\/product\/profiles-aluminum\/\" target=\"_blank\">Profiles aluminum<\/a><\/li>\r\n<li><a href=\"https:\/\/sinoextrud.com\/product\/aluminium-frame\/\" target=\"_blank\">Aluminium Frame<\/a><\/li>\r\n<li><a href=\"https:\/\/sinoextrud.com\/product\/bending-aluminium-tube\/\" target=\"_blank\">Bending Aluminium Tube<\/a><\/li>\r\n<li><a href=\"https:\/\/sinoextrud.com\/product\/anodised-aluminium\/\" target=\"_blank\">Anodised Aluminium<\/a><\/li>\r\n<li><a href=\"https:\/\/sinoextrud.com\/product\/aluminium-profile-to-make-doors-and-windows\/\" target=\"_blank\">Aluminium Profile to Make Doors And Windows<\/a><\/li>\r\n<li><a href=\"https:\/\/sinoextrud.com\/product\/structural-aluminium-profiles\/\" target=\"_blank\">Structural Aluminium Profiles<\/a><\/li>\r\n<li><a href=\"https:\/\/sinoextrud.com\/product\/linear-sliding-modules-aluminum-profiles\/\" target=\"_blank\">Linear Sliding Modules Aluminum Profiles<\/a><\/li>\r\n<li><a href=\"https:\/\/sinoextrud.com\/product\/aluminum-profile-led-light-strip-bar\/\" target=\"_blank\">Aluminum Profile LED Light Strip Bar<\/a><\/li>"},"feature_list":[]},"_links":{"self":[{"href":"https:\/\/sinoextrud.com\/et\/wp-json\/wp\/v2\/product\/7725","targetHints":{"allow":["GET"]}}],"collection":[{"href":"https:\/\/sinoextrud.com\/et\/wp-json\/wp\/v2\/product"}],"about":[{"href":"https:\/\/sinoextrud.com\/et\/wp-json\/wp\/v2\/types\/product"}],"wp:featuredmedia":[{"embeddable":true,"href":"https:\/\/sinoextrud.com\/et\/wp-json\/wp\/v2\/media\/7724"}],"wp:attachment":[{"href":"https:\/\/sinoextrud.com\/et\/wp-json\/wp\/v2\/media?parent=7725"}],"wp:term":[{"taxonomy":"category","embeddable":true,"href":"https:\/\/sinoextrud.com\/et\/wp-json\/wp\/v2\/categories?post=7725"}],"curies":[{"name":"wp","href":"https:\/\/api.w.org\/{rel}","templated":true}]}}