{"id":7721,"date":"2025-06-10T02:26:24","date_gmt":"2025-06-10T02:26:24","guid":{"rendered":"https:\/\/sinoextrud.com\/product\/aluminum-profile-glass-curtain-wall-system\/"},"modified":"2025-06-24T06:13:30","modified_gmt":"2025-06-24T06:13:30","slug":"alumiiniumprofiiliga-klaasist-kardinaseina-susteem","status":"publish","type":"product","link":"https:\/\/sinoextrud.com\/et\/product\/aluminum-profile-glass-curtain-wall-system\/","title":{"rendered":"Alumiiniumprofiili klaasist kardinaseina s\u00fcsteem"},"content":{"rendered":"<h2>Toodete \u00fcksikasjad<\/h2>\n<table class=\"custom-table\">\n<tr>\n<td class=\"label\">1. Objekt<\/td>\n<td>Alumiiniumprofiili klaasist kardinaseina s\u00fcsteem<\/td>\n<\/tr>\n<tr>\n<td class=\"label\">2. Sektsiooni kuju<\/td>\n<td>I, U, T, C, Z, L, H, ruudukujuline, \u00fcmmargune, lame, \u00f5\u00f5nes, t-ava ja muud keerulised kujud tellimust\u00f6\u00f6na.<\/td>\n<\/tr>\n<tr>\n<td class=\"label\">3. Pinna t\u00f6\u00f6tlemine<\/td>\n<td>Veski viimistlus \/ anodeeritud (oks\u00fcdeerimine) \/ liivapritsimine \/ pulberv\u00e4rvimine \/ elektroforees \/ puidutera<\/td>\n<\/tr>\n<tr>\n<td class=\"label\">4. MOQ<\/td>\n<td>200KG iga eseme kohta<\/td>\n<\/tr>\n<tr>\n<td class=\"label\">5. Materjal<\/td>\n<td>100% sulam: 6063 T5 \/ 6061 T6<\/td>\n<\/tr>\n<tr>\n<td class=\"label\">6. Pikkus<\/td>\n<td>Tavaline = 6m, 1-9m v\u00f5i kohandatud<\/td>\n<\/tr>\n<tr>\n<td class=\"label\">7. Taotlus<\/td>\n<td>1) - akna- ja ukseraamidele<br \/>\n2) - klaasist kardinaseinte ehitamiseks<br \/>\n3) - p\u00e4ikesepaneelide raamid, p\u00e4ikesepaneelide paigaldus\/katuse kronsteinid<br \/>\n4) - t\u00f6\u00f6stuse koosteliinide seadmete jaoks<br \/>\n5) - jahutusradade jaoks<br \/>\n6) - LED-valgustuse jaoks<br \/>\n7) - muud kohandatud disaini suuruse ja m\u00f5\u00f5tmete j\u00e4rgi<\/td>\n<\/tr>\n<tr>\n<td class=\"label\">8. Teenused<\/td>\n<td>1). OEM-teenus.<br \/>\n2). Projekteerimine vastavalt klientide n\u00f5uetele.<br \/>\n3). 30aastane t\u00f6\u00f6kogemus teadustegevuses, tootmises ja tootmises<br \/>\n4). Meie kaasaegne s\u00fcgavt\u00f6\u00f6tlemiskeskus v\u00f5ib pakkuda mehaanilist t\u00f6\u00f6tlemist, nagu l\u00f5ikamine, augustamine, puurimine, painutamine, koputamine jne.<\/td>\n<\/tr>\n<tr>\n<td class=\"label\">9. Kvaliteedikontroll<\/td>\n<td>Meil on k\u00f5ige rangem kvaliteedikontrolli s\u00fcsteem, 100% kontroll enne saatmist<\/td>\n<\/tr>\n<tr>\n<td class=\"label\">10. Protsess<\/td>\n<td>P\u00e4ring - Proov v\u00f5i CAD joonis (klientide poolt) -CAD joonis (meie firma) -Joonise kinnitamine -Vormi valmistamine -Mustrite konformatsioon -Masstootmine-KontrollTarnimineTarne<\/td>\n<\/tr>\n<tr>\n<td class=\"label\">11. Maksmine<\/td>\n<td>T \/ T: 30% tagatisraha, saldo makstakse enne v\u00f5i p\u00e4rast saatmist (v\u00f5i k\u00f5ik s\u00f5ltub)<\/td>\n<\/tr>\n<tr>\n<td class=\"label\">12. Pakendamise \u00fcksikasjad<\/td>\n<td>Seestpoolt: Kilega pakitud, et kaitsta iga detaili<br \/>\nV\u00e4ljaspool: M\u00e4hkida kimbud veekindla k\u00e4sit\u00f6\u00f6paberiga v\u00f5i EPE-kilega. Kohandatud taotlus saadaval<\/td>\n<\/tr>\n<tr>\n<td class=\"label\">13. Juhtimisaeg<\/td>\n<td>Survet\u00f6\u00f6tlus ja proovide testimine: 8-15 p\u00e4eva<br \/>\nMasstootmine: 20-25 p\u00e4eva<\/td>\n<\/tr>\n<\/table>\n<h2>Meie tootmisbaas<\/h2>\n<h3>Tehase panoraam<\/h3>\n<p><img decoding=\"async\" src=\"\/wp-content\/uploads\/factory-01.webp\"\/><\/p>\n<h3>Alumiiniumvarraste tootmise t\u00f6\u00f6koda<\/h3>\n<p><img decoding=\"async\" src=\"\/wp-content\/uploads\/factory-02.webp\"\/><\/p>\n<\/p>\n<p><img decoding=\"async\" src=\"\/wp-content\/uploads\/factory-03.webp\"\/><\/p>\n<h3>hallituse ladustamise ladu<\/h3>\n<p><img decoding=\"async\" src=\"\/wp-content\/uploads\/factory-04.webp\"\/><\/p>\n<h3>43 alumiiniumi ekstrusiooniliini (500-5500 tonni)<\/h3>\n<p><img decoding=\"async\" src=\"\/wp-content\/uploads\/factory-05.webp\"\/><\/p>\n<p><img decoding=\"async\" src=\"\/wp-content\/uploads\/factory-06.webp\"\/><\/p>\n<p><img decoding=\"async\" src=\"\/wp-content\/uploads\/factory-07.webp\"\/><\/p>\n<h3>Pulberv\u00e4rvimise t\u00f6\u00f6koda<\/h3>\n<p><img decoding=\"async\" src=\"\/wp-content\/uploads\/factory-09.webp\"\/><\/p>\n<h3>Anodiseerimise t\u00f6\u00f6koda<\/h3>\n<p><img decoding=\"async\" src=\"\/wp-content\/uploads\/factory-10.webp\"\/><\/p>\n<h3>S\u00fcgavt\u00f6\u00f6tlemise t\u00f6\u00f6tuba<\/h3>\n<p><img decoding=\"async\" src=\"\/wp-content\/uploads\/factory-11.webp\"\/><\/p>\n<h3>CNC-t\u00e4ppist\u00f6\u00f6tlemise t\u00f6\u00f6koda<\/h3>\n<p><img decoding=\"async\" src=\"\/wp-content\/uploads\/factory-11.5.webp\"\/><\/p>\n<h3>Valmistoodete ja ekspordi ladu<\/h3>\n<p><img decoding=\"async\" src=\"\/wp-content\/uploads\/factory-12.webp\"\/><\/p>\n<p><img decoding=\"async\" src=\"\/wp-content\/uploads\/factory-13.webp\"\/><\/p>\n<p><img decoding=\"async\" src=\"\/wp-content\/uploads\/factory-14.webp\"\/><\/p>\n<h2>KKK<\/h2>\n<p><b>1.Mis on alumiiniumprofiiliga klaasist kardinaseina s\u00fcsteem?<\/b><\/p>\n<p>Alumiiniumprofiiliga klaasist kardinaseina s\u00fcsteem on mittekandev fassaadilahendus, mis kasutab alumiiniumraame suurte klaaspaneelide toetamiseks hoone v\u00e4lisk\u00fclgedel.\n<\/p>\n<p><\/p>\n<p><b>2.Miks kasutada alumiiniumprofiile kardinaseinas\u00fcsteemides?<\/b><\/p>\n<p>Alumiinium pakub tugevust, kergust ja korrosioonikindlust, mis muudab selle ideaalseks vastupidavaks ja kaasaegseks kardinaseinas\u00fcsteemiks.\n<\/p>\n<p><\/p>\n<p><b>3.Kas need kardinaseinas\u00fcsteemid on energiat\u00f5husad?<\/b><\/p>\n<p>Jah, soojustagastusega s\u00fcsteemid ja soojustatud klaas parandavad soojapidavust, v\u00e4hendades k\u00fctte- ja jahutuskulusid.\n<\/p>\n<p><\/p>\n<p><b>4.Kas kardinaseina s\u00fcsteemi saab kohandada?<\/b><\/p>\n<p>Kindlasti saab alumiiniumprofiile ja klaaspaneele kohandada vastavalt konkreetsele ehituskonstruktsioonile ja toimivusn\u00f5uetele.\n<\/p>\n<p><\/p>\n<p><b>5.Kas alumiiniumklaasist kardinaseina s\u00fcsteem on ilmastikukindel?<\/b><\/p>\n<p>Jah, see on kavandatud taluma tuulekoormust, vee sissetungi ja UV-kiirgust erinevates kliimatingimustes.\n<\/p>\n<p><\/p>\n<p><b>6.Millised on klaasist kardinaseinte kasutamise eelised hoonetes?<\/b><\/p>\n<p>Klaasist kardinaseinad pakuvad loomulikku valgust, kaasaegset esteetikat ja energiat\u00f5husust, v\u00e4hendades samal ajal hoone visuaalset mahtu.\n<\/p>\n<p><\/p>\n<p><b>7.Kui vastupidavad on alumiiniumprofiiliga kardinaseina s\u00fcsteemid?<\/b><\/p>\n<p>T\u00e4nu tugevale alumiiniumkonstruktsioonile ja kaitsvale viimistlusele kestavad need aastak\u00fcmneid minimaalse hooldusega.\n<\/p>\n<p><\/p>\n<p><b>8.Kas kardinaseinas\u00fcsteemid toetavad suuri klaaspaneele?<\/b><\/p>\n<p>Jah, alumiiniumprofiilid on konstrueeritud nii, et need hoiavad kindlalt ja suure struktuurilise terviklikkusega suurformaadilisi klaaspaneele.\n<\/p>\n<p><\/p>","protected":false},"featured_media":7720,"template":"","categories":[67],"class_list":["post-7721","product","type-product","status-publish","has-post-thumbnail","hentry","category-architectural-aluminium-profile"],"meta_box":{"hilight_text_group":{"product_hilight_text":"<li>High-strength aluminum profiles ensure structural stability and safety<\/li>\r\r\n<li>Sleek and modern design enhances building aesthetics<\/li>\r\r\n<li>Excellent corrosion resistance for long-term outdoor performance<\/li>\r\r\n<li>Supports large glass panels with minimal visual obstruction<\/li>\r\r\n<li>Thermal break options available for improved energy efficiency<\/li>\r\r\n<li>Customizable systems to suit various architectural requirements<\/li>\r\r\n<li>Quick installation reduces labor time and construction costs<\/li>","product_chanpin_blog":"<ul>\r\r\n<li><a href=\"https:\/\/sinoextrud.com\/t-slot-v-slot-differences\/\" target=\"_blank\">t slot vs v slot<\/a><\/li>\r\r\n<li><a href=\"https:\/\/sinoextrud.com\/what-is-4040-aluminium-extrud\/\" target=\"_blank\">4040 aluminium extrusion<\/a><\/li>\r\r\n<li><a href=\"https:\/\/sinoextrud.com\/what-is-4040-aluminium-extrud\/\" target=\"_blank\">aluminum extrusions for industrial racks<\/a><\/li>\r\r\n<li><a href=\"https:\/\/sinoextrud.com\/powder-coating-aluminium-process\/\" target=\"_blank\">powder coating aluminium<\/a><\/li>\r\r\n<li><a href=\"https:\/\/sinoextrud.com\/what-is-an-aluminium-strip-ceiling\/\" target=\"_blank\">aluminium strip ceiling<\/a><\/li>\r\r\n<li><a href=\"https:\/\/sinoextrud.com\/what-is-a-heat-sink\/\" target=\"_blank\">what is a heat sink<\/a><\/li>\r\r\n<\/ul>","product_chanpin_chanpin":"<li><a href=\"https:\/\/sinoextrud.com\/product\/30mm-aluminum-extrusion\/\" target=\"_blank\">30mm Aluminum Extrusion<\/a><\/li>\r\n<li><a href=\"https:\/\/sinoextrud.com\/product\/aluminium-rail-extrusions\/\" target=\"_blank\">Aluminium Rail Extrusions<\/a><\/li>\r\n<li><a href=\"https:\/\/sinoextrud.com\/product\/aluminium-door-window-fittings\/\" target=\"_blank\">Aluminium Door Window Fittings<\/a><\/li>\r\n<li><a href=\"https:\/\/sinoextrud.com\/product\/aluminium-extruded-products\/\" target=\"_blank\">Aluminium Extruded Products<\/a><\/li>\r\n<li><a href=\"https:\/\/sinoextrud.com\/product\/aluminum-profile-glass-curtain-wall-system\/\" target=\"_blank\">Aluminum Profile Glass Curtain Wall System<\/a><\/li>\r\n<li><a href=\"https:\/\/sinoextrud.com\/product\/profiles-aluminum\/\" target=\"_blank\">Profiles aluminum<\/a><\/li>\r\n<li><a href=\"https:\/\/sinoextrud.com\/product\/aluminium-frame\/\" target=\"_blank\">Aluminium Frame<\/a><\/li>\r\n<li><a href=\"https:\/\/sinoextrud.com\/product\/bending-aluminium-tube\/\" target=\"_blank\">Bending Aluminium Tube<\/a><\/li>\r\n<li><a href=\"https:\/\/sinoextrud.com\/product\/anodised-aluminium\/\" target=\"_blank\">Anodised Aluminium<\/a><\/li>\r\n<li><a href=\"https:\/\/sinoextrud.com\/product\/anodized-powder-coated-window-louver-extrusion-shutter-aluminum-profiles\/\" target=\"_blank\">Anodized Powder Coated Window Louver Extrusion Shutter Aluminum Profiles<\/a><\/li>\r\n<li><a href=\"https:\/\/sinoextrud.com\/product\/aluminium-extrusion-anodized-aluminum-profile\/\" target=\"_blank\">Aluminium Extrusion Anodized Aluminum Profile<\/a><\/li>"},"feature_list":[]},"_links":{"self":[{"href":"https:\/\/sinoextrud.com\/et\/wp-json\/wp\/v2\/product\/7721","targetHints":{"allow":["GET"]}}],"collection":[{"href":"https:\/\/sinoextrud.com\/et\/wp-json\/wp\/v2\/product"}],"about":[{"href":"https:\/\/sinoextrud.com\/et\/wp-json\/wp\/v2\/types\/product"}],"wp:featuredmedia":[{"embeddable":true,"href":"https:\/\/sinoextrud.com\/et\/wp-json\/wp\/v2\/media\/7720"}],"wp:attachment":[{"href":"https:\/\/sinoextrud.com\/et\/wp-json\/wp\/v2\/media?parent=7721"}],"wp:term":[{"taxonomy":"category","embeddable":true,"href":"https:\/\/sinoextrud.com\/et\/wp-json\/wp\/v2\/categories?post=7721"}],"curies":[{"name":"wp","href":"https:\/\/api.w.org\/{rel}","templated":true}]}}