{"id":7719,"date":"2025-06-10T02:23:54","date_gmt":"2025-06-10T02:23:54","guid":{"rendered":"https:\/\/sinoextrud.com\/product\/aluminium-extruded-products\/"},"modified":"2025-06-24T06:13:30","modified_gmt":"2025-06-24T06:13:30","slug":"alumiiniumist-pressitud-tooted","status":"publish","type":"product","link":"https:\/\/sinoextrud.com\/et\/product\/aluminium-extruded-products\/","title":{"rendered":"Alumiiniumist pressitud tooted"},"content":{"rendered":"<h2>Toodete \u00fcksikasjad<\/h2>\n<table class=\"custom-table\">\n<tr>\n<td class=\"label\">Punkti<\/td>\n<td>Customzied alumiiniumist pressitud tooted t\u00f6\u00f6stuslikuks kasutamiseks<\/td>\n<\/tr>\n<tr>\n<td class=\"label\">Materjal<\/td>\n<td>Alumiinium 6000-seeria sulam, n\u00e4iteks 6061, 6063, 6082, 6463 jne.<\/td>\n<\/tr>\n<tr>\n<td class=\"label\">Temper<\/td>\n<td>T4, T5, T6<\/td>\n<\/tr>\n<tr>\n<td class=\"label\">Paksus<\/td>\n<td>\u00dcldine profiili paksus: 0,8-5,0 mm; anodeeritud kaitse paksus: 8-25um; pulberv\u00e4rvi paksus: 40-120um.<\/td>\n<\/tr>\n<tr>\n<td class=\"label\">Suurus<\/td>\n<td>1m-9m t\u00fcki kohta v\u00f5i kohandatud.<\/td>\n<\/tr>\n<tr>\n<td class=\"label\">Kuju<\/td>\n<td>Nelinurkne, lame, \u00fcmmargune, \u00f5\u00f5nes, ovaalne, kolmnurkne, U-profiil, L-profiil, T-profiil, H-profiil, saadaval kohandatud.<\/td>\n<\/tr>\n<tr>\n<td class=\"label\">Pinnat\u00f6\u00f6tlus<\/td>\n<td>V\u00e4rvitud, anodeeritud, pulberv\u00e4rvitud, elektroforees, puidumass, puit, PVDF-v\u00e4rv, poleerimine, harjatud.<\/td>\n<\/tr>\n<tr>\n<td class=\"label\">V\u00e4rv<\/td>\n<td>H\u00f5be, \u0161ampanja, must, pronks, kuld, valge v\u00f5i kohandatud.<\/td>\n<\/tr>\n<tr>\n<td class=\"label\">Taotlus<\/td>\n<td>Aknad ja uksed koos termilise katkestuse ribadega, kardinasein, klaassein, m\u00f6\u00f6bel, lagi, k\u00f6\u00f6k, LED-ribad, transpordir\u00f6\u00f6pad, s\u00f5iduk, mootori korpus, masin, telk, p\u00e4ikesepaneel, t\u00f6\u00f6stusprofiil, dekoratsiooniprofiil jne.<\/td>\n<\/tr>\n<tr>\n<td class=\"label\">S\u00fcgav protsess<\/td>\n<td>CNC, puurimine, freesimine, l\u00f5ikamine, keevitamine, keevitamine, painutamine, kokkupanek.<\/td>\n<\/tr>\n<tr>\n<td class=\"label\">MOQ<\/td>\n<td>200 kg iga eseme kohta, tavaliselt 13-15 tonni 20GP puhul, 25-28 tonni 40HQ puhul.<\/td>\n<\/tr>\n<tr>\n<td class=\"label\">OEM teenus<\/td>\n<td>Kliendi poolt pakutav joonistus, n\u00e4idis v\u00f5i disainiteenus.<\/td>\n<\/tr>\n<tr>\n<td class=\"label\">Tootmisv\u00f5imsus<\/td>\n<td>7500 tonni kuus.<\/td>\n<\/tr>\n<tr>\n<td class=\"label\">Br\u00e4ndi nimi<\/td>\n<td>Sinoextrud (Sinoextrud alumiinium)<\/td>\n<\/tr>\n<tr>\n<td class=\"label\">Sertifikaadid ja standard<\/td>\n<td>1) ISO9001-2008\/ISO 9001:2008; 2) CQM SERTIFIKAADID; 3) SGS, CE, BV, JIS, AS, NZS, QUALICOAT, QUOLANOD SAADAVAL.<\/td>\n<\/tr>\n<tr>\n<td class=\"label\">Garantii<\/td>\n<td>Pinna v\u00e4rv v\u00f5ib olla stabiilne 10-20 aastat siseruumides.<\/td>\n<\/tr>\n<tr>\n<td class=\"label\">Pakendamise \u00fcksikasjad<\/td>\n<td>Sisemine: pakend kilest kaitsekilega, et kaitsta iga detaili.<br \/>\nV\u00e4ljaspool: m\u00e4hkige kimpu veekindla k\u00e4sit\u00f6\u00f6paberi v\u00f5i EPE-kilega v\u00f5i kohandatud.<\/td>\n<\/tr>\n<tr>\n<td class=\"label\">Tarneaeg<\/td>\n<td>Survematerjali v\u00e4ljat\u00f6\u00f6tamine ja proovide testimine: 12-18 p\u00e4eva .<br \/>\nMasstootmine: 25-30 p\u00e4eva p\u00e4rast ostja poolt proovi kinnitamist.<\/td>\n<\/tr>\n<tr>\n<td class=\"label\">FOB sadam<\/td>\n<td>Shenzhen\/ Guangzhou\/ Foshan<\/td>\n<\/tr>\n<tr>\n<td class=\"label\">Maksetingimused<\/td>\n<td>T\/T 30% tagatisraha, saldo enne tarnimist.<\/td>\n<\/tr>\n<tr>\n<td class=\"label\">Arveldustingimused<\/td>\n<td>Laadige tegeliku l\u00f5ppkaalu v\u00f5i teoreetilise kaalu j\u00e4rgi.<\/td>\n<\/tr>\n<\/table>\n<h2>Meie tootmisbaas<\/h2>\n<h3>Tehase panoraam<\/h3>\n<p><img decoding=\"async\" src=\"\/wp-content\/uploads\/factory-01.webp\"\/><\/p>\n<h3>Alumiiniumvarraste tootmise t\u00f6\u00f6koda<\/h3>\n<p><img decoding=\"async\" src=\"\/wp-content\/uploads\/factory-02.webp\"\/><\/p>\n<\/p>\n<p><img decoding=\"async\" src=\"\/wp-content\/uploads\/factory-03.webp\"\/><\/p>\n<h3>hallituse ladustamise ladu<\/h3>\n<p><img decoding=\"async\" src=\"\/wp-content\/uploads\/factory-04.webp\"\/><\/p>\n<h3>43 alumiiniumi ekstrusiooniliini (500-5500 tonni)<\/h3>\n<p><img decoding=\"async\" src=\"\/wp-content\/uploads\/factory-05.webp\"\/><\/p>\n<p><img decoding=\"async\" src=\"\/wp-content\/uploads\/factory-06.webp\"\/><\/p>\n<p><img decoding=\"async\" src=\"\/wp-content\/uploads\/factory-07.webp\"\/><\/p>\n<h3>Pulberv\u00e4rvimise t\u00f6\u00f6koda<\/h3>\n<p><img decoding=\"async\" src=\"\/wp-content\/uploads\/factory-09.webp\"\/><\/p>\n<h3>Anodiseerimise t\u00f6\u00f6koda<\/h3>\n<p><img decoding=\"async\" src=\"\/wp-content\/uploads\/factory-10.webp\"\/><\/p>\n<h3>S\u00fcgavt\u00f6\u00f6tlemise t\u00f6\u00f6tuba<\/h3>\n<p><img decoding=\"async\" src=\"\/wp-content\/uploads\/factory-11.webp\"\/><\/p>\n<h3>CNC-t\u00e4ppist\u00f6\u00f6tlemise t\u00f6\u00f6koda<\/h3>\n<p><img decoding=\"async\" src=\"\/wp-content\/uploads\/factory-11.5.webp\"\/><\/p>\n<h3>Valmistoodete ja ekspordi ladu<\/h3>\n<p><img decoding=\"async\" src=\"\/wp-content\/uploads\/factory-12.webp\"\/><\/p>\n<p><img decoding=\"async\" src=\"\/wp-content\/uploads\/factory-13.webp\"\/><\/p>\n<p><img decoding=\"async\" src=\"\/wp-content\/uploads\/factory-14.webp\"\/><\/p>\n<h2>KKK<\/h2>\n<p><b>1.Mis on alumiiniumist pressitud tooted?<\/b><\/p>\n<p>Alumiiniumist pressitud tooted on alumiiniumi survestamise teel vormitud vormid, mida kasutatakse ehituses, transpordis, elektroonikas ja mujal.\n<\/p>\n<p><\/p>\n<p><b>2.Miks valida alumiiniumprofiilid?<\/b><\/p>\n<p>Nad pakuvad kerget tugevust, suurep\u00e4rast korrosioonikindlust ja mitmek\u00fclgseid konstruktsiooniv\u00f5imalusi mitmesuguste rakenduste jaoks.\n<\/p>\n<p><\/p>\n<p><b>3.Kas alumiiniumprofiilid on kohandatavad?<\/b><\/p>\n<p>Jah, neid saab valmistada eri profiilide, pikkuste ja sulamite kaupa, et need vastaksid konkreetsetele t\u00f6\u00f6stuslikele v\u00f5i kaubanduslikele vajadustele.\n<\/p>\n<p><\/p>\n<p><b>4.Millised t\u00f6\u00f6stusharud kasutavad alumiiniumist pressitud tooteid?<\/b><\/p>\n<p>Neid kasutatakse laialdaselt autot\u00f6\u00f6stuses, lennunduses, ehituses, m\u00f6\u00f6blis, elektroonikas ja taastuvenergia sektoris.\n<\/p>\n<p><\/p>\n<p><b>5.Milliseid viimistlusviise on saadaval alumiiniumist pressitud toodete puhul?<\/b><\/p>\n<p>\u00dcldine viimistlus h\u00f5lmab anodeeritud, pulberv\u00e4rvitud, harjatud ja freesitud viimistlust, et parandada vastupidavust ja v\u00e4limust.\n<\/p>\n<p><\/p>\n<p><b>6.Kas alumiiniumprofiilid sobivad v\u00e4litingimustes kasutamiseks?<\/b><\/p>\n<p>Jah, sobiva viimistlusega sobib pressitud alumiinium erakordselt h\u00e4sti v\u00e4litingimustes.\n<\/p>\n<p><\/p>\n<p><b>7.Kas alumiiniumi ekstrusioon on keskkonnas\u00f5bralik?<\/b><\/p>\n<p>Jah, alumiinium on 100% taaskasutatav ja ekstrusiooniprotsess on energiat\u00f5hus, toetades keskkonnas\u00e4\u00e4stlikku tootmist.\n<\/p>\n<p><\/p>\n<p><b>8.Kui tugevad on alumiiniumist pressitud tooted?<\/b><\/p>\n<p>Pressitud alumiinium pakub suurt tugevuse ja kaalu suhet ning seda saab konstrueerida nii, et see vastaks eri t\u00f6\u00f6stusharude konstruktsioonilistele koormusn\u00f5uetele.\n<\/p>\n<p><\/p>","protected":false},"featured_media":7718,"template":"","categories":[67],"class_list":["post-7719","product","type-product","status-publish","has-post-thumbnail","hentry","category-architectural-aluminium-profile"],"meta_box":{"hilight_text_group":{"product_hilight_text":"<li>High precision aluminium extrusion for consistent quality and performance<\/li>\r\r\n<li>Lightweight yet strong, ideal for structural and architectural applications<\/li>\r\r\n<li>Corrosion-resistant surface suitable for indoor and outdoor environments<\/li>\r\r\n<li>Available in various shapes, sizes, and alloy grades<\/li>\r\r\n<li>Custom extrusion services support OEM and industrial applications<\/li>\r\r\n<li>Compatible with a wide range of surface finishes including anodizing and powder coating<\/li>\r\r\n<li>Eco-friendly and fully recyclable material for sustainable solutions<\/li>","product_chanpin_blog":"<ul>\r\r\n<li><a href=\"https:\/\/sinoextrud.com\/t-slot-v-slot-differences\/\" target=\"_blank\">t slot vs v slot<\/a><\/li>\r\r\n<li><a href=\"https:\/\/sinoextrud.com\/what-is-4040-aluminium-extrud\/\" target=\"_blank\">4040 aluminium extrusion<\/a><\/li>\r\r\n<li><a href=\"https:\/\/sinoextrud.com\/what-is-4040-aluminium-extrud\/\" target=\"_blank\">aluminum extrusions for industrial racks<\/a><\/li>\r\r\n<li><a href=\"https:\/\/sinoextrud.com\/powder-coating-aluminium-process\/\" target=\"_blank\">powder coating aluminium<\/a><\/li>\r\r\n<li><a href=\"https:\/\/sinoextrud.com\/what-is-an-aluminium-strip-ceiling\/\" target=\"_blank\">aluminium strip ceiling<\/a><\/li>\r\r\n<li><a href=\"https:\/\/sinoextrud.com\/what-is-a-heat-sink\/\" target=\"_blank\">what is a heat sink<\/a><\/li>\r\r\n<\/ul>","product_chanpin_chanpin":"<li><a href=\"https:\/\/sinoextrud.com\/product\/30-x-30-aluminum-extrusion-for-decoration\/\" target=\"_blank\">30 X 30 Aluminum Extrusion For Decoration<\/a><\/li>\r\n<li><a href=\"https:\/\/sinoextrud.com\/product\/30mm-aluminum-extrusion\/\" target=\"_blank\">30mm Aluminum Extrusion<\/a><\/li>\r\n<li><a href=\"https:\/\/sinoextrud.com\/product\/aluminium-rail-extrusions\/\" target=\"_blank\">Aluminium Rail Extrusions<\/a><\/li>\r\n<li><a href=\"https:\/\/sinoextrud.com\/product\/aluminium-door-window-fittings\/\" target=\"_blank\">Aluminium Door Window Fittings<\/a><\/li>\r\n<li><a href=\"https:\/\/sinoextrud.com\/product\/aluminium-extruded-products\/\" target=\"_blank\">Aluminium Extruded Products<\/a><\/li>\r\n<li><a href=\"https:\/\/sinoextrud.com\/product\/aluminum-profile-glass-curtain-wall-system\/\" target=\"_blank\">Aluminum Profile Glass Curtain Wall System<\/a><\/li>\r\n<li><a href=\"https:\/\/sinoextrud.com\/product\/profiles-aluminum\/\" target=\"_blank\">Profiles aluminum<\/a><\/li>\r\n<li><a href=\"https:\/\/sinoextrud.com\/product\/aluminium-frame\/\" target=\"_blank\">Aluminium Frame<\/a><\/li>\r\n<li><a href=\"https:\/\/sinoextrud.com\/product\/bending-aluminium-tube\/\" target=\"_blank\">Bending Aluminium Tube<\/a><\/li>\r\n<li><a href=\"https:\/\/sinoextrud.com\/product\/aluminium-precision-cnc-fabrication-milling-process-deep-processing-machining-company\/\" target=\"_blank\">Aluminium precision CNC fabrication milling process deep processing machining company<\/a><\/li>\r\n<li><a href=\"https:\/\/sinoextrud.com\/product\/aluminum-picture-photo-artware-frame-mirror-polished-gold\/\" target=\"_blank\">Aluminum Picture Photo Artware Frame Mirror Polished Gold<\/a><\/li>"},"feature_list":[]},"_links":{"self":[{"href":"https:\/\/sinoextrud.com\/et\/wp-json\/wp\/v2\/product\/7719","targetHints":{"allow":["GET"]}}],"collection":[{"href":"https:\/\/sinoextrud.com\/et\/wp-json\/wp\/v2\/product"}],"about":[{"href":"https:\/\/sinoextrud.com\/et\/wp-json\/wp\/v2\/types\/product"}],"wp:featuredmedia":[{"embeddable":true,"href":"https:\/\/sinoextrud.com\/et\/wp-json\/wp\/v2\/media\/7718"}],"wp:attachment":[{"href":"https:\/\/sinoextrud.com\/et\/wp-json\/wp\/v2\/media?parent=7719"}],"wp:term":[{"taxonomy":"category","embeddable":true,"href":"https:\/\/sinoextrud.com\/et\/wp-json\/wp\/v2\/categories?post=7719"}],"curies":[{"name":"wp","href":"https:\/\/api.w.org\/{rel}","templated":true}]}}