{"id":7715,"date":"2025-06-10T02:18:29","date_gmt":"2025-06-10T02:18:29","guid":{"rendered":"https:\/\/sinoextrud.com\/product\/aluminium-rail-extrusions\/"},"modified":"2025-06-24T06:13:29","modified_gmt":"2025-06-24T06:13:29","slug":"alumiiniumprofiilid","status":"publish","type":"product","link":"https:\/\/sinoextrud.com\/et\/product\/aluminium-rail-extrusions\/","title":{"rendered":"Alumiiniumist r\u00f6\u00f6bastee ekstrusioonid"},"content":{"rendered":"<h2>Toodete \u00fcksikasjad<\/h2>\n<table class=\"custom-table\">\n<tr>\n<td class=\"label\">Kuju:<\/td>\n<td> \u00fcmmargune<\/td>\n<\/tr>\n<tr>\n<td class=\"label\">Temperament:<\/td>\n<td> T3-T8 sulam<\/td>\n<\/tr>\n<tr>\n<td class=\"label\">Legeeriv koostisosa:<\/td>\n<td> 6063<\/td>\n<\/tr>\n<tr>\n<td class=\"label\">Poleeritud alumiiniumprofiil:<\/td>\n<td> Keemiline poleerimine<\/td>\n<\/tr>\n<tr>\n<td class=\"label\">Materjal:<\/td>\n<td> 99.7% puhas alumiinium materjal<\/td>\n<\/tr>\n<tr>\n<td class=\"label\">Anodeeritud Paksus:<\/td>\n<td> \u00dcle 10um<\/td>\n<\/tr>\n<tr>\n<td class=\"label\">T\u00fc\u00fcp:<\/td>\n<td> Dekoratiivsed alumiiniumprofiilid<\/td>\n<\/tr>\n<tr>\n<td class=\"label\">Sertifitseerimine:<\/td>\n<td> CE, SONCAP, ISO, CIQ, RoHS, TUV<\/td>\n<\/tr>\n<tr>\n<td class=\"label\">P\u00e4ritolu:<\/td>\n<td> Guangdong, Hiina<\/td>\n<\/tr>\n<\/table>\n<h2>Meie tootmisbaas<\/h2>\n<h3>Tehase panoraam<\/h3>\n<p><img decoding=\"async\" src=\"\/wp-content\/uploads\/factory-01.webp\"\/><\/p>\n<h3>Alumiiniumvarraste tootmise t\u00f6\u00f6koda<\/h3>\n<p><img decoding=\"async\" src=\"\/wp-content\/uploads\/factory-02.webp\"\/><\/p>\n<\/p>\n<p><img decoding=\"async\" src=\"\/wp-content\/uploads\/factory-03.webp\"\/><\/p>\n<h3>hallituse ladustamise ladu<\/h3>\n<p><img decoding=\"async\" src=\"\/wp-content\/uploads\/factory-04.webp\"\/><\/p>\n<h3>43 alumiiniumi ekstrusiooniliini (500-5500 tonni)<\/h3>\n<p><img decoding=\"async\" src=\"\/wp-content\/uploads\/factory-05.webp\"\/><\/p>\n<p><img decoding=\"async\" src=\"\/wp-content\/uploads\/factory-06.webp\"\/><\/p>\n<p><img decoding=\"async\" src=\"\/wp-content\/uploads\/factory-07.webp\"\/><\/p>\n<h3>Pulberv\u00e4rvimise t\u00f6\u00f6koda<\/h3>\n<p><img decoding=\"async\" src=\"\/wp-content\/uploads\/factory-09.webp\"\/><\/p>\n<h3>Anodiseerimise t\u00f6\u00f6koda<\/h3>\n<p><img decoding=\"async\" src=\"\/wp-content\/uploads\/factory-10.webp\"\/><\/p>\n<h3>S\u00fcgavt\u00f6\u00f6tlemise t\u00f6\u00f6tuba<\/h3>\n<p><img decoding=\"async\" src=\"\/wp-content\/uploads\/factory-11.webp\"\/><\/p>\n<h3>CNC-t\u00e4ppist\u00f6\u00f6tlemise t\u00f6\u00f6koda<\/h3>\n<p><img decoding=\"async\" src=\"\/wp-content\/uploads\/factory-11.5.webp\"\/><\/p>\n<h3>Valmistoodete ja ekspordi ladu<\/h3>\n<p><img decoding=\"async\" src=\"\/wp-content\/uploads\/factory-12.webp\"\/><\/p>\n<p><img decoding=\"async\" src=\"\/wp-content\/uploads\/factory-13.webp\"\/><\/p>\n<p><img decoding=\"async\" src=\"\/wp-content\/uploads\/factory-14.webp\"\/><\/p>\n<h2>KKK<\/h2>\n<p><b>1.Mis on alumiiniumist r\u00f6\u00f6bastee ekstrusioonid?<\/b><\/p>\n<p>Alumiiniumr\u00f6\u00f6pmel profiilid on t\u00e4ppisvormitud alumiiniumprofiilid, mida kasutatakse r\u00f6\u00f6bass\u00fcsteemides juhtimiseks, toetamiseks v\u00f5i libisemiseks.\n<\/p>\n<p><\/p>\n<p><b>2.Miks valida alumiiniumist r\u00f6\u00f6bastee ekstrusioonid?<\/b><\/p>\n<p>Need on kerged, korrosioonikindlad ja t\u00e4psete m\u00f5\u00f5tmetega, mist\u00f5ttu sobivad need ideaalselt t\u00f6\u00f6stuslikesse ja kaubanduslikesse raudtees\u00fcsteemidesse.\n<\/p>\n<p><\/p>\n<p><b>3.Kas alumiiniumist r\u00f6\u00f6pseerised on korrosioonikindlad?<\/b><\/p>\n<p>Jah, alumiinium on looduslikult korrosioonikindel, mist\u00f5ttu need profiilid sobivad ideaalselt nii sise- kui ka v\u00e4listingimustes kasutamiseks.\n<\/p>\n<p><\/p>\n<p><b>4.Millised on alumiiniumr\u00f6\u00f6pmeliste pressprofiilide tavalised rakendused?<\/b><\/p>\n<p>Neid kasutatakse libisevates s\u00fcsteemides, konveierliinidel, masinate r\u00f6\u00f6basteedel ja arhitektuuriradadel.\n<\/p>\n<p><\/p>\n<p><b>5.Kas alumiiniumist r\u00f6\u00f6bastee ekstrusioone saab kohandada?<\/b><\/p>\n<p>Jah, neid saab valmistada erineva kuju, suuruse ja pinnaviimistlusega, et t\u00e4ita konkreetseid disainin\u00f5udeid.\n<\/p>\n<p><\/p>\n<p><b>6.Kas alumiiniumist r\u00f6\u00f6bastee ekstrusioonid vajavad hooldust?<\/b><\/p>\n<p>Need vajavad t\u00e4nu oma siledamale pinnale ja roostekindlatele omadustele minimaalset hooldust.\n<\/p>\n<p><\/p>\n<p><b>7.Kas alumiiniumist r\u00f6\u00f6bastee ekstrusioonid sobivad raskete koormuste jaoks?<\/b><\/p>\n<p>Jah, s\u00f5ltuvalt profiilist ja sulamist v\u00f5ivad need kanda m\u00f5\u00f5duka kuni raskeid koormusi usaldusv\u00e4\u00e4rse j\u00f5udlusega.\n<\/p>\n<p><\/p>\n<p><b>8.Kas alumiinium on keskkonnas\u00f5bralik materjal r\u00f6\u00f6pmelprofiilide jaoks?<\/b><\/p>\n<p>Kindlasti on alumiinium taaskasutatav ja energiat\u00f5hus, mis teeb sellest j\u00e4tkusuutliku valiku raudtees\u00fcsteemide jaoks.\n<\/p>\n<p><\/p>","protected":false},"featured_media":7714,"template":"","categories":[67],"class_list":["post-7715","product","type-product","status-publish","has-post-thumbnail","hentry","category-architectural-aluminium-profile"],"meta_box":{"hilight_text_group":{"product_hilight_text":"<li>Durable aluminum construction ensures long service life<\/li>\r\r\n<li>Lightweight for easy installation and reduced structural load<\/li>\r\r\n<li>High corrosion resistance suitable for indoor and outdoor use<\/li>\r\r\n<li>Available in various profiles to meet different rail system requirements<\/li>\r\r\n<li>Excellent dimensional accuracy for smooth and stable operation<\/li>\r\r\n<li>Low maintenance and easy to clean surface<\/li>\r\r\n<li>Supports modular rail systems for flexible integration<\/li>","product_chanpin_blog":"<ul>\r\r\n<li><a href=\"https:\/\/sinoextrud.com\/t-slot-v-slot-differences\/\" target=\"_blank\">t slot vs v slot<\/a><\/li>\r\r\n<li><a href=\"https:\/\/sinoextrud.com\/what-is-4040-aluminium-extrud\/\" target=\"_blank\">4040 aluminium extrusion<\/a><\/li>\r\r\n<li><a href=\"https:\/\/sinoextrud.com\/what-is-4040-aluminium-extrud\/\" target=\"_blank\">aluminum extrusions for industrial racks<\/a><\/li>\r\r\n<li><a href=\"https:\/\/sinoextrud.com\/powder-coating-aluminium-process\/\" target=\"_blank\">powder coating aluminium<\/a><\/li>\r\r\n<li><a href=\"https:\/\/sinoextrud.com\/what-is-an-aluminium-strip-ceiling\/\" target=\"_blank\">aluminium strip ceiling<\/a><\/li>\r\r\n<li><a href=\"https:\/\/sinoextrud.com\/what-is-a-heat-sink\/\" target=\"_blank\">what is a heat sink<\/a><\/li>\r\r\n<\/ul>","product_chanpin_chanpin":"<li><a href=\"https:\/\/sinoextrud.com\/product\/greenhouse-aluminium-extrusions-aluminium-sunroom-profile\/\" target=\"_blank\">Greenhouse Aluminium Extrusions Aluminium Sunroom Profile<\/a><\/li>\r\n<li><a href=\"https:\/\/sinoextrud.com\/product\/aluminum-curtain-wall-extrusions\/\" target=\"_blank\">Aluminum Curtain Wall Extrusions<\/a><\/li>\r\n<li><a href=\"https:\/\/sinoextrud.com\/product\/30-x-30-aluminum-extrusion-for-decoration\/\" target=\"_blank\">30 X 30 Aluminum Extrusion For Decoration<\/a><\/li>\r\n<li><a href=\"https:\/\/sinoextrud.com\/product\/30mm-aluminum-extrusion\/\" target=\"_blank\">30mm Aluminum Extrusion<\/a><\/li>\r\n<li><a href=\"https:\/\/sinoextrud.com\/product\/aluminium-rail-extrusions\/\" target=\"_blank\">Aluminium Rail Extrusions<\/a><\/li>\r\n<li><a href=\"https:\/\/sinoextrud.com\/product\/aluminium-door-window-fittings\/\" target=\"_blank\">Aluminium Door Window Fittings<\/a><\/li>\r\n<li><a href=\"https:\/\/sinoextrud.com\/product\/aluminium-extruded-products\/\" target=\"_blank\">Aluminium Extruded Products<\/a><\/li>\r\n<li><a href=\"https:\/\/sinoextrud.com\/product\/aluminum-profile-glass-curtain-wall-system\/\" target=\"_blank\">Aluminum Profile Glass Curtain Wall System<\/a><\/li>\r\n<li><a href=\"https:\/\/sinoextrud.com\/product\/profiles-aluminum\/\" target=\"_blank\">Profiles aluminum<\/a><\/li>\r\n<li><a href=\"https:\/\/sinoextrud.com\/product\/extruded-aluminum-electronic-enclosures\/\" target=\"_blank\">Extruded Aluminum Electronic Enclosures<\/a><\/li>\r\n<li><a href=\"https:\/\/sinoextrud.com\/product\/aluminium-extrusion-channel-profiles\/\" target=\"_blank\">Aluminium Extrusion Channel Profiles<\/a><\/li>"},"feature_list":[]},"_links":{"self":[{"href":"https:\/\/sinoextrud.com\/et\/wp-json\/wp\/v2\/product\/7715","targetHints":{"allow":["GET"]}}],"collection":[{"href":"https:\/\/sinoextrud.com\/et\/wp-json\/wp\/v2\/product"}],"about":[{"href":"https:\/\/sinoextrud.com\/et\/wp-json\/wp\/v2\/types\/product"}],"wp:featuredmedia":[{"embeddable":true,"href":"https:\/\/sinoextrud.com\/et\/wp-json\/wp\/v2\/media\/7714"}],"wp:attachment":[{"href":"https:\/\/sinoextrud.com\/et\/wp-json\/wp\/v2\/media?parent=7715"}],"wp:term":[{"taxonomy":"category","embeddable":true,"href":"https:\/\/sinoextrud.com\/et\/wp-json\/wp\/v2\/categories?post=7715"}],"curies":[{"name":"wp","href":"https:\/\/api.w.org\/{rel}","templated":true}]}}