{"id":7711,"date":"2025-06-10T02:15:15","date_gmt":"2025-06-10T02:15:15","guid":{"rendered":"https:\/\/sinoextrud.com\/product\/30-x-30-aluminum-extrusion-for-decoration\/"},"modified":"2025-06-24T06:13:28","modified_gmt":"2025-06-24T06:13:28","slug":"30-x-30-alumiiniumprofiil-kaunistamiseks","status":"publish","type":"product","link":"https:\/\/sinoextrud.com\/et\/product\/30-x-30-aluminum-extrusion-for-decoration\/","title":{"rendered":"30 X 30 alumiiniumist ekstrusioon kaunistamiseks"},"content":{"rendered":"<h2>Toodete \u00fcksikasjad<\/h2>\n<table class=\"custom-table\">\n<tbody>\n<tr>\n<td> Toote nimi<\/td>\n<td> 30 x 30 alumiiniumist ekstrusioon kaunistamiseks lagi ja uks<\/td>\n<\/tr>\n<tr>\n<td> Alumiiniumsulam<\/td>\n<td> 6063-T5 v\u00f5i kohandamine<\/td>\n<\/tr>\n<tr>\n<td> Pinnak\u00e4sitlus<\/td>\n<td> Anodeeritud h\u00f5be, Pollished v\u00f5i kohandamine<\/td>\n<\/tr>\n<tr>\n<td> Suurus<\/td>\n<td> 1m-9m, kohandamine<\/td>\n<\/tr>\n<tr>\n<td> MOQ<\/td>\n<td> 200KG \/ toode<\/td>\n<\/tr>\n<tr>\n<td> Taotlus<\/td>\n<td> Hotell, kontor, kodu, kaubanduskeskus, lennujaam, kaasaegne, lihtne stiilne kaunistus jne.<\/td>\n<\/tr>\n<tr>\n<td> Br\u00e4nd<\/td>\n<td> Sinoextrud \/ Sinoextrud \/ Sinoextrud Aluminium<\/td>\n<\/tr>\n<tr>\n<td> P\u00e4ritolu<\/td>\n<td> Foshan, Hiina<\/td>\n<\/tr>\n<\/tbody>\n<\/table>\n<h2>Meie tootmisbaas<\/h2>\n<h3>Tehase panoraam<\/h3>\n<p><img decoding=\"async\" src=\"\/wp-content\/uploads\/factory-01.webp\"\/><\/p>\n<h3>Alumiiniumvarraste tootmise t\u00f6\u00f6koda<\/h3>\n<p><img decoding=\"async\" src=\"\/wp-content\/uploads\/factory-02.webp\"\/><\/p>\n<p><img decoding=\"async\" src=\"\/wp-content\/uploads\/factory-03.webp\"\/><\/p>\n<h3>hallituse ladustamise ladu<\/h3>\n<p><img decoding=\"async\" src=\"\/wp-content\/uploads\/factory-04.webp\"\/><\/p>\n<h3>43 alumiiniumi ekstrusiooniliini (500-5500 tonni)<\/h3>\n<p><img decoding=\"async\" src=\"\/wp-content\/uploads\/factory-05.webp\"\/><\/p>\n<p><img decoding=\"async\" src=\"\/wp-content\/uploads\/factory-06.webp\"\/><\/p>\n<p><img decoding=\"async\" src=\"\/wp-content\/uploads\/factory-07.webp\"\/><\/p>\n<h3>Pulberv\u00e4rvimise t\u00f6\u00f6koda<\/h3>\n<p><img decoding=\"async\" src=\"\/wp-content\/uploads\/factory-09.webp\"\/><\/p>\n<h3>Anodiseerimise t\u00f6\u00f6koda<\/h3>\n<p><img decoding=\"async\" src=\"\/wp-content\/uploads\/factory-10.webp\"\/><\/p>\n<h3>S\u00fcgavt\u00f6\u00f6tlemise t\u00f6\u00f6tuba<\/h3>\n<p><img decoding=\"async\" src=\"\/wp-content\/uploads\/factory-11.webp\"\/><\/p>\n<h3>CNC-t\u00e4ppist\u00f6\u00f6tlemise t\u00f6\u00f6koda<\/h3>\n<p><img decoding=\"async\" src=\"\/wp-content\/uploads\/factory-11.5.webp\"\/><\/p>\n<h3>Valmistoodete ja ekspordi ladu<\/h3>\n<p><img decoding=\"async\" src=\"\/wp-content\/uploads\/factory-12.webp\"\/><\/p>\n<p><img decoding=\"async\" src=\"\/wp-content\/uploads\/factory-13.webp\"\/><\/p>\n<p><img decoding=\"async\" src=\"\/wp-content\/uploads\/factory-14.webp\"\/><\/p>\n<h2>KKK<\/h2>\n<p><p><b>1.Mis on 30 X 30 alumiiniumist ekstrusioon kaunistamiseks?<\/b><\/p>\n<p>30 X 30 Alumiiniumprofiil dekoratsiooniks on ruudukujuline alumiiniumprofiil, mis on m\u00f5eldud arhitektuuri- ja dekoratiivsete rakenduste jaoks, millel on kaasaegne v\u00e4limus.<br \/>\n<\/p><br \/>\n<br \/>\n<p><b>2.Millised on 30 X 30 alumiiniumi ekstrusiooni kasutamise eelised kaunistamiseks?<\/b><\/p>\n<p>See pakub kerget tugevust, korrosioonikindlust, lihtsat paigaldust ja esteetilist paindlikkust nii \u00e4ri- kui ka elamukeskkonda.<br \/>\n<\/p><br \/>\n<br \/>\n<p><b>3.Kas 30 X 30 alumiiniumist ekstrusioon sobib siseruumide kaunistamiseks?<\/b><\/p>\n<p>Jah, see sobib t\u00e4nu oma puhtale viimistlusele ja vastupidavusele ideaalselt sisekujunduselementideks, nagu vaheseinad, raamid ja v\u00e4ljapanekukonstruktsioonid.<br \/>\n<\/p><br \/>\n<br \/>\n<p><b>4.Kas 30 X 30 alumiiniumist ekstrusiooni saab kasutada v\u00e4litingimustes?<\/b><\/p>\n<p>See sobib kergeks v\u00e4litingimustes kasutamiseks, eriti kui see on kaetud ilmastikukindla viimistlusega, nagu anodeerimine v\u00f5i pulberv\u00e4rvimine.<br \/>\n<\/p><br \/>\n<br \/>\n<p><b>5.Kas 30 X 30 alumiiniumi ekstrusiooni jaoks on saadaval kohandamine?<\/b><\/p>\n<p>Jah, vastavalt teie disainivajadustele on saadaval kohandatud pikkused, viimistlused ja pinnat\u00f6\u00f6tlus.<br \/>\n<\/p><br \/>\n<br \/>\n<p><b>6.Mis rakendused kasutavad tavaliselt 30 X 30 alumiiniumi ekstrusiooni kaunistamiseks?<\/b><\/p>\n<p>Levinud kasutusalad on n\u00e4ituste v\u00e4ljapanekud, dekoratiivsed raamid, arhitektuurilised aktsendid ja moodulm\u00f6\u00f6bli elemendid.<br \/>\n<\/p><br \/>\n<br \/>\n<p><b>7.Kas neid ekstrusioone on lihtne kokku panna?<\/b><\/p>\n<p>Jah, 30 X 30 alumiiniumprofiilid \u00fchilduvad standardsete liitmike ja pistikutega, muutes kokkupaneku kiireks ja t\u00f6\u00f6riistas\u00f5bralikuks.<br \/>\n<\/p><br \/>\n<br \/>\n<p><b>8.Kas 30 X 30 alumiiniumist ekstrusioonid s\u00e4ilitavad oma v\u00e4limuse aja jooksul?<\/b><\/p>\n<p>Jah, korraliku pinnat\u00f6\u00f6tluse korral on need vastupidavamad pleekimisele, korrosioonile ja kriimustustele, tagades kauakestva dekoratiivse v\u00e4limuse.<br \/>\n<\/p><br \/><\/p>","protected":false},"featured_media":7710,"template":"","categories":[67],"class_list":["post-7711","product","type-product","status-publish","has-post-thumbnail","hentry","category-architectural-aluminium-profile"],"meta_box":{"hilight_text_group":{"product_hilight_text":"<li>30x30 size provides balanced proportions for decorative structures<\/li>\r\r\n<li>Lightweight aluminum material ensures easy handling and installation<\/li>\r\r\n<li>Corrosion-resistant surface suitable for long-term indoor and light outdoor use<\/li>\r\r\n<li>Sleek appearance enhances modern and minimalist design aesthetics<\/li>\r\r\n<li>Custom finishes available to match various interior styles<\/li>\r\r\n<li>Precision extrusion guarantees clean edges and uniform shape<\/li>\r\r\n<li>Compatible with standard connectors for versatile applications<\/li>","product_chanpin_blog":"<ul>\r\r\n<li><a href=\"https:\/\/sinoextrud.com\/t-slot-v-slot-differences\/\" target=\"_blank\">t slot vs v slot<\/a><\/li>\r\r\n<li><a href=\"https:\/\/sinoextrud.com\/what-is-4040-aluminium-extrud\/\" target=\"_blank\">4040 aluminium extrusion<\/a><\/li>\r\r\n<li><a href=\"https:\/\/sinoextrud.com\/what-is-4040-aluminium-extrud\/\" target=\"_blank\">aluminum extrusions for industrial racks<\/a><\/li>\r\r\n<li><a href=\"https:\/\/sinoextrud.com\/powder-coating-aluminium-process\/\" target=\"_blank\">powder coating aluminium<\/a><\/li>\r\r\n<li><a href=\"https:\/\/sinoextrud.com\/what-is-an-aluminium-strip-ceiling\/\" target=\"_blank\">aluminium strip ceiling<\/a><\/li>\r\r\n<li><a href=\"https:\/\/sinoextrud.com\/what-is-a-heat-sink\/\" target=\"_blank\">what is a heat sink<\/a><\/li>\r\r\n<\/ul>","product_chanpin_chanpin":"<li><a href=\"https:\/\/sinoextrud.com\/product\/curved-aluminium-extrusion\/\" target=\"_blank\">Curved Aluminium Extrusion<\/a><\/li>\r\n<li><a href=\"https:\/\/sinoextrud.com\/product\/modular-aluminum-framing-system\/\" target=\"_blank\">Modular Aluminum Framing System<\/a><\/li>\r\n<li><a href=\"https:\/\/sinoextrud.com\/product\/greenhouse-aluminium-extrusions-aluminium-sunroom-profile\/\" target=\"_blank\">Greenhouse Aluminium Extrusions Aluminium Sunroom Profile<\/a><\/li>\r\n<li><a href=\"https:\/\/sinoextrud.com\/product\/aluminum-curtain-wall-extrusions\/\" target=\"_blank\">Aluminum Curtain Wall Extrusions<\/a><\/li>\r\n<li><a href=\"https:\/\/sinoextrud.com\/product\/30-x-30-aluminum-extrusion-for-decoration\/\" target=\"_blank\">30 X 30 Aluminum Extrusion For Decoration<\/a><\/li>\r\n<li><a href=\"https:\/\/sinoextrud.com\/product\/30mm-aluminum-extrusion\/\" target=\"_blank\">30mm Aluminum Extrusion<\/a><\/li>\r\n<li><a href=\"https:\/\/sinoextrud.com\/product\/aluminium-rail-extrusions\/\" target=\"_blank\">Aluminium Rail Extrusions<\/a><\/li>\r\n<li><a href=\"https:\/\/sinoextrud.com\/product\/aluminium-door-window-fittings\/\" target=\"_blank\">Aluminium Door Window Fittings<\/a><\/li>\r\n<li><a href=\"https:\/\/sinoextrud.com\/product\/aluminium-extruded-products\/\" target=\"_blank\">Aluminium Extruded Products<\/a><\/li>\r\n<li><a href=\"https:\/\/sinoextrud.com\/product\/aluminium-t-bar-extrusions\/\" target=\"_blank\">Aluminium T Bar Extrusions<\/a><\/li>\r\n<li><a href=\"https:\/\/sinoextrud.com\/product\/triangular-aluminum-extrusion\/\" target=\"_blank\">Triangular Aluminum Extrusion<\/a><\/li>"},"feature_list":[]},"_links":{"self":[{"href":"https:\/\/sinoextrud.com\/et\/wp-json\/wp\/v2\/product\/7711","targetHints":{"allow":["GET"]}}],"collection":[{"href":"https:\/\/sinoextrud.com\/et\/wp-json\/wp\/v2\/product"}],"about":[{"href":"https:\/\/sinoextrud.com\/et\/wp-json\/wp\/v2\/types\/product"}],"wp:featuredmedia":[{"embeddable":true,"href":"https:\/\/sinoextrud.com\/et\/wp-json\/wp\/v2\/media\/7710"}],"wp:attachment":[{"href":"https:\/\/sinoextrud.com\/et\/wp-json\/wp\/v2\/media?parent=7711"}],"wp:term":[{"taxonomy":"category","embeddable":true,"href":"https:\/\/sinoextrud.com\/et\/wp-json\/wp\/v2\/categories?post=7711"}],"curies":[{"name":"wp","href":"https:\/\/api.w.org\/{rel}","templated":true}]}}