{"id":7689,"date":"2025-06-10T01:43:12","date_gmt":"2025-06-10T01:43:12","guid":{"rendered":"https:\/\/sinoextrud.com\/product\/y-section-aluminium-extrusion\/"},"modified":"2025-06-24T06:13:24","modified_gmt":"2025-06-24T06:13:24","slug":"y-profiiliga-alumiiniumi-ekstrusioon","status":"publish","type":"product","link":"https:\/\/sinoextrud.com\/et\/product\/y-section-aluminium-extrusion\/","title":{"rendered":"Y-profiili alumiiniumist ekstrusioon"},"content":{"rendered":"<h2>Toodete \u00fcksikasjad<\/h2>\n<table class=\"custom-table\">\n<tbody>\n<tr>\n<td> Nimi<\/td>\n<td> Y-profiiliga alumiiniumprofiil<\/td>\n<\/tr>\n<tr>\n<td> Br\u00e4nd<\/td>\n<td> Sinoextrud<\/td>\n<\/tr>\n<tr>\n<td> Kategooria<\/td>\n<td> Alumiiniumprofiilid<\/td>\n<\/tr>\n<tr>\n<td> Materjal<\/td>\n<td> 6061 on laialdaselt kasutusel. Saadaval on ka 6063, 6463, 6005, 6082.<\/td>\n<\/tr>\n<tr>\n<td> Temper<\/td>\n<td> T5-T8<\/td>\n<\/tr>\n<tr>\n<td> Pikkus<\/td>\n<td> 1-9m v\u00f5i kohandatud l\u00f5ikamine<\/td>\n<\/tr>\n<tr>\n<td> Suurus (mm)<\/td>\n<td> kohandamine<\/td>\n<\/tr>\n<tr>\n<td> Kuju<\/td>\n<td> Y kuju \/ kohandamine<\/td>\n<\/tr>\n<tr>\n<td> Pinnat\u00f6\u00f6tlus<\/td>\n<td> Veskiviimistlus, anodeeritud, liivapritsimine, poleerimine, elektroforees, elektrikate jne.<\/td>\n<\/tr>\n<tr>\n<td> V\u00e4rv<\/td>\n<td> Kuigi, must, h\u00f5be, pronks, kuld, \u0161ampanja, tume, vask , jne.<\/td>\n<\/tr>\n<tr>\n<td> Standard<\/td>\n<td> ASTM, GB, DIN<\/td>\n<\/tr>\n<tr>\n<td> Alates<\/td>\n<td> Guangdong, Hiina<\/td>\n<\/tr>\n<tr>\n<td> Taotlus<\/td>\n<td> Ehitus, kaunistamine (n\u00e4iteks peegelraam, pildiraam jne)<\/td>\n<\/tr>\n<\/tbody>\n<\/table>\n<h2>Meie tootmisbaas<\/h2>\n<h3>Tehase panoraam<\/h3>\n<p><img decoding=\"async\" src=\"\/wp-content\/uploads\/factory-01.webp\"\/><\/p>\n<h3>Alumiiniumvarraste tootmise t\u00f6\u00f6koda<\/h3>\n<p><img decoding=\"async\" src=\"\/wp-content\/uploads\/factory-02.webp\"\/><\/p>\n<p><img decoding=\"async\" src=\"\/wp-content\/uploads\/factory-03.webp\"\/><\/p>\n<h3>hallituse ladustamise ladu<\/h3>\n<p><img decoding=\"async\" src=\"\/wp-content\/uploads\/factory-04.webp\"\/><\/p>\n<h3>43 alumiiniumi ekstrusiooniliini (500-5500 tonni)<\/h3>\n<p><img decoding=\"async\" src=\"\/wp-content\/uploads\/factory-05.webp\"\/><\/p>\n<p><img decoding=\"async\" src=\"\/wp-content\/uploads\/factory-06.webp\"\/><\/p>\n<p><img decoding=\"async\" src=\"\/wp-content\/uploads\/factory-07.webp\"\/><\/p>\n<h3>Pulberv\u00e4rvimise t\u00f6\u00f6koda<\/h3>\n<p><img decoding=\"async\" src=\"\/wp-content\/uploads\/factory-09.webp\"\/><\/p>\n<h3>Anodiseerimise t\u00f6\u00f6koda<\/h3>\n<p><img decoding=\"async\" src=\"\/wp-content\/uploads\/factory-10.webp\"\/><\/p>\n<h3>S\u00fcgavt\u00f6\u00f6tlemise t\u00f6\u00f6tuba<\/h3>\n<p><img decoding=\"async\" src=\"\/wp-content\/uploads\/factory-11.webp\"\/><\/p>\n<h3>CNC-t\u00e4ppist\u00f6\u00f6tlemise t\u00f6\u00f6koda<\/h3>\n<p><img decoding=\"async\" src=\"\/wp-content\/uploads\/factory-11.5.webp\"\/><\/p>\n<h3>Valmistoodete ja ekspordi ladu<\/h3>\n<p><img decoding=\"async\" src=\"\/wp-content\/uploads\/factory-12.webp\"\/><\/p>\n<p><img decoding=\"async\" src=\"\/wp-content\/uploads\/factory-13.webp\"\/><\/p>\n<p><img decoding=\"async\" src=\"\/wp-content\/uploads\/factory-14.webp\"\/><\/p>\n<h2>KKK<\/h2>\n<p><p><b>1.Mis on Y-profiiliga alumiiniumprofiil? <\/b><\/p>\n<p> Y-profiiliga alumiiniumprofiil on spetsiaalselt kujundatud alumiiniumprofiil, millel on kolm \"Y\"-kujulist k\u00e4tt, mis moodustavad struktuurilise toe ja mitmepunktiliste \u00fchenduste jaoks \"Y\".<br \/>\n<\/p><br \/>\n<br \/>\n<p><b>2.Millised on Y-kujulise konstruktsiooni eelised? <\/b><\/p>\n<p> Y-profiil v\u00f5imaldab mitmesuunalisi \u00fchendusi, paremat koormusjaotust ja suuremat paindlikkust keerukates raamistikes.<br \/>\n<\/p><br \/>\n<br \/>\n<p><b>3.Kas Y-profiili alumiiniumist ekstrusioon on tugev? <\/b><\/p>\n<p> Jah, see pakub suurep\u00e4rast tugevuse ja kaalu suhet, mist\u00f5ttu sobib see konstruktsiooni- ja t\u00f6\u00f6stusrakendusteks.<br \/>\n<\/p><br \/>\n<br \/>\n<p><b>4.Kas Y ekstrusiooni saab kohandada? <\/b><\/p>\n<p> Kindlasti saab Y-profiiliga alumiiniumist ekstrusioone kohandada m\u00f5\u00f5tmete, paksuse ja viimistluse poolest vastavalt konkreetsetele rakendusvajadustele.<br \/>\n<\/p><br \/>\n<br \/>\n<p><b>5.Millised t\u00f6\u00f6stusharud kasutavad tavaliselt Y-profiilprofiili? <\/b><\/p>\n<p> Neid kasutatakse arhitektuurilistes raamistikes, automaatika seadmetes, n\u00e4idikukonstruktsioonides ja vaheseinas\u00fcsteemides.<br \/>\n<\/p><br \/>\n<br \/>\n<p><b>6.Kas materjal on korrosioonikindel? <\/b><\/p>\n<p> Jah, alumiiniumpinda saab anodeerida v\u00f5i pulberv\u00e4rvida, et tagada suurep\u00e4rane korrosioonikindlus karmides tingimustes.<br \/>\n<\/p><br \/>\n<br \/>\n<p><b>7.Kuidas on Y-osa paigaldatud? <\/b><\/p>\n<p> See \u00fchildub standardsete alumiiniumist raamkinnitustega ning seda saab l\u00f5igata, puurida ja paigaldada tavaliste t\u00f6\u00f6riistadega.<br \/>\n<\/p><br \/>\n<br \/>\n<p><b>8.Kas see ekstrusioon sobib v\u00e4litingimustes kasutamiseks? <\/b><\/p>\n<p> Jah, korraliku viimistluse korral toimivad Y-profiiliga alumiiniumprofiilid h\u00e4sti v\u00e4litingimustes ja ilmastikule avatud keskkondades.<br \/>\n<\/p><br \/><\/p>","protected":false},"featured_media":7688,"template":"","categories":[67],"class_list":["post-7689","product","type-product","status-publish","has-post-thumbnail","hentry","category-architectural-aluminium-profile"],"meta_box":{"hilight_text_group":{"product_hilight_text":"<li>Unique Y-shaped design offers structural stability and multi-directional support.<\/li>\r\r\n<li>Lightweight yet high-strength aluminum ensures easy handling and durability.<\/li>\r\r\n<li>Corrosion-resistant finish ideal for both indoor and outdoor environments.<\/li>\r\r\n<li>Customizable dimensions and alloys to meet diverse engineering requirements.<\/li>\r\r\n<li>Compatible with various assembly systems and industrial frameworks.<\/li>\r\r\n<li>Excellent for architectural structures, framing systems, and partition walls.<\/li>","product_chanpin_blog":"<ul>\r\r\n<li><a href=\"https:\/\/sinoextrud.com\/t-slot-v-slot-differences\/\" target=\"_blank\">t slot vs v slot<\/a><\/li>\r\r\n<li><a href=\"https:\/\/sinoextrud.com\/what-is-4040-aluminium-extrud\/\" target=\"_blank\">4040 aluminium extrusion<\/a><\/li>\r\r\n<li><a href=\"https:\/\/sinoextrud.com\/what-is-4040-aluminium-extrud\/\" target=\"_blank\">aluminum extrusions for industrial racks<\/a><\/li>\r\r\n<li><a href=\"https:\/\/sinoextrud.com\/powder-coating-aluminium-process\/\" target=\"_blank\">powder coating aluminium<\/a><\/li>\r\r\n<li><a href=\"https:\/\/sinoextrud.com\/what-is-an-aluminium-strip-ceiling\/\" target=\"_blank\">aluminium strip ceiling<\/a><\/li>\r\r\n<li><a href=\"https:\/\/sinoextrud.com\/what-is-a-heat-sink\/\" target=\"_blank\">what is a heat sink<\/a><\/li>\r\r\n<\/ul>","product_chanpin_chanpin":"<li><a href=\"https:\/\/sinoextrud.com\/product\/three-acid-oxidation-aluminium-u-shaped-channel\/\" target=\"_blank\">Three Acid Oxidation Aluminium U Shaped Channel<\/a><\/li>\r\n<li><a href=\"https:\/\/sinoextrud.com\/product\/extruded-aluminum-sections\/\" target=\"_blank\">Extruded Aluminum Sections<\/a><\/li>\r\n<li><a href=\"https:\/\/sinoextrud.com\/product\/slotted-extruded-aluminum-u-shaped-bending-punching\/\" target=\"_blank\">Slotted Extruded Aluminum U Shaped Bending Punching<\/a><\/li>\r\n<li><a href=\"https:\/\/sinoextrud.com\/product\/extruded-aluminium-channel\/\" target=\"_blank\">Extruded Aluminium Channel<\/a><\/li>\r\n<li><a href=\"https:\/\/sinoextrud.com\/product\/y-section-aluminium-extrusion\/\" target=\"_blank\">Y Section Aluminium Extrusion<\/a><\/li>\r\n<li><a href=\"https:\/\/sinoextrud.com\/product\/round-aluminum-extrusion-architeture-fabrication\/\" target=\"_blank\">Round Aluminum Extrusion Architeture Fabrication<\/a><\/li>\r\n<li><a href=\"https:\/\/sinoextrud.com\/product\/building-materials-aluminium-profile-curtain-rod\/\" target=\"_blank\">Building Materials Aluminium Profile Curtain Rod<\/a><\/li>\r\n<li><a href=\"https:\/\/sinoextrud.com\/product\/factory-offer-extrude-aluminium-track-profile\/\" target=\"_blank\">Factory Offer Extrude Aluminium Track Profile<\/a><\/li>\r\n<li><a href=\"https:\/\/sinoextrud.com\/product\/clip-on-aluminium-profiles\/\" target=\"_blank\">Clip On Aluminium Profiles<\/a><\/li>\r\n<li><a href=\"https:\/\/sinoextrud.com\/product\/aluminium-handrail-profiles\/\" target=\"_blank\">Aluminium Handrail Profiles<\/a><\/li>\r\n<li><a href=\"https:\/\/sinoextrud.com\/product\/triangle-ceiling-system\/\" target=\"_blank\">Triangle Ceiling System (Triangle Ceiling)<\/a><\/li>"},"feature_list":[]},"_links":{"self":[{"href":"https:\/\/sinoextrud.com\/et\/wp-json\/wp\/v2\/product\/7689","targetHints":{"allow":["GET"]}}],"collection":[{"href":"https:\/\/sinoextrud.com\/et\/wp-json\/wp\/v2\/product"}],"about":[{"href":"https:\/\/sinoextrud.com\/et\/wp-json\/wp\/v2\/types\/product"}],"wp:featuredmedia":[{"embeddable":true,"href":"https:\/\/sinoextrud.com\/et\/wp-json\/wp\/v2\/media\/7688"}],"wp:attachment":[{"href":"https:\/\/sinoextrud.com\/et\/wp-json\/wp\/v2\/media?parent=7689"}],"wp:term":[{"taxonomy":"category","embeddable":true,"href":"https:\/\/sinoextrud.com\/et\/wp-json\/wp\/v2\/categories?post=7689"}],"curies":[{"name":"wp","href":"https:\/\/api.w.org\/{rel}","templated":true}]}}