{"id":7685,"date":"2025-06-10T01:39:07","date_gmt":"2025-06-10T01:39:07","guid":{"rendered":"https:\/\/sinoextrud.com\/product\/slotted-extruded-aluminum-u-shaped-bending-punching\/"},"modified":"2025-06-24T06:13:24","modified_gmt":"2025-06-24T06:13:24","slug":"pilustatud-pressitud-alumiiniumist-u-kujuline-painutamine-stantsimine","status":"publish","type":"product","link":"https:\/\/sinoextrud.com\/et\/product\/slotted-extruded-aluminum-u-shaped-bending-punching\/","title":{"rendered":"L\u00f5ikega pressitud alumiiniumist U-kujuline painutamine Punching"},"content":{"rendered":"<h2>Toodete \u00fcksikasjad<\/h2>\n<table class=\"custom-table\">\n<tbody>\n<tr>\n<td> Punkti<\/td>\n<td> L\u00f5ikega pressitud alumiiniumist U-kujuline painutuspunkerdus<\/td>\n<\/tr>\n<tr>\n<td> Alumiiniumsulam<\/td>\n<td> 6063-T5 v\u00f5i kohandamine<\/td>\n<\/tr>\n<tr>\n<td> Pinnak\u00e4sitlus<\/td>\n<td> liivapritsimine, CNC t\u00f6\u00f6tlemine v\u00f5i kohandamine<\/td>\n<\/tr>\n<tr>\n<td> V\u00e4rv<\/td>\n<td> h\u00f5be v\u00f5i kohandamine<\/td>\n<\/tr>\n<tr>\n<td> Suurus<\/td>\n<td> CNC t\u00f6\u00f6tlemine v\u00f5i kohandamine<\/td>\n<\/tr>\n<tr>\n<td> Taotlus<\/td>\n<td> Alumiiniumprofiil akende ja uste jaoks, alumiiniumist dekoratsiooniprofiil, alumiiniumist klaasseinaprofiil, alumiiniumist transpordiprofiil<\/td>\n<\/tr>\n<tr>\n<td> Br\u00e4nd<\/td>\n<td> Sinoextrud \/ Sinoextrud \/ Sinoextrud Aluminium<\/td>\n<\/tr>\n<tr>\n<td> P\u00e4ritolu<\/td>\n<td> Foshan, Hiina<\/td>\n<\/tr>\n<\/tbody>\n<\/table>\n<h2>Meie tootmisbaas<\/h2>\n<h3>Tehase panoraam<\/h3>\n<p><img decoding=\"async\" src=\"\/wp-content\/uploads\/factory-01.webp\"\/><\/p>\n<h3>Alumiiniumvarraste tootmise t\u00f6\u00f6koda<\/h3>\n<p><img decoding=\"async\" src=\"\/wp-content\/uploads\/factory-02.webp\"\/><\/p>\n<p><img decoding=\"async\" src=\"\/wp-content\/uploads\/factory-03.webp\"\/><\/p>\n<h3>hallituse ladustamise ladu<\/h3>\n<p><img decoding=\"async\" src=\"\/wp-content\/uploads\/factory-04.webp\"\/><\/p>\n<h3>43 alumiiniumi ekstrusiooniliini (500-5500 tonni)<\/h3>\n<p><img decoding=\"async\" src=\"\/wp-content\/uploads\/factory-05.webp\"\/><\/p>\n<p><img decoding=\"async\" src=\"\/wp-content\/uploads\/factory-06.webp\"\/><\/p>\n<p><img decoding=\"async\" src=\"\/wp-content\/uploads\/factory-07.webp\"\/><\/p>\n<h3>Pulberv\u00e4rvimise t\u00f6\u00f6koda<\/h3>\n<p><img decoding=\"async\" src=\"\/wp-content\/uploads\/factory-09.webp\"\/><\/p>\n<h3>Anodiseerimise t\u00f6\u00f6koda<\/h3>\n<p><img decoding=\"async\" src=\"\/wp-content\/uploads\/factory-10.webp\"\/><\/p>\n<h3>S\u00fcgavt\u00f6\u00f6tlemise t\u00f6\u00f6tuba<\/h3>\n<p><img decoding=\"async\" src=\"\/wp-content\/uploads\/factory-11.webp\"\/><\/p>\n<h3>CNC-t\u00e4ppist\u00f6\u00f6tlemise t\u00f6\u00f6koda<\/h3>\n<p><img decoding=\"async\" src=\"\/wp-content\/uploads\/factory-11.5.webp\"\/><\/p>\n<h3>Valmistoodete ja ekspordi ladu<\/h3>\n<p><img decoding=\"async\" src=\"\/wp-content\/uploads\/factory-12.webp\"\/><\/p>\n<p><img decoding=\"async\" src=\"\/wp-content\/uploads\/factory-13.webp\"\/><\/p>\n<p><img decoding=\"async\" src=\"\/wp-content\/uploads\/factory-14.webp\"\/><\/p>\n<h2>KKK<\/h2>\n<p><p><b>1.Mis on piludega pressitud alumiiniumist U-kujuline painutamine? <\/b><\/p>\n<p> Tegemist on U-kujulise alumiiniumprofiiliga, mis on ette n\u00e4htud painutamiseks ja l\u00f6\u00f6miseks ning mida kasutatakse erinevates t\u00f6\u00f6stuslikes ja ehituslikes rakendustes.<br \/>\n<\/p><br \/>\n<br \/>\n<p><b>2.Millised on pilukujunduse eelised? <\/b><\/p>\n<p> Puurid v\u00f5imaldavad lihtsat paigaldamist, kaabli marsruutimist ja modulaarset kokkupanekut, suurendades paigaldamise paindlikkust.<br \/>\n<\/p><br \/>\n<br \/>\n<p><b>3.Miks kasutada U-kujulist alumiiniumprofiili? <\/b><\/p>\n<p> U-kujuline kuju tagab tugeva toe ja j\u00e4ikuse, mis sobib ideaalselt raamimiseks, kinnituseks ja konstruktsiooni tugevdamiseks.<br \/>\n<\/p><br \/>\n<br \/>\n<p><b>4.Kas seda profiili saab kohandada painutamise ja l\u00f6\u00f6misega? <\/b><\/p>\n<p> Jah, alumiiniumi saab t\u00e4pselt painutada ja l\u00fc\u00fca, et kohandada seda konkreetse projekti jaoks kohandatud kuju ja augumustritega.<br \/>\n<\/p><br \/>\n<br \/>\n<p><b>5.Kas see alumiiniumprofiil on korrosioonikindel? <\/b><\/p>\n<p> Kindlasti kaitseb anodeeritud v\u00f5i pulberv\u00e4rvitud pind rooste ja oks\u00fcdeerumise eest, sobib nii sise- kui ka v\u00e4litingimustes kasutamiseks.<br \/>\n<\/p><br \/>\n<br \/>\n<p><b>6.Millised t\u00f6\u00f6stusharud kasutavad seda profiili tavaliselt? <\/b><\/p>\n<p> Seda kasutatakse elektrikappides, automaatikaseadmetes, juhtpaneelides, t\u00f6\u00f6stuslikes raamides ja kaablikanalis\u00fcsteemides.<br \/>\n<\/p><br \/>\n<br \/>\n<p><b>7.Kas materjaliga on lihtne t\u00f6\u00f6tada? <\/b><\/p>\n<p> Jah, alumiinium on kerge ja kergesti t\u00f6\u00f6deldav, mist\u00f5ttu sobib see ideaalselt l\u00f5ikamiseks, painutamiseks, puurimiseks ja valmistamiseks.<br \/>\n<\/p><br \/>\n<br \/>\n<p><b>8.Kas see toode toetab suuri koormusi? <\/b><\/p>\n<p> Jah, pressitud alumiiniumkonstruktsioon pakub mehaaniliste ja konstruktsioonikomponentide toetamiseks suurep\u00e4rast tugevuse ja kaalu suhet.<br \/>\n<\/p><br \/><\/p>","protected":false},"featured_media":7684,"template":"","categories":[67],"class_list":["post-7685","product","type-product","status-publish","has-post-thumbnail","hentry","category-architectural-aluminium-profile"],"meta_box":{"hilight_text_group":{"product_hilight_text":"<li>Slotted design allows for flexible mounting and cable management.<\/li>\r\r\n<li>U-shaped extruded aluminum offers strong structural integrity and rigidity.<\/li>\r\r\n<li>Supports custom bending and punching for tailored assembly solutions.<\/li>\r\r\n<li>Corrosion-resistant surface ensures long-term durability in harsh environments.<\/li>\r\r\n<li>Lightweight material simplifies transport, handling, and installation.<\/li>\r\r\n<li>Ideal for enclosures, brackets, automation, and control panel systems.<\/li>","product_chanpin_blog":"<ul>\r\r\n<li><a href=\"https:\/\/sinoextrud.com\/t-slot-v-slot-differences\/\" target=\"_blank\">t slot vs v slot<\/a><\/li>\r\r\n<li><a href=\"https:\/\/sinoextrud.com\/what-is-4040-aluminium-extrud\/\" target=\"_blank\">4040 aluminium extrusion<\/a><\/li>\r\r\n<li><a href=\"https:\/\/sinoextrud.com\/what-is-4040-aluminium-extrud\/\" target=\"_blank\">aluminum extrusions for industrial racks<\/a><\/li>\r\r\n<li><a href=\"https:\/\/sinoextrud.com\/powder-coating-aluminium-process\/\" target=\"_blank\">powder coating aluminium<\/a><\/li>\r\r\n<li><a href=\"https:\/\/sinoextrud.com\/what-is-an-aluminium-strip-ceiling\/\" target=\"_blank\">aluminium strip ceiling<\/a><\/li>\r\r\n<li><a href=\"https:\/\/sinoextrud.com\/what-is-a-heat-sink\/\" target=\"_blank\">what is a heat sink<\/a><\/li>\r\r\n<\/ul>","product_chanpin_chanpin":"<li><a href=\"https:\/\/sinoextrud.com\/product\/aluminum-track-extrusion\/\" target=\"_blank\">Aluminum Track Extrusion<\/a><\/li>\r\n<li><a href=\"https:\/\/sinoextrud.com\/product\/aluminum-trailer-decking\/\" target=\"_blank\">Aluminum Trailer Decking<\/a><\/li>\r\n<li><a href=\"https:\/\/sinoextrud.com\/product\/three-acid-oxidation-aluminium-u-shaped-channel\/\" target=\"_blank\">Three Acid Oxidation Aluminium U Shaped Channel<\/a><\/li>\r\n<li><a href=\"https:\/\/sinoextrud.com\/product\/extruded-aluminum-sections\/\" target=\"_blank\">Extruded Aluminum Sections<\/a><\/li>\r\n<li><a href=\"https:\/\/sinoextrud.com\/product\/slotted-extruded-aluminum-u-shaped-bending-punching\/\" target=\"_blank\">Slotted Extruded Aluminum U Shaped Bending Punching<\/a><\/li>\r\n<li><a href=\"https:\/\/sinoextrud.com\/product\/extruded-aluminium-channel\/\" target=\"_blank\">Extruded Aluminium Channel<\/a><\/li>\r\n<li><a href=\"https:\/\/sinoextrud.com\/product\/y-section-aluminium-extrusion\/\" target=\"_blank\">Y Section Aluminium Extrusion<\/a><\/li>\r\n<li><a href=\"https:\/\/sinoextrud.com\/product\/round-aluminum-extrusion-architeture-fabrication\/\" target=\"_blank\">Round Aluminum Extrusion Architeture Fabrication<\/a><\/li>\r\n<li><a href=\"https:\/\/sinoextrud.com\/product\/building-materials-aluminium-profile-curtain-rod\/\" target=\"_blank\">Building Materials Aluminium Profile Curtain Rod<\/a><\/li>\r\n<li><a href=\"https:\/\/sinoextrud.com\/product\/round-aluminum-tube\/\" target=\"_blank\">Round Aluminum Tube<\/a><\/li>\r\n<li><a href=\"https:\/\/sinoextrud.com\/product\/thermal-break-aluminium-profiles\/\" target=\"_blank\">Thermal Break Aluminium Profiles<\/a><\/li>"},"feature_list":[]},"_links":{"self":[{"href":"https:\/\/sinoextrud.com\/et\/wp-json\/wp\/v2\/product\/7685","targetHints":{"allow":["GET"]}}],"collection":[{"href":"https:\/\/sinoextrud.com\/et\/wp-json\/wp\/v2\/product"}],"about":[{"href":"https:\/\/sinoextrud.com\/et\/wp-json\/wp\/v2\/types\/product"}],"wp:featuredmedia":[{"embeddable":true,"href":"https:\/\/sinoextrud.com\/et\/wp-json\/wp\/v2\/media\/7684"}],"wp:attachment":[{"href":"https:\/\/sinoextrud.com\/et\/wp-json\/wp\/v2\/media?parent=7685"}],"wp:term":[{"taxonomy":"category","embeddable":true,"href":"https:\/\/sinoextrud.com\/et\/wp-json\/wp\/v2\/categories?post=7685"}],"curies":[{"name":"wp","href":"https:\/\/api.w.org\/{rel}","templated":true}]}}