{"id":7683,"date":"2025-06-10T01:36:09","date_gmt":"2025-06-10T01:36:09","guid":{"rendered":"https:\/\/sinoextrud.com\/product\/extruded-aluminum-sections\/"},"modified":"2025-06-24T06:13:23","modified_gmt":"2025-06-24T06:13:23","slug":"pressitud-alumiiniumprofiilid-3","status":"publish","type":"product","link":"https:\/\/sinoextrud.com\/et\/product\/extruded-aluminum-sections\/","title":{"rendered":"Pressitud alumiiniumist sektsioonid"},"content":{"rendered":"<h2>Toodete \u00fcksikasjad<\/h2>\n<table class=\"custom-table\">\n<tbody>\n<tr>\n<td> Toote nimi<\/td>\n<td> Pressitud alumiiniumist sektsioonid<\/td>\n<\/tr>\n<tr>\n<td> Koostisosa<\/td>\n<td> 6063,6061,6082,6005,6005A,6463 ect.<\/td>\n<\/tr>\n<tr>\n<td> Temper<\/td>\n<td> T3-T8<\/td>\n<\/tr>\n<tr>\n<td> Kuju<\/td>\n<td> Erinevad kohandatud kujundeid<\/td>\n<\/tr>\n<tr>\n<td> Paksus<\/td>\n<td> 0.7mm-10mm, muu paksus kaubeldav<\/td>\n<\/tr>\n<tr>\n<td> V\u00e4rv<\/td>\n<td> Nagu kohandatud<\/td>\n<\/tr>\n<tr>\n<td> Pikkus<\/td>\n<td> Standardne pikkus1-9M v\u00f5i muu kohandatud pikkus<\/td>\n<\/tr>\n<tr>\n<td> Applycations<\/td>\n<td> T\u00f6\u00f6stuslik, arhitektuurne, dekoratsioon jne.<\/td>\n<\/tr>\n<tr>\n<td> Br\u00e4nd<\/td>\n<td> Sinoextrud v\u00f5i OEM<\/td>\n<\/tr>\n<tr>\n<td> CNC protsess<\/td>\n<td> Toetades CNC freesimine, punkerdamine, puurimine, koputades, painutamine, painutamine<\/td>\n<\/tr>\n<tr>\n<td> MOQ<\/td>\n<td> 200KG<\/td>\n<\/tr>\n<tr>\n<td> Pinna viimistlus<\/td>\n<td> Valmis, puidumass, anodeeritud, pulberv\u00e4rvimine, elektroforees, PVDF-kate, harjatud jne.<\/td>\n<\/tr>\n<tr>\n<td> Garantii<\/td>\n<td> ISO9001, ISO4001, CQM, SGS, CE, BV jne.<\/td>\n<\/tr>\n<tr>\n<td> P\u00e4ritolu<\/td>\n<td> Guangdong,Hiina<\/td>\n<\/tr>\n<\/tbody>\n<\/table>\n<h2>Meie tootmisbaas<\/h2>\n<h3>Tehase panoraam<\/h3>\n<p><img decoding=\"async\" src=\"\/wp-content\/uploads\/factory-01.webp\"\/><\/p>\n<h3>Alumiiniumvarraste tootmise t\u00f6\u00f6koda<\/h3>\n<p><img decoding=\"async\" src=\"\/wp-content\/uploads\/factory-02.webp\"\/><\/p>\n<\/p>\n<p><img decoding=\"async\" src=\"\/wp-content\/uploads\/factory-03.webp\"\/><\/p>\n<h3>hallituse ladustamise ladu<\/h3>\n<p><img decoding=\"async\" src=\"\/wp-content\/uploads\/factory-04.webp\"\/><\/p>\n<h3>43 alumiiniumi ekstrusiooniliini (500-5500 tonni)<\/h3>\n<p><img decoding=\"async\" src=\"\/wp-content\/uploads\/factory-05.webp\"\/><\/p>\n<p><img decoding=\"async\" src=\"\/wp-content\/uploads\/factory-06.webp\"\/><\/p>\n<p><img decoding=\"async\" src=\"\/wp-content\/uploads\/factory-07.webp\"\/><\/p>\n<h3>Pulberv\u00e4rvimise t\u00f6\u00f6koda<\/h3>\n<p><img decoding=\"async\" src=\"\/wp-content\/uploads\/factory-09.webp\"\/><\/p>\n<h3>Anodiseerimise t\u00f6\u00f6koda<\/h3>\n<p><img decoding=\"async\" src=\"\/wp-content\/uploads\/factory-10.webp\"\/><\/p>\n<h3>S\u00fcgavt\u00f6\u00f6tlemise t\u00f6\u00f6tuba<\/h3>\n<p><img decoding=\"async\" src=\"\/wp-content\/uploads\/factory-11.webp\"\/><\/p>\n<h3>CNC-t\u00e4ppist\u00f6\u00f6tlemise t\u00f6\u00f6koda<\/h3>\n<p><img decoding=\"async\" src=\"\/wp-content\/uploads\/factory-11.5.webp\"\/><\/p>\n<h3>Valmistoodete ja ekspordi ladu<\/h3>\n<p><img decoding=\"async\" src=\"\/wp-content\/uploads\/factory-12.webp\"\/><\/p>\n<p><img decoding=\"async\" src=\"\/wp-content\/uploads\/factory-13.webp\"\/><\/p>\n<p><img decoding=\"async\" src=\"\/wp-content\/uploads\/factory-14.webp\"\/><\/p>\n<h2>KKK<\/h2>\n<p><b>1.Mis on pressitud alumiiniumist l\u00f5igud? <\/b><\/p>\n<p> Profileeritud alumiiniumprofiilid on vormitud alumiiniumprofiilid, mis on loodud ekstrusiooniprotsessi abil ja mida kasutatakse konstruktsiooni-, arhitektuuri- ja t\u00f6\u00f6stusrakendustes.\n<\/p>\n<p><\/p>\n<p><b>2.Millised on pressitud alumiiniumi kasutamise eelised? <\/b><\/p>\n<p> Pressitud alumiinium pakub kerget tugevust, korrosioonikindlust, disaini paindlikkust ja suurep\u00e4rast t\u00f6\u00f6deldavust.\n<\/p>\n<p><\/p>\n<p><b>3.Kas alumiiniumprofiile saab kohandada? <\/b><\/p>\n<p> Jah, ekstrudeeritud alumiiniumprofiile saab toota vastavalt projekti n\u00f5uetele kohandatud kuju, suuruse, paksuse ja viimistlusega.\n<\/p>\n<p><\/p>\n<p><b>4.Millised t\u00f6\u00f6stusharud kasutavad tavaliselt pressitud alumiiniumprofiile? <\/b><\/p>\n<p> Neid kasutatakse laialdaselt ehituses, transpordis, elektroonikas, masinates ja puhasruumis\u00fcsteemides.\n<\/p>\n<p><\/p>\n<p><b>5.Kas pressitud alumiiniumprofiilidega on lihtne t\u00f6\u00f6tada? <\/b><\/p>\n<p> Kindlasti on neid lihtne l\u00f5igata, puurida ja kokku panna, mist\u00f5ttu sobivad need ideaalselt mooduls\u00fcsteemide ja kiire protot\u00fc\u00fcpimise jaoks.\n<\/p>\n<p><\/p>\n<p><b>6.Kui vastupidavad on pressitud alumiiniumprofiilid? <\/b><\/p>\n<p> Korraliku pinnat\u00f6\u00f6tluse, n\u00e4iteks anodeerimise v\u00f5i pulberv\u00e4rvimise korral on need profiilid suurep\u00e4rase korrosiooni-, kulumis- ja ilmastikukindlusega.\n<\/p>\n<p><\/p>\n<p><b>7.Kas alumiinium on keskkonnas\u00f5bralik? <\/b><\/p>\n<p> Jah, alumiinium on 100% ringlussev\u00f5etav, mis muudab pressprofiilid keskkonnas\u00e4\u00e4stlikuks ehitus- ja tootmisviisiks.\n<\/p>\n<p><\/p>\n<p><b>8.Kas alumiiniumprofiilid kannavad suuri koormusi? <\/b><\/p>\n<p> Jah, s\u00f5ltuvalt profiili konstruktsioonist ja sulami t\u00fc\u00fcbist saavad pressitud alumiiniumprofiilid hakkama suurte mehaaniliste koormustega t\u00f6\u00f6stuslikul kasutamisel.\n<\/p>\n<p><\/p>","protected":false},"featured_media":7682,"template":"","categories":[67],"class_list":["post-7683","product","type-product","status-publish","has-post-thumbnail","hentry","category-architectural-aluminium-profile"],"meta_box":{"hilight_text_group":{"product_hilight_text":"<li>High-strength aluminum construction suitable for structural and architectural use.<\/li>\r\r\n<li>Lightweight material reduces overall system weight and transportation costs.<\/li>\r\r\n<li>Corrosion-resistant surface finish for durability in harsh environments.<\/li>\r\r\n<li>Customizable shapes, sizes, and alloy grades to meet specific application needs.<\/li>\r\r\n<li>Excellent machinability for cutting, drilling, and fabrication.<\/li>\r\r\n<li>Suitable for automation, enclosures, framing systems, and transportation industries.<\/li>","product_chanpin_blog":"<ul>\r\r\n<li><a href=\"https:\/\/sinoextrud.com\/t-slot-v-slot-differences\/\" target=\"_blank\">t slot vs v slot<\/a><\/li>\r\r\n<li><a href=\"https:\/\/sinoextrud.com\/what-is-4040-aluminium-extrud\/\" target=\"_blank\">4040 aluminium extrusion<\/a><\/li>\r\r\n<li><a href=\"https:\/\/sinoextrud.com\/what-is-4040-aluminium-extrud\/\" target=\"_blank\">aluminum extrusions for industrial racks<\/a><\/li>\r\r\n<li><a href=\"https:\/\/sinoextrud.com\/powder-coating-aluminium-process\/\" target=\"_blank\">powder coating aluminium<\/a><\/li>\r\r\n<li><a href=\"https:\/\/sinoextrud.com\/what-is-an-aluminium-strip-ceiling\/\" target=\"_blank\">aluminium strip ceiling<\/a><\/li>\r\r\n<li><a href=\"https:\/\/sinoextrud.com\/what-is-a-heat-sink\/\" target=\"_blank\">what is a heat sink<\/a><\/li>\r\r\n<\/ul>","product_chanpin_chanpin":"<li><a href=\"https:\/\/sinoextrud.com\/product\/anodized-aluminium-profile-value-frame-extrusion\/\" target=\"_blank\">Anodized Aluminium Profile Value Frame Extrusion<\/a><\/li>\r\n<li><a href=\"https:\/\/sinoextrud.com\/product\/aluminum-track-extrusion\/\" target=\"_blank\">Aluminum Track Extrusion<\/a><\/li>\r\n<li><a href=\"https:\/\/sinoextrud.com\/product\/aluminum-trailer-decking\/\" target=\"_blank\">Aluminum Trailer Decking<\/a><\/li>\r\n<li><a href=\"https:\/\/sinoextrud.com\/product\/three-acid-oxidation-aluminium-u-shaped-channel\/\" target=\"_blank\">Three Acid Oxidation Aluminium U Shaped Channel<\/a><\/li>\r\n<li><a href=\"https:\/\/sinoextrud.com\/product\/extruded-aluminum-sections\/\" target=\"_blank\">Extruded Aluminum Sections<\/a><\/li>\r\n<li><a href=\"https:\/\/sinoextrud.com\/product\/slotted-extruded-aluminum-u-shaped-bending-punching\/\" target=\"_blank\">Slotted Extruded Aluminum U Shaped Bending Punching<\/a><\/li>\r\n<li><a href=\"https:\/\/sinoextrud.com\/product\/extruded-aluminium-channel\/\" target=\"_blank\">Extruded Aluminium Channel<\/a><\/li>\r\n<li><a href=\"https:\/\/sinoextrud.com\/product\/y-section-aluminium-extrusion\/\" target=\"_blank\">Y Section Aluminium Extrusion<\/a><\/li>\r\n<li><a href=\"https:\/\/sinoextrud.com\/product\/round-aluminum-extrusion-architeture-fabrication\/\" target=\"_blank\">Round Aluminum Extrusion Architeture Fabrication<\/a><\/li>\r\n<li><a href=\"https:\/\/sinoextrud.com\/product\/aluminum-extrusion-1060-2024-3003-5082-6061-6082-7003-7005-7075-aluminum-alloy-profile\/\" target=\"_blank\">Aluminum Extrusion 1060 2024 3003 5082 6061 6082 7003 7005 7075 Aluminum Alloy Profile<\/a><\/li>\r\n<li><a href=\"https:\/\/sinoextrud.com\/product\/aluminium-pipe\/\" target=\"_blank\">Aluminium Pipe<\/a><\/li>"},"feature_list":[]},"_links":{"self":[{"href":"https:\/\/sinoextrud.com\/et\/wp-json\/wp\/v2\/product\/7683","targetHints":{"allow":["GET"]}}],"collection":[{"href":"https:\/\/sinoextrud.com\/et\/wp-json\/wp\/v2\/product"}],"about":[{"href":"https:\/\/sinoextrud.com\/et\/wp-json\/wp\/v2\/types\/product"}],"wp:featuredmedia":[{"embeddable":true,"href":"https:\/\/sinoextrud.com\/et\/wp-json\/wp\/v2\/media\/7682"}],"wp:attachment":[{"href":"https:\/\/sinoextrud.com\/et\/wp-json\/wp\/v2\/media?parent=7683"}],"wp:term":[{"taxonomy":"category","embeddable":true,"href":"https:\/\/sinoextrud.com\/et\/wp-json\/wp\/v2\/categories?post=7683"}],"curies":[{"name":"wp","href":"https:\/\/api.w.org\/{rel}","templated":true}]}}