{"id":7668,"date":"2025-06-09T08:07:13","date_gmt":"2025-06-09T08:07:13","guid":{"rendered":"https:\/\/sinoextrud.com\/product\/anodized-aluminium-profile-value-frame-extrusion\/"},"modified":"2025-06-24T06:13:22","modified_gmt":"2025-06-24T06:13:22","slug":"anodeeritud-alumiiniumprofiili-vaartusraami-ekstrusioon","status":"publish","type":"product","link":"https:\/\/sinoextrud.com\/et\/product\/anodized-aluminium-profile-value-frame-extrusion\/","title":{"rendered":"Anodeeritud alumiiniumprofiili v\u00e4\u00e4rtusraami ekstrusioon"},"content":{"rendered":"<h2>Toodete \u00fcksikasjad<\/h2>\n<table class=\"custom-table\">\n<tr>\n<td class=\"label\">Punkti<\/td>\n<td>Anodeeritud alumiiniumprofiili v\u00e4\u00e4rtusraami ekstrusioon<\/td>\n<\/tr>\n<tr>\n<td class=\"label\">Temper<\/td>\n<td>T5-T8<\/td>\n<\/tr>\n<tr>\n<td class=\"label\">Protsessi kulgemine<\/td>\n<td>Vormide arendamine - Alumiinium toorikute kuumutamine - vormimine tooralumiiniumiga - eloksoreeritud pulberv\u00e4rvitud pulberv\u00e4rviga<\/td>\n<\/tr>\n<tr>\n<td class=\"label\">Iseloomulikud<\/td>\n<td>1.Neat ja ilusad peened jooned pinnal.<br \/>\n2. Vastu v\u00f5etakse riiklikud alumiiniumtoorikud.<br \/>\n3. Meie \u00fchtlase anodeerimisprotsessiga, mis on kohandatud pinna kaitsmiseks.<br \/>\n4. V\u00e4ike tellimus on vastuv\u00f5etav.<br \/>\n5. Kohandatud ekstrusioon vastavalt teie joonisele.<\/td>\n<\/tr>\n<tr>\n<td class=\"label\">Taotlus<\/td>\n<td>T\u00f6\u00f6stus, ehitus<\/td>\n<\/tr>\n<tr>\n<td class=\"label\">Kuju<\/td>\n<td>Kohandamine, Solided<\/td>\n<\/tr>\n<tr>\n<td class=\"label\">Pinnat\u00f6\u00f6tlus<\/td>\n<td>Veski viimistletud, anodeeritud, elektrikate, liivapritsimine, elektroforees, harjatud, poleerimine,<\/td>\n<\/tr>\n<tr>\n<td class=\"label\">V\u00e4rv<\/td>\n<td>H\u00f5be, must, kuld, \u0161ampanja, pronks, punane, sinine;<br \/>\nsaame kohandada v\u00e4rve klientide proovide alusel<\/td>\n<\/tr>\n<tr>\n<td class=\"label\">S\u00fcgavt\u00f6\u00f6tlemine l\u00f5ikamine l\u00f5ikamine<\/td>\n<td>L\u00f5ikamine, puurimine, mehaaniline t\u00f6\u00f6tlemine, l\u00f6\u00f6mine, painutamine, koputades jne.<\/td>\n<\/tr>\n<tr>\n<td class=\"label\">Garantii<\/td>\n<td>ISO: 9001, SONCAP, BV sertifikaat, TUV, SGS v\u00f5i klientide sertifikaat saadaval<\/td>\n<\/tr>\n<tr>\n<td class=\"label\">MOQ<\/td>\n<td>200KG<\/td>\n<\/tr>\n<tr>\n<td class=\"label\">Tarneaeg<\/td>\n<td>Vormi v\u00e4ljat\u00f6\u00f6tamine ja n\u00e4idise kujundamine kestab 12-15 p\u00e4eva, seej\u00e4rel tootmine kestab 15-25 p\u00e4eva p\u00e4rast ostjalt tagatisraha saamist.<\/td>\n<\/tr>\n<tr>\n<td class=\"label\">Tasuta proovi<\/td>\n<td>1-3 p\u00e4eva saab saata<\/td>\n<\/tr>\n<\/table>\n<h2>Meie tootmisbaas<\/h2>\n<h3>Tehase panoraam<\/h3>\n<p><img decoding=\"async\" src=\"\/wp-content\/uploads\/factory-01.webp\"\/><\/p>\n<h3>Alumiiniumvarraste tootmise t\u00f6\u00f6koda<\/h3>\n<p><img decoding=\"async\" src=\"\/wp-content\/uploads\/factory-02.webp\"\/><\/p>\n<p><img decoding=\"async\" src=\"\/wp-content\/uploads\/factory-03.webp\"\/><\/p>\n<h3>hallituse ladustamise ladu<\/h3>\n<p><img decoding=\"async\" src=\"\/wp-content\/uploads\/factory-04.webp\"\/><\/p>\n<h3>43 alumiiniumi ekstrusiooniliini (500-5500 tonni)<\/h3>\n<p><img decoding=\"async\" src=\"\/wp-content\/uploads\/factory-05.webp\"\/><\/p>\n<p><img decoding=\"async\" src=\"\/wp-content\/uploads\/factory-06.webp\"\/><\/p>\n<p><img decoding=\"async\" src=\"\/wp-content\/uploads\/factory-07.webp\"\/><\/p>\n<h3>Pulberv\u00e4rvimise t\u00f6\u00f6koda<\/h3>\n<p><img decoding=\"async\" src=\"\/wp-content\/uploads\/factory-09.webp\"\/><\/p>\n<h3>Anodiseerimise t\u00f6\u00f6koda<\/h3>\n<p><img decoding=\"async\" src=\"\/wp-content\/uploads\/factory-10.webp\"\/><\/p>\n<h3>S\u00fcgavt\u00f6\u00f6tlemise t\u00f6\u00f6tuba<\/h3>\n<p><img decoding=\"async\" src=\"\/wp-content\/uploads\/factory-11.webp\"\/><\/p>\n<h3>CNC-t\u00e4ppist\u00f6\u00f6tlemise t\u00f6\u00f6koda<\/h3>\n<p><img decoding=\"async\" src=\"\/wp-content\/uploads\/factory-11.5.webp\"\/><\/p>\n<h3>Valmistoodete ja ekspordi ladu<\/h3>\n<p><img decoding=\"async\" src=\"\/wp-content\/uploads\/factory-12.webp\"\/><\/p>\n<p><img decoding=\"async\" src=\"\/wp-content\/uploads\/factory-13.webp\"\/><\/p>\n<p><img decoding=\"async\" src=\"\/wp-content\/uploads\/factory-14.webp\"\/><\/p>\n<h2>KKK<\/h2>\n<p><p><b>1.Mis on anodeeritud alumiiniumprofiili v\u00e4\u00e4rtusraami ekstrusioon?<\/b><\/p>\n<p>See on anodeeritud pinnaga t\u00e4ppisalumiiniumprofiil, mida kasutatakse ekraanide, paneelide ja korpuste raamimiseks.<br \/>\n<\/p><br \/>\n<br \/>\n<p><b>2.Miks on alumiiniumprofiilide anodeerimine oluline?<\/b><\/p>\n<p>Anodeerimine parandab korrosioonikindlust, pinna k\u00f5vadust ja esteetilist v\u00e4limust, muutes profiili vastupidavamaks ja atraktiivsemaks.<br \/>\n<\/p><br \/>\n<br \/>\n<p><b>3.Kas see profiil sobib nii sise- kui ka v\u00e4litingimustes kasutamiseks?<\/b><\/p>\n<p>Jah, anodeeritud viimistlus kaitseb alumiiniumi ilmastikutingimuste eest, mist\u00f5ttu sobib see nii sise- kui ka v\u00e4liskeskkondadesse.<br \/>\n<\/p><br \/>\n<br \/>\n<p><b>4.Kas v\u00e4\u00e4rtusraami ekstrusiooni saab kohandada?<\/b><\/p>\n<p>Jah, me pakume kohandatud pikkusi, v\u00e4rve ja profiile, mis vastavad erinevatele disaini- ja projektivajadustele.<br \/>\n<\/p><br \/>\n<br \/>\n<p><b>5.Millised t\u00f6\u00f6stusharud kasutavad anodeeritud alumiiniumraami ekstrusioone?<\/b><\/p>\n<p>Levinumad t\u00f6\u00f6stusharud on elektroonika, jaem\u00fc\u00fcgiekraanid, t\u00f6\u00f6stusmasinad, arhitektuur ja kontorim\u00f6\u00f6bel.<br \/>\n<\/p><br \/>\n<br \/>\n<p><b>6.Kas profiil \u00fchildub teiste mooduls\u00fcsteemidega?<\/b><\/p>\n<p>Jah, profiil on kavandatud nii, et see \u00fchilduks moodulraamides kasutatavate standardsete kronsteinide, kinnitusvahendite ja tarvikutega.<br \/>\n<\/p><br \/>\n<br \/>\n<p><b>7.Kui tugev on alumiiniumist v\u00e4\u00e4rtusraami ekstrusioon?<\/b><\/p>\n<p>Ekstrusioonil on suurep\u00e4rane tugevuse ja kaalu suhe, mis muudab selle konstruktsiooni toetamiseks usaldusv\u00e4\u00e4rseks ja samas kergeks.<br \/>\n<\/p><br \/>\n<br \/>\n<p><b>8.Millised on saadaolevad pinnaviimistlused?<\/b><\/p>\n<p>Viimistlused h\u00f5lmavad selge anodeeritud, musta anodeeritud ja v\u00e4rvilise anodeeritud v\u00f5imalusi s\u00f5ltuvalt esteetilistest ja kaitsevajadustest.<br \/>\n<\/p><br \/><\/p>","protected":false},"featured_media":7667,"template":"","categories":[67],"class_list":["post-7668","product","type-product","status-publish","has-post-thumbnail","hentry","category-architectural-aluminium-profile"],"meta_box":{"hilight_text_group":{"product_hilight_text":"<li>Durable anodized finish enhances corrosion resistance and longevity<\/li>\r\r\n<li>Lightweight aluminum structure reduces installation and shipping costs<\/li>\r\r\n<li>Precision extruded profile ensures tight tolerances and consistent quality<\/li>\r\r\n<li>Ideal for framing displays, panels, or equipment enclosures<\/li>\r\r\n<li>Customizable lengths and surface colors to match project requirements<\/li>\r\r\n<li>Easy to integrate with other aluminum frame systems<\/li>\r\r\n<li>Cost-effective solution for industrial, commercial, and architectural use<\/li>","product_chanpin_blog":"<ul>\r\r\n<li><a href=\"https:\/\/sinoextrud.com\/t-slot-v-slot-differences\/\" target=\"_blank\">t slot vs v slot<\/a><\/li>\r\r\n<li><a href=\"https:\/\/sinoextrud.com\/what-is-4040-aluminium-extrud\/\" target=\"_blank\">4040 aluminium extrusion<\/a><\/li>\r\r\n<li><a href=\"https:\/\/sinoextrud.com\/what-is-4040-aluminium-extrud\/\" target=\"_blank\">aluminum extrusions for industrial racks<\/a><\/li>\r\r\n<li><a href=\"https:\/\/sinoextrud.com\/powder-coating-aluminium-process\/\" target=\"_blank\">powder coating aluminium<\/a><\/li>\r\r\n<li><a href=\"https:\/\/sinoextrud.com\/what-is-an-aluminium-strip-ceiling\/\" target=\"_blank\">aluminium strip ceiling<\/a><\/li>\r\r\n<li><a href=\"https:\/\/sinoextrud.com\/what-is-a-heat-sink\/\" target=\"_blank\">what is a heat sink<\/a><\/li>\r\r\n<\/ul>","product_chanpin_chanpin":"<li><a href=\"https:\/\/sinoextrud.com\/product\/aluminum-quarter-round-trim\/\" target=\"_blank\">Aluminum Quarter Round Trim<\/a><\/li>\r\n<li><a href=\"https:\/\/sinoextrud.com\/product\/aluminum-rail-profile-precision\/\" target=\"_blank\">Aluminum Rail Profile Precision<\/a><\/li>\r\n<li><a href=\"https:\/\/sinoextrud.com\/product\/roller-shutter-profiles-aluminum\/\" target=\"_blank\">Roller Shutter Profiles Aluminum<\/a><\/li>\r\n<li><a href=\"https:\/\/sinoextrud.com\/product\/modular-extruded-aluminum-framing\/\" target=\"_blank\">Modular Extruded Aluminum Framing<\/a><\/li>\r\n<li><a href=\"https:\/\/sinoextrud.com\/product\/anodized-aluminium-profile-value-frame-extrusion\/\" target=\"_blank\">Anodized Aluminium Profile Value Frame Extrusion<\/a><\/li>\r\n<li><a href=\"https:\/\/sinoextrud.com\/product\/aluminum-track-extrusion\/\" target=\"_blank\">Aluminum Track Extrusion<\/a><\/li>\r\n<li><a href=\"https:\/\/sinoextrud.com\/product\/aluminum-trailer-decking\/\" target=\"_blank\">Aluminum Trailer Decking<\/a><\/li>\r\n<li><a href=\"https:\/\/sinoextrud.com\/product\/three-acid-oxidation-aluminium-u-shaped-channel\/\" target=\"_blank\">Three Acid Oxidation Aluminium U Shaped Channel<\/a><\/li>\r\n<li><a href=\"https:\/\/sinoextrud.com\/product\/extruded-aluminum-sections\/\" target=\"_blank\">Extruded Aluminum Sections<\/a><\/li>\r\n<li><a href=\"https:\/\/sinoextrud.com\/product\/matte-champagne-floor-and-stair-step-parquet-tile-carpet-trim-transition-aluminium-profile\/\" target=\"_blank\">Matte champagne floor and stair step parquet tile carpet trim transition aluminium profile<\/a><\/li>\r\n<li><a href=\"https:\/\/sinoextrud.com\/product\/aluminum-extrusion-6061-6082-automotive-bumper-beam\/\" target=\"_blank\">Aluminum Extrusion 6061 6082 Automotive Bumper Beam<\/a><\/li>"},"feature_list":[]},"_links":{"self":[{"href":"https:\/\/sinoextrud.com\/et\/wp-json\/wp\/v2\/product\/7668","targetHints":{"allow":["GET"]}}],"collection":[{"href":"https:\/\/sinoextrud.com\/et\/wp-json\/wp\/v2\/product"}],"about":[{"href":"https:\/\/sinoextrud.com\/et\/wp-json\/wp\/v2\/types\/product"}],"wp:featuredmedia":[{"embeddable":true,"href":"https:\/\/sinoextrud.com\/et\/wp-json\/wp\/v2\/media\/7667"}],"wp:attachment":[{"href":"https:\/\/sinoextrud.com\/et\/wp-json\/wp\/v2\/media?parent=7668"}],"wp:term":[{"taxonomy":"category","embeddable":true,"href":"https:\/\/sinoextrud.com\/et\/wp-json\/wp\/v2\/categories?post=7668"}],"curies":[{"name":"wp","href":"https:\/\/api.w.org\/{rel}","templated":true}]}}