{"id":7646,"date":"2025-06-09T07:19:10","date_gmt":"2025-06-09T07:19:10","guid":{"rendered":"https:\/\/sinoextrud.com\/product\/colorful-brushed-aluminium-photo-frame-manufacturer\/"},"modified":"2025-06-24T06:13:19","modified_gmt":"2025-06-24T06:13:19","slug":"varviline-harjatud-alumiiniumist-pildiraami-tootja","status":"publish","type":"product","link":"https:\/\/sinoextrud.com\/et\/product\/colorful-brushed-aluminium-photo-frame-manufacturer\/","title":{"rendered":"V\u00e4rviline harjatud alumiiniumist pildiraam tootja"},"content":{"rendered":"<h2>Toodete \u00fcksikasjad<\/h2>\n<table class=\"custom-table\">\n<tbody>\n<tr>\n<td> Objekt:<\/td>\n<td> V\u00e4rviline harjatud alumiiniumist pildiraam tootja<\/td>\n<\/tr>\n<tr>\n<td> Temperament:<\/td>\n<td> T3-T8<\/td>\n<\/tr>\n<tr>\n<td> Sulam:<\/td>\n<td> Sulam<\/td>\n<\/tr>\n<tr>\n<td> Hinne:<\/td>\n<td> 6000-seeria<\/td>\n<\/tr>\n<tr>\n<td> Pikkus:<\/td>\n<td> 1-9m v\u00f5i kohandatud<\/td>\n<\/tr>\n<tr>\n<td> Suurus:<\/td>\n<td> Kohandatud<\/td>\n<\/tr>\n<tr>\n<td> Pinna viimistlemine:<\/td>\n<td> Harjatud<\/td>\n<\/tr>\n<tr>\n<td> Kvaliteedikontroll:<\/td>\n<td> 100% Kontrollimine enne saatmist<\/td>\n<\/tr>\n<tr>\n<td> Sertifitseerimine:<\/td>\n<td> ISO9001, ISO14001<\/td>\n<\/tr>\n<tr>\n<td> P\u00e4ritolu:<\/td>\n<td> Foshan, Guangdong, Hiina<\/td>\n<\/tr>\n<tr>\n<td> T\u00fc\u00fcp:<\/td>\n<td> Dekoratsioon Alumiiniumprofiil, akna ja ukse alumiiniumprofiil, soojussalvesti alumiiniumprofiil, klaasseina alumiiniumprofiil, t\u00f6\u00f6stuslik alumiiniumprofiil, alumiiniumist puidumassiivide toru, harjatud alumiiniumist fotokaadri profiil<\/td>\n<\/tr>\n<\/tbody>\n<\/table>\n<h2>Meie tootmisbaas<\/h2>\n<h3>Tehase panoraam<\/h3>\n<p><img decoding=\"async\" src=\"\/wp-content\/uploads\/factory-01.webp\"\/><\/p>\n<h3>Alumiiniumvarraste tootmise t\u00f6\u00f6koda<\/h3>\n<p><img decoding=\"async\" src=\"\/wp-content\/uploads\/factory-02.webp\"\/><\/p>\n<p><img decoding=\"async\" src=\"\/wp-content\/uploads\/factory-03.webp\"\/><\/p>\n<h3>hallituse ladustamise ladu<\/h3>\n<p><img decoding=\"async\" src=\"\/wp-content\/uploads\/factory-04.webp\"\/><\/p>\n<h3>43 alumiiniumi ekstrusiooniliini (500-5500 tonni)<\/h3>\n<p><img decoding=\"async\" src=\"\/wp-content\/uploads\/factory-05.webp\"\/><\/p>\n<p><img decoding=\"async\" src=\"\/wp-content\/uploads\/factory-06.webp\"\/><\/p>\n<p><img decoding=\"async\" src=\"\/wp-content\/uploads\/factory-07.webp\"\/><\/p>\n<h3>Pulberv\u00e4rvimise t\u00f6\u00f6koda<\/h3>\n<p><img decoding=\"async\" src=\"\/wp-content\/uploads\/factory-09.webp\"\/><\/p>\n<h3>Anodiseerimise t\u00f6\u00f6koda<\/h3>\n<p><img decoding=\"async\" src=\"\/wp-content\/uploads\/factory-10.webp\"\/><\/p>\n<h3>S\u00fcgavt\u00f6\u00f6tlemise t\u00f6\u00f6tuba<\/h3>\n<p><img decoding=\"async\" src=\"\/wp-content\/uploads\/factory-11.webp\"\/><\/p>\n<h3>CNC-t\u00e4ppist\u00f6\u00f6tlemise t\u00f6\u00f6koda<\/h3>\n<p><img decoding=\"async\" src=\"\/wp-content\/uploads\/factory-11.5.webp\"\/><\/p>\n<h3>Valmistoodete ja ekspordi ladu<\/h3>\n<p><img decoding=\"async\" src=\"\/wp-content\/uploads\/factory-12.webp\"\/><\/p>\n<p><img decoding=\"async\" src=\"\/wp-content\/uploads\/factory-13.webp\"\/><\/p>\n<p><img decoding=\"async\" src=\"\/wp-content\/uploads\/factory-14.webp\"\/><\/p>\n<h2>KKK<\/h2>\n<p><p><b>1.Mis on v\u00e4rviline harjatud alumiiniumist pildiraam?<\/b><\/p>\n<p>See on harjatud alumiiniumist valmistatud fotoraam, millel on erksad v\u00e4rvivalikud ja mis pakub elegantset ja kaasaegset v\u00e4limust fotode v\u00f5i kunstiteoste v\u00e4ljapanekuks.<br \/>\n<\/p><br \/>\n<br \/>\n<p><b>2.Millised on harjatud alumiiniumraamide kasutamise eelised?<\/b><\/p>\n<p>Need on stiilsed, korrosioonikindlad, kerged ja saadaval mitmes v\u00e4rvitoonis, mis sobivad erinevate dekoratiivsete stiilidega.<br \/>\n<\/p><br \/>\n<br \/>\n<p><b>3.Kas ma saan tellida kohandatud v\u00e4rve ja suurusi?<\/b><\/p>\n<p>Jah, tootjana pakume kohandatud m\u00f5\u00f5tmeid, viimistlusi ja laias valikus v\u00e4rvivalikuid lahtiste tellimuste puhul.<br \/>\n<\/p><br \/>\n<br \/>\n<p><b>4.Kas need pildiraamid sobivad kaubanduslikuks kasutamiseks?<\/b><\/p>\n<p>Jah, neid kasutatakse laialdaselt galeriides, n\u00e4itustel, jaem\u00fc\u00fcgipoodides ja ettev\u00f5tete ruumides t\u00e4nu nende esmaklassilisele v\u00e4limusele ja vastupidavusele.<br \/>\n<\/p><br \/>\n<br \/>\n<p><b>5.Kui vastupidav on harjatud ja v\u00e4rviline viimistlus?<\/b><\/p>\n<p>Harjatud alumiiniumpind on kriimustuskindel ja t\u00f6\u00f6deldud pinnakatetega, mis takistavad aja jooksul tuhmumist ja korrosiooni.<br \/>\n<\/p><br \/>\n<br \/>\n<p><b>6.Kas need alumiiniumraamid on kerged?<\/b><\/p>\n<p>Jah, need on valmistatud k\u00f5rgekvaliteedilisest alumiiniumist, mis on tugev, kuid kerge, et neid oleks lihtne \u00fcles riputada ja k\u00e4sitseda.<br \/>\n<\/p><br \/>\n<br \/>\n<p><b>7.Millised paigaldusv\u00f5imalused on saadaval?<\/b><\/p>\n<p>Raame saab tarnida seinakonksude, taldrikute v\u00f5i kohandatud paigaldustarvikutega, s\u00f5ltuvalt teie rakendusvajadustest.<br \/>\n<\/p><br \/>\n<br \/>\n<p><b>8.Kus kasutatakse tavaliselt v\u00e4rvilisi harjatud alumiiniumist fotoraame?<\/b><\/p>\n<p>Need on populaarsed kodukujunduses, fotostuudiotes, kaubanduslikes interj\u00f6\u00f6rides, \u00fcrituste v\u00e4ljapanekutes ja kingituste pakendamisel.<br \/>\n<\/p><br \/><\/p>","protected":false},"featured_media":7645,"template":"","categories":[67],"class_list":["post-7646","product","type-product","status-publish","has-post-thumbnail","hentry","category-architectural-aluminium-profile"],"meta_box":{"hilight_text_group":{"product_hilight_text":"<li>Brushed aluminum surface delivers a stylish, modern aesthetic<\/li>\r\r\n<li>Available in a wide range of vibrant colors to suit various interiors<\/li>\r\r\n<li>Durable and lightweight aluminum construction for easy handling<\/li>\r\r\n<li>Corrosion-resistant finish ensures long-lasting quality<\/li>\r\r\n<li>Custom sizes and color options available for bulk orders<\/li>\r\r\n<li>Ideal for home d\u00c3\u00a9cor, galleries, exhibitions, and retail displays<\/li>\r\r\n<li>Precision manufacturing ensures consistent quality and clean edges<\/li>","product_chanpin_blog":"<ul>\r\r\n<li><a href=\"https:\/\/sinoextrud.com\/t-slot-v-slot-differences\/\" target=\"_blank\">t slot vs v slot<\/a><\/li>\r\r\n<li><a href=\"https:\/\/sinoextrud.com\/what-is-4040-aluminium-extrud\/\" target=\"_blank\">4040 aluminium extrusion<\/a><\/li>\r\r\n<li><a href=\"https:\/\/sinoextrud.com\/what-is-4040-aluminium-extrud\/\" target=\"_blank\">aluminum extrusions for industrial racks<\/a><\/li>\r\r\n<li><a href=\"https:\/\/sinoextrud.com\/powder-coating-aluminium-process\/\" target=\"_blank\">powder coating aluminium<\/a><\/li>\r\r\n<li><a href=\"https:\/\/sinoextrud.com\/what-is-an-aluminium-strip-ceiling\/\" target=\"_blank\">aluminium strip ceiling<\/a><\/li>\r\r\n<li><a href=\"https:\/\/sinoextrud.com\/what-is-a-heat-sink\/\" target=\"_blank\">what is a heat sink<\/a><\/li>\r\r\n<\/ul>","product_chanpin_chanpin":"<li><a href=\"https:\/\/sinoextrud.com\/product\/newest-stable-extruded-aluminum-u-channel-profile-frameless-glass-railing-system-with-balustrade-handrail-fittings\/\" target=\"_blank\">Newest Stable Extruded Aluminum U Channel Profile Frameless Glass Railing System With Balustrade Handrail Fittings<\/a><\/li>\r\n<li><a href=\"https:\/\/sinoextrud.com\/product\/powder-coated-wooden-grain-aluminium-shutter-profile\/\" target=\"_blank\">Powder Coated Wooden Grain Aluminium Shutter Profile<\/a><\/li>\r\n<li><a href=\"https:\/\/sinoextrud.com\/product\/aluminum-profile-for-shower-enclosure\/\" target=\"_blank\">Aluminum Profile For Shower Enclosure<\/a><\/li>\r\n<li><a href=\"https:\/\/sinoextrud.com\/product\/wall-aluminum-profile-decoration-t-shaped-edge-trim\/\" target=\"_blank\">Wall Aluminum Profile Decoration T Shaped Edge Trim<\/a><\/li>\r\n<li><a href=\"https:\/\/sinoextrud.com\/product\/colorful-brushed-aluminium-photo-frame-manufacturer\/\" target=\"_blank\">Colorful Brushed Aluminium Photo Frame Manufacturer<\/a><\/li>\r\n<li><a href=\"https:\/\/sinoextrud.com\/product\/aluminum-shutter-extrusion-profiles\/\" target=\"_blank\">Aluminum Shutter Extrusion Profiles<\/a><\/li>\r\n<li><a href=\"https:\/\/sinoextrud.com\/product\/aluminum-profile-shutter\/\" target=\"_blank\">Aluminum Profile Shutter<\/a><\/li>\r\n<li><a href=\"https:\/\/sinoextrud.com\/product\/gb-matt-anodized-aluminium\/\" target=\"_blank\">GB Matt Anodized Aluminium<\/a><\/li>\r\n<li><a href=\"https:\/\/sinoextrud.com\/product\/indoor-and-outdoor-aluminium-louver-profile\/\" target=\"_blank\">Indoor and Outdoor Aluminium Louver Profile<\/a><\/li>\r\n<li><a href=\"https:\/\/sinoextrud.com\/product\/aluminum-extrusion-profiles-products\/\" target=\"_blank\">Aluminum Extrusion Profiles Products<\/a><\/li>\r\n<li><a href=\"https:\/\/sinoextrud.com\/product\/extruded-aluminum-door-frame\/\" target=\"_blank\">Extruded Aluminum Door Frame<\/a><\/li>"},"feature_list":[]},"_links":{"self":[{"href":"https:\/\/sinoextrud.com\/et\/wp-json\/wp\/v2\/product\/7646","targetHints":{"allow":["GET"]}}],"collection":[{"href":"https:\/\/sinoextrud.com\/et\/wp-json\/wp\/v2\/product"}],"about":[{"href":"https:\/\/sinoextrud.com\/et\/wp-json\/wp\/v2\/types\/product"}],"wp:featuredmedia":[{"embeddable":true,"href":"https:\/\/sinoextrud.com\/et\/wp-json\/wp\/v2\/media\/7645"}],"wp:attachment":[{"href":"https:\/\/sinoextrud.com\/et\/wp-json\/wp\/v2\/media?parent=7646"}],"wp:term":[{"taxonomy":"category","embeddable":true,"href":"https:\/\/sinoextrud.com\/et\/wp-json\/wp\/v2\/categories?post=7646"}],"curies":[{"name":"wp","href":"https:\/\/api.w.org\/{rel}","templated":true}]}}