{"id":7630,"date":"2025-06-09T06:59:17","date_gmt":"2025-06-09T06:59:17","guid":{"rendered":"https:\/\/sinoextrud.com\/product\/anodized-aluminum-frame-profile-brushed-photo-aluminum-frame-modern-decorative-industrial-frame-profile\/"},"modified":"2025-06-24T06:13:16","modified_gmt":"2025-06-24T06:13:16","slug":"anodeeritud-alumiinium-raam-profiil-harjatud-foto-alumiinium-raam-kaasaegne-dekoratiivne-toostuslik-raam-profiil","status":"publish","type":"product","link":"https:\/\/sinoextrud.com\/et\/product\/anodized-aluminum-frame-profile-brushed-photo-aluminum-frame-modern-decorative-industrial-frame-profile\/","title":{"rendered":"Anodeeritud alumiinium raam profiil harjatud foto alumiinium raam kaasaegne dekoratiivne Industrial Frame profiili"},"content":{"rendered":"<h2>Toodete \u00fcksikasjad<\/h2>\n<table class=\"custom-table\">\n<tr>\n<td class=\"label\">Objekt:<\/td>\n<td>Anodeeritud alumiinium raam profiil harjatud foto alumiinium raam kaasaegne dekoratiivne Industrial Frame profiili<\/td>\n<\/tr>\n<tr>\n<td class=\"label\">Temperament:<\/td>\n<td>T3-T8<\/td>\n<\/tr>\n<tr>\n<td class=\"label\">Kuju:<\/td>\n<td>kohandatud<\/td>\n<\/tr>\n<tr>\n<td class=\"label\">Sallivus:<\/td>\n<td>\u00b10,5%<\/td>\n<\/tr>\n<tr>\n<td class=\"label\">v\u00e4rv:<\/td>\n<td>kohandatud<\/td>\n<\/tr>\n<tr>\n<td class=\"label\">Tarneaeg:<\/td>\n<td>25-30 p\u00e4eva<\/td>\n<\/tr>\n<tr>\n<td class=\"label\">Makset\u00e4htaeg:<\/td>\n<td>T \/ T (30% tagatisraha), L \/ C<\/td>\n<\/tr>\n<tr>\n<td class=\"label\">Sadam:<\/td>\n<td>Guangzhou, Shenzhen<\/td>\n<\/tr>\n<tr>\n<td class=\"label\">Taotlus:<\/td>\n<td>t\u00f6\u00f6stus<\/td>\n<\/tr>\n<tr>\n<td class=\"label\">Hinne:<\/td>\n<td>6000-seeria<\/td>\n<\/tr>\n<tr>\n<td class=\"label\">P\u00e4ritolukoht:<\/td>\n<td>Foshan, Guangdong<\/td>\n<\/tr>\n<tr>\n<td class=\"label\">Sulam v\u00f5i mitte:<\/td>\n<td>Alunimun sulam<\/td>\n<\/tr>\n<tr>\n<td class=\"label\">Br\u00e4ndi:<\/td>\n<td>Sinoextrud<\/td>\n<\/tr>\n<tr>\n<td class=\"label\">Surfacetreatment:<\/td>\n<td>Vastavalt klientide n\u00f5uetele<\/td>\n<\/tr>\n<tr>\n<td class=\"label\">MOQ:<\/td>\n<td>200KG<\/td>\n<\/tr>\n<tr>\n<td class=\"label\">T\u00f6\u00f6tlemisteenus:<\/td>\n<td>Painutamine, keevitamine, keevitamine, stantsimine, l\u00f5ikamine<\/td>\n<\/tr>\n<tr>\n<td class=\"label\">Pikkus:<\/td>\n<td>1-9m v\u00f5i kohandatud<\/td>\n<\/tr>\n<tr>\n<td class=\"label\">suurus:<\/td>\n<td>kohandatud<\/td>\n<\/tr>\n<\/table>\n<h2>Meie tootmisbaas<\/h2>\n<h3>Tehase panoraam<\/h3>\n<p><img decoding=\"async\" src=\"\/wp-content\/uploads\/factory-01.webp\"\/><\/p>\n<h3>Alumiiniumvarraste tootmise t\u00f6\u00f6koda<\/h3>\n<p><img decoding=\"async\" src=\"\/wp-content\/uploads\/factory-02.webp\"\/><\/p>\n<p><img decoding=\"async\" src=\"\/wp-content\/uploads\/factory-03.webp\"\/><\/p>\n<h3>hallituse ladustamise ladu<\/h3>\n<p><img decoding=\"async\" src=\"\/wp-content\/uploads\/factory-04.webp\"\/><\/p>\n<h3>43 alumiiniumi ekstrusiooniliini (500-5500 tonni)<\/h3>\n<p><img decoding=\"async\" src=\"\/wp-content\/uploads\/factory-05.webp\"\/><\/p>\n<p><img decoding=\"async\" src=\"\/wp-content\/uploads\/factory-06.webp\"\/><\/p>\n<p><img decoding=\"async\" src=\"\/wp-content\/uploads\/factory-07.webp\"\/><\/p>\n<h3>Pulberv\u00e4rvimise t\u00f6\u00f6koda<\/h3>\n<p><img decoding=\"async\" src=\"\/wp-content\/uploads\/factory-09.webp\"\/><\/p>\n<h3>Anodiseerimise t\u00f6\u00f6koda<\/h3>\n<p><img decoding=\"async\" src=\"\/wp-content\/uploads\/factory-10.webp\"\/><\/p>\n<h3>S\u00fcgavt\u00f6\u00f6tlemise t\u00f6\u00f6tuba<\/h3>\n<p><img decoding=\"async\" src=\"\/wp-content\/uploads\/factory-11.webp\"\/><\/p>\n<h3>CNC-t\u00e4ppist\u00f6\u00f6tlemise t\u00f6\u00f6koda<\/h3>\n<p><img decoding=\"async\" src=\"\/wp-content\/uploads\/factory-11.5.webp\"\/><\/p>\n<h3>Valmistoodete ja ekspordi ladu<\/h3>\n<p><img decoding=\"async\" src=\"\/wp-content\/uploads\/factory-12.webp\"\/><\/p>\n<p><img decoding=\"async\" src=\"\/wp-content\/uploads\/factory-13.webp\"\/><\/p>\n<p><img decoding=\"async\" src=\"\/wp-content\/uploads\/factory-14.webp\"\/><\/p>\n<h2>KKK<\/h2>\n<p><p><b>1.Mis on anodeeritud alumiiniumist raamiprofiil harjatud foto alumiiniumist raam?<\/b><\/p>\n<p>Tegemist on harjatud anodeeritud viimistlusega t\u00e4ppisprofiiliga, mida kasutatakse kaasaegsetes fotoraamides ja t\u00f6\u00f6stuslikes dekoratiivsetes rakendustes.<br \/>\n<\/p><br \/>\n<br \/>\n<p><b>2.Millised on harjatud anodeeritud alumiiniumist raamiprofiilide eelised?<\/b><\/p>\n<p>Nad pakuvad esmaklassilist v\u00e4limust, korrosioonikindlust, kerget tugevust ja lihtsat integreerimist dekoratiivsetesse v\u00f5i t\u00f6\u00f6stuslikesse disainilahendustesse.<br \/>\n<\/p><br \/>\n<br \/>\n<p><b>3.Kas see alumiiniumraam sobib nii \u00e4ri- kui ka elamukasutamiseks?<\/b><\/p>\n<p>Jah, see \u00fchendab endas elegantse esteetika ja funktsionaalse vastupidavuse, mist\u00f5ttu sobib see ideaalselt kodudesse, galeriidesse, kontoritesse ja jaem\u00fc\u00fcgi v\u00e4ljapanekutesse.<br \/>\n<\/p><br \/>\n<br \/>\n<p><b>4.Kas ma saan kohandada alumiiniumraami profiili suurust ja viimistlust?<\/b><\/p>\n<p>Jah, me pakume kohandatud m\u00f5\u00f5tmeid, harjatud v\u00f5i mati viimistlust ja anodeeritud v\u00e4rve vastavalt teie projekti vajadustele.<br \/>\n<\/p><br \/>\n<br \/>\n<p><b>5.Kus kasutatakse tavaliselt anodeeritud alumiiniumist raamiprofiile?<\/b><\/p>\n<p>Neid kasutatakse kaasaegsetes fotokaadrites, siltides, m\u00f6\u00f6blis, n\u00e4ituses\u00fcsteemides ja t\u00f6\u00f6stuslikes n\u00e4idispaneelides.<br \/>\n<\/p><br \/>\n<br \/>\n<p><b>6.Kas anodeeritud viimistlus on vastupidav?<\/b><\/p>\n<p>Jah, anodeerimine suurendab korrosioonikindlust, pinna k\u00f5vadust ja v\u00e4limust, mist\u00f5ttu sobib see pikaajaliseks kasutamiseks nii sise- kui ka v\u00e4listingimustes.<br \/>\n<\/p><br \/>\n<br \/>\n<p><b>7.Kas neid profiile on lihtne kokku panna?<\/b><\/p>\n<p>Jah, need on m\u00f5eldud lihtsaks kokkupanekuks, kasutades standardseid klambreid, kruvisid v\u00f5i klambreid, mis v\u00e4hendab paigaldusaega ja -kulusid.<br \/>\n<\/p><br \/>\n<br \/>\n<p><b>8.Mis teeb harjatud alumiiniumraamid visuaalselt atraktiivseks?<\/b><\/p>\n<p>Harjatud tekstuur lisab kaasaegset, k\u00f5rgekvaliteedilist metallist v\u00e4limust, mis sobib minimalistliku ja t\u00f6\u00f6stuslikus stiilis interj\u00f6\u00f6riga.<br \/>\n<\/p><br \/><\/p>","protected":false},"featured_media":7629,"template":"","categories":[67],"class_list":["post-7630","product","type-product","status-publish","has-post-thumbnail","hentry","category-architectural-aluminium-profile"],"meta_box":{"hilight_text_group":{"product_hilight_text":"<li>Brushed anodized surface delivers a sleek, modern decorative finish<\/li>\r\r\n<li>Corrosion-resistant aluminum ensures long-term durability<\/li>\r\r\n<li>Lightweight yet rigid structure ideal for industrial and decorative framing<\/li>\r\r\n<li>Precision profile suitable for photo frames, signage, and display systems<\/li>\r\r\n<li>Custom sizes and finishes available for branding or design needs<\/li>\r\r\n<li>Easy to assemble and mount with standard hardware<\/li>\r\r\n<li>Blends aesthetics with functionality for both commercial and residential use<\/li>","product_chanpin_blog":"<ul>\r\r\n<li><a href=\"https:\/\/sinoextrud.com\/t-slot-v-slot-differences\/\" target=\"_blank\">t slot vs v slot<\/a><\/li>\r\r\n<li><a href=\"https:\/\/sinoextrud.com\/what-is-4040-aluminium-extrud\/\" target=\"_blank\">4040 aluminium extrusion<\/a><\/li>\r\r\n<li><a href=\"https:\/\/sinoextrud.com\/what-is-4040-aluminium-extrud\/\" target=\"_blank\">aluminum extrusions for industrial racks<\/a><\/li>\r\r\n<li><a href=\"https:\/\/sinoextrud.com\/powder-coating-aluminium-process\/\" target=\"_blank\">powder coating aluminium<\/a><\/li>\r\r\n<li><a href=\"https:\/\/sinoextrud.com\/what-is-an-aluminium-strip-ceiling\/\" target=\"_blank\">aluminium strip ceiling<\/a><\/li>\r\r\n<li><a href=\"https:\/\/sinoextrud.com\/what-is-a-heat-sink\/\" target=\"_blank\">what is a heat sink<\/a><\/li>\r\r\n<\/ul>","product_chanpin_chanpin":"<li><a href=\"https:\/\/sinoextrud.com\/product\/extruded-aluminum-drawer-pulls\/\" target=\"_blank\">Extruded Aluminum Drawer Pulls<\/a><\/li>\r\n<li><a href=\"https:\/\/sinoextrud.com\/product\/picture-frame-extrusions\/\" target=\"_blank\">Picture Frame Extrusions<\/a><\/li>\r\n<li><a href=\"https:\/\/sinoextrud.com\/product\/architectural-aluminum-extrusion-profiles\/\" target=\"_blank\">Architectural Aluminum Extrusion Profiles<\/a><\/li>\r\n<li><a href=\"https:\/\/sinoextrud.com\/product\/aluminum-outdoor-louvers\/\" target=\"_blank\">Aluminum Outdoor Louvers<\/a><\/li>\r\n<li><a href=\"https:\/\/sinoextrud.com\/product\/anodized-aluminum-frame-profile-brushed-photo-aluminum-frame-modern-decorative-industrial-frame-profile\/\" target=\"_blank\">Anodized Aluminum Frame Profile Brushed Photo Aluminum Frame Modern Decorative Industrial Frame Profile<\/a><\/li>\r\n<li><a href=\"https:\/\/sinoextrud.com\/product\/aluminum-profil-louver-roof\/\" target=\"_blank\">Aluminum Profil Louver Roof<\/a><\/li>\r\n<li><a href=\"https:\/\/sinoextrud.com\/product\/aluminum-profile-connector\/\" target=\"_blank\">Aluminum Profile Connector<\/a><\/li>\r\n<li><a href=\"https:\/\/sinoextrud.com\/product\/anodized-powder-coated-window-louver-extrusion-shutter-aluminum-profiles\/\" target=\"_blank\">Anodized Powder Coated Window Louver Extrusion Shutter Aluminum Profiles<\/a><\/li>\r\n<li><a href=\"https:\/\/sinoextrud.com\/product\/newest-stable-extruded-aluminum-u-channel-profile-frameless-glass-railing-system-with-balustrade-handrail-fittings\/\" target=\"_blank\">Newest Stable Extruded Aluminum U Channel Profile Frameless Glass Railing System With Balustrade Handrail Fittings<\/a><\/li>\r\n<li><a href=\"https:\/\/sinoextrud.com\/product\/wood-grain-aluminum-decking\/\" target=\"_blank\">Wood Grain Aluminum Decking<\/a><\/li>\r\n<li><a href=\"https:\/\/sinoextrud.com\/product\/t-shaped-aluminum-extrusion\/\" target=\"_blank\">T Shaped Aluminum Extrusion<\/a><\/li>"},"feature_list":[]},"_links":{"self":[{"href":"https:\/\/sinoextrud.com\/et\/wp-json\/wp\/v2\/product\/7630","targetHints":{"allow":["GET"]}}],"collection":[{"href":"https:\/\/sinoextrud.com\/et\/wp-json\/wp\/v2\/product"}],"about":[{"href":"https:\/\/sinoextrud.com\/et\/wp-json\/wp\/v2\/types\/product"}],"wp:featuredmedia":[{"embeddable":true,"href":"https:\/\/sinoextrud.com\/et\/wp-json\/wp\/v2\/media\/7629"}],"wp:attachment":[{"href":"https:\/\/sinoextrud.com\/et\/wp-json\/wp\/v2\/media?parent=7630"}],"wp:term":[{"taxonomy":"category","embeddable":true,"href":"https:\/\/sinoextrud.com\/et\/wp-json\/wp\/v2\/categories?post=7630"}],"curies":[{"name":"wp","href":"https:\/\/api.w.org\/{rel}","templated":true}]}}