{"id":7628,"date":"2025-06-09T06:56:01","date_gmt":"2025-06-09T06:56:01","guid":{"rendered":"https:\/\/sinoextrud.com\/product\/aluminum-outdoor-louvers\/"},"modified":"2025-06-24T06:13:16","modified_gmt":"2025-06-24T06:13:16","slug":"alumiiniumist-valitingimustes-kasutatavad-ribad","status":"publish","type":"product","link":"https:\/\/sinoextrud.com\/et\/product\/aluminum-outdoor-louvers\/","title":{"rendered":"Alumiiniumist v\u00e4litingimustes kasutatavad ribid"},"content":{"rendered":"<h2>Toodete \u00fcksikasjad<\/h2>\n<table class=\"custom-table\">\n<tr>\n<td class=\"label\">Punkti<\/td>\n<td>Alumiiniumist v\u00e4litingimustes kasutatavad ribid<\/td>\n<\/tr>\n<tr>\n<td class=\"label\">Materjal<\/td>\n<td>6000-seeria alumiinium<\/td>\n<\/tr>\n<tr>\n<td class=\"label\">Temper<\/td>\n<td>T4, T5, T6<\/td>\n<\/tr>\n<tr>\n<td class=\"label\">Suurus \/ paksus<\/td>\n<td>\u00dcldine profiilide paksus 0,8 kuni 5,0 mm, pikkus 1m-9m v\u00f5i kohandatud; anodeeritud kaitsekile paksus 8 ~ 25 um, pulberv\u00e4rvimine 40 ~ 120 um.<\/td>\n<\/tr>\n<tr>\n<td class=\"label\">Kuju<\/td>\n<td>ruudukujuline, \u00fcmmargune, ristk\u00fclikukujuline, kohandatud<\/td>\n<\/tr>\n<tr>\n<td class=\"label\">Taotlus<\/td>\n<td>M\u00f6\u00f6bel, aknad ja uksed, dekoratsioonid, t\u00f6\u00f6stus, ehitus jne.<\/td>\n<\/tr>\n<tr>\n<td class=\"label\">Pinnat\u00f6\u00f6tlus<\/td>\n<td>pulberv\u00e4rvimine<\/td>\n<\/tr>\n<tr>\n<td class=\"label\">S\u00fcgav protsess<\/td>\n<td>CNC, puurimine, freesimine, l\u00f5ikamine, keevitamine, painutamine, kokkupanek<\/td>\n<\/tr>\n<tr>\n<td class=\"label\">MOQ<\/td>\n<td>200 kg iga artikli kohta<\/td>\n<\/tr>\n<tr>\n<td class=\"label\">PackingDetails<\/td>\n<td>(1) Sees: pakitud plastist kaitsekilega, mis kaitseb iga t\u00fckki.<\/td>\n<\/tr>\n<tr>\n<td class=\"label\"><\/td>\n<td>(2) V\u00e4ljaspool: M\u00e4hkida kimbud veekindla k\u00e4sit\u00f6\u00f6paberi abil.<\/td>\n<\/tr>\n<tr>\n<td class=\"label\">Deliverytime<\/td>\n<td>(1) DieDevelopingandSampletesting:12-18 p\u00e4eva.<\/td>\n<\/tr>\n<tr>\n<td class=\"label\"><\/td>\n<td>(2) Massitootmine l\u00f5petatud: 20-30 p\u00e4eva p\u00e4rast seda, kui ostja on n\u00e4idise kinnitanud.<\/td>\n<\/tr>\n<tr>\n<td class=\"label\">FOB sadam<\/td>\n<td>SHENZHEN \/ GUANGZHOU \/ FOSHAN<\/td>\n<\/tr>\n<tr>\n<td class=\"label\">maksetingimused<\/td>\n<td>T\/T 30% hoiuse eest, saldo enne saatmist.<\/td>\n<\/tr>\n<tr>\n<td class=\"label\">settlementterm<\/td>\n<td>Tasu l\u00f5pliku tegeliku kaalu v\u00f5i teoreetilise kaalu alusel.<\/td>\n<\/tr>\n<tr>\n<td class=\"label\">tootmisv\u00f5imsus<\/td>\n<td>15 000 tonni kuus, 200 000 tonni aastas.<\/td>\n<\/tr>\n<tr>\n<td class=\"label\">Sertifikaat ja standard<\/td>\n<td>CQM, SGS, CE, BV, SONCAP \/ GB, ISO, JIS, AS, NZS, QUALICOAT, QUOLANOD saadaval.<\/td>\n<\/tr>\n<tr>\n<td class=\"label\">Garantii<\/td>\n<td>Pinnav\u00e4rv v\u00f5ib olla parim 10-20 aastat kestev sisekasutuses.<\/td>\n<\/tr>\n<\/table>\n<h2>Meie tootmisbaas<\/h2>\n<h3>Tehase panoraam<\/h3>\n<p><img decoding=\"async\" src=\"\/wp-content\/uploads\/factory-01.webp\"\/><\/p>\n<h3>Alumiiniumvarraste tootmise t\u00f6\u00f6koda<\/h3>\n<p><img decoding=\"async\" src=\"\/wp-content\/uploads\/factory-02.webp\"\/><\/p>\n<\/p>\n<p><img decoding=\"async\" src=\"\/wp-content\/uploads\/factory-03.webp\"\/><\/p>\n<h3>hallituse ladustamise ladu<\/h3>\n<p><img decoding=\"async\" src=\"\/wp-content\/uploads\/factory-04.webp\"\/><\/p>\n<h3>43 alumiiniumi ekstrusiooniliini (500-5500 tonni)<\/h3>\n<p><img decoding=\"async\" src=\"\/wp-content\/uploads\/factory-05.webp\"\/><\/p>\n<p><img decoding=\"async\" src=\"\/wp-content\/uploads\/factory-06.webp\"\/><\/p>\n<p><img decoding=\"async\" src=\"\/wp-content\/uploads\/factory-07.webp\"\/><\/p>\n<h3>Pulberv\u00e4rvimise t\u00f6\u00f6koda<\/h3>\n<p><img decoding=\"async\" src=\"\/wp-content\/uploads\/factory-09.webp\"\/><\/p>\n<h3>Anodiseerimise t\u00f6\u00f6koda<\/h3>\n<p><img decoding=\"async\" src=\"\/wp-content\/uploads\/factory-10.webp\"\/><\/p>\n<h3>S\u00fcgavt\u00f6\u00f6tlemise t\u00f6\u00f6tuba<\/h3>\n<p><img decoding=\"async\" src=\"\/wp-content\/uploads\/factory-11.webp\"\/><\/p>\n<h3>CNC-t\u00e4ppist\u00f6\u00f6tlemise t\u00f6\u00f6koda<\/h3>\n<p><img decoding=\"async\" src=\"\/wp-content\/uploads\/factory-11.5.webp\"\/><\/p>\n<h3>Valmistoodete ja ekspordi ladu<\/h3>\n<p><img decoding=\"async\" src=\"\/wp-content\/uploads\/factory-12.webp\"\/><\/p>\n<p><img decoding=\"async\" src=\"\/wp-content\/uploads\/factory-13.webp\"\/><\/p>\n<p><img decoding=\"async\" src=\"\/wp-content\/uploads\/factory-14.webp\"\/><\/p>\n<h2>KKK<\/h2>\n<p><b>1.Mis on alumiiniumist v\u00e4litingimustes olevad ribad?<\/b><\/p>\n<p>Alumiiniumist v\u00e4lisruumid on arhitektuursed komponendid, mis on m\u00f5eldud varju, privaatsuse ja ventilatsiooni tagamiseks v\u00e4lisruumides, kasutades ilmastikukindlaid alumiiniumprofiile.\n<\/p>\n<p><\/p>\n<p><b>2.Millised on alumiiniumist ribade kasutamise eelised v\u00e4litingimustes?<\/b><\/p>\n<p>Need on v\u00e4ga vastupidavad, korrosioonikindlad, v\u00e4hese hooldusega ning parandavad hoonete \u00f5huvoolu ja energiat\u00f5husust.\n<\/p>\n<p><\/p>\n<p><b>3.Kas alumiiniumist ribid sobivad k\u00f5ikide ilmastikutingimuste jaoks?<\/b><\/p>\n<p>Jah, need on kavandatud korrosiooni-, UV- ja niiskuskindlaks, mist\u00f5ttu sobivad need ideaalselt igasse kliimasse.\n<\/p>\n<p><\/p>\n<p><b>4.Kas alumiiniumist v\u00e4litingimustes olevaid ribasid saab kohandada?<\/b><\/p>\n<p>Jah, me pakume kohandatud suurusi, teravormi, v\u00e4rve ja viimistlusi, mis sobivad erinevate arhitektuuriliste stiilide ja projektin\u00f5uetega.\n<\/p>\n<p><\/p>\n<p><b>5.Kas alumiiniumist ribid parandavad hoone energiat\u00f5husust?<\/b><\/p>\n<p>Jah, nad v\u00e4hendavad p\u00e4ikesekiirguse soojuskoormust, varjates aknaid ja seinu, mis toob kaasa v\u00e4iksemad jahutuskulud.\n<\/p>\n<p><\/p>\n<p><b>6.Kas alumiiniumist v\u00e4litingimustes kasutatavatel ribade puhul on reguleeritavad v\u00f5imalused?<\/b><\/p>\n<p>Jah, reguleeritavad rulood v\u00f5imaldavad kontrollida valgust, \u00f5huvoolu ja privaatsust, suurendades funktsionaalsust.\n<\/p>\n<p><\/p>\n<p><b>7.Kus kasutatakse tavaliselt alumiiniumist v\u00e4litingimustes olevaid ribasid?<\/b><\/p>\n<p>Neid kasutatakse laialdaselt elamutes, \u00e4rihoonetes, parkimisehitistes, fassaadidel ja ventilatsiooniekraanidel.\n<\/p>\n<p><\/p>\n<p><b>8.Kas alumiiniumist ribasid on lihtne hooldada?<\/b><\/p>\n<p>Jah, need vajavad minimaalset hooldust ja neid saab puhastada vee ja pehme pesuvahendiga, et s\u00e4ilitada nende v\u00e4limus.\n<\/p>\n<p><\/p>","protected":false},"featured_media":7627,"template":"","categories":[67],"class_list":["post-7628","product","type-product","status-publish","has-post-thumbnail","hentry","category-architectural-aluminium-profile"],"meta_box":{"hilight_text_group":{"product_hilight_text":"<li>Durable aluminum construction ideal for long-term outdoor use<\/li>\r\r\n<li>Corrosion-resistant surface withstands harsh weather conditions<\/li>\r\r\n<li>Provides sun shading, privacy, and natural ventilation<\/li>\r\r\n<li>Available in fixed and adjustable louver designs<\/li>\r\r\n<li>Lightweight yet strong for easy installation and structural integrity<\/li>\r\r\n<li>Custom sizes, colors, and finishes available to match building designs<\/li>\r\r\n<li>Low maintenance and energy-efficient solution for facades and screens<\/li>","product_chanpin_blog":"<ul>\r\r\n<li><a href=\"https:\/\/sinoextrud.com\/t-slot-v-slot-differences\/\" target=\"_blank\">t slot vs v slot<\/a><\/li>\r\r\n<li><a href=\"https:\/\/sinoextrud.com\/what-is-4040-aluminium-extrud\/\" target=\"_blank\">4040 aluminium extrusion<\/a><\/li>\r\r\n<li><a href=\"https:\/\/sinoextrud.com\/what-is-4040-aluminium-extrud\/\" target=\"_blank\">aluminum extrusions for industrial racks<\/a><\/li>\r\r\n<li><a href=\"https:\/\/sinoextrud.com\/powder-coating-aluminium-process\/\" target=\"_blank\">powder coating aluminium<\/a><\/li>\r\r\n<li><a href=\"https:\/\/sinoextrud.com\/what-is-an-aluminium-strip-ceiling\/\" target=\"_blank\">aluminium strip ceiling<\/a><\/li>\r\r\n<li><a href=\"https:\/\/sinoextrud.com\/what-is-a-heat-sink\/\" target=\"_blank\">what is a heat sink<\/a><\/li>\r\r\n<\/ul>","product_chanpin_chanpin":"<li><a href=\"https:\/\/sinoextrud.com\/product\/square-aluminum-extrusion\/\" target=\"_blank\">Square Aluminum Extrusion<\/a><\/li>\r\n<li><a href=\"https:\/\/sinoextrud.com\/product\/extruded-aluminum-drawer-pulls\/\" target=\"_blank\">Extruded Aluminum Drawer Pulls<\/a><\/li>\r\n<li><a href=\"https:\/\/sinoextrud.com\/product\/picture-frame-extrusions\/\" target=\"_blank\">Picture Frame Extrusions<\/a><\/li>\r\n<li><a href=\"https:\/\/sinoextrud.com\/product\/architectural-aluminum-extrusion-profiles\/\" target=\"_blank\">Architectural Aluminum Extrusion Profiles<\/a><\/li>\r\n<li><a href=\"https:\/\/sinoextrud.com\/product\/aluminum-outdoor-louvers\/\" target=\"_blank\">Aluminum Outdoor Louvers<\/a><\/li>\r\n<li><a href=\"https:\/\/sinoextrud.com\/product\/anodized-aluminum-frame-profile-brushed-photo-aluminum-frame-modern-decorative-industrial-frame-profile\/\" target=\"_blank\">Anodized Aluminum Frame Profile Brushed Photo Aluminum Frame Modern Decorative Industrial Frame Profile<\/a><\/li>\r\n<li><a href=\"https:\/\/sinoextrud.com\/product\/aluminum-profil-louver-roof\/\" target=\"_blank\">Aluminum Profil Louver Roof<\/a><\/li>\r\n<li><a href=\"https:\/\/sinoextrud.com\/product\/aluminum-profile-connector\/\" target=\"_blank\">Aluminum Profile Connector<\/a><\/li>\r\n<li><a href=\"https:\/\/sinoextrud.com\/product\/anodized-powder-coated-window-louver-extrusion-shutter-aluminum-profiles\/\" target=\"_blank\">Anodized Powder Coated Window Louver Extrusion Shutter Aluminum Profiles<\/a><\/li>\r\n<li><a href=\"https:\/\/sinoextrud.com\/product\/aluminium-hollow-tube\/\" target=\"_blank\">Aluminium Hollow Tube<\/a><\/li>\r\n<li><a href=\"https:\/\/sinoextrud.com\/product\/aluminium-extrusion-enclosure\/\" target=\"_blank\">Aluminium Extrusion Enclosure<\/a><\/li>"},"feature_list":[]},"_links":{"self":[{"href":"https:\/\/sinoextrud.com\/et\/wp-json\/wp\/v2\/product\/7628","targetHints":{"allow":["GET"]}}],"collection":[{"href":"https:\/\/sinoextrud.com\/et\/wp-json\/wp\/v2\/product"}],"about":[{"href":"https:\/\/sinoextrud.com\/et\/wp-json\/wp\/v2\/types\/product"}],"wp:featuredmedia":[{"embeddable":true,"href":"https:\/\/sinoextrud.com\/et\/wp-json\/wp\/v2\/media\/7627"}],"wp:attachment":[{"href":"https:\/\/sinoextrud.com\/et\/wp-json\/wp\/v2\/media?parent=7628"}],"wp:term":[{"taxonomy":"category","embeddable":true,"href":"https:\/\/sinoextrud.com\/et\/wp-json\/wp\/v2\/categories?post=7628"}],"curies":[{"name":"wp","href":"https:\/\/api.w.org\/{rel}","templated":true}]}}