{"id":7618,"date":"2025-06-09T06:31:07","date_gmt":"2025-06-09T06:31:07","guid":{"rendered":"https:\/\/sinoextrud.com\/product\/profile-aluminium-extrusion-used-for-door\/"},"modified":"2025-06-24T06:13:15","modified_gmt":"2025-06-24T06:13:15","slug":"ukse-jaoks-kasutatav-alumiiniumprofiil","status":"publish","type":"product","link":"https:\/\/sinoextrud.com\/et\/product\/profile-aluminium-extrusion-used-for-door\/","title":{"rendered":"Profiili alumiiniumist ekstrusioon, mida kasutatakse ukse jaoks"},"content":{"rendered":"<h2>Toodete \u00fcksikasjad<\/h2>\n<table class=\"custom-table\">\n<tbody>\n<tr>\n<td> Ettev\u00f5tte nimi<\/td>\n<td> Sinoextrud <\/td>\n<\/tr>\n<tr>\n<td> \u00c4riline stiil<\/td>\n<td> Tootja, impordi- ja ekspordifirma<\/td>\n<\/tr>\n<tr>\n<td> Br\u00e4nd<\/td>\n<td> Sinoextrud \/ Sinoextrud \/ Sinoextrud alumiiniumprofiilid<\/td>\n<\/tr>\n<tr>\n<td> Materjali klass<\/td>\n<td> 6061, 6063, 6005A, 6005, 6082, 6463, saadaval.<\/td>\n<\/tr>\n<tr>\n<td> Pikkus<\/td>\n<td> 1-9m v\u00f5i kohandamine<\/td>\n<\/tr>\n<tr>\n<td> MOQ<\/td>\n<td> 200KGS iga eseme\/v\u00e4rvi kohta<\/td>\n<\/tr>\n<tr>\n<td> Pinnat\u00f6\u00f6tlus<\/td>\n<td> V\u00e4rviline viimistlus, anodeerimine, pulberv\u00e4rvimine, elektroforees, fluoros\u00fcsinik (PVDF), puidumass, poleeritud, harjatud, liivapritsitud jne.<\/td>\n<\/tr>\n<tr>\n<td> CNC protsess<\/td>\n<td> Puurimine, painutamine, keevitamine, keermestamine, l\u00f5ikamine, l\u00f6\u00f6mine jne.<\/td>\n<\/tr>\n<tr>\n<td> V\u00e4rv<\/td>\n<td> Paljud v\u00e4rvid v\u00f5i kohandamine<\/td>\n<\/tr>\n<tr>\n<td> Pakett<\/td>\n<td> Seestpoolt kaitsekilega, kilega v\u00f5i PE-vahuga, v\u00e4ljastpoolt kartongiga v\u00f5i puitkarkassiga v\u00f5i eritellimusel valmistatud<\/td>\n<\/tr>\n<tr>\n<td> Makset\u00e4htaeg<\/td>\n<td> 30% ettemakse, saldo enne saatmist<\/td>\n<\/tr>\n<tr>\n<td> Laadimissadam<\/td>\n<td> FOB Shenzhen, Guangzhou, Foshan<\/td>\n<\/tr>\n<tr>\n<td> Tarneaeg<\/td>\n<td> 25-30 p\u00e4eva p\u00e4rast ostja tagatisraha laekumist.<\/td>\n<\/tr>\n<\/tbody>\n<\/table>\n<h2>Meie tootmisbaas<\/h2>\n<h3>Tehase panoraam<\/h3>\n<p><img decoding=\"async\" src=\"\/wp-content\/uploads\/factory-01.webp\"\/><\/p>\n<h3>Alumiiniumvarraste tootmise t\u00f6\u00f6koda<\/h3>\n<p><img decoding=\"async\" src=\"\/wp-content\/uploads\/factory-02.webp\"\/><\/p>\n<\/p>\n<p><img decoding=\"async\" src=\"\/wp-content\/uploads\/factory-03.webp\"\/><\/p>\n<h3>hallituse ladustamise ladu<\/h3>\n<p><img decoding=\"async\" src=\"\/wp-content\/uploads\/factory-04.webp\"\/><\/p>\n<h3>43 alumiiniumi ekstrusiooniliini (500-5500 tonni)<\/h3>\n<p><img decoding=\"async\" src=\"\/wp-content\/uploads\/factory-05.webp\"\/><\/p>\n<p><img decoding=\"async\" src=\"\/wp-content\/uploads\/factory-06.webp\"\/><\/p>\n<p><img decoding=\"async\" src=\"\/wp-content\/uploads\/factory-07.webp\"\/><\/p>\n<h3>Pulberv\u00e4rvimise t\u00f6\u00f6koda<\/h3>\n<p><img decoding=\"async\" src=\"\/wp-content\/uploads\/factory-09.webp\"\/><\/p>\n<h3>Anodiseerimise t\u00f6\u00f6koda<\/h3>\n<p><img decoding=\"async\" src=\"\/wp-content\/uploads\/factory-10.webp\"\/><\/p>\n<h3>S\u00fcgavt\u00f6\u00f6tlemise t\u00f6\u00f6tuba<\/h3>\n<p><img decoding=\"async\" src=\"\/wp-content\/uploads\/factory-11.webp\"\/><\/p>\n<h3>CNC-t\u00e4ppist\u00f6\u00f6tlemise t\u00f6\u00f6koda<\/h3>\n<p><img decoding=\"async\" src=\"\/wp-content\/uploads\/factory-11.5.webp\"\/><\/p>\n<h3>Valmistoodete ja ekspordi ladu<\/h3>\n<p><img decoding=\"async\" src=\"\/wp-content\/uploads\/factory-12.webp\"\/><\/p>\n<p><img decoding=\"async\" src=\"\/wp-content\/uploads\/factory-13.webp\"\/><\/p>\n<p><img decoding=\"async\" src=\"\/wp-content\/uploads\/factory-14.webp\"\/><\/p>\n<h2>KKK<\/h2>\n<p><b>1.Mis on profiili alumiiniumist ekstrusioon, mida kasutatakse ukse jaoks?<\/b><\/p>\n<p>Uksele kasutatav alumiiniumprofiil viitab spetsiaalselt kavandatud alumiiniumprofiilidele, mis moodustavad eri t\u00fc\u00fcpi uste konstruktsiooniraami.\n<\/p>\n<p><\/p>\n<p><b>2.Millised on alumiiniumist pressprofiilide kasutamise eelised uste jaoks?<\/b><\/p>\n<p>Need pakuvad tugevust, korrosioonikindlust, kerget konstruktsiooni ja toetavad kaasaegsete ukses\u00fcsteemide soojusisolatsiooni.\n<\/p>\n<p><\/p>\n<p><b>3.Kas alumiiniumist ukseprofiilid sobivad v\u00e4litingimustes kasutamiseks?<\/b><\/p>\n<p>Jah, alumiiniumprofiilid on korrosioonikindlad ja kavandatud taluma karmi ilmastikun\u00e4htusi, mist\u00f5ttu on need ideaalsed v\u00e4lisuksed.\n<\/p>\n<p><\/p>\n<p><b>4.Kas alumiiniumprofiili saab kohandada erinevate uste disainilahenduste jaoks?<\/b><\/p>\n<p>Jah, me pakume kohandatud suurusi, v\u00e4rve ja viimistlusi, et need vastaksid konkreetsetele ukset\u00fc\u00fcpidele ja arhitektuurilistele n\u00f5uetele.\n<\/p>\n<p><\/p>\n<p><b>5. millist t\u00fc\u00fcpi uste puhul kasutatakse alumiiniumist pressprofiile?<\/b><\/p>\n<p>Neid profiile kasutatakse liuguste, hingedega uste, volditud uste ja raamita klaasuste puhul.\n<\/p>\n<p><\/p>\n<p><b>6.Kas alumiiniumprofiil on energiat\u00f5hus?<\/b><\/p>\n<p>Jah, saadaval on termilise katkestuse v\u00f5imalused, mis aitavad v\u00e4hendada soojus\u00fclekannet ja parandada hoonete energiat\u00f5husust.\n<\/p>\n<p><\/p>\n<p><b>7.Kas alumiiniumist ukseprofiile on lihtne paigaldada?<\/b><\/p>\n<p>Jah, need on kerged ja kavandatud nii, et need \u00fchilduksid standardsete liitmikega, muutes paigaldamise kiireks ja t\u00f5husaks.\n<\/p>\n<p><\/p>\n<p><b>8.Kus kasutatakse tavaliselt alumiiniumist ukseprofiile?<\/b><\/p>\n<p>Neid kasutatakse laialdaselt elamutes, \u00e4ri- ja t\u00f6\u00f6stushoonetes sissep\u00e4\u00e4sude, terrassiuste ja siseruumide vaheseinte puhul.\n<\/p>\n<p><\/p>","protected":false},"featured_media":7617,"template":"","categories":[67],"class_list":["post-7618","product","type-product","status-publish","has-post-thumbnail","hentry","category-architectural-aluminium-profile"],"meta_box":{"hilight_text_group":{"product_hilight_text":"<li>High-strength aluminum profiles provide stable and durable door framing<\/li>\r\r\n<li>Corrosion-resistant finish ensures long service life in all climates<\/li>\r\r\n<li>Lightweight design allows for easier transportation and installation<\/li>\r\r\n<li>Compatible with various door types including sliding, hinged, and folding<\/li>\r\r\n<li>Supports thermal break for improved energy efficiency<\/li>\r\r\n<li>Custom sizes, colors, and finishes available to match architectural styles<\/li>\r\r\n<li>Precision extrusion ensures consistent fit and seamless integration<\/li>","product_chanpin_blog":"<ul>\r\r\n<li><a href=\"https:\/\/sinoextrud.com\/t-slot-v-slot-differences\/\" target=\"_blank\">t slot vs v slot<\/a><\/li>\r\r\n<li><a href=\"https:\/\/sinoextrud.com\/what-is-4040-aluminium-extrud\/\" target=\"_blank\">4040 aluminium extrusion<\/a><\/li>\r\r\n<li><a href=\"https:\/\/sinoextrud.com\/what-is-4040-aluminium-extrud\/\" target=\"_blank\">aluminum extrusions for industrial racks<\/a><\/li>\r\r\n<li><a href=\"https:\/\/sinoextrud.com\/powder-coating-aluminium-process\/\" target=\"_blank\">powder coating aluminium<\/a><\/li>\r\r\n<li><a href=\"https:\/\/sinoextrud.com\/what-is-an-aluminium-strip-ceiling\/\" target=\"_blank\">aluminium strip ceiling<\/a><\/li>\r\r\n<li><a href=\"https:\/\/sinoextrud.com\/what-is-a-heat-sink\/\" target=\"_blank\">what is a heat sink<\/a><\/li>\r\r\n<\/ul>","product_chanpin_chanpin":"<li><a href=\"https:\/\/sinoextrud.com\/product\/aluminium-profiles-for-bedroom-doors\/\" target=\"_blank\">Aluminium Profiles For Bedroom Doors<\/a><\/li>\r\n<li><a href=\"https:\/\/sinoextrud.com\/product\/extruded-aluminum-framing\/\" target=\"_blank\">Extruded Aluminum Framing<\/a><\/li>\r\n<li><a href=\"https:\/\/sinoextrud.com\/product\/aluminum-window-extrusion-profiles\/\" target=\"_blank\">Aluminum Window Extrusion Profiles<\/a><\/li>\r\n<li><a href=\"https:\/\/sinoextrud.com\/product\/extruded-aluminium-window-frames\/\" target=\"_blank\">Extruded Aluminium Window Frames<\/a><\/li>\r\n<li><a href=\"https:\/\/sinoextrud.com\/product\/profile-aluminium-extrusion-used-for-door\/\" target=\"_blank\">Profile Aluminium Extrusion Used For Door<\/a><\/li>\r\n<li><a href=\"https:\/\/sinoextrud.com\/product\/square-aluminum-extrusion\/\" target=\"_blank\">Square Aluminum Extrusion<\/a><\/li>\r\n<li><a href=\"https:\/\/sinoextrud.com\/product\/extruded-aluminum-drawer-pulls\/\" target=\"_blank\">Extruded Aluminum Drawer Pulls<\/a><\/li>\r\n<li><a href=\"https:\/\/sinoextrud.com\/product\/picture-frame-extrusions\/\" target=\"_blank\">Picture Frame Extrusions<\/a><\/li>\r\n<li><a href=\"https:\/\/sinoextrud.com\/product\/architectural-aluminum-extrusion-profiles\/\" target=\"_blank\">Architectural Aluminum Extrusion Profiles<\/a><\/li>\r\n<li><a href=\"https:\/\/sinoextrud.com\/product\/aluminum-extrusion-bathroom-mirror-cabinet-aluminum-profile\/\" target=\"_blank\">Aluminum Extrusion Bathroom Mirror Cabinet Aluminum Profile<\/a><\/li>\r\n<li><a href=\"https:\/\/sinoextrud.com\/product\/aluminum-extrusion-framing-components\/\" target=\"_blank\">Aluminum Extrusion Framing Components<\/a><\/li>"},"feature_list":[]},"_links":{"self":[{"href":"https:\/\/sinoextrud.com\/et\/wp-json\/wp\/v2\/product\/7618","targetHints":{"allow":["GET"]}}],"collection":[{"href":"https:\/\/sinoextrud.com\/et\/wp-json\/wp\/v2\/product"}],"about":[{"href":"https:\/\/sinoextrud.com\/et\/wp-json\/wp\/v2\/types\/product"}],"wp:featuredmedia":[{"embeddable":true,"href":"https:\/\/sinoextrud.com\/et\/wp-json\/wp\/v2\/media\/7617"}],"wp:attachment":[{"href":"https:\/\/sinoextrud.com\/et\/wp-json\/wp\/v2\/media?parent=7618"}],"wp:term":[{"taxonomy":"category","embeddable":true,"href":"https:\/\/sinoextrud.com\/et\/wp-json\/wp\/v2\/categories?post=7618"}],"curies":[{"name":"wp","href":"https:\/\/api.w.org\/{rel}","templated":true}]}}