{"id":7615,"date":"2025-06-09T06:27:13","date_gmt":"2025-06-09T06:27:13","guid":{"rendered":"https:\/\/sinoextrud.com\/product\/extruded-aluminium-window-frames\/"},"modified":"2025-06-25T02:04:36","modified_gmt":"2025-06-25T02:04:36","slug":"pressitud-alumiiniumist-aknaraamid","status":"publish","type":"product","link":"https:\/\/sinoextrud.com\/et\/product\/extruded-aluminium-window-frames\/","title":{"rendered":"Pressitud alumiiniumist aknaraamid"},"content":{"rendered":"<h2>Toodete \u00fcksikasjad<\/h2>\n<table class=\"custom-table\">\n<tr>\n<td class=\"label\">Nimi<\/td>\n<td>Pressitud alumiiniumist aknaraamid<\/td>\n<\/tr>\n<\/table>\n<h2>Meie tootmisbaas<\/h2>\n<h3>Tehase panoraam<\/h3>\n<p><img decoding=\"async\" src=\"\/wp-content\/uploads\/factory-01.webp\"\/><\/p>\n<h3>Alumiiniumvarraste tootmise t\u00f6\u00f6koda<\/h3>\n<p><img decoding=\"async\" src=\"\/wp-content\/uploads\/factory-02.webp\"\/><\/p>\n<\/p>\n<p><img decoding=\"async\" src=\"\/wp-content\/uploads\/factory-03.webp\"\/><\/p>\n<h3>hallituse ladustamise ladu<\/h3>\n<p><img decoding=\"async\" src=\"\/wp-content\/uploads\/factory-04.webp\"\/><\/p>\n<h3>43 alumiiniumi ekstrusiooniliini (500-5500 tonni)<\/h3>\n<p><img decoding=\"async\" src=\"\/wp-content\/uploads\/factory-05.webp\"\/><\/p>\n<p><img decoding=\"async\" src=\"\/wp-content\/uploads\/factory-06.webp\"\/><\/p>\n<p><img decoding=\"async\" src=\"\/wp-content\/uploads\/factory-07.webp\"\/><\/p>\n<h3>Pulberv\u00e4rvimise t\u00f6\u00f6koda<\/h3>\n<p><img decoding=\"async\" src=\"\/wp-content\/uploads\/factory-09.webp\"\/><\/p>\n<h3>Anodiseerimise t\u00f6\u00f6koda<\/h3>\n<p><img decoding=\"async\" src=\"\/wp-content\/uploads\/factory-10.webp\"\/><\/p>\n<h3>S\u00fcgavt\u00f6\u00f6tlemise t\u00f6\u00f6tuba<\/h3>\n<p><img decoding=\"async\" src=\"\/wp-content\/uploads\/factory-11.webp\"\/><\/p>\n<h3>CNC-t\u00e4ppist\u00f6\u00f6tlemise t\u00f6\u00f6koda<\/h3>\n<p><img decoding=\"async\" src=\"\/wp-content\/uploads\/factory-11.5.webp\"\/><\/p>\n<h3>Valmistoodete ja ekspordi ladu<\/h3>\n<p><img decoding=\"async\" src=\"\/wp-content\/uploads\/factory-12.webp\"\/><\/p>\n<p><img decoding=\"async\" src=\"\/wp-content\/uploads\/factory-13.webp\"\/><\/p>\n<p><img decoding=\"async\" src=\"\/wp-content\/uploads\/factory-14.webp\"\/><\/p>\n<h2>KKK<\/h2>\n<p><b>1.Mis on pressitud alumiiniumist aknaraamid?<\/b><\/p>\n<p>V\u00e4ljapressitud alumiiniumist aknaraamid on suure t\u00e4psusega alumiiniumprofiilid, mida kasutatakse suurep\u00e4rase tugevuse ja j\u00f5udlusega aknas\u00fcsteemide ehitamiseks.\n<\/p>\n<p><\/p>\n<p><b>2.Miks kasutada pressitud alumiiniumist aknaraame?<\/b><\/p>\n<p>Nad pakuvad pikaajalist vastupidavust, korrosioonikindlust ja energiat\u00f5husust, mist\u00f5ttu sobivad need ideaalselt kaasaegsete akende paigaldamiseks.\n<\/p>\n<p><\/p>\n<p><b>3.Kas pressitud alumiiniumist aknaraamid on ilmastikukindlad?<\/b><\/p>\n<p>Jah, need on korrosioonikindlad ja ehitatud nii, et nad peavad vastu vihmale, p\u00e4ikesele ja muudele keskkonnateguritele.\n<\/p>\n<p><\/p>\n<p><b>4.Kas pressitud alumiiniumist aknaraamid on kohandatavad?<\/b><\/p>\n<p>Jah, me pakume kohandusi m\u00f5\u00f5tmete, v\u00e4rvide, viimistluste ja erinevate klaasit\u00fc\u00fcpidega \u00fchilduvuse osas.\n<\/p>\n<p><\/p>\n<p><b>5.Kas pressitud alumiiniumist aknaraamid toetavad termilisi katkestusi?<\/b><\/p>\n<p>Jah, neid saab integreerida soojustagastuss\u00fcsteemidega, et parandada isolatsiooni ja v\u00e4hendada energiakadu.\n<\/p>\n<p><\/p>\n<p><b>6. millistes hoonet\u00fc\u00fcpides kasutatakse pressitud alumiiniumist aknaraame?<\/b><\/p>\n<p>Neid kasutatakse tavaliselt elamutes, b\u00fcroohoonetes, kaubanduskeskustes ja k\u00f5rghoonetes.\n<\/p>\n<p><\/p>\n<p><b>7.Kas pressitud alumiiniumist aknaraamid on lihtne paigaldada?<\/b><\/p>\n<p>Jah, nende kerge konstruktsioon ja t\u00e4pne ekstrusioon muudavad nende transportimise, joondamise ja paigaldamise lihtsaks.\n<\/p>\n<p><\/p>\n<p><b>8.Kas need aknaraamid pakuvad head esteetikat?<\/b><\/p>\n<p>Jah, nende elegantsed, moodsad profiilid ja lai valik viimistlusi suurendavad iga hoone arhitektuurilist atraktiivsust.\n<\/p>\n<p><\/p>","protected":false},"featured_media":9132,"template":"","categories":[67],"class_list":["post-7615","product","type-product","status-publish","has-post-thumbnail","hentry","category-architectural-aluminium-profile"],"meta_box":{"hilight_text_group":{"product_hilight_text":"<li>Precision-extruded frames ensure structural stability and uniformity<\/li>\r\n\r\n<li>Made from lightweight yet strong aluminum for easy handling and durability<\/li>\r\n\r\n<li>Corrosion-resistant surface suitable for harsh weather environments<\/li>\r\n\r\n<li>Compatible with various glazing options for design flexibility<\/li>\r\n\r\n<li>Supports thermal break systems for enhanced energy efficiency<\/li>\r\n\r\n<li>Available in multiple colors and surface finishes<\/li>\r\n\r\n<li>Ideal for residential, commercial, and industrial window applications<\/li>","product_chanpin_chanpin":"<li><a href=\"https:\/\/sinoextrud.com\/product\/aluminum-fireproof-outdoor-terracce-decking-floor\/\" target=\"_blank\">Aluminum Fireproof Outdoor Terracce Decking Floor<\/a><\/li>\r\n<li><a href=\"https:\/\/sinoextrud.com\/product\/aluminium-profiles-for-bedroom-doors\/\" target=\"_blank\">Aluminium Profiles For Bedroom Doors<\/a><\/li>\r\n<li><a href=\"https:\/\/sinoextrud.com\/product\/extruded-aluminum-framing\/\" target=\"_blank\">Extruded Aluminum Framing<\/a><\/li>\r\n<li><a href=\"https:\/\/sinoextrud.com\/product\/aluminum-window-extrusion-profiles\/\" target=\"_blank\">Aluminum Window Extrusion Profiles<\/a><\/li>\r\n<li><a href=\"https:\/\/sinoextrud.com\/product\/extruded-aluminium-window-frames\/\" target=\"_blank\">Extruded Aluminium Window Frames<\/a><\/li>\r\n<li><a href=\"https:\/\/sinoextrud.com\/product\/profile-aluminium-extrusion-used-for-door\/\" target=\"_blank\">Profile Aluminium Extrusion Used For Door<\/a><\/li>\r\n<li><a href=\"https:\/\/sinoextrud.com\/product\/square-aluminum-extrusion\/\" target=\"_blank\">Square Aluminum Extrusion<\/a><\/li>\r\n<li><a href=\"https:\/\/sinoextrud.com\/product\/extruded-aluminum-drawer-pulls\/\" target=\"_blank\">Extruded Aluminum Drawer Pulls<\/a><\/li>\r\n<li><a href=\"https:\/\/sinoextrud.com\/product\/picture-frame-extrusions\/\" target=\"_blank\">Picture Frame Extrusions<\/a><\/li>\r\n<li><a href=\"https:\/\/sinoextrud.com\/product\/wood-grain-customize-aluminium-extrusion-rail\/\" target=\"_blank\">Wood Grain Customize Aluminium Extrusion Rail<\/a><\/li>\r\n<li><a href=\"https:\/\/sinoextrud.com\/product\/extruded-aluminum-framing-systems\/\" target=\"_blank\">Extruded Aluminum Framing Systems<\/a><\/li>","product_chanpin_blog":"<ul>\r\n\r\n<li><a href=\"https:\/\/sinoextrud.com\/t-slot-v-slot-differences\/\" target=\"_blank\">t slot vs v slot<\/a><\/li>\r\n\r\n<li><a href=\"https:\/\/sinoextrud.com\/what-is-4040-aluminium-extrud\/\" target=\"_blank\">4040 aluminium extrusion<\/a><\/li>\r\n\r\n<li><a href=\"https:\/\/sinoextrud.com\/what-is-4040-aluminium-extrud\/\" target=\"_blank\">aluminum extrusions for industrial racks<\/a><\/li>\r\n\r\n<li><a href=\"https:\/\/sinoextrud.com\/powder-coating-aluminium-process\/\" target=\"_blank\">powder coating aluminium<\/a><\/li>\r\n\r\n<li><a href=\"https:\/\/sinoextrud.com\/what-is-an-aluminium-strip-ceiling\/\" target=\"_blank\">aluminium strip ceiling<\/a><\/li>\r\n\r\n<li><a href=\"https:\/\/sinoextrud.com\/what-is-a-heat-sink\/\" target=\"_blank\">what is a heat sink<\/a><\/li>\r\n\r\n<\/ul>"},"feature_list":[]},"_links":{"self":[{"href":"https:\/\/sinoextrud.com\/et\/wp-json\/wp\/v2\/product\/7615","targetHints":{"allow":["GET"]}}],"collection":[{"href":"https:\/\/sinoextrud.com\/et\/wp-json\/wp\/v2\/product"}],"about":[{"href":"https:\/\/sinoextrud.com\/et\/wp-json\/wp\/v2\/types\/product"}],"wp:featuredmedia":[{"embeddable":true,"href":"https:\/\/sinoextrud.com\/et\/wp-json\/wp\/v2\/media\/9132"}],"wp:attachment":[{"href":"https:\/\/sinoextrud.com\/et\/wp-json\/wp\/v2\/media?parent=7615"}],"wp:term":[{"taxonomy":"category","embeddable":true,"href":"https:\/\/sinoextrud.com\/et\/wp-json\/wp\/v2\/categories?post=7615"}],"curies":[{"name":"wp","href":"https:\/\/api.w.org\/{rel}","templated":true}]}}