{"id":7602,"date":"2025-06-09T02:53:20","date_gmt":"2025-06-09T02:53:20","guid":{"rendered":"https:\/\/sinoextrud.com\/product\/aluminum-extrusion-profile-rolling-shutter\/"},"modified":"2025-06-24T06:13:13","modified_gmt":"2025-06-24T06:13:13","slug":"alumiiniumist-ekstrusiooniprofiili-ruloo","status":"publish","type":"product","link":"https:\/\/sinoextrud.com\/et\/product\/aluminum-extrusion-profile-rolling-shutter\/","title":{"rendered":"Alumiiniumist ekstrusiooniprofiili rulliv aknaluugid"},"content":{"rendered":"<h2>Toodete \u00fcksikasjad<\/h2>\n<table class=\"custom-table\">\n<tbody>\n<tr>\n<td> Nimi<\/td>\n<td> Alumiiniumist ekstrusioonprofiilist ruloo<\/td>\n<\/tr>\n<tr>\n<td> Br\u00e4nd<\/td>\n<td> Sinoextrud\/Sinoextrud<\/td>\n<\/tr>\n<tr>\n<td> Kategooria<\/td>\n<td> Alumiiniumi ekstrusioon<\/td>\n<\/tr>\n<tr>\n<td> Materjal<\/td>\n<td> Alumiiniumsulam (6063, 6061, 6464, 6082), 1000 ja 3000 seeria on saadaval.<\/td>\n<\/tr>\n<tr>\n<td> Temper<\/td>\n<td> T5-T8<\/td>\n<\/tr>\n<tr>\n<td> Pikkus<\/td>\n<td> Vastavalt joonisele<\/td>\n<\/tr>\n<tr>\n<td> Suurus (mm)<\/td>\n<td> Saadaval on erinevad suurused, kliendi joonis on saadaval<\/td>\n<\/tr>\n<tr>\n<td> Kuju<\/td>\n<td> Kohandamine<\/td>\n<\/tr>\n<tr>\n<td> Pinnat\u00f6\u00f6tlus<\/td>\n<td> Power coating; Mill valmis, anodeeritud, liivapritsimine, Electrophoresis on ka saadaval<\/td>\n<\/tr>\n<tr>\n<td> V\u00e4rv<\/td>\n<td> H\u00f5be, must, kuld, Champange, pronks, punane. sinine ja me saame kohandada v\u00e4rve vastavalt klientide proovidele.<\/td>\n<\/tr>\n<tr>\n<td> Garantii<\/td>\n<td> BV , TUV ,ISO<\/td>\n<\/tr>\n<tr>\n<td> Standard<\/td>\n<td> Keskmine ja k\u00f5rge kvaliteet<\/td>\n<\/tr>\n<tr>\n<td> MOQ<\/td>\n<td> 200KGS iga eseme kohta<\/td>\n<\/tr>\n<tr>\n<td> Alates<\/td>\n<td> Guangdong, Hiina<\/td>\n<\/tr>\n<tr>\n<td> Taotlus<\/td>\n<td> T\u00f6\u00f6stus, ehitus, sisekujundus<\/td>\n<\/tr>\n<tr>\n<td> S\u00fcgav t\u00f6\u00f6tlemine<\/td>\n<td> L\u00f5ikamine, puurimine, mehaaniline t\u00f6\u00f6tlemine, l\u00f6\u00f6mine, painutamine, koputades jne.<\/td>\n<\/tr>\n<tr>\n<td> Pakett<\/td>\n<td> Seestpoolt kaitsekile, plastmassist kokkut\u00f5mbekile v\u00f5i PE-vaht. V\u00e4ljaspool karbi, kartongi v\u00f5i puitkarkassiga v\u00f5i kohandatud.<\/td>\n<\/tr>\n<tr>\n<td> Tarneaeg<\/td>\n<td> Vormi v\u00e4ljat\u00f6\u00f6tamine ja n\u00e4idise kujundamine on 12-18 p\u00e4eva, seej\u00e4rel tootmise kestus on 25-30 p\u00e4eva p\u00e4rast ostjalt tagatisraha saamist.<\/td>\n<\/tr>\n<tr>\n<td> Toote maht<\/td>\n<td> 15 000 tonni \/ kuu<\/td>\n<\/tr>\n<\/tbody>\n<\/table>\n<h2>Meie tootmisbaas<\/h2>\n<h3>Tehase panoraam<\/h3>\n<p><img decoding=\"async\" src=\"\/wp-content\/uploads\/factory-01.webp\"\/><\/p>\n<h3>Alumiiniumvarraste tootmise t\u00f6\u00f6koda<\/h3>\n<p><img decoding=\"async\" src=\"\/wp-content\/uploads\/factory-02.webp\"\/><\/p>\n<\/p>\n<p><img decoding=\"async\" src=\"\/wp-content\/uploads\/factory-03.webp\"\/><\/p>\n<h3>hallituse ladustamise ladu<\/h3>\n<p><img decoding=\"async\" src=\"\/wp-content\/uploads\/factory-04.webp\"\/><\/p>\n<h3>43 alumiiniumi ekstrusiooniliini (500-5500 tonni)<\/h3>\n<p><img decoding=\"async\" src=\"\/wp-content\/uploads\/factory-05.webp\"\/><\/p>\n<p><img decoding=\"async\" src=\"\/wp-content\/uploads\/factory-06.webp\"\/><\/p>\n<p><img decoding=\"async\" src=\"\/wp-content\/uploads\/factory-07.webp\"\/><\/p>\n<h3>Pulberv\u00e4rvimise t\u00f6\u00f6koda<\/h3>\n<p><img decoding=\"async\" src=\"\/wp-content\/uploads\/factory-09.webp\"\/><\/p>\n<h3>Anodiseerimise t\u00f6\u00f6koda<\/h3>\n<p><img decoding=\"async\" src=\"\/wp-content\/uploads\/factory-10.webp\"\/><\/p>\n<h3>S\u00fcgavt\u00f6\u00f6tlemise t\u00f6\u00f6tuba<\/h3>\n<p><img decoding=\"async\" src=\"\/wp-content\/uploads\/factory-11.webp\"\/><\/p>\n<h3>CNC-t\u00e4ppist\u00f6\u00f6tlemise t\u00f6\u00f6koda<\/h3>\n<p><img decoding=\"async\" src=\"\/wp-content\/uploads\/factory-11.5.webp\"\/><\/p>\n<h3>Valmistoodete ja ekspordi ladu<\/h3>\n<p><img decoding=\"async\" src=\"\/wp-content\/uploads\/factory-12.webp\"\/><\/p>\n<p><img decoding=\"async\" src=\"\/wp-content\/uploads\/factory-13.webp\"\/><\/p>\n<p><img decoding=\"async\" src=\"\/wp-content\/uploads\/factory-14.webp\"\/><\/p>\n<h2>KKK<\/h2>\n<p><b>1.Mis on alumiiniumist ekstrusiooniprofiili rulood?<\/b><\/p>\n<p>Tegemist on pressitud alumiiniumprofiilidest valmistatud ruloode s\u00fcsteemiga, mis pakub tugevust, ilmastikukindlust ja kasutusmugavust.\n<\/p>\n<p><\/p>\n<p><b>2.Miks valida alumiiniumist ekstrusioonid ruloode jaoks?<\/b><\/p>\n<p>Alumiinium on kerge, korrosioonikindel ja vastupidav, mist\u00f5ttu sobib see ideaalselt pikaajaliseks kasutamiseks nii sise- kui ka v\u00e4listingimustes.\n<\/p>\n<p><\/p>\n<p><b>3.Kas alumiiniumist katuseprofiili saab kohandada?<\/b><\/p>\n<p>Jah, me pakume projektip\u00f5histe vajaduste rahuldamiseks kohandatud pikkusi, v\u00e4rve, liistuprofiile ja pinnaviimistlust.\n<\/p>\n<p><\/p>\n<p><b>4.Kas need profiilid sobivad motoriseeritud katikuga s\u00fcsteemide jaoks?<\/b><\/p>\n<p>Jah, meie pressitud profiilid sobivad nii k\u00e4sitsi kui ka automatiseeritud katikuga.\n<\/p>\n<p><\/p>\n<p><b>5.Millised rakendused on alumiiniumist ruloode puhul tavalised?<\/b><\/p>\n<p>Neid kasutatakse laialdaselt \u00e4rihoonetes, garaa\u017eides, poe- ja laopindadel ning eluruumide akendel.\n<\/p>\n<p><\/p>\n<p><b>6.Kas alumiiniumist rulood pakuvad isolatsiooni?<\/b><\/p>\n<p>Jah, need pakuvad soojus- ja heliisolatsiooni, parandavad energiat\u00f5husust ja v\u00e4hendavad m\u00fcra.\n<\/p>\n<p><\/p>\n<p><b>7.Kas viimistlus on ilmastikukindel?<\/b><\/p>\n<p>Jah, anodeeritud v\u00f5i pulberv\u00e4rvitud pinnakatted kaitsevad rooste, UV-kiirguse ja karmide ilmastikutingimuste eest.\n<\/p>\n<p><\/p>\n<p><b>8.Kas ma saan tellida suurte ehitusprojektide jaoks hulgi?<\/b><\/p>\n<p>Kindlasti toetame ehitajate ja arendajate hulgitellimusi, tagades j\u00e4rjepideva kvaliteedi ja \u00f5igeaegse tarne.\n<\/p>\n<p><\/p>","protected":false},"featured_media":7601,"template":"","categories":[67],"class_list":["post-7602","product","type-product","status-publish","has-post-thumbnail","hentry","category-architectural-aluminium-profile"],"meta_box":{"hilight_text_group":{"product_hilight_text":"<li>High-strength aluminum extrusion provides enhanced security and durability<\/li>\r\r\n<li>Corrosion-resistant finish ideal for outdoor and coastal environments<\/li>\r\r\n<li>Lightweight design allows for smooth and quiet shutter operation<\/li>\r\r\n<li>Customizable sizes and finishes to match architectural requirements<\/li>\r\r\n<li>Efficient insulation properties for thermal and noise control<\/li>\r\r\n<li>Low maintenance and long service life for commercial and residential use<\/li>\r\r\n<li>Compatible with manual and motorized rolling shutter systems<\/li>","product_chanpin_blog":"<ul>\r\r\n<li><a href=\"https:\/\/sinoextrud.com\/t-slot-v-slot-differences\/\" target=\"_blank\">t slot vs v slot<\/a><\/li>\r\r\n<li><a href=\"https:\/\/sinoextrud.com\/what-is-4040-aluminium-extrud\/\" target=\"_blank\">4040 aluminium extrusion<\/a><\/li>\r\r\n<li><a href=\"https:\/\/sinoextrud.com\/what-is-4040-aluminium-extrud\/\" target=\"_blank\">aluminum extrusions for industrial racks<\/a><\/li>\r\r\n<li><a href=\"https:\/\/sinoextrud.com\/powder-coating-aluminium-process\/\" target=\"_blank\">powder coating aluminium<\/a><\/li>\r\r\n<li><a href=\"https:\/\/sinoextrud.com\/what-is-an-aluminium-strip-ceiling\/\" target=\"_blank\">aluminium strip ceiling<\/a><\/li>\r\r\n<li><a href=\"https:\/\/sinoextrud.com\/what-is-a-heat-sink\/\" target=\"_blank\">what is a heat sink<\/a><\/li>\r\r\n<\/ul>","product_chanpin_chanpin":"<li><a href=\"https:\/\/sinoextrud.com\/product\/aluminum-extrusion-alloys\/\" target=\"_blank\">Aluminum Extrusion Alloys<\/a><\/li>\r\n<li><a href=\"https:\/\/sinoextrud.com\/product\/aluminum-extrusion-frame\/\" target=\"_blank\">Aluminum Extrusion Frame<\/a><\/li>\r\n<li><a href=\"https:\/\/sinoextrud.com\/product\/aluminum-mirror-frame-extrusions\/\" target=\"_blank\">Aluminum Mirror Frame Extrusions<\/a><\/li>\r\n<li><a href=\"https:\/\/sinoextrud.com\/product\/aluminum-extrusion-profile-for-clean-room\/\" target=\"_blank\">Aluminum Extrusion Profile For Clean Room<\/a><\/li>\r\n<li><a href=\"https:\/\/sinoextrud.com\/product\/aluminum-extrusion-profile-rolling-shutter\/\" target=\"_blank\">Aluminum Extrusion Profile Rolling Shutter<\/a><\/li>\r\n<li><a href=\"https:\/\/sinoextrud.com\/product\/aluminum-fireproof-outdoor-terracce-decking-floor\/\" target=\"_blank\">Aluminum Fireproof Outdoor Terracce Decking Floor<\/a><\/li>\r\n<li><a href=\"https:\/\/sinoextrud.com\/product\/aluminium-profiles-for-bedroom-doors\/\" target=\"_blank\">Aluminium Profiles For Bedroom Doors<\/a><\/li>\r\n<li><a href=\"https:\/\/sinoextrud.com\/product\/extruded-aluminum-framing\/\" target=\"_blank\">Extruded Aluminum Framing<\/a><\/li>\r\n<li><a href=\"https:\/\/sinoextrud.com\/product\/aluminum-window-extrusion-profiles\/\" target=\"_blank\">Aluminum Window Extrusion Profiles<\/a><\/li>\r\n<li><a href=\"https:\/\/sinoextrud.com\/product\/aluminum-z-extrusion\/\" target=\"_blank\">Aluminum Z Extrusion<\/a><\/li>\r\n<li><a href=\"https:\/\/sinoextrud.com\/product\/aluminium-window-and-door-profiles\/\" target=\"_blank\">Aluminium Window And Door Profiles<\/a><\/li>"},"feature_list":[]},"_links":{"self":[{"href":"https:\/\/sinoextrud.com\/et\/wp-json\/wp\/v2\/product\/7602","targetHints":{"allow":["GET"]}}],"collection":[{"href":"https:\/\/sinoextrud.com\/et\/wp-json\/wp\/v2\/product"}],"about":[{"href":"https:\/\/sinoextrud.com\/et\/wp-json\/wp\/v2\/types\/product"}],"wp:featuredmedia":[{"embeddable":true,"href":"https:\/\/sinoextrud.com\/et\/wp-json\/wp\/v2\/media\/7601"}],"wp:attachment":[{"href":"https:\/\/sinoextrud.com\/et\/wp-json\/wp\/v2\/media?parent=7602"}],"wp:term":[{"taxonomy":"category","embeddable":true,"href":"https:\/\/sinoextrud.com\/et\/wp-json\/wp\/v2\/categories?post=7602"}],"curies":[{"name":"wp","href":"https:\/\/api.w.org\/{rel}","templated":true}]}}