{"id":7598,"date":"2025-06-09T02:50:00","date_gmt":"2025-06-09T02:50:00","guid":{"rendered":"https:\/\/sinoextrud.com\/product\/aluminum-mirror-frame-extrusions\/"},"modified":"2025-06-24T06:13:12","modified_gmt":"2025-06-24T06:13:12","slug":"alumiiniumist-peegliraamide-ekstrusioonid","status":"publish","type":"product","link":"https:\/\/sinoextrud.com\/et\/product\/aluminum-mirror-frame-extrusions\/","title":{"rendered":"Alumiiniumist peegliraami ekstrusioonid"},"content":{"rendered":"<h2>Toodete \u00fcksikasjad<\/h2>\n<table class=\"custom-table\">\n<tbody>\n<tr>\n<td> Nimi<\/td>\n<td> Alumiiniumist peegliraami ekstrusioonid<\/td>\n<\/tr>\n<tr>\n<td> Br\u00e4nd<\/td>\n<td> Sinoextrud\/Sinoextrud<\/td>\n<\/tr>\n<tr>\n<td> Kategooria<\/td>\n<td> Alumiiniumprofiilid<\/td>\n<\/tr>\n<tr>\n<td> Materjal<\/td>\n<td> 6063 on laialdaselt kasutusel. Saadaval on ka 6061, 6463, 6005, 6082.<\/td>\n<\/tr>\n<tr>\n<td> Temper<\/td>\n<td> T5-T8<\/td>\n<\/tr>\n<tr>\n<td> Pikkus<\/td>\n<td> 1-9m v\u00f5i kohandamine<\/td>\n<\/tr>\n<tr>\n<td> Suurus (mm)<\/td>\n<td> Erinevad suurused, v\u00f5ite v\u00f5tta \u00fchendust detailide saamiseks.<\/td>\n<\/tr>\n<tr>\n<td> Paksus<\/td>\n<td> Vastavalt teie taotlusele<\/td>\n<\/tr>\n<tr>\n<td> Kuju<\/td>\n<td> Kohandamine<\/td>\n<\/tr>\n<tr>\n<td> Pinnat\u00f6\u00f6tlus<\/td>\n<td> Veski valmis, anodeeritud, liivapritsimine, elektroforeesimine, elektrikate jne.<\/td>\n<\/tr>\n<tr>\n<td> V\u00e4rv<\/td>\n<td> H\u00f5bedane, must, valge, punane, kollane, \u0161ampanja v\u00f5i kohandatud v\u00e4rvus.<\/td>\n<\/tr>\n<tr>\n<td> Standard<\/td>\n<td> ASTM, GB, DIN<\/td>\n<\/tr>\n<tr>\n<td> Alates<\/td>\n<td> Guangdong, Hiina<\/td>\n<\/tr>\n<tr>\n<td> Taotlus<\/td>\n<td> Kaunistus<\/td>\n<\/tr>\n<\/tbody>\n<\/table>\n<h2>Meie tootmisbaas<\/h2>\n<h3>Tehase panoraam<\/h3>\n<p><img decoding=\"async\" src=\"\/wp-content\/uploads\/factory-01.webp\"\/><\/p>\n<h3>Alumiiniumvarraste tootmise t\u00f6\u00f6koda<\/h3>\n<p><img decoding=\"async\" src=\"\/wp-content\/uploads\/factory-02.webp\"\/><\/p>\n<p><img decoding=\"async\" src=\"\/wp-content\/uploads\/factory-03.webp\"\/><\/p>\n<h3>hallituse ladustamise ladu<\/h3>\n<p><img decoding=\"async\" src=\"\/wp-content\/uploads\/factory-04.webp\"\/><\/p>\n<h3>43 alumiiniumi ekstrusiooniliini (500-5500 tonni)<\/h3>\n<p><img decoding=\"async\" src=\"\/wp-content\/uploads\/factory-05.webp\"\/><\/p>\n<p><img decoding=\"async\" src=\"\/wp-content\/uploads\/factory-06.webp\"\/><\/p>\n<p><img decoding=\"async\" src=\"\/wp-content\/uploads\/factory-07.webp\"\/><\/p>\n<h3>Pulberv\u00e4rvimise t\u00f6\u00f6koda<\/h3>\n<p><img decoding=\"async\" src=\"\/wp-content\/uploads\/factory-09.webp\"\/><\/p>\n<h3>Anodiseerimise t\u00f6\u00f6koda<\/h3>\n<p><img decoding=\"async\" src=\"\/wp-content\/uploads\/factory-10.webp\"\/><\/p>\n<h3>S\u00fcgavt\u00f6\u00f6tlemise t\u00f6\u00f6tuba<\/h3>\n<p><img decoding=\"async\" src=\"\/wp-content\/uploads\/factory-11.webp\"\/><\/p>\n<h3>CNC-t\u00e4ppist\u00f6\u00f6tlemise t\u00f6\u00f6koda<\/h3>\n<p><img decoding=\"async\" src=\"\/wp-content\/uploads\/factory-11.5.webp\"\/><\/p>\n<h3>Valmistoodete ja ekspordi ladu<\/h3>\n<p><img decoding=\"async\" src=\"\/wp-content\/uploads\/factory-12.webp\"\/><\/p>\n<p><img decoding=\"async\" src=\"\/wp-content\/uploads\/factory-13.webp\"\/><\/p>\n<p><img decoding=\"async\" src=\"\/wp-content\/uploads\/factory-14.webp\"\/><\/p>\n<h2>KKK<\/h2>\n<p><p><b>1.Mis on alumiiniumist peegelraami ekstrusioonid?<\/b><\/p>\n<p>Alumiiniumist peegliraamid on spetsiaalselt peeglite raamimiseks m\u00f5eldud profiilid, mis \u00fchendavad vastupidavuse ja esteetilisuse.<br \/>\n<\/p><br \/>\n<br \/>\n<p><b>2.Miks kasutada alumiiniumi peegelraamide jaoks?<\/b><\/p>\n<p>Alumiinium on kerge, korrosioonikindel ja pakub elegantset viimistlust, mist\u00f5ttu sobib see ideaalselt nii elamute kui ka \u00e4ritegevuse peeglite raamimiseks.<br \/>\n<\/p><br \/>\n<br \/>\n<p><b>3.Kas alumiiniumist peegliraami ekstrusioone saab kohandada?<\/b><\/p>\n<p>Jah, neid saab kohandada profiili kuju, pikkuse, pinnaviimistluse ja v\u00e4rvi poolest, et need vastaksid konkreetsetele disainin\u00f5uetele.<br \/>\n<\/p><br \/>\n<br \/>\n<p><b>4.Kas need raamid sobivad niiskesse keskkonda, n\u00e4iteks vannituppa?<\/b><\/p>\n<p>Kindlasti sobib alumiinium t\u00e4nu korrosioonikindlusele ideaalselt kasutamiseks niiskusele vastuv\u00f5tlikes ruumides, nagu vannitoad ja spaad.<br \/>\n<\/p><br \/>\n<br \/>\n<p><b>5.Millised viimistlused on saadaval alumiiniumist peegelraamidele?<\/b><\/p>\n<p>Levinud viimistlused on anodeeritud h\u00f5be, matt must, harjatud kuld ja pulberv\u00e4rvitud kohandatud v\u00e4rvid.<br \/>\n<\/p><br \/>\n<br \/>\n<p><b>6.Kas alumiiniumist peegliraami ekstrusiooni on lihtne paigaldada?<\/b><\/p>\n<p>Jah, ekstrusioonid on m\u00f5eldud kiireks ja turvaliseks paigaldamiseks, sageli on neil eelpuuritud augud ja siledad servad.<br \/>\n<\/p><br \/>\n<br \/>\n<p><b>7.Kas tootjad toetavad OEM- ja lahtiseid tellimusi?<\/b><\/p>\n<p>Jah, enamik tarnijaid pakub OEM-teenuseid, kohandatud t\u00f6\u00f6riistu ja hulgitoodangut \u00fclemaailmsete kaubam\u00e4rkide ja turustajate jaoks.<br \/>\n<\/p><br \/><\/p>","protected":false},"featured_media":7597,"template":"","categories":[67],"class_list":["post-7598","product","type-product","status-publish","has-post-thumbnail","hentry","category-architectural-aluminium-profile"],"meta_box":{"hilight_text_group":{"product_hilight_text":"<li>Sleek and modern aluminum profile enhances mirror aesthetics<\/li>\r\r\n<li>Lightweight yet sturdy frame structure ensures long-lasting durability<\/li>\r\r\n<li>Corrosion-resistant surface ideal for bathrooms and humid environments<\/li>\r\r\n<li>Available in anodized, powder-coated, and brushed finishes<\/li>\r\r\n<li>Custom shapes, lengths, and finishes available for OEM requirements<\/li>\r\r\n<li>Easy installation and maintenance with precision-fit design<\/li>","product_chanpin_blog":"<ul>\r\r\n<li><a href=\"https:\/\/sinoextrud.com\/t-slot-v-slot-differences\/\" target=\"_blank\">t slot vs v slot<\/a><\/li>\r\r\n<li><a href=\"https:\/\/sinoextrud.com\/what-is-4040-aluminium-extrud\/\" target=\"_blank\">4040 aluminium extrusion<\/a><\/li>\r\r\n<li><a href=\"https:\/\/sinoextrud.com\/what-is-4040-aluminium-extrud\/\" target=\"_blank\">aluminum extrusions for industrial racks<\/a><\/li>\r\r\n<li><a href=\"https:\/\/sinoextrud.com\/powder-coating-aluminium-process\/\" target=\"_blank\">powder coating aluminium<\/a><\/li>\r\r\n<li><a href=\"https:\/\/sinoextrud.com\/what-is-an-aluminium-strip-ceiling\/\" target=\"_blank\">aluminium strip ceiling<\/a><\/li>\r\r\n<li><a href=\"https:\/\/sinoextrud.com\/what-is-a-heat-sink\/\" target=\"_blank\">what is a heat sink<\/a><\/li>\r\r\n<\/ul>","product_chanpin_chanpin":"<li><a href=\"https:\/\/sinoextrud.com\/product\/anodized-aluminum-kitchen-profile-for-handle-price\/\" target=\"_blank\">Anodized Aluminum Kitchen Profile For Handle Price<\/a><\/li>\r\n<li><a href=\"https:\/\/sinoextrud.com\/product\/triangular-aluminium-extrusion\/\" target=\"_blank\">Triangular Aluminium Extrusion<\/a><\/li>\r\n<li><a href=\"https:\/\/sinoextrud.com\/product\/aluminum-extrusion-alloys\/\" target=\"_blank\">Aluminum Extrusion Alloys<\/a><\/li>\r\n<li><a href=\"https:\/\/sinoextrud.com\/product\/aluminum-extrusion-frame\/\" target=\"_blank\">Aluminum Extrusion Frame<\/a><\/li>\r\n<li><a href=\"https:\/\/sinoextrud.com\/product\/aluminum-mirror-frame-extrusions\/\" target=\"_blank\">Aluminum Mirror Frame Extrusions<\/a><\/li>\r\n<li><a href=\"https:\/\/sinoextrud.com\/product\/aluminum-extrusion-profile-for-clean-room\/\" target=\"_blank\">Aluminum Extrusion Profile For Clean Room<\/a><\/li>\r\n<li><a href=\"https:\/\/sinoextrud.com\/product\/aluminum-extrusion-profile-rolling-shutter\/\" target=\"_blank\">Aluminum Extrusion Profile Rolling Shutter<\/a><\/li>\r\n<li><a href=\"https:\/\/sinoextrud.com\/product\/aluminum-fireproof-outdoor-terracce-decking-floor\/\" target=\"_blank\">Aluminum Fireproof Outdoor Terracce Decking Floor<\/a><\/li>\r\n<li><a href=\"https:\/\/sinoextrud.com\/product\/aluminium-profiles-for-bedroom-doors\/\" target=\"_blank\">Aluminium Profiles For Bedroom Doors<\/a><\/li>\r\n<li><a href=\"https:\/\/sinoextrud.com\/product\/aluminium-door-extrusions-profiles\/\" target=\"_blank\">Aluminium Door Extrusions Profiles<\/a><\/li>\r\n<li><a href=\"https:\/\/sinoextrud.com\/product\/aluminium-door-frame-extrusions\/\" target=\"_blank\">Aluminium Door Frame Extrusions<\/a><\/li>"},"feature_list":[]},"_links":{"self":[{"href":"https:\/\/sinoextrud.com\/et\/wp-json\/wp\/v2\/product\/7598","targetHints":{"allow":["GET"]}}],"collection":[{"href":"https:\/\/sinoextrud.com\/et\/wp-json\/wp\/v2\/product"}],"about":[{"href":"https:\/\/sinoextrud.com\/et\/wp-json\/wp\/v2\/types\/product"}],"wp:featuredmedia":[{"embeddable":true,"href":"https:\/\/sinoextrud.com\/et\/wp-json\/wp\/v2\/media\/7597"}],"wp:attachment":[{"href":"https:\/\/sinoextrud.com\/et\/wp-json\/wp\/v2\/media?parent=7598"}],"wp:term":[{"taxonomy":"category","embeddable":true,"href":"https:\/\/sinoextrud.com\/et\/wp-json\/wp\/v2\/categories?post=7598"}],"curies":[{"name":"wp","href":"https:\/\/api.w.org\/{rel}","templated":true}]}}