{"id":7588,"date":"2025-06-09T02:37:58","date_gmt":"2025-06-09T02:37:58","guid":{"rendered":"https:\/\/sinoextrud.com\/product\/aluminum-window-frames-mosquito-netting-suppliers\/"},"modified":"2025-06-24T06:13:11","modified_gmt":"2025-06-24T06:13:11","slug":"alumiiniumist-aknaraamid-saasevorgu-tarnijad","status":"publish","type":"product","link":"https:\/\/sinoextrud.com\/et\/product\/aluminum-window-frames-mosquito-netting-suppliers\/","title":{"rendered":"Alumiinium aknaraamid s\u00e4\u00e4sev\u00f5rkude tarnijad"},"content":{"rendered":"<h2>Toodete \u00fcksikasjad<\/h2>\n<table class=\"custom-table\">\n<tr>\n<td class=\"label\">1. Objekt<\/td>\n<td>Alumiinium aknaraamid s\u00e4\u00e4sev\u00f5rkude tarnijad<\/td>\n<\/tr>\n<tr>\n<td class=\"label\">2. Sektsiooni kuju<\/td>\n<td>I, U, T, C, Z, L, H, ruudukujuline, \u00fcmmargune, lame, \u00f5\u00f5nes, t-ava ja muud keerulised kujud tellimust\u00f6\u00f6na.<\/td>\n<\/tr>\n<tr>\n<td class=\"label\">3. Pinna t\u00f6\u00f6tlemine<\/td>\n<td>Veski viimistlus \/ anodeeritud (oks\u00fcdeerimine) \/ liivapritsimine \/ pulberv\u00e4rvimine \/ elektroforees \/ puidutera<\/td>\n<\/tr>\n<tr>\n<td class=\"label\">4. MOQ<\/td>\n<td>200KG iga eseme kohta<\/td>\n<\/tr>\n<tr>\n<td class=\"label\">5. Materjal<\/td>\n<td>100% sulam: 6063 T5 \/ 6061 T6<\/td>\n<\/tr>\n<tr>\n<td class=\"label\">6. Pikkus<\/td>\n<td>Tavaline = 6m, 1-9m v\u00f5i kohandatud<\/td>\n<\/tr>\n<tr>\n<td class=\"label\">7. Taotlus<\/td>\n<td>1) - akna- ja ukseraamidele<br \/>\n3) - klaasist kardinaseinte ehitamiseks<br \/>\n4) - p\u00e4ikesepaneelide raamid, p\u00e4ikesepaneelide paigaldus\/katuse kronsteinid<br \/>\n5) - t\u00f6\u00f6stuse koosteliinide seadmete jaoks<br \/>\n6) - jahutusradade jaoks<br \/>\n7) - LED-valgustuse jaoks<br \/>\n8) - muud kohandatud disaini suuruse ja m\u00f5\u00f5tmete j\u00e4rgi<\/td>\n<\/tr>\n<tr>\n<td class=\"label\">8. Teenused<\/td>\n<td>1). OEM-teenus.<br \/>\n2). Projekteerimine vastavalt klientide n\u00f5uetele.<br \/>\n3). Meie kaasaegne s\u00fcgavt\u00f6\u00f6tlemiskeskus v\u00f5ib pakkuda mehaanilist t\u00f6\u00f6tlemist, nagu l\u00f5ikamine, augustamine, puurimine, painutamine, koputamine jne.<\/td>\n<\/tr>\n<tr>\n<td class=\"label\">9. Kvaliteedikontroll<\/td>\n<td>Meil on k\u00f5ige rangem kvaliteedikontrolli s\u00fcsteem, 100% kontroll enne saatmist<\/td>\n<\/tr>\n<tr>\n<td class=\"label\">10. Protsess<\/td>\n<td>P\u00e4ring - Proov v\u00f5i CAD joonis (klientide poolt) -CAD joonis (meie firma) -Joonise kinnitamine -Vormi valmistamine -Mustrite konformatsioon -Masstootmine-KontrollTarnimineTarne  <\/td>\n<\/tr>\n<tr>\n<td class=\"label\">11. Maksmine<\/td>\n<td>T \/ T: 30% tagatisraha, saldo makstakse enne v\u00f5i p\u00e4rast saatmist (v\u00f5i k\u00f5ik s\u00f5ltub)<\/td>\n<\/tr>\n<tr>\n<td class=\"label\">12. Pakendamise \u00fcksikasjad<\/td>\n<td>Seestpoolt: Kilega pakitud, et kaitsta iga detaili<br \/>\nV\u00e4ljaspool: M\u00e4hkida kimbud veekindla k\u00e4sit\u00f6\u00f6paberiga v\u00f5i EPE-kilega. Kohandatud taotlus saadaval<\/td>\n<\/tr>\n<tr>\n<td class=\"label\">13. Juhtimisaeg<\/td>\n<td>Survet\u00f6\u00f6tlus ja proovide testimine: 8-15 p\u00e4eva<\/td>\n<\/tr>\n<\/table>\n<h2>Meie tootmisbaas<\/h2>\n<h3>Tehase panoraam<\/h3>\n<p><img decoding=\"async\" src=\"\/wp-content\/uploads\/factory-01.webp\"\/><\/p>\n<h3>Alumiiniumvarraste tootmise t\u00f6\u00f6koda<\/h3>\n<p><img decoding=\"async\" src=\"\/wp-content\/uploads\/factory-02.webp\"\/><\/p>\n<\/p>\n<p><img decoding=\"async\" src=\"\/wp-content\/uploads\/factory-03.webp\"\/><\/p>\n<h3>hallituse ladustamise ladu<\/h3>\n<p><img decoding=\"async\" src=\"\/wp-content\/uploads\/factory-04.webp\"\/><\/p>\n<h3>43 alumiiniumi ekstrusiooniliini (500-5500 tonni)<\/h3>\n<p><img decoding=\"async\" src=\"\/wp-content\/uploads\/factory-05.webp\"\/><\/p>\n<p><img decoding=\"async\" src=\"\/wp-content\/uploads\/factory-06.webp\"\/><\/p>\n<p><img decoding=\"async\" src=\"\/wp-content\/uploads\/factory-07.webp\"\/><\/p>\n<h3>Pulberv\u00e4rvimise t\u00f6\u00f6koda<\/h3>\n<p><img decoding=\"async\" src=\"\/wp-content\/uploads\/factory-09.webp\"\/><\/p>\n<h3>Anodiseerimise t\u00f6\u00f6koda<\/h3>\n<p><img decoding=\"async\" src=\"\/wp-content\/uploads\/factory-10.webp\"\/><\/p>\n<h3>S\u00fcgavt\u00f6\u00f6tlemise t\u00f6\u00f6tuba<\/h3>\n<p><img decoding=\"async\" src=\"\/wp-content\/uploads\/factory-11.webp\"\/><\/p>\n<h3>CNC-t\u00e4ppist\u00f6\u00f6tlemise t\u00f6\u00f6koda<\/h3>\n<p><img decoding=\"async\" src=\"\/wp-content\/uploads\/factory-11.5.webp\"\/><\/p>\n<h3>Valmistoodete ja ekspordi ladu<\/h3>\n<p><img decoding=\"async\" src=\"\/wp-content\/uploads\/factory-12.webp\"\/><\/p>\n<p><img decoding=\"async\" src=\"\/wp-content\/uploads\/factory-13.webp\"\/><\/p>\n<p><img decoding=\"async\" src=\"\/wp-content\/uploads\/factory-14.webp\"\/><\/p>\n<h2>KKK<\/h2>\n<p><b>1.Mis on alumiiniumist aknaraamid koos s\u00e4\u00e4sev\u00f5rguga?<\/b><\/p>\n<p>Need on alumiiniumist valmistatud aknaraamid, millel on sisseehitatud v\u00f5i kinnitatavad s\u00e4\u00e4sev\u00f5rgud, mis v\u00f5imaldavad ventilatsiooni ja hoiavad samal ajal putukad eemal.\n<\/p>\n<p><\/p>\n<p><b>2.Miks valida alumiiniumraamid s\u00e4\u00e4sev\u00f5rgu akende jaoks?<\/b><\/p>\n<p>Alumiiniumraamid on tugevad, kerged ja korrosioonikindlad ning sobivad ideaalselt pikaajaliseks kasutamiseks sise- ja v\u00e4litingimustes.\n<\/p>\n<p><\/p>\n<p><b>3.Kas s\u00e4\u00e4sev\u00f5rgud on integreeritud alumiiniumist aknaraami?<\/b><\/p>\n<p>Jah, paljud tarnijad pakuvad sisseehitatud v\u00f5i sisse l\u00fckatavaid s\u00e4\u00e4sev\u00f5rke, mis pakuvad lisamugavust ja funktsionaalsust.\n<\/p>\n<p><\/p>\n<p><b>4.Kas raame ja v\u00f5rke saab kohandada?<\/b><\/p>\n<p>Kindlasti pakuvad tarnijad OEM kohandusi raami m\u00f5\u00f5tmete, v\u00f5rgusilma t\u00fc\u00fcbi, v\u00e4rvi ja paigaldusmeetodi osas.\n<\/p>\n<p><\/p>\n<p><b>5.Milliseid v\u00f5rgut\u00fc\u00fcpe kasutatakse alumiiniumist aknaraamidega?<\/b><\/p>\n<p>Levinud v\u00f5rgut\u00fc\u00fcbid on klaaskiud, roostevaba teras, alumiinium ja pol\u00fcester, mis sobivad erinevatele kaitsetasemetele ja esteetikale.\n<\/p>\n<p><\/p>\n<p><b>6.Kas alumiiniumist s\u00e4\u00e4sev\u00f5rgu raame on lihtne paigaldada?<\/b><\/p>\n<p>Jah, need on m\u00f5eldud lihtsaks kokkupanekuks ja neid saab paigaldada minimaalsete t\u00f6\u00f6riistade ja vaevaga.\n<\/p>\n<p><\/p>\n<p><b>7.Kas tarnijad pakuvad alumiiniumist s\u00e4\u00e4sev\u00f5rgu raamide hulgihindu?<\/b><\/p>\n<p>Jah, enamik tootjaid ja tarnijaid pakuvad konkurentsiv\u00f5imelisi hindu hulgi- ja OEM-tellimustele, et rahuldada projekti- v\u00f5i edasim\u00fc\u00fcgin\u00f5udlust.\n<\/p>\n<p><\/p>","protected":false},"featured_media":7587,"template":"","categories":[67],"class_list":["post-7588","product","type-product","status-publish","has-post-thumbnail","hentry","category-architectural-aluminium-profile"],"meta_box":{"hilight_text_group":{"product_hilight_text":"<li>Durable aluminum window frames provide long-term structural integrity<\/li>\r\r\n<li>Integrated mosquito netting protects against insects without blocking airflow<\/li>\r\r\n<li>Corrosion-resistant and low-maintenance material for all-weather use<\/li>\r\r\n<li>Customizable sizes, mesh types, and frame colors available<\/li>\r\r\n<li>OEM services offered by reliable suppliers at competitive prices<\/li>\r\r\n<li>Easy installation and compatibility with various window systems<\/li>","product_chanpin_blog":"<ul>\r\r\n<li><a href=\"https:\/\/sinoextrud.com\/t-slot-v-slot-differences\/\" target=\"_blank\">t slot vs v slot<\/a><\/li>\r\r\n<li><a href=\"https:\/\/sinoextrud.com\/what-is-4040-aluminium-extrud\/\" target=\"_blank\">4040 aluminium extrusion<\/a><\/li>\r\r\n<li><a href=\"https:\/\/sinoextrud.com\/what-is-4040-aluminium-extrud\/\" target=\"_blank\">aluminum extrusions for industrial racks<\/a><\/li>\r\r\n<li><a href=\"https:\/\/sinoextrud.com\/powder-coating-aluminium-process\/\" target=\"_blank\">powder coating aluminium<\/a><\/li>\r\r\n<li><a href=\"https:\/\/sinoextrud.com\/what-is-an-aluminium-strip-ceiling\/\" target=\"_blank\">aluminium strip ceiling<\/a><\/li>\r\r\n<li><a href=\"https:\/\/sinoextrud.com\/what-is-a-heat-sink\/\" target=\"_blank\">what is a heat sink<\/a><\/li>\r\r\n<\/ul>","product_chanpin_chanpin":"<li><a href=\"https:\/\/sinoextrud.com\/product\/aluminium-windows-with-mosquito-net-profile-catalog-uses-best-factory-price-per-pound\/\" target=\"_blank\">aluminium windows with mosquito net profile catalog uses best Factory Price per pound<\/a><\/li>\r\n<li><a href=\"https:\/\/sinoextrud.com\/product\/aluminum-alloy-6061-h-beams-aluminum-for-medical-clean-room-aluminum-extrusion-t-slot-i-beams-profile-dust-free-frame\/\" target=\"_blank\">Aluminum Alloy 6061 H Beams Aluminum For Medical Clean Room Aluminum Extrusion T Slot I Beams Profile Dust-free Frame<\/a><\/li>\r\n<li><a href=\"https:\/\/sinoextrud.com\/product\/extruded-profiles-aluminium\/\" target=\"_blank\">Extruded Profiles Aluminium<\/a><\/li>\r\n<li><a href=\"https:\/\/sinoextrud.com\/product\/customized-extruded-aluminum-flat-bar-profile\/\" target=\"_blank\">Customized Extruded Aluminum Flat Bar Profile<\/a><\/li>\r\n<li><a href=\"https:\/\/sinoextrud.com\/product\/aluminum-window-frames-mosquito-netting-suppliers\/\" target=\"_blank\">Aluminum Window Frames Mosquito Netting Suppliers<\/a><\/li>\r\n<li><a href=\"https:\/\/sinoextrud.com\/product\/anodized-aluminum-kitchen-profile-for-handle-price\/\" target=\"_blank\">Anodized Aluminum Kitchen Profile For Handle Price<\/a><\/li>\r\n<li><a href=\"https:\/\/sinoextrud.com\/product\/triangular-aluminium-extrusion\/\" target=\"_blank\">Triangular Aluminium Extrusion<\/a><\/li>\r\n<li><a href=\"https:\/\/sinoextrud.com\/product\/aluminum-extrusion-alloys\/\" target=\"_blank\">Aluminum Extrusion Alloys<\/a><\/li>\r\n<li><a href=\"https:\/\/sinoextrud.com\/product\/aluminum-extrusion-frame\/\" target=\"_blank\">Aluminum Extrusion Frame<\/a><\/li>\r\n<li><a href=\"https:\/\/sinoextrud.com\/product\/40mm-aluminium-extrusion\/\" target=\"_blank\">40mm Aluminium Extrusion<\/a><\/li>\r\n<li><a href=\"https:\/\/sinoextrud.com\/product\/factory-cnc-precision-aluminum-parts\/\" target=\"_blank\">Factory Cnc Precision Aluminum Parts<\/a><\/li>"},"feature_list":[]},"_links":{"self":[{"href":"https:\/\/sinoextrud.com\/et\/wp-json\/wp\/v2\/product\/7588","targetHints":{"allow":["GET"]}}],"collection":[{"href":"https:\/\/sinoextrud.com\/et\/wp-json\/wp\/v2\/product"}],"about":[{"href":"https:\/\/sinoextrud.com\/et\/wp-json\/wp\/v2\/types\/product"}],"wp:featuredmedia":[{"embeddable":true,"href":"https:\/\/sinoextrud.com\/et\/wp-json\/wp\/v2\/media\/7587"}],"wp:attachment":[{"href":"https:\/\/sinoextrud.com\/et\/wp-json\/wp\/v2\/media?parent=7588"}],"wp:term":[{"taxonomy":"category","embeddable":true,"href":"https:\/\/sinoextrud.com\/et\/wp-json\/wp\/v2\/categories?post=7588"}],"curies":[{"name":"wp","href":"https:\/\/api.w.org\/{rel}","templated":true}]}}