{"id":7574,"date":"2025-06-09T02:01:22","date_gmt":"2025-06-09T02:01:22","guid":{"rendered":"https:\/\/sinoextrud.com\/product\/extruded-aluminum-louver-blade-profile\/"},"modified":"2025-06-24T06:13:08","modified_gmt":"2025-06-24T06:13:08","slug":"ekstrudeeritud-alumiiniumist-lamellprofiil","status":"publish","type":"product","link":"https:\/\/sinoextrud.com\/et\/product\/extruded-aluminum-louver-blade-profile\/","title":{"rendered":"V\u00e4ljapressitud alumiiniumist Louver Blade profiil"},"content":{"rendered":"<h2>Toodete \u00fcksikasjad<\/h2>\n<table class=\"custom-table\">\n<tr>\n<td class=\"label\">Nimetus<\/td>\n<td>V\u00e4ljapressitud alumiiniumist labaprofiil<\/td>\n<\/tr>\n<tr>\n<td class=\"label\">Materjali klass<\/td>\n<td>Sulam 6000 seeria (6061,6063,6463,6082)<\/td>\n<\/tr>\n<tr>\n<td class=\"label\">Temper<\/td>\n<td>T5-T6<\/td>\n<\/tr>\n<tr>\n<td class=\"label\">Tehnoloogia<\/td>\n<td>Alumiiniumi ekstrusioon<\/td>\n<\/tr>\n<tr>\n<td class=\"label\">Pinnat\u00f6\u00f6tlus<\/td>\n<td>Anodeerimine, pulberv\u00e4rvimine, liivapritsimine, elektroforeesimine, fluoros\u00fcsinik jne.<\/td>\n<\/tr>\n<tr>\n<td class=\"label\">V\u00e4rv<\/td>\n<td>Kohandatud<\/td>\n<\/tr>\n<tr>\n<td class=\"label\">Anodeerimise paksus<\/td>\n<td>8-25 um<\/td>\n<\/tr>\n<tr>\n<td class=\"label\">Power Coating paksus<\/td>\n<td>40-120 um<\/td>\n<\/tr>\n<tr>\n<td class=\"label\">Kuju<\/td>\n<td>S\u00f5ltub joonistest<\/td>\n<\/tr>\n<tr>\n<td class=\"label\">Pikkus<\/td>\n<td>Standardne pikkus on 1m-9m v\u00f5i kohandatud.<\/td>\n<\/tr>\n<tr>\n<td class=\"label\">S\u00fcgav t\u00f6\u00f6tlemine<\/td>\n<td>l\u00f5ikamine, puurimine, stantsimine, painutamine jne.<\/td>\n<\/tr>\n<tr>\n<td class=\"label\">2D&amp;3D disain<\/td>\n<td>Auto CAD, 3D, AI, SLD, PRT. IGS, PDF, JPEG jne.<\/td>\n<\/tr>\n<tr>\n<td class=\"label\">Kvaliteedikontroll<\/td>\n<td>1.SO Heaks kiidetud.<br \/>\n2.CE heaks kiidetud<br \/>\n3. kohapealne kontroll.<br \/>\n4.<br \/>\n5.<\/td>\n<\/tr>\n<tr>\n<td class=\"label\">Pakendamise \u00fcksikasjad<\/td>\n<td>(1) Sisemine : pakitud plastist kaitsekilega, et kaitsta iga detaili<br \/>\n(2) V\u00e4ljaspool: M\u00e4hkida kimbud veekindla k\u00e4sit\u00f6\u00f6paberiga.<\/td>\n<\/tr>\n<tr>\n<td class=\"label\">Kohaletoimetamine<\/td>\n<td>(1) Survematerjali v\u00e4ljat\u00f6\u00f6tamine ja proovide katsetamine: 12-18 p\u00e4eva.<br \/>\n(2) Masstootmine l\u00f5petatud: 20-30 p\u00e4eva p\u00e4rast seda, kui ostja on proovi kinnitanud.<\/td>\n<\/tr>\n<tr>\n<td class=\"label\">Makset\u00e4htaeg<\/td>\n<td>T\/T 30% tagatisraha, saldo enne saatmist.<\/td>\n<\/tr>\n<\/table>\n<h2>Meie tootmisbaas<\/h2>\n<h3>Tehase panoraam<\/h3>\n<p><img decoding=\"async\" src=\"\/wp-content\/uploads\/factory-01.webp\"\/><\/p>\n<h3>Alumiiniumvarraste tootmise t\u00f6\u00f6koda<\/h3>\n<p><img decoding=\"async\" src=\"\/wp-content\/uploads\/factory-02.webp\"\/><\/p>\n<\/p>\n<p><img decoding=\"async\" src=\"\/wp-content\/uploads\/factory-03.webp\"\/><\/p>\n<h3>hallituse ladustamise ladu<\/h3>\n<p><img decoding=\"async\" src=\"\/wp-content\/uploads\/factory-04.webp\"\/><\/p>\n<h3>43 alumiiniumi ekstrusiooniliini (500-5500 tonni)<\/h3>\n<p><img decoding=\"async\" src=\"\/wp-content\/uploads\/factory-05.webp\"\/><\/p>\n<p><img decoding=\"async\" src=\"\/wp-content\/uploads\/factory-06.webp\"\/><\/p>\n<p><img decoding=\"async\" src=\"\/wp-content\/uploads\/factory-07.webp\"\/><\/p>\n<h3>Pulberv\u00e4rvimise t\u00f6\u00f6koda<\/h3>\n<p><img decoding=\"async\" src=\"\/wp-content\/uploads\/factory-09.webp\"\/><\/p>\n<h3>Anodiseerimise t\u00f6\u00f6koda<\/h3>\n<p><img decoding=\"async\" src=\"\/wp-content\/uploads\/factory-10.webp\"\/><\/p>\n<h3>S\u00fcgavt\u00f6\u00f6tlemise t\u00f6\u00f6tuba<\/h3>\n<p><img decoding=\"async\" src=\"\/wp-content\/uploads\/factory-11.webp\"\/><\/p>\n<h3>CNC-t\u00e4ppist\u00f6\u00f6tlemise t\u00f6\u00f6koda<\/h3>\n<p><img decoding=\"async\" src=\"\/wp-content\/uploads\/factory-11.5.webp\"\/><\/p>\n<h3>Valmistoodete ja ekspordi ladu<\/h3>\n<p><img decoding=\"async\" src=\"\/wp-content\/uploads\/factory-12.webp\"\/><\/p>\n<p><img decoding=\"async\" src=\"\/wp-content\/uploads\/factory-13.webp\"\/><\/p>\n<p><img decoding=\"async\" src=\"\/wp-content\/uploads\/factory-14.webp\"\/><\/p>\n<h2>KKK<\/h2>\n<p><b>1.Mis on ekstrudeeritud alumiiniumist Louver Blade profiil?<\/b><\/p>\n<p>See on spetsiaalselt projekteeritud alumiiniumprofiil, mida kasutatakse ribalauas\u00fcsteemides \u00f5huvoolu, valguse ja privaatsuse reguleerimiseks arhitektuuri- v\u00f5i t\u00f6\u00f6stusrakendustes.\n<\/p>\n<p><\/p>\n<p><b>2.Miks valida alumiiniumist lamellprofiilid?<\/b><\/p>\n<p>Alumiinium pakub suurep\u00e4rast tugevuse ja kaalu suhet, korrosioonikindlust ja vastupidavust, mist\u00f5ttu on see ideaalne nii sise- kui ka v\u00e4litingimustes kasutatavate ribade jaoks.\n<\/p>\n<p><\/p>\n<p><b>3.Kas alumiiniumist lamellid saab kohandada?<\/b><\/p>\n<p>Jah, ekstrudeeritud alumiiniumist lamellide pikkust, kuju, nurka ja viimistlust saab kohandada vastavalt konkreetsetele disaini- ja t\u00f6\u00f6vajadustele.\n<\/p>\n<p><\/p>\n<p><b>4.Millised on pressitud alumiiniumist lamellide peamised rakendused?<\/b><\/p>\n<p>Neid kasutatakse p\u00e4ikesevarjutuss\u00fcsteemides, hoonete fassaadides, ventilatsioonipaneelides, privaatsusekraanides ja HVAC-s\u00fcsteemides.\n<\/p>\n<p><\/p>\n<p><b>5.Kas alumiiniumist lamellid on ilmastikukindlad?<\/b><\/p>\n<p>Kindlasti on alumiiniumist lamellid v\u00e4ga vastupidavad roostetamisele, UV-kiirgusele ja \u00e4\u00e4rmuslikele ilmastikutingimustele.\n<\/p>\n<p><\/p>\n<p><b>6.Kas alumiiniumist ruloode profiilid parandavad energiat\u00f5husust?<\/b><\/p>\n<p>Jah, p\u00e4ikesevalguse ja \u00f5huvoolu reguleerimise abil aitavad nad v\u00e4hendada siseruumide jahutuskoormust ja parandada hoone energiat\u00f5husust.\n<\/p>\n<p><\/p>\n<p><b>7.Millised pinnaviimistlused on saadaval alumiiniumist lamellide puhul?<\/b><\/p>\n<p>Saadaval on anodeerimine, pulberv\u00e4rvimine ja PVDF-kate, mis tagavad parema kaitse ja esteetilise v\u00e4limuse.\n<\/p>\n<p><\/p>","protected":false},"featured_media":7573,"template":"","categories":[67],"class_list":["post-7574","product","type-product","status-publish","has-post-thumbnail","hentry","category-architectural-aluminium-profile"],"meta_box":{"hilight_text_group":{"product_hilight_text":"<li>High-strength aluminum extrusion ensures long-lasting structural integrity<\/li>\r\r\n<li>Lightweight design allows for easy installation and reduced load<\/li>\r\r\n<li>Excellent corrosion resistance for outdoor and architectural use<\/li>\r\r\n<li>Aerodynamic louver blade design enhances airflow and sun shading<\/li>\r\r\n<li>Customizable sizes, shapes, and finishes for diverse applications<\/li>\r\r\n<li>Ideal for ventilation systems, fa?ades, sunshades, and privacy screens<\/li>","product_chanpin_blog":"<ul>\r\r\n<li><a href=\"https:\/\/sinoextrud.com\/t-slot-v-slot-differences\/\" target=\"_blank\">t slot vs v slot<\/a><\/li>\r\r\n<li><a href=\"https:\/\/sinoextrud.com\/what-is-4040-aluminium-extrud\/\" target=\"_blank\">4040 aluminium extrusion<\/a><\/li>\r\r\n<li><a href=\"https:\/\/sinoextrud.com\/what-is-4040-aluminium-extrud\/\" target=\"_blank\">aluminum extrusions for industrial racks<\/a><\/li>\r\r\n<li><a href=\"https:\/\/sinoextrud.com\/powder-coating-aluminium-process\/\" target=\"_blank\">powder coating aluminium<\/a><\/li>\r\r\n<li><a href=\"https:\/\/sinoextrud.com\/what-is-an-aluminium-strip-ceiling\/\" target=\"_blank\">aluminium strip ceiling<\/a><\/li>\r\r\n<li><a href=\"https:\/\/sinoextrud.com\/what-is-a-heat-sink\/\" target=\"_blank\">what is a heat sink<\/a><\/li>\r\r\n<\/ul>","product_chanpin_chanpin":"<li><a href=\"https:\/\/sinoextrud.com\/product\/aluminium-screen-door-extrusions\/\" target=\"_blank\">Aluminium Screen Door Extrusions<\/a><\/li>\r\n<li><a href=\"https:\/\/sinoextrud.com\/product\/anodized-colorful-oem-aluminium-profile-for-decoration-furniture-accessory-price\/\" target=\"_blank\">Anodized Colorful OEM Aluminium Profile For Decoration Furniture Accessory price<\/a><\/li>\r\n<li><a href=\"https:\/\/sinoextrud.com\/product\/sliver-anodized-aluminum-extrusions-kitchen-cabinets-profiles-frame\/\" target=\"_blank\">Sliver Anodized Aluminum Extrusions Kitchen Cabinets Profiles Frame<\/a><\/li>\r\n<li><a href=\"https:\/\/sinoextrud.com\/product\/oem-aluminum-manufacturing-processes-cnc-machining\/\" target=\"_blank\">OEM Aluminum Manufacturing Processes CNC Machining<\/a><\/li>\r\n<li><a href=\"https:\/\/sinoextrud.com\/product\/extruded-aluminum-louver-blade-profile\/\" target=\"_blank\">Extruded Aluminum Louver Blade Profile<\/a><\/li>\r\n<li><a href=\"https:\/\/sinoextrud.com\/product\/aluminum-curtain-wall-extrusion\/\" target=\"_blank\">Aluminum Curtain Wall Extrusion<\/a><\/li>\r\n<li><a href=\"https:\/\/sinoextrud.com\/product\/aluminium-v-slot-extrusion\/\" target=\"_blank\">Aluminium V Slot Extrusion<\/a><\/li>\r\n<li><a href=\"https:\/\/sinoextrud.com\/product\/aluminium-windows-with-mosquito-net-profile-catalog-uses-best-factory-price-per-pound\/\" target=\"_blank\">aluminium windows with mosquito net profile catalog uses best Factory Price per pound<\/a><\/li>\r\n<li><a href=\"https:\/\/sinoextrud.com\/product\/aluminum-alloy-6061-h-beams-aluminum-for-medical-clean-room-aluminum-extrusion-t-slot-i-beams-profile-dust-free-frame\/\" target=\"_blank\">Aluminum Alloy 6061 H Beams Aluminum For Medical Clean Room Aluminum Extrusion T Slot I Beams Profile Dust-free Frame<\/a><\/li>\r\n<li><a href=\"https:\/\/sinoextrud.com\/product\/c-shaped-wind-resistant-linear-ceiling-system\/\" target=\"_blank\">C-Shaped Wind-Resistant Linear Ceiling System<\/a><\/li>\r\n<li><a href=\"https:\/\/sinoextrud.com\/product\/aluminum-profile-for-solar-panel\/\" target=\"_blank\">Aluminum Profile For Solar Panel<\/a><\/li>"},"feature_list":[]},"_links":{"self":[{"href":"https:\/\/sinoextrud.com\/et\/wp-json\/wp\/v2\/product\/7574","targetHints":{"allow":["GET"]}}],"collection":[{"href":"https:\/\/sinoextrud.com\/et\/wp-json\/wp\/v2\/product"}],"about":[{"href":"https:\/\/sinoextrud.com\/et\/wp-json\/wp\/v2\/types\/product"}],"wp:featuredmedia":[{"embeddable":true,"href":"https:\/\/sinoextrud.com\/et\/wp-json\/wp\/v2\/media\/7573"}],"wp:attachment":[{"href":"https:\/\/sinoextrud.com\/et\/wp-json\/wp\/v2\/media?parent=7574"}],"wp:term":[{"taxonomy":"category","embeddable":true,"href":"https:\/\/sinoextrud.com\/et\/wp-json\/wp\/v2\/categories?post=7574"}],"curies":[{"name":"wp","href":"https:\/\/api.w.org\/{rel}","templated":true}]}}