{"id":7570,"date":"2025-06-09T01:55:09","date_gmt":"2025-06-09T01:55:09","guid":{"rendered":"https:\/\/sinoextrud.com\/product\/sliver-anodized-aluminum-extrusions-kitchen-cabinets-profiles-frame\/"},"modified":"2025-06-24T06:13:08","modified_gmt":"2025-06-24T06:13:08","slug":"sliver-anodeeritud-alumiiniumist-ekstrusioonid-koogikappide-profiilide-raam","status":"publish","type":"product","link":"https:\/\/sinoextrud.com\/et\/product\/sliver-anodized-aluminum-extrusions-kitchen-cabinets-profiles-frame\/","title":{"rendered":"Sliver anodeeritud alumiiniumist ekstrusioonid k\u00f6\u00f6gikapid profiilid Frame"},"content":{"rendered":"<h2>Toodete \u00fcksikasjad<\/h2>\n<table class=\"custom-table\">\n<tr>\n<td class=\"label\">Br\u00e4ndi nimi<\/td>\n<td>Sliver anodeeritud alumiiniumist ekstrusioonid k\u00f6\u00f6gikapid profiilid Frame<\/td>\n<\/tr>\n<tr>\n<td class=\"label\">Materjal<\/td>\n<td>Sulam 6063 T5<\/td>\n<\/tr>\n<tr>\n<td class=\"label\">Taotlus<\/td>\n<td>Suure l\u00e4bim\u00f5\u00f5duga alumiiniumtoru<\/td>\n<\/tr>\n<tr>\n<td class=\"label\">Sertifikaat<\/td>\n<td>ISO9001, ISO14001<\/td>\n<\/tr>\n<tr>\n<td class=\"label\">V\u00f5imekus<\/td>\n<td>Aastane toodang \u00fcle 200 000 tonni<\/td>\n<\/tr>\n<tr>\n<td class=\"label\">V\u00e4rv<\/td>\n<td>Kohandatud saadaval<\/td>\n<\/tr>\n<tr>\n<td class=\"label\">Pikkus<\/td>\n<td>1-9 meetrit v\u00f5i kohandatud<\/td>\n<\/tr>\n<tr>\n<td class=\"label\">Paksus<\/td>\n<td>Kohandatud<\/td>\n<\/tr>\n<tr>\n<td class=\"label\">Pinna viimistlus<\/td>\n<td>veski viimistlus, anodeerimine, pulberv\u00e4rvimine, puiduribaline \u00fclekanne, katmine jne.<\/td>\n<\/tr>\n<tr>\n<td class=\"label\">Taotlus<\/td>\n<td>akna- ja uksel\u00f5iked, k\u00e4sipuu, kardinaseinad<br \/>\nLaadimine , Foshani sadam<\/td>\n<\/tr>\n<tr>\n<td class=\"label\">Maksmine<\/td>\n<td>T\/T, 30% ettemaks, samas kui saldo makstakse v\u00e4lja enne tarnimist<\/td>\n<\/tr>\n<tr>\n<td class=\"label\">Pakett<\/td>\n<td>1.Inside: pakitud plastist kaitsekilega, et kaitsta iga profiili<\/td>\n<\/tr>\n<tr>\n<td class=\"label\"><\/td>\n<td>2.V\u00e4ljaspool: pakitud veekindla k\u00e4sit\u00f6\u00f6paberiga<\/td>\n<\/tr>\n<tr>\n<td class=\"label\">Kohaletoimetamine<\/td>\n<td>25-30 p\u00e4eva p\u00e4rast ettemaksu tasumist<\/td>\n<\/tr>\n<tr>\n<td class=\"label\">J\u00e4rjekord<\/td>\n<td>1. Kinnitage joonised, pinnat\u00f6\u00f6tlus ja hind;<\/td>\n<\/tr>\n<tr>\n<td class=\"label\"><\/td>\n<td>2. Makske vormi tasu ja me alustame vormide valmistamist;<\/td>\n<\/tr>\n<tr>\n<td class=\"label\"><\/td>\n<td>3. Saadame teile kinnituse saamiseks proovid;<\/td>\n<\/tr>\n<tr>\n<td class=\"label\"><\/td>\n<td>4. Tehke makse 30% tagatisraha, alustage tootmist;<\/td>\n<\/tr>\n<\/table>\n<h2>Meie tootmisbaas<\/h2>\n<h3>Tehase panoraam<\/h3>\n<p><img decoding=\"async\" src=\"\/wp-content\/uploads\/factory-01.webp\"\/><\/p>\n<h3>Alumiiniumvarraste tootmise t\u00f6\u00f6koda<\/h3>\n<p><img decoding=\"async\" src=\"\/wp-content\/uploads\/factory-02.webp\"\/><\/p>\n<\/p>\n<p><img decoding=\"async\" src=\"\/wp-content\/uploads\/factory-03.webp\"\/><\/p>\n<h3>hallituse ladustamise ladu<\/h3>\n<p><img decoding=\"async\" src=\"\/wp-content\/uploads\/factory-04.webp\"\/><\/p>\n<h3>43 alumiiniumi ekstrusiooniliini (500-5500 tonni)<\/h3>\n<p><img decoding=\"async\" src=\"\/wp-content\/uploads\/factory-05.webp\"\/><\/p>\n<p><img decoding=\"async\" src=\"\/wp-content\/uploads\/factory-06.webp\"\/><\/p>\n<p><img decoding=\"async\" src=\"\/wp-content\/uploads\/factory-07.webp\"\/><\/p>\n<h3>Pulberv\u00e4rvimise t\u00f6\u00f6koda<\/h3>\n<p><img decoding=\"async\" src=\"\/wp-content\/uploads\/factory-09.webp\"\/><\/p>\n<h3>Anodiseerimise t\u00f6\u00f6koda<\/h3>\n<p><img decoding=\"async\" src=\"\/wp-content\/uploads\/factory-10.webp\"\/><\/p>\n<h3>S\u00fcgavt\u00f6\u00f6tlemise t\u00f6\u00f6tuba<\/h3>\n<p><img decoding=\"async\" src=\"\/wp-content\/uploads\/factory-11.webp\"\/><\/p>\n<h3>CNC-t\u00e4ppist\u00f6\u00f6tlemise t\u00f6\u00f6koda<\/h3>\n<p><img decoding=\"async\" src=\"\/wp-content\/uploads\/factory-11.5.webp\"\/><\/p>\n<h3>Valmistoodete ja ekspordi ladu<\/h3>\n<p><img decoding=\"async\" src=\"\/wp-content\/uploads\/factory-12.webp\"\/><\/p>\n<p><img decoding=\"async\" src=\"\/wp-content\/uploads\/factory-13.webp\"\/><\/p>\n<p><img decoding=\"async\" src=\"\/wp-content\/uploads\/factory-14.webp\"\/><\/p>\n<h2>KKK<\/h2>\n<p><b>1.Mis on h\u00f5bedane anodeeritud alumiiniumist ekstrusioonid k\u00f6\u00f6gikapi raamide jaoks?<\/b><\/p>\n<p>Need on h\u00f5bedase anodeeritud viimistlusega alumiiniumprofiilid, mida kasutatakse k\u00f6\u00f6gikappide s\u00fcsteemides struktuuri- ja dekoratiivsete raamidena.\n<\/p>\n<p><\/p>\n<p><b>2.Miks valida k\u00f6\u00f6gikappide jaoks h\u00f5bedased anodeeritud alumiiniumprofiilid?<\/b><\/p>\n<p>H\u00f5bedaselt anodeeritud profiilid pakuvad moodsat v\u00e4limust, korrosioonikindlust ja pikaajalist toimivust - ideaalsed k\u00f6\u00f6gikeskkondadesse.\n<\/p>\n<p><\/p>\n<p><b>3.Kas need alumiiniumkappide profiilid on vastupidavad?<\/b><\/p>\n<p>Jah, anodeeritud pind kaitseb kriimustuste, niiskuse ja kulumise eest, tagades pikaajalise kasutamise tiheda liiklusega k\u00f6\u00f6gipindadel.\n<\/p>\n<p><\/p>\n<p><b>4.Kas alumiiniumprofiile saab k\u00f6\u00f6giprojektide jaoks kohandada?<\/b><\/p>\n<p>Kindlasti saab profiilid kohandada suuruse, ristl\u00f5ike ja viimistluse poolest, et need sobiksid erinevate kapistiilide ja paigutusn\u00f5uetega.\n<\/p>\n<p><\/p>\n<p><b>5.Millised materjalid sobivad nende alumiiniumkappide raamidega?<\/b><\/p>\n<p>Need raamid sobivad h\u00e4sti klaasi, puidu, akr\u00fc\u00fcl- ja komposiitpaneelidega, pakkudes paindlikkust kapi kujundamisel.\n<\/p>\n<p><\/p>\n<p><b>6.Kas anodeeritud viimistlust on lihtne puhastada ja hooldada?<\/b><\/p>\n<p>Jah, siledat anodeeritud pinda on lihtne puhastada ja see n\u00f5uab minimaalset hooldust - ideaalne t\u00f6\u00f6koha k\u00f6\u00f6gis.\n<\/p>\n<p><\/p>\n<p><b>7.Kas h\u00f5bedased anodeeritud profiilid sobivad nii elu- kui ka \u00e4rik\u00f6\u00f6kidele?<\/b><\/p>\n<p>Jah, t\u00e4nu nende elegantsele disainile ja vastupidavusele sobivad need ideaalselt nii kodu- kui ka kaubandusk\u00f6\u00f6gi rakendusteks.\n<\/p>\n<p><\/p>","protected":false},"featured_media":7569,"template":"","categories":[67],"class_list":["post-7570","product","type-product","status-publish","has-post-thumbnail","hentry","category-architectural-aluminium-profile"],"meta_box":{"hilight_text_group":{"product_hilight_text":"<li>Silver anodized finish provides a sleek, modern appearance<\/li>\r\r\n<li>Corrosion-resistant surface ideal for humid kitchen environments<\/li>\r\r\n<li>Lightweight yet durable aluminum for long-term cabinet structure<\/li>\r\r\n<li>Precision extrusions ensure tight fit and easy assembly<\/li>\r\r\n<li>Compatible with various panel materials like glass and wood<\/li>\r\r\n<li>Customizable profiles to match different kitchen design needs<\/li>","product_chanpin_blog":"<ul>\r\r\n<li><a href=\"https:\/\/sinoextrud.com\/t-slot-v-slot-differences\/\" target=\"_blank\">t slot vs v slot<\/a><\/li>\r\r\n<li><a href=\"https:\/\/sinoextrud.com\/what-is-4040-aluminium-extrud\/\" target=\"_blank\">4040 aluminium extrusion<\/a><\/li>\r\r\n<li><a href=\"https:\/\/sinoextrud.com\/what-is-4040-aluminium-extrud\/\" target=\"_blank\">aluminum extrusions for industrial racks<\/a><\/li>\r\r\n<li><a href=\"https:\/\/sinoextrud.com\/powder-coating-aluminium-process\/\" target=\"_blank\">powder coating aluminium<\/a><\/li>\r\r\n<li><a href=\"https:\/\/sinoextrud.com\/what-is-an-aluminium-strip-ceiling\/\" target=\"_blank\">aluminium strip ceiling<\/a><\/li>\r\r\n<li><a href=\"https:\/\/sinoextrud.com\/what-is-a-heat-sink\/\" target=\"_blank\">what is a heat sink<\/a><\/li>\r\r\n<\/ul>","product_chanpin_chanpin":"<li><a href=\"https:\/\/sinoextrud.com\/product\/aluminum-section-window\/\" target=\"_blank\">Aluminum Section Window<\/a><\/li>\r\n<li><a href=\"https:\/\/sinoextrud.com\/product\/aluminum-u-profile-glass-railing\/\" target=\"_blank\">Aluminum U profile Glass Railing<\/a><\/li>\r\n<li><a href=\"https:\/\/sinoextrud.com\/product\/aluminium-screen-door-extrusions\/\" target=\"_blank\">Aluminium Screen Door Extrusions<\/a><\/li>\r\n<li><a href=\"https:\/\/sinoextrud.com\/product\/anodized-colorful-oem-aluminium-profile-for-decoration-furniture-accessory-price\/\" target=\"_blank\">Anodized Colorful OEM Aluminium Profile For Decoration Furniture Accessory price<\/a><\/li>\r\n<li><a href=\"https:\/\/sinoextrud.com\/product\/sliver-anodized-aluminum-extrusions-kitchen-cabinets-profiles-frame\/\" target=\"_blank\">Sliver Anodized Aluminum Extrusions Kitchen Cabinets Profiles Frame<\/a><\/li>\r\n<li><a href=\"https:\/\/sinoextrud.com\/product\/oem-aluminum-manufacturing-processes-cnc-machining\/\" target=\"_blank\">OEM Aluminum Manufacturing Processes CNC Machining<\/a><\/li>\r\n<li><a href=\"https:\/\/sinoextrud.com\/product\/extruded-aluminum-louver-blade-profile\/\" target=\"_blank\">Extruded Aluminum Louver Blade Profile<\/a><\/li>\r\n<li><a href=\"https:\/\/sinoextrud.com\/product\/aluminum-curtain-wall-extrusion\/\" target=\"_blank\">Aluminum Curtain Wall Extrusion<\/a><\/li>\r\n<li><a href=\"https:\/\/sinoextrud.com\/product\/aluminium-v-slot-extrusion\/\" target=\"_blank\">Aluminium V Slot Extrusion<\/a><\/li>\r\n<li><a href=\"https:\/\/sinoextrud.com\/product\/40x40-aluminium-profile\/\" target=\"_blank\">40\u00c3\u201440 Aluminium Profile<\/a><\/li>\r\n<li><a href=\"https:\/\/sinoextrud.com\/product\/indoor-and-outdoor-aluminium-louver-profile\/\" target=\"_blank\">Indoor and Outdoor Aluminium Louver Profile<\/a><\/li>"},"feature_list":[]},"_links":{"self":[{"href":"https:\/\/sinoextrud.com\/et\/wp-json\/wp\/v2\/product\/7570","targetHints":{"allow":["GET"]}}],"collection":[{"href":"https:\/\/sinoextrud.com\/et\/wp-json\/wp\/v2\/product"}],"about":[{"href":"https:\/\/sinoextrud.com\/et\/wp-json\/wp\/v2\/types\/product"}],"wp:featuredmedia":[{"embeddable":true,"href":"https:\/\/sinoextrud.com\/et\/wp-json\/wp\/v2\/media\/7569"}],"wp:attachment":[{"href":"https:\/\/sinoextrud.com\/et\/wp-json\/wp\/v2\/media?parent=7570"}],"wp:term":[{"taxonomy":"category","embeddable":true,"href":"https:\/\/sinoextrud.com\/et\/wp-json\/wp\/v2\/categories?post=7570"}],"curies":[{"name":"wp","href":"https:\/\/api.w.org\/{rel}","templated":true}]}}