{"id":7568,"date":"2025-06-09T01:52:18","date_gmt":"2025-06-09T01:52:18","guid":{"rendered":"https:\/\/sinoextrud.com\/product\/anodized-colorful-oem-aluminium-profile-for-decoration-furniture-accessory-price\/"},"modified":"2025-06-24T06:13:06","modified_gmt":"2025-06-24T06:13:06","slug":"anodeeritud-varviline-oem-alumiiniumprofiil-kaunistamiseks-moobli-aksessuaari-hind","status":"publish","type":"product","link":"https:\/\/sinoextrud.com\/et\/product\/anodized-colorful-oem-aluminium-profile-for-decoration-furniture-accessory-price\/","title":{"rendered":"Anodeeritud v\u00e4rviline OEM alumiiniumprofiil kaunistamiseks m\u00f6\u00f6bli lisatarviku hind"},"content":{"rendered":"<h2>Toodete \u00fcksikasjad<\/h2>\n<table class=\"custom-table\">\n<tbody>\n<tr>\n<td> <strong>Toote nimi<\/strong><\/td>\n<td> 6000 seeria alumiiniumist ekstrusioonist m\u00f6\u00f6bliprofiil<\/td>\n<\/tr>\n<tr>\n<td> <strong>Materjal<\/strong><\/td>\n<td> alumiiniumisulam<\/td>\n<\/tr>\n<tr>\n<td> <strong>V\u00e4rv<\/strong><\/td>\n<td> looduslik<\/td>\n<\/tr>\n<tr>\n<td> <strong>Standard<\/strong><\/td>\n<td> GB\/5237-2004<\/td>\n<\/tr>\n<tr>\n<td> <strong>Hinne<\/strong><\/td>\n<td> 6005\/6061\/6063<\/td>\n<\/tr>\n<tr>\n<td> <strong>Pind<\/strong><\/td>\n<td> freesimine, anodeerimine, liivapritsimine, pulberv\u00e4rvimine jne.<\/td>\n<\/tr>\n<tr>\n<td> <strong>S\u00fcgav t\u00f6\u00f6tlemine<\/strong><\/td>\n<td> l\u00f5ikamine, puurimine, keermestamine, painutamine jne.<\/td>\n<\/tr>\n<tr>\n<td> <strong>Kasutatud<\/strong><\/td>\n<td> ehitust\u00f6\u00f6stuse masinad<\/td>\n<\/tr>\n<\/tbody>\n<\/table>\n<h2>Meie tootmisbaas<\/h2>\n<h3>Tehase panoraam<\/h3>\n<p><img decoding=\"async\" src=\"\/wp-content\/uploads\/factory-01.webp\"\/><\/p>\n<h3>Alumiiniumvarraste tootmise t\u00f6\u00f6koda<\/h3>\n<p><img decoding=\"async\" src=\"\/wp-content\/uploads\/factory-02.webp\"\/><\/p>\n<p><img decoding=\"async\" src=\"\/wp-content\/uploads\/factory-03.webp\"\/><\/p>\n<h3>hallituse ladustamise ladu<\/h3>\n<p><img decoding=\"async\" src=\"\/wp-content\/uploads\/factory-04.webp\"\/><\/p>\n<h3>43 alumiiniumi ekstrusiooniliini (500-5500 tonni)<\/h3>\n<p><img decoding=\"async\" src=\"\/wp-content\/uploads\/factory-05.webp\"\/><\/p>\n<p><img decoding=\"async\" src=\"\/wp-content\/uploads\/factory-06.webp\"\/><\/p>\n<p><img decoding=\"async\" src=\"\/wp-content\/uploads\/factory-07.webp\"\/><\/p>\n<h3>Pulberv\u00e4rvimise t\u00f6\u00f6koda<\/h3>\n<p><img decoding=\"async\" src=\"\/wp-content\/uploads\/factory-09.webp\"\/><\/p>\n<h3>Anodiseerimise t\u00f6\u00f6koda<\/h3>\n<p><img decoding=\"async\" src=\"\/wp-content\/uploads\/factory-10.webp\"\/><\/p>\n<h3>S\u00fcgavt\u00f6\u00f6tlemise t\u00f6\u00f6tuba<\/h3>\n<p><img decoding=\"async\" src=\"\/wp-content\/uploads\/factory-11.webp\"\/><\/p>\n<h3>CNC-t\u00e4ppist\u00f6\u00f6tlemise t\u00f6\u00f6koda<\/h3>\n<p><img decoding=\"async\" src=\"\/wp-content\/uploads\/factory-11.5.webp\"\/><\/p>\n<h3>Valmistoodete ja ekspordi ladu<\/h3>\n<p><img decoding=\"async\" src=\"\/wp-content\/uploads\/factory-12.webp\"\/><\/p>\n<p><img decoding=\"async\" src=\"\/wp-content\/uploads\/factory-13.webp\"\/><\/p>\n<p><img decoding=\"async\" src=\"\/wp-content\/uploads\/factory-14.webp\"\/><\/p>\n<h2>KKK<\/h2>\n<p><p><b>1.Mis on anodeeritud v\u00e4rviline OEM alumiiniumprofiil m\u00f6\u00f6bli aksessuaariks?<\/b><\/p>\n<p>See on spetsiaalselt disainitud anodeeritud v\u00e4rvilise viimistlusega alumiiniumprofiil, mida kasutatakse kaasaegse ja vastupidava v\u00e4limuse saavutamiseks dekoratiivsete m\u00f6\u00f6blitarvikute puhul.<br \/>\n<\/p><br \/>\n<br \/>\n<p><b>2.Miks valida anodeeritud alumiiniumprofiilid m\u00f6\u00f6blitarvikute jaoks?<\/b><\/p>\n<p>Anodeeritud alumiiniumprofiilid pakuvad suuremat vastupidavust, korrosioonikindlust ja elavat, pleekimiskindlat v\u00e4rvi, mis on ideaalne dekoratiivseteks rakendusteks.<br \/>\n<\/p><br \/>\n<br \/>\n<p><b>3.Kas OEM-alumiiniumprofiilid on kuju ja v\u00e4rvi poolest kohandatavad?<\/b><\/p>\n<p>Jah, OEM-alumiiniumprofiile saab kohandada v\u00e4rvi, kuju ja m\u00f5\u00f5tmete poolest, et need sobiksid konkreetse m\u00f6\u00f6bli disaini ja br\u00e4ndi vajadustega.<br \/>\n<\/p><br \/>\n<br \/>\n<p><b>4.Kas anodeeritud viimistlus sobib pikaajaliseks kasutamiseks siseruumides?<\/b><\/p>\n<p>Kindlasti on anodeeritud pinnakatted v\u00e4ga vastupidavad ja sobivad ideaalselt m\u00f6\u00f6bli siseruumides kasutamiseks, s\u00e4ilitades v\u00e4rvi ja v\u00e4limuse aja jooksul.<br \/>\n<\/p><br \/>\n<br \/>\n<p><b>5.Kuidas on anodeeritud alumiinium v\u00f5rreldav v\u00e4rvitud v\u00f5i kaetud profiilidega?<\/b><\/p>\n<p>Anodeeritud alumiinium annab v\u00e4rvitud v\u00f5i pulberv\u00e4rvitud profiilidega v\u00f5rreldes k\u00f5vema ja vastupidavama pinna, millel on parem v\u00e4rvikindlus ja kulumiskindlus.<br \/>\n<\/p><br \/>\n<br \/>\n<p><b>6.Kas neid alumiiniumprofiile saab kasutada k\u00f5rge niiskusega keskkonnas?<\/b><\/p>\n<p>Jah, anodeeritud pind suurendab korrosioonikindlust, mist\u00f5ttu sobivad need k\u00f6\u00f6kidesse, vannitubadesse ja muudesse niiskusele vastuv\u00f5tlikesse ruumidesse.<br \/>\n<\/p><br \/>\n<br \/>\n<p><b>7.Milline on t\u00fc\u00fcpiline hinnavahemik OEM-anodeeritud alumiiniumprofiilide puhul?<\/b><\/p>\n<p>Hinnad varieeruvad s\u00f5ltuvalt disaini keerukusest, kogusest ja viimistlusest, kuid nende hinnad on konkurentsiv\u00f5imelised nii standard- kui ka eritellimuste puhul.<br \/>\n<\/p><br \/><\/p>","protected":false},"featured_media":7567,"template":"","categories":[67],"class_list":["post-7568","product","type-product","status-publish","has-post-thumbnail","hentry","category-architectural-aluminium-profile"],"meta_box":{"hilight_text_group":{"product_hilight_text":"<li>High-quality anodized finish offers vibrant, long-lasting color<\/li>\r\r\n<li>Custom OEM designs available for unique furniture applications<\/li>\r\r\n<li>Corrosion-resistant surface ideal for indoor and light-duty outdoor use<\/li>\r\r\n<li>Lightweight and easy to integrate into decorative furniture systems<\/li>\r\r\n<li>Precise extrusion ensures seamless fit and professional appearance<\/li>\r\r\n<li>Competitive pricing for bulk orders and customized specifications<\/li>","product_chanpin_blog":"<ul>\r\r\n<li><a href=\"https:\/\/sinoextrud.com\/t-slot-v-slot-differences\/\" target=\"_blank\">t slot vs v slot<\/a><\/li>\r\r\n<li><a href=\"https:\/\/sinoextrud.com\/what-is-4040-aluminium-extrud\/\" target=\"_blank\">4040 aluminium extrusion<\/a><\/li>\r\r\n<li><a href=\"https:\/\/sinoextrud.com\/what-is-4040-aluminium-extrud\/\" target=\"_blank\">aluminum extrusions for industrial racks<\/a><\/li>\r\r\n<li><a href=\"https:\/\/sinoextrud.com\/powder-coating-aluminium-process\/\" target=\"_blank\">powder coating aluminium<\/a><\/li>\r\r\n<li><a href=\"https:\/\/sinoextrud.com\/what-is-an-aluminium-strip-ceiling\/\" target=\"_blank\">aluminium strip ceiling<\/a><\/li>\r\r\n<li><a href=\"https:\/\/sinoextrud.com\/what-is-a-heat-sink\/\" target=\"_blank\">what is a heat sink<\/a><\/li>\r\r\n<\/ul>","product_chanpin_chanpin":"<li><a href=\"https:\/\/sinoextrud.com\/product\/extruded-aluminium-skirting-aluminium-skirting-board\/\" target=\"_blank\">Extruded Aluminium Skirting Aluminium Skirting Board<\/a><\/li>\r\n<li><a href=\"https:\/\/sinoextrud.com\/product\/aluminum-section-window\/\" target=\"_blank\">Aluminum Section Window<\/a><\/li>\r\n<li><a href=\"https:\/\/sinoextrud.com\/product\/aluminum-u-profile-glass-railing\/\" target=\"_blank\">Aluminum U profile Glass Railing<\/a><\/li>\r\n<li><a href=\"https:\/\/sinoextrud.com\/product\/aluminium-screen-door-extrusions\/\" target=\"_blank\">Aluminium Screen Door Extrusions<\/a><\/li>\r\n<li><a href=\"https:\/\/sinoextrud.com\/product\/anodized-colorful-oem-aluminium-profile-for-decoration-furniture-accessory-price\/\" target=\"_blank\">Anodized Colorful OEM Aluminium Profile For Decoration Furniture Accessory price<\/a><\/li>\r\n<li><a href=\"https:\/\/sinoextrud.com\/product\/sliver-anodized-aluminum-extrusions-kitchen-cabinets-profiles-frame\/\" target=\"_blank\">Sliver Anodized Aluminum Extrusions Kitchen Cabinets Profiles Frame<\/a><\/li>\r\n<li><a href=\"https:\/\/sinoextrud.com\/product\/oem-aluminum-manufacturing-processes-cnc-machining\/\" target=\"_blank\">OEM Aluminum Manufacturing Processes CNC Machining<\/a><\/li>\r\n<li><a href=\"https:\/\/sinoextrud.com\/product\/extruded-aluminum-louver-blade-profile\/\" target=\"_blank\">Extruded Aluminum Louver Blade Profile<\/a><\/li>\r\n<li><a href=\"https:\/\/sinoextrud.com\/product\/aluminum-curtain-wall-extrusion\/\" target=\"_blank\">Aluminum Curtain Wall Extrusion<\/a><\/li>\r\n<li><a href=\"https:\/\/sinoextrud.com\/product\/aluminium-shower-extrusions\/\" target=\"_blank\">Aluminium Shower Extrusions<\/a><\/li>\r\n<li><a href=\"https:\/\/sinoextrud.com\/product\/customized-structural-aluminum-profiles\/\" target=\"_blank\">Customized Structural Aluminum Profiles<\/a><\/li>"},"feature_list":[]},"_links":{"self":[{"href":"https:\/\/sinoextrud.com\/et\/wp-json\/wp\/v2\/product\/7568","targetHints":{"allow":["GET"]}}],"collection":[{"href":"https:\/\/sinoextrud.com\/et\/wp-json\/wp\/v2\/product"}],"about":[{"href":"https:\/\/sinoextrud.com\/et\/wp-json\/wp\/v2\/types\/product"}],"wp:featuredmedia":[{"embeddable":true,"href":"https:\/\/sinoextrud.com\/et\/wp-json\/wp\/v2\/media\/7567"}],"wp:attachment":[{"href":"https:\/\/sinoextrud.com\/et\/wp-json\/wp\/v2\/media?parent=7568"}],"wp:term":[{"taxonomy":"category","embeddable":true,"href":"https:\/\/sinoextrud.com\/et\/wp-json\/wp\/v2\/categories?post=7568"}],"curies":[{"name":"wp","href":"https:\/\/api.w.org\/{rel}","templated":true}]}}