{"id":7566,"date":"2025-06-09T01:51:03","date_gmt":"2025-06-09T01:51:03","guid":{"rendered":"https:\/\/sinoextrud.com\/product\/aluminium-screen-door-extrusions\/"},"modified":"2025-06-24T06:13:06","modified_gmt":"2025-06-24T06:13:06","slug":"alumiiniumist-sorestikukujulised-uksed","status":"publish","type":"product","link":"https:\/\/sinoextrud.com\/et\/product\/aluminium-screen-door-extrusions\/","title":{"rendered":"Alumiiniumist s\u00f5restikukujulised uksed"},"content":{"rendered":"<h2>Toodete \u00fcksikasjad<\/h2>\n<table class=\"custom-table\">\n<tbody>\n<tr>\n<td> Objekt:<\/td>\n<td> Alumiiniumist s\u00f5restikukujulised uksed<\/td>\n<\/tr>\n<tr>\n<td> Materila:<\/td>\n<td> 6063<\/td>\n<\/tr>\n<tr>\n<td> Temperament:<\/td>\n<td> T5<\/td>\n<\/tr>\n<tr>\n<td> Kuju:<\/td>\n<td> sama mis joonis<\/td>\n<\/tr>\n<tr>\n<td> Profiili paksendused:<\/td>\n<td> 1,4 mm eespool.<\/td>\n<\/tr>\n<tr>\n<td> Pinnat\u00f6\u00f6tlus:<\/td>\n<td> pulberv\u00e4rvimine<\/td>\n<\/tr>\n<tr>\n<td> V\u00e4rv:<\/td>\n<td> Valge, v\u00e4rv saadaval<\/td>\n<\/tr>\n<tr>\n<td> Pinnakatefirma:<\/td>\n<td> 80-120 um<\/td>\n<\/tr>\n<tr>\n<td> Kasutamine:<\/td>\n<td> akna ekraani profiil<\/td>\n<\/tr>\n<tr>\n<td> MOQ:<\/td>\n<td> 200 kg iga eseme kohta<\/td>\n<\/tr>\n<tr>\n<td> Sertifikaat ja standard:<\/td>\n<td> ISO 9008-2001. CQM, SGS<\/td>\n<\/tr>\n<tr>\n<td> Garantii:<\/td>\n<td> Pinna v\u00e4rv v\u00f5ib olla stabiilne 10 aastat \u00fcle siseruumides kasutamise.<\/td>\n<\/tr>\n<tr>\n<td> S\u00fcgav t\u00f6\u00f6tlemine<\/td>\n<td> nagu puurimine, freesimine, l\u00f5ikamine, keevitamine, painutamine.<\/td>\n<\/tr>\n<tr>\n<td> P\u00e4ritolu:<\/td>\n<td> Foshan, Guangdong.<\/td>\n<\/tr>\n<tr>\n<td> HS-kood:<\/td>\n<td> 761699000<\/td>\n<\/tr>\n<\/tbody>\n<\/table>\n<h2>Meie tootmisbaas<\/h2>\n<h3>Tehase panoraam<\/h3>\n<p><img decoding=\"async\" src=\"\/wp-content\/uploads\/factory-01.webp\"\/><\/p>\n<h3>Alumiiniumvarraste tootmise t\u00f6\u00f6koda<\/h3>\n<p><img decoding=\"async\" src=\"\/wp-content\/uploads\/factory-02.webp\"\/><\/p>\n<p><img decoding=\"async\" src=\"\/wp-content\/uploads\/factory-03.webp\"\/><\/p>\n<h3>hallituse ladustamise ladu<\/h3>\n<p><img decoding=\"async\" src=\"\/wp-content\/uploads\/factory-04.webp\"\/><\/p>\n<h3>43 alumiiniumi ekstrusiooniliini (500-5500 tonni)<\/h3>\n<p><img decoding=\"async\" src=\"\/wp-content\/uploads\/factory-05.webp\"\/><\/p>\n<p><img decoding=\"async\" src=\"\/wp-content\/uploads\/factory-06.webp\"\/><\/p>\n<p><img decoding=\"async\" src=\"\/wp-content\/uploads\/factory-07.webp\"\/><\/p>\n<h3>Pulberv\u00e4rvimise t\u00f6\u00f6koda<\/h3>\n<p><img decoding=\"async\" src=\"\/wp-content\/uploads\/factory-09.webp\"\/><\/p>\n<h3>Anodiseerimise t\u00f6\u00f6koda<\/h3>\n<p><img decoding=\"async\" src=\"\/wp-content\/uploads\/factory-10.webp\"\/><\/p>\n<h3>S\u00fcgavt\u00f6\u00f6tlemise t\u00f6\u00f6tuba<\/h3>\n<p><img decoding=\"async\" src=\"\/wp-content\/uploads\/factory-11.webp\"\/><\/p>\n<h3>CNC-t\u00e4ppist\u00f6\u00f6tlemise t\u00f6\u00f6koda<\/h3>\n<p><img decoding=\"async\" src=\"\/wp-content\/uploads\/factory-11.5.webp\"\/><\/p>\n<h3>Valmistoodete ja ekspordi ladu<\/h3>\n<p><img decoding=\"async\" src=\"\/wp-content\/uploads\/factory-12.webp\"\/><\/p>\n<p><img decoding=\"async\" src=\"\/wp-content\/uploads\/factory-13.webp\"\/><\/p>\n<p><img decoding=\"async\" src=\"\/wp-content\/uploads\/factory-14.webp\"\/><\/p>\n<h2>KKK<\/h2>\n<p><p><b>1.Mis on alumiiniumist ekraaniuste ekstrusioonid?<\/b><\/p>\n<p>Alumiiniumist s\u00f5restikuksed on alumiiniumprofiilid, mida kasutatakse vastupidavate ja kergete s\u00f5restikukarkasside ehitamiseks.<br \/>\n<\/p><br \/>\n<br \/>\n<p><b>2.Miks valida alumiiniumist ekstrusioonid ekraaniuste jaoks?<\/b><\/p>\n<p>Alumiinium on korrosioonikindel, kerge ja tugev, mist\u00f5ttu sobib see ideaalselt nii sise- kui ka v\u00e4lisukseks.<br \/>\n<\/p><br \/>\n<br \/>\n<p><b>3.Kas need ekraani ukseprofiilid on kohandatavad?<\/b><\/p>\n<p>Jah, neid saab kohandada suuruse, v\u00e4rvi, kuju, seina paksuse ja pinnaviimistluse poolest vastavalt projekti v\u00f5i OEM- n\u00f5uetele.<br \/>\n<\/p><br \/>\n<br \/>\n<p><b>4.Millised v\u00f5rgut\u00fc\u00fcbid sobivad alumiiniumist s\u00f5elaraamidega?<\/b><\/p>\n<p>Need sobivad kokku klaaskiust, roostevabast terasest, alumiiniumist ja pol\u00fcestrist v\u00f5rkudega erinevate funktsionaalsete vajaduste rahuldamiseks.<br \/>\n<\/p><br \/>\n<br \/>\n<p><b>5.Kas alumiiniumist s\u00f5restikukujulised uksed on ilmastikukindlad?<\/b><\/p>\n<p>Kindlasti taluvad nad t\u00e4nu korrosioonikindlale kattele vihma, p\u00e4ikest ja temperatuurimuutusi.<br \/>\n<\/p><br \/>\n<br \/>\n<p><b>6.Kas alumiiniumist s\u00f5restikuksed vajavad palju hooldust?<\/b><\/p>\n<p>Ei, need on v\u00e4he hooldatavad ja vajavad tavaliselt ainult aeg-ajalt puhastamist kerge seebi ja veega.<br \/>\n<\/p><br \/>\n<br \/>\n<p><b>7.Kas neid profiile saab kasutada kaubandus- v\u00f5i t\u00f6\u00f6stuslike uste jaoks?<\/b><\/p>\n<p>Jah, need sobivad elamu-, \u00e4ri- ja t\u00f6\u00f6stuslike ekraaniukses\u00fcsteemide jaoks, mis n\u00f5uavad vastupidavust ja esteetilisust.<br \/>\n<\/p><br \/><\/p>","protected":false},"featured_media":7565,"template":"","categories":[67],"class_list":["post-7566","product","type-product","status-publish","has-post-thumbnail","hentry","category-architectural-aluminium-profile"],"meta_box":{"hilight_text_group":{"product_hilight_text":"<li>Durable aluminum construction provides long-lasting structural support<\/li>\r\r\n<li>Lightweight material ensures easy handling and installation<\/li>\r\r\n<li>Corrosion-resistant finish suitable for all weather conditions<\/li>\r\r\n<li>Compatible with various mesh types for insect protection and ventilation<\/li>\r\r\n<li>Customizable designs, sizes, and colors for OEM and project needs<\/li>\r\r\n<li>Ideal for residential, commercial, and industrial screen door systems<\/li>","product_chanpin_blog":"<ul>\r\r\n<li><a href=\"https:\/\/sinoextrud.com\/t-slot-v-slot-differences\/\" target=\"_blank\">t slot vs v slot<\/a><\/li>\r\r\n<li><a href=\"https:\/\/sinoextrud.com\/what-is-4040-aluminium-extrud\/\" target=\"_blank\">4040 aluminium extrusion<\/a><\/li>\r\r\n<li><a href=\"https:\/\/sinoextrud.com\/what-is-4040-aluminium-extrud\/\" target=\"_blank\">aluminum extrusions for industrial racks<\/a><\/li>\r\r\n<li><a href=\"https:\/\/sinoextrud.com\/powder-coating-aluminium-process\/\" target=\"_blank\">powder coating aluminium<\/a><\/li>\r\r\n<li><a href=\"https:\/\/sinoextrud.com\/what-is-an-aluminium-strip-ceiling\/\" target=\"_blank\">aluminium strip ceiling<\/a><\/li>\r\r\n<li><a href=\"https:\/\/sinoextrud.com\/what-is-a-heat-sink\/\" target=\"_blank\">what is a heat sink<\/a><\/li>\r\r\n<\/ul>","product_chanpin_chanpin":"<li><a href=\"https:\/\/sinoextrud.com\/product\/office-partition-aluminum-profile\/\" target=\"_blank\">Office Partition Aluminum Profile<\/a><\/li>\r\n<li><a href=\"https:\/\/sinoextrud.com\/product\/extruded-aluminium-skirting-aluminium-skirting-board\/\" target=\"_blank\">Extruded Aluminium Skirting Aluminium Skirting Board<\/a><\/li>\r\n<li><a href=\"https:\/\/sinoextrud.com\/product\/aluminum-section-window\/\" target=\"_blank\">Aluminum Section Window<\/a><\/li>\r\n<li><a href=\"https:\/\/sinoextrud.com\/product\/aluminum-u-profile-glass-railing\/\" target=\"_blank\">Aluminum U profile Glass Railing<\/a><\/li>\r\n<li><a href=\"https:\/\/sinoextrud.com\/product\/aluminium-screen-door-extrusions\/\" target=\"_blank\">Aluminium Screen Door Extrusions<\/a><\/li>\r\n<li><a href=\"https:\/\/sinoextrud.com\/product\/anodized-colorful-oem-aluminium-profile-for-decoration-furniture-accessory-price\/\" target=\"_blank\">Anodized Colorful OEM Aluminium Profile For Decoration Furniture Accessory price<\/a><\/li>\r\n<li><a href=\"https:\/\/sinoextrud.com\/product\/sliver-anodized-aluminum-extrusions-kitchen-cabinets-profiles-frame\/\" target=\"_blank\">Sliver Anodized Aluminum Extrusions Kitchen Cabinets Profiles Frame<\/a><\/li>\r\n<li><a href=\"https:\/\/sinoextrud.com\/product\/oem-aluminum-manufacturing-processes-cnc-machining\/\" target=\"_blank\">OEM Aluminum Manufacturing Processes CNC Machining<\/a><\/li>\r\n<li><a href=\"https:\/\/sinoextrud.com\/product\/extruded-aluminum-louver-blade-profile\/\" target=\"_blank\">Extruded Aluminum Louver Blade Profile<\/a><\/li>\r\n<li><a href=\"https:\/\/sinoextrud.com\/product\/bulk-extruded-aluminum\/\" target=\"_blank\">Bulk Extruded Aluminum<\/a><\/li>\r\n<li><a href=\"https:\/\/sinoextrud.com\/product\/aluminium-furniture\/\" target=\"_blank\">Aluminium Furniture<\/a><\/li>"},"feature_list":[]},"_links":{"self":[{"href":"https:\/\/sinoextrud.com\/et\/wp-json\/wp\/v2\/product\/7566","targetHints":{"allow":["GET"]}}],"collection":[{"href":"https:\/\/sinoextrud.com\/et\/wp-json\/wp\/v2\/product"}],"about":[{"href":"https:\/\/sinoextrud.com\/et\/wp-json\/wp\/v2\/types\/product"}],"wp:featuredmedia":[{"embeddable":true,"href":"https:\/\/sinoextrud.com\/et\/wp-json\/wp\/v2\/media\/7565"}],"wp:attachment":[{"href":"https:\/\/sinoextrud.com\/et\/wp-json\/wp\/v2\/media?parent=7566"}],"wp:term":[{"taxonomy":"category","embeddable":true,"href":"https:\/\/sinoextrud.com\/et\/wp-json\/wp\/v2\/categories?post=7566"}],"curies":[{"name":"wp","href":"https:\/\/api.w.org\/{rel}","templated":true}]}}