{"id":7562,"date":"2025-06-09T01:46:08","date_gmt":"2025-06-09T01:46:08","guid":{"rendered":"https:\/\/sinoextrud.com\/product\/aluminum-section-window\/"},"modified":"2025-06-24T06:13:06","modified_gmt":"2025-06-24T06:13:06","slug":"alumiiniumprofiiliga-aken","status":"publish","type":"product","link":"https:\/\/sinoextrud.com\/et\/product\/aluminum-section-window\/","title":{"rendered":"Alumiinium sektsiooni aken"},"content":{"rendered":"<h2>Toodete \u00fcksikasjad<\/h2>\n<table class=\"custom-table\">\n<tbody>\n<tr>\n<td> Mudel nr.:<\/td>\n<td> Alumiinium sektsiooni aken<\/td>\n<\/tr>\n<tr>\n<td> Suurus\uff1a<\/td>\n<td> 200*180mm<\/td>\n<\/tr>\n<tr>\n<td> Paksus:<\/td>\n<td> 1.4\/2.0mm<\/td>\n<\/tr>\n<tr>\n<td> V\u00e4rv:<\/td>\n<td> Elektroforees matt kuld<\/td>\n<\/tr>\n<tr>\n<td> Raami materjal<\/td>\n<td> Alumiinium 6063-t5<\/td>\n<\/tr>\n<tr>\n<td> Kuju:<\/td>\n<td> Ruut<\/td>\n<\/tr>\n<tr>\n<td> Kasutamine:<\/td>\n<td> R\u00f5du t\u00e4isuks, r\u00f5du aknad, magamistoa aknad, magamistoa erkeraknad, r\u00f5duuksed, vannitoa uksed<\/td>\n<\/tr>\n<tr>\n<td> N\u00e4ide:<\/td>\n<td> k\u00f5ik n\u00e4idised m\u00fc\u00fcgisaalis saadaval<\/td>\n<\/tr>\n<tr>\n<td> Kohaletoimetamine:<\/td>\n<td> 30-35 p\u00e4eva 40FT konteineri kohta<\/td>\n<\/tr>\n<tr>\n<td> Eelised:<\/td>\n<td> paindlik kasutamine, ohutu ja usaldusv\u00e4\u00e4rne, pikk kasutusiga, avanemine \u00fches tasapinnas<\/td>\n<\/tr>\n<tr>\n<td> Transpordipakett:<\/td>\n<td> Plastvormi paber ja plastkile<\/td>\n<\/tr>\n<tr>\n<td> P\u00e4ritolu:<\/td>\n<td> Hiina<\/td>\n<\/tr>\n<tr>\n<td> T\u00fc\u00fcp:<\/td>\n<td> alumiiniumprofiiliga aken<\/td>\n<\/tr>\n<tr>\n<td> Pinna viimistlemine:<\/td>\n<td> Elektroforees<\/td>\n<\/tr>\n<tr>\n<td> Sertifitseerimine:<\/td>\n<td> ISO, CE, SGS<\/td>\n<\/tr>\n<tr>\n<td> Pinnat\u00f6\u00f6tlus:<\/td>\n<td> Pulbriga katmine mis tahes v\u00e4rvi, PVDF, puidust v\u00e4rvi jne.<\/td>\n<\/tr>\n<tr>\n<td> Disain:<\/td>\n<td> Vastavalt teie n\u00f5uetele<\/td>\n<\/tr>\n<tr>\n<td> MOQ:<\/td>\n<td> 200 ruutmeetrit<\/td>\n<\/tr>\n<tr>\n<td> Kaubam\u00e4rk:<\/td>\n<td> Sinoextrud<\/td>\n<\/tr>\n<\/tbody>\n<\/table>\n<h2>Meie tootmisbaas<\/h2>\n<h3>Tehase panoraam<\/h3>\n<p><img decoding=\"async\" src=\"\/wp-content\/uploads\/factory-01.webp\"\/><\/p>\n<h3>Alumiiniumvarraste tootmise t\u00f6\u00f6koda<\/h3>\n<p><img decoding=\"async\" src=\"\/wp-content\/uploads\/factory-02.webp\"\/><\/p>\n<\/p>\n<p><img decoding=\"async\" src=\"\/wp-content\/uploads\/factory-03.webp\"\/><\/p>\n<h3>hallituse ladustamise ladu<\/h3>\n<p><img decoding=\"async\" src=\"\/wp-content\/uploads\/factory-04.webp\"\/><\/p>\n<h3>43 alumiiniumi ekstrusiooniliini (500-5500 tonni)<\/h3>\n<p><img decoding=\"async\" src=\"\/wp-content\/uploads\/factory-05.webp\"\/><\/p>\n<p><img decoding=\"async\" src=\"\/wp-content\/uploads\/factory-06.webp\"\/><\/p>\n<p><img decoding=\"async\" src=\"\/wp-content\/uploads\/factory-07.webp\"\/><\/p>\n<h3>Pulberv\u00e4rvimise t\u00f6\u00f6koda<\/h3>\n<p><img decoding=\"async\" src=\"\/wp-content\/uploads\/factory-09.webp\"\/><\/p>\n<h3>Anodiseerimise t\u00f6\u00f6koda<\/h3>\n<p><img decoding=\"async\" src=\"\/wp-content\/uploads\/factory-10.webp\"\/><\/p>\n<h3>S\u00fcgavt\u00f6\u00f6tlemise t\u00f6\u00f6tuba<\/h3>\n<p><img decoding=\"async\" src=\"\/wp-content\/uploads\/factory-11.webp\"\/><\/p>\n<h3>CNC-t\u00e4ppist\u00f6\u00f6tlemise t\u00f6\u00f6koda<\/h3>\n<p><img decoding=\"async\" src=\"\/wp-content\/uploads\/factory-11.5.webp\"\/><\/p>\n<h3>Valmistoodete ja ekspordi ladu<\/h3>\n<p><img decoding=\"async\" src=\"\/wp-content\/uploads\/factory-12.webp\"\/><\/p>\n<p><img decoding=\"async\" src=\"\/wp-content\/uploads\/factory-13.webp\"\/><\/p>\n<p><img decoding=\"async\" src=\"\/wp-content\/uploads\/factory-14.webp\"\/><\/p>\n<h2>KKK<\/h2>\n<p><b>1.Mis on alumiiniumprofiiliga aken?<\/b><\/p>\n<p>Alumiiniumprofiiliga aken on aknas\u00fcsteem, mis on valmistatud t\u00e4ppisprofiilidest, mis pakuvad tugevust, vastupidavust ja kaasaegset esteetikat.\n<\/p>\n<p><\/p>\n<p><b>2.Miks valida alumiiniumist sektsiooniga aknad teiste materjalide asemel?<\/b><\/p>\n<p>Alumiiniumprofiiliga aknad pakuvad paremat vastupidavust, korrosioonikindlust ja elegantset disaini v\u00f5rreldes puidu- v\u00f5i PVC-alternatiividega.\n<\/p>\n<p><\/p>\n<p><b>3.Kas alumiiniumprofiiliga aknad on energiat\u00f5husad?<\/b><\/p>\n<p>Jah, need aknad pakuvad suurep\u00e4rast soojusisolatsiooni, mis aitab v\u00e4hendada energiakulusid nii elamutes kui ka \u00e4rihoonetes.\n<\/p>\n<p><\/p>\n<p><b>4.Kas alumiiniumist sektsiooniga aknad v\u00f5ivad v\u00e4hendada m\u00fcra?<\/b><\/p>\n<p>Kindlasti tagavad alumiiniumprofiiliga akustilised aknad koos n\u00f5uetekohase klaasistamisega tugeva heliisolatsiooni, mis tagab vaiksema sisekeskkonna.\n<\/p>\n<p><\/p>\n<p><b>5.Kas alumiiniumprofiiliga aknad sobivad rannikualadele v\u00f5i k\u00f5rge \u00f5huniiskusega piirkondadele?<\/b><\/p>\n<p>Jah, nende korrosioonikindel alumiiniumkonstruktsioon muudab need ideaalseks kasutamiseks karmides ja niisketes keskkondades.\n<\/p>\n<p><\/p>\n<p><b>6.Kas alumiiniumist sektsiooniga aknaid saab kohandada?<\/b><\/p>\n<p>Jah, neid on saadaval mitmesugustes suurustes, v\u00e4rvides, viimistlustes ja konfiguratsioonides, et need vastaksid erinevatele projektin\u00f5uetele.\n<\/p>\n<p><\/p>\n<p><b>7.Milline klaas sobib alumiiniumist sektsiooniga akendega?<\/b><\/p>\n<p>Alumiiniumprofiiliga aknad sobivad \u00fche-, kahe- v\u00f5i laminaatklaasiga, s\u00f5ltuvalt tulemuslikkuse vajadustest.\n<\/p>\n<p><\/p>","protected":false},"featured_media":7561,"template":"","categories":[67],"class_list":["post-7562","product","type-product","status-publish","has-post-thumbnail","hentry","category-architectural-aluminium-profile"],"meta_box":{"hilight_text_group":{"product_hilight_text":"<li>High-quality aluminum sections ensure structural strength and durability<\/li>\r\r\n<li>Slim profile design allows maximum natural light and clear views<\/li>\r\r\n<li>Excellent thermal and acoustic insulation performance<\/li>\r\r\n<li>Corrosion-resistant finish suitable for all weather conditions<\/li>\r\r\n<li>Compatible with various glazing and hardware options<\/li>\r\r\n<li>Customizable in size, color, and configuration for diverse architectural needs<\/li>","product_chanpin_blog":"<ul>\r\r\n<li><a href=\"https:\/\/sinoextrud.com\/t-slot-v-slot-differences\/\" target=\"_blank\">t slot vs v slot<\/a><\/li>\r\r\n<li><a href=\"https:\/\/sinoextrud.com\/what-is-4040-aluminium-extrud\/\" target=\"_blank\">4040 aluminium extrusion<\/a><\/li>\r\r\n<li><a href=\"https:\/\/sinoextrud.com\/what-is-4040-aluminium-extrud\/\" target=\"_blank\">aluminum extrusions for industrial racks<\/a><\/li>\r\r\n<li><a href=\"https:\/\/sinoextrud.com\/powder-coating-aluminium-process\/\" target=\"_blank\">powder coating aluminium<\/a><\/li>\r\r\n<li><a href=\"https:\/\/sinoextrud.com\/what-is-an-aluminium-strip-ceiling\/\" target=\"_blank\">aluminium strip ceiling<\/a><\/li>\r\r\n<li><a href=\"https:\/\/sinoextrud.com\/what-is-a-heat-sink\/\" target=\"_blank\">what is a heat sink<\/a><\/li>\r\r\n<\/ul>","product_chanpin_chanpin":"<li><a href=\"https:\/\/sinoextrud.com\/product\/aluminum-u-shape-channel-profile\/\" target=\"_blank\">Aluminum U Shape Channel Profile<\/a><\/li>\r\n<li><a href=\"https:\/\/sinoextrud.com\/product\/aluminium-profile-glass-curtain-wall-system\/\" target=\"_blank\">Aluminium Profile Glass Curtain Wall System<\/a><\/li>\r\n<li><a href=\"https:\/\/sinoextrud.com\/product\/office-partition-aluminum-profile\/\" target=\"_blank\">Office Partition Aluminum Profile<\/a><\/li>\r\n<li><a href=\"https:\/\/sinoextrud.com\/product\/extruded-aluminium-skirting-aluminium-skirting-board\/\" target=\"_blank\">Extruded Aluminium Skirting Aluminium Skirting Board<\/a><\/li>\r\n<li><a href=\"https:\/\/sinoextrud.com\/product\/aluminum-section-window\/\" target=\"_blank\">Aluminum Section Window<\/a><\/li>\r\n<li><a href=\"https:\/\/sinoextrud.com\/product\/aluminum-u-profile-glass-railing\/\" target=\"_blank\">Aluminum U profile Glass Railing<\/a><\/li>\r\n<li><a href=\"https:\/\/sinoextrud.com\/product\/aluminium-screen-door-extrusions\/\" target=\"_blank\">Aluminium Screen Door Extrusions<\/a><\/li>\r\n<li><a href=\"https:\/\/sinoextrud.com\/product\/anodized-colorful-oem-aluminium-profile-for-decoration-furniture-accessory-price\/\" target=\"_blank\">Anodized Colorful OEM Aluminium Profile For Decoration Furniture Accessory price<\/a><\/li>\r\n<li><a href=\"https:\/\/sinoextrud.com\/product\/sliver-anodized-aluminum-extrusions-kitchen-cabinets-profiles-frame\/\" target=\"_blank\">Sliver Anodized Aluminum Extrusions Kitchen Cabinets Profiles Frame<\/a><\/li>\r\n<li><a href=\"https:\/\/sinoextrud.com\/product\/custom-extra-large-industrial-equipment-aluminum-profile\/\" target=\"_blank\">Custom Extra Large Industrial Equipment Aluminum Profile<\/a><\/li>\r\n<li><a href=\"https:\/\/sinoextrud.com\/product\/aluminium-fence\/\" target=\"_blank\">Aluminium Fence<\/a><\/li>"},"feature_list":[]},"_links":{"self":[{"href":"https:\/\/sinoextrud.com\/et\/wp-json\/wp\/v2\/product\/7562","targetHints":{"allow":["GET"]}}],"collection":[{"href":"https:\/\/sinoextrud.com\/et\/wp-json\/wp\/v2\/product"}],"about":[{"href":"https:\/\/sinoextrud.com\/et\/wp-json\/wp\/v2\/types\/product"}],"wp:featuredmedia":[{"embeddable":true,"href":"https:\/\/sinoextrud.com\/et\/wp-json\/wp\/v2\/media\/7561"}],"wp:attachment":[{"href":"https:\/\/sinoextrud.com\/et\/wp-json\/wp\/v2\/media?parent=7562"}],"wp:term":[{"taxonomy":"category","embeddable":true,"href":"https:\/\/sinoextrud.com\/et\/wp-json\/wp\/v2\/categories?post=7562"}],"curies":[{"name":"wp","href":"https:\/\/api.w.org\/{rel}","templated":true}]}}