{"id":7556,"date":"2025-06-09T01:37:15","date_gmt":"2025-06-09T01:37:15","guid":{"rendered":"https:\/\/sinoextrud.com\/product\/aluminium-profile-glass-curtain-wall-system\/"},"modified":"2025-06-24T06:13:05","modified_gmt":"2025-06-24T06:13:05","slug":"alumiiniumprofiiliga-klaasist-kardinaseina-susteem-2","status":"publish","type":"product","link":"https:\/\/sinoextrud.com\/et\/product\/aluminium-profile-glass-curtain-wall-system\/","title":{"rendered":"Alumiiniumprofiiliga klaasist kardinaseina s\u00fcsteem"},"content":{"rendered":"<h2>Toodete \u00fcksikasjad<\/h2>\n<table class=\"custom-table\">\n<tr>\n<td class=\"label\">Taotlus:<\/td>\n<td>Alumiiniumprofiiliga klaasist kardinaseina s\u00fcsteem<\/td>\n<\/tr>\n<tr>\n<td class=\"label\">Hinne:<\/td>\n<td> 6000-seeria<\/td>\n<\/tr>\n<tr>\n<td class=\"label\">Temperament:<\/td>\n<td> T3-T8<\/td>\n<\/tr>\n<tr>\n<td class=\"label\">Kvaliteedikontroll:<\/td>\n<td> 100% kontroll enne saatmist<\/td>\n<\/tr>\n<tr>\n<td class=\"label\">(1) Seespool:<\/td>\n<td> pakkimine plastist kaitsekilega iga profiili kaitsmiseks<\/td>\n<\/tr>\n<tr>\n<td class=\"label\">(2) V\u00e4ljaspool:<\/td>\n<td> pakkimine veekindla k\u00e4sit\u00f6\u00f6paberiga<\/td>\n<\/tr>\n<tr>\n<td class=\"label\">Sulam:<\/td>\n<td> sulam<\/td>\n<\/tr>\n<tr>\n<td class=\"label\">Suurus:<\/td>\n<td> kohandatud<\/td>\n<\/tr>\n<\/table>\n<h2>Meie tootmisbaas<\/h2>\n<h3>Tehase panoraam<\/h3>\n<p><img decoding=\"async\" src=\"\/wp-content\/uploads\/factory-01.webp\"\/><\/p>\n<h3>Alumiiniumvarraste tootmise t\u00f6\u00f6koda<\/h3>\n<p><img decoding=\"async\" src=\"\/wp-content\/uploads\/factory-02.webp\"\/><\/p>\n<p><img decoding=\"async\" src=\"\/wp-content\/uploads\/factory-03.webp\"\/><\/p>\n<h3>hallituse ladustamise ladu<\/h3>\n<p><img decoding=\"async\" src=\"\/wp-content\/uploads\/factory-04.webp\"\/><\/p>\n<h3>43 alumiiniumi ekstrusiooniliini (500-5500 tonni)<\/h3>\n<p><img decoding=\"async\" src=\"\/wp-content\/uploads\/factory-05.webp\"\/><\/p>\n<p><img decoding=\"async\" src=\"\/wp-content\/uploads\/factory-06.webp\"\/><\/p>\n<p><img decoding=\"async\" src=\"\/wp-content\/uploads\/factory-07.webp\"\/><\/p>\n<h3>Pulberv\u00e4rvimise t\u00f6\u00f6koda<\/h3>\n<p><img decoding=\"async\" src=\"\/wp-content\/uploads\/factory-09.webp\"\/><\/p>\n<h3>Anodiseerimise t\u00f6\u00f6koda<\/h3>\n<p><img decoding=\"async\" src=\"\/wp-content\/uploads\/factory-10.webp\"\/><\/p>\n<h3>S\u00fcgavt\u00f6\u00f6tlemise t\u00f6\u00f6tuba<\/h3>\n<p><img decoding=\"async\" src=\"\/wp-content\/uploads\/factory-11.webp\"\/><\/p>\n<h3>CNC-t\u00e4ppist\u00f6\u00f6tlemise t\u00f6\u00f6koda<\/h3>\n<p><img decoding=\"async\" src=\"\/wp-content\/uploads\/factory-11.5.webp\"\/><\/p>\n<h3>Valmistoodete ja ekspordi ladu<\/h3>\n<p><img decoding=\"async\" src=\"\/wp-content\/uploads\/factory-12.webp\"\/><\/p>\n<p><img decoding=\"async\" src=\"\/wp-content\/uploads\/factory-13.webp\"\/><\/p>\n<p><img decoding=\"async\" src=\"\/wp-content\/uploads\/factory-14.webp\"\/><\/p>\n<h2>KKK<\/h2>\n<p><p><b>1.Mis on alumiiniumprofiiliga klaasist kardinaseina s\u00fcsteem?<\/b><\/p>\n<p>See on struktuurne fassaadis\u00fcsteem, mis kasutab alumiiniumprofiile suurte klaaspaneelide kandmiseks, mida kasutatakse tavaliselt \u00e4ri- ja k\u00f5rghoonetes.<br \/>\n<\/p><br \/>\n<br \/>\n<p><b>2.Miks valida alumiiniumprofiilid kardinaseinas\u00fcsteemide jaoks?<\/b><\/p>\n<p>Alumiiniumprofiilid pakuvad suurt tugevust, korrosioonikindlust ja disaini paindlikkust, mist\u00f5ttu on need ideaalsed kaasaegsete klaasfassaadide jaoks.<br \/>\n<\/p><br \/>\n<br \/>\n<p><b>3.Kas klaasist kardinaseinas\u00fcsteemid on energiat\u00f5husad?<\/b><\/p>\n<p>Jah, kui neid kombineerida soojustagastusega profiilide ja soojustatud klaasiga, annavad need suurep\u00e4rase soojusisolatsiooni ja energias\u00e4\u00e4stu.<br \/>\n<\/p><br \/>\n<br \/>\n<p><b>4.Kas alumiiniumist kardinaseina s\u00fcsteemi saab kohandada?<\/b><\/p>\n<p>Profiilide kuju, suurust, viimistlust ja v\u00e4rvi saab kindlasti kohandada vastavalt konkreetsele arhitektuurilisele disainile ja kasutusomadustele.<br \/>\n<\/p><br \/>\n<br \/>\n<p><b>5.Millised klaasit\u00fc\u00fcbid sobivad kokku alumiiniumprofiiliga kardinaseintega?<\/b><\/p>\n<p>Need s\u00fcsteemid \u00fchilduvad karastatud, lamineeritud, kahekordse ja madala E-klassiga klaasiga, mis tagavad tugevuse, ohutuse ja soojapidavuse.<br \/>\n<\/p><br \/>\n<br \/>\n<p><b>6.Kas s\u00fcsteem sobib k\u00f5rghoonetele?<\/b><\/p>\n<p>Jah, alumiiniumist kardinaseinas\u00fcsteemid on projekteeritud nii, et need peavad vastu tuulekoormusele ja seismilistele liikumistele, mist\u00f5ttu on need ideaalsed k\u00f5rgete ehitiste jaoks.<br \/>\n<\/p><br \/>\n<br \/>\n<p><b>7.Millised pinnaviimistlused on saadaval alumiiniumist kardinaseina profiilide puhul?<\/b><\/p>\n<p>Tavalised viimistlusviisid on anodeerimine, pulberv\u00e4rvimine ja PVDF-kate, mis tagavad vastupidavuse ja parema visuaalse atraktiivsuse.<br \/>\n<\/p><br \/><\/p>","protected":false},"featured_media":0,"template":"","categories":[67],"class_list":["post-7556","product","type-product","status-publish","hentry","category-architectural-aluminium-profile"],"meta_box":{"hilight_text_group":{"product_hilight_text":"<li>High-strength aluminium profiles ensure structural integrity of glass curtain walls<\/li>\r\r\n<li>Sleek design allows for large glass panels and maximum natural light<\/li>\r\r\n<li>Excellent thermal insulation and weather resistance for energy efficiency<\/li>\r\r\n<li>Lightweight material reduces construction load and simplifies installation<\/li>\r\r\n<li>Customizable shapes, sizes, and finishes to match architectural requirements<\/li>\r\r\n<li>Compatible with double-glazed and laminated glass for enhanced safety<\/li>","product_chanpin_blog":"<ul>\r\r\n<li><a href=\"https:\/\/sinoextrud.com\/t-slot-v-slot-differences\/\" target=\"_blank\">t slot vs v slot<\/a><\/li>\r\r\n<li><a href=\"https:\/\/sinoextrud.com\/what-is-4040-aluminium-extrud\/\" target=\"_blank\">4040 aluminium extrusion<\/a><\/li>\r\r\n<li><a href=\"https:\/\/sinoextrud.com\/what-is-4040-aluminium-extrud\/\" target=\"_blank\">aluminum extrusions for industrial racks<\/a><\/li>\r\r\n<li><a href=\"https:\/\/sinoextrud.com\/powder-coating-aluminium-process\/\" target=\"_blank\">powder coating aluminium<\/a><\/li>\r\r\n<li><a href=\"https:\/\/sinoextrud.com\/what-is-an-aluminium-strip-ceiling\/\" target=\"_blank\">aluminium strip ceiling<\/a><\/li>\r\r\n<li><a href=\"https:\/\/sinoextrud.com\/what-is-a-heat-sink\/\" target=\"_blank\">what is a heat sink<\/a><\/li>\r\r\n<\/ul>","product_chanpin_chanpin":"<li><a href=\"https:\/\/sinoextrud.com\/product\/aluminium-powder-coating\/\" target=\"_blank\">Aluminium Powder Coating<\/a><\/li>\r\n<li><a href=\"https:\/\/sinoextrud.com\/product\/greenhouse-aluminum-profile-customized-aluminum-profile-beam-powder-coated\/\" target=\"_blank\">greenhouse aluminum profile customized aluminum profile beam powder coated<\/a><\/li>\r\n<li><a href=\"https:\/\/sinoextrud.com\/product\/aluminium-profile-bracket\/\" target=\"_blank\">Aluminium Profile Bracket<\/a><\/li>\r\n<li><a href=\"https:\/\/sinoextrud.com\/product\/aluminum-u-shape-channel-profile\/\" target=\"_blank\">Aluminum U Shape Channel Profile<\/a><\/li>\r\n<li><a href=\"https:\/\/sinoextrud.com\/product\/aluminium-profile-glass-curtain-wall-system\/\" target=\"_blank\">Aluminium Profile Glass Curtain Wall System<\/a><\/li>\r\n<li><a href=\"https:\/\/sinoextrud.com\/product\/office-partition-aluminum-profile\/\" target=\"_blank\">Office Partition Aluminum Profile<\/a><\/li>\r\n<li><a href=\"https:\/\/sinoextrud.com\/product\/extruded-aluminium-skirting-aluminium-skirting-board\/\" target=\"_blank\">Extruded Aluminium Skirting Aluminium Skirting Board<\/a><\/li>\r\n<li><a href=\"https:\/\/sinoextrud.com\/product\/aluminum-section-window\/\" target=\"_blank\">Aluminum Section Window<\/a><\/li>\r\n<li><a href=\"https:\/\/sinoextrud.com\/product\/aluminum-u-profile-glass-railing\/\" target=\"_blank\">Aluminum U profile Glass Railing<\/a><\/li>\r\n<li><a href=\"https:\/\/sinoextrud.com\/product\/30mm-aluminum-extrusion\/\" target=\"_blank\">30mm Aluminum Extrusion<\/a><\/li>\r\n<li><a href=\"https:\/\/sinoextrud.com\/product\/custom-high-quality-aluminum-shower-room-mirror-frame-aluminum-profile\/\" target=\"_blank\">Custom High-quality Aluminum Shower Room Mirror Frame Aluminum Profile<\/a><\/li>"},"feature_list":[]},"_links":{"self":[{"href":"https:\/\/sinoextrud.com\/et\/wp-json\/wp\/v2\/product\/7556","targetHints":{"allow":["GET"]}}],"collection":[{"href":"https:\/\/sinoextrud.com\/et\/wp-json\/wp\/v2\/product"}],"about":[{"href":"https:\/\/sinoextrud.com\/et\/wp-json\/wp\/v2\/types\/product"}],"wp:attachment":[{"href":"https:\/\/sinoextrud.com\/et\/wp-json\/wp\/v2\/media?parent=7556"}],"wp:term":[{"taxonomy":"category","embeddable":true,"href":"https:\/\/sinoextrud.com\/et\/wp-json\/wp\/v2\/categories?post=7556"}],"curies":[{"name":"wp","href":"https:\/\/api.w.org\/{rel}","templated":true}]}}